{"id":47751,"date":"2026-03-18T21:18:40","date_gmt":"2026-03-18T21:18:40","guid":{"rendered":"https:\/\/soydeaqui.ddns.net\/pachuca\/index.php\/producto\/taquete-tipo-arpon-de-1-4-x-1-3-4-6-x-44-mm\/"},"modified":"2026-03-18T21:18:48","modified_gmt":"2026-03-18T21:18:48","slug":"taquete-tipo-arpon-de-1-4-x-1-3-4-6-x-44-mm","status":"publish","type":"product","link":"https:\/\/soydeaqui.ddns.net\/pachuca\/index.php\/producto\/taquete-tipo-arpon-de-1-4-x-1-3-4-6-x-44-mm\/","title":{"rendered":"Taquete Tipo Arpon de 1\/&#8221;4 x 1 3\/4&#8243; (6 X 44 mm)."},"content":{"rendered":"<div style='width: 100%; max-width: 1200px; margin: 0 auto; font-family: sans-serif; line-height: 1.6; color: inherit; background-color: transparent;'> <!-- Secci\u00f3n de caracter\u00edsticas f\u00edsicas --> <\/p>\n<div style='display: flex; flex-wrap: wrap; gap: 30px; margin-bottom: 30px;'>\n<div style='flex: 1 1 300px; min-width: 280px;'>\n<h3 style='font-size: 22px; border-bottom: 2px solid currentColor; padding-bottom: 5px; margin-top: 0; color: inherit; opacity: 0.8;'>Caracter\u00edsticas F\u00edsicas<\/h3>\n<ul style='padding-left: 20px; font-size: 15px; color: inherit;'>\n<li style='margin-bottom: 5px;'><strong>Tama\u00f1o nominal:<\/strong> 1\/4&#8242; x 1 3\/4&#8242; (6 x 44.4 mm)<\/li>\n<li style='margin-bottom: 5px;'><strong>Largo cuerda:<\/strong> 3\/4&#8242; (19 mm)<\/li>\n<li style='margin-bottom: 5px;'><strong>Penetraci\u00f3n m\u00ednima:<\/strong> 1 3\/8&#8242; (35 mm)<\/li>\n<li style='margin-bottom: 5px;'><strong>Espesor Agarre:<\/strong> 1\/4&#8242; (6.5 mm)<\/li>\n<li style='margin-bottom: 5px;'><strong>Perforaci\u00f3n en Objeto:<\/strong> 5\/16&#8242; (8 mm)<\/li>\n<li style='margin-bottom: 5px;'><strong>Torque en tuerca:<\/strong> 10.8 N-m (8 Pies-Lbs)<\/li>\n<\/ul><\/div>\n<\/p><\/div>\n<p> <!-- Secci\u00f3n de caracter\u00edsticas destacadas --> <\/p>\n<div style='display: flex; flex-wrap: wrap; gap: 30px; margin-bottom: 30px;'>\n<div style='flex: 1 1 300px; min-width: 280px;'>\n<h3 style='font-size: 22px; border-bottom: 2px solid currentColor; padding-bottom: 5px; margin-top: 0; color: inherit; opacity: 0.8;'>Caracter\u00edsticas destacadas<\/h3>\n<p style='font-size: 15px; margin-bottom: 15px; color: inherit;'>El arp\u00f3n es el ancla m\u00e1s r\u00e1pida&comma; segura y econ\u00f3mica para fijar a concreto.<\/p>\n<p style='font-size: 15px; margin-bottom: 15px; color: inherit;'>Perforaci\u00f3n = ancla. Reduce tiempo y costo de taladrado.<\/p>\n<p style='font-size: 15px; margin-bottom: 15px; color: inherit;'>Instalaci\u00f3n a trav\u00e9s de perforaciones en objeto a fijar sin necesidad de trazos o movimientos reduciendo el tiempo y costo de instalaci\u00f3n.<\/p>\n<p style='font-size: 15px; margin-bottom: 15px; color: inherit;'>Se surte con tuerca y rondada en acabado electro galvanizado.<\/p>\n<\/p><\/div>\n<\/p><\/div>\n<p> <!-- Separador --> <\/p>\n<hr style='border: 0; border-top: 1px solid rgba(150&comma; 150&comma; 150&comma; 0.3); margin: 30px 0;'> <\/div>\n","protected":false},"excerpt":{"rendered":"<p>Taquete Tipo Arpon de 1\/&#8221;4 x 1 3\/4&#8243; (6 X 44 mm).<\/p>\n","protected":false},"featured_media":47750,"comment_status":"open","ping_status":"closed","template":"","meta":[],"product_brand":[],"product_cat":[648],"product_tag":[693,572,649],"class_list":{"0":"post-47751","1":"product","2":"type-product","3":"status-publish","4":"has-post-thumbnail","6":"product_cat-tuberia-pvc-registros-pvc","7":"product_tag-anclo","8":"product_tag-canalizacion","9":"product_tag-tuberia-pvc-registros-pvc","11":"first","12":"outofstock","13":"sale","14":"shipping-taxable","15":"purchasable","16":"product-type-simple"},"_links":{"self":[{"href":"https:\/\/soydeaqui.ddns.net\/pachuca\/index.php\/wp-json\/wp\/v2\/product\/47751","targetHints":{"allow":["GET"]}}],"collection":[{"href":"https:\/\/soydeaqui.ddns.net\/pachuca\/index.php\/wp-json\/wp\/v2\/product"}],"about":[{"href":"https:\/\/soydeaqui.ddns.net\/pachuca\/index.php\/wp-json\/wp\/v2\/types\/product"}],"replies":[{"embeddable":true,"href":"https:\/\/soydeaqui.ddns.net\/pachuca\/index.php\/wp-json\/wp\/v2\/comments?post=47751"}],"wp:featuredmedia":[{"embeddable":true,"href":"https:\/\/soydeaqui.ddns.net\/pachuca\/index.php\/wp-json\/wp\/v2\/media\/47750"}],"wp:attachment":[{"href":"https:\/\/soydeaqui.ddns.net\/pachuca\/index.php\/wp-json\/wp\/v2\/media?parent=47751"}],"wp:term":[{"taxonomy":"product_brand","embeddable":true,"href":"https:\/\/soydeaqui.ddns.net\/pachuca\/index.php\/wp-json\/wp\/v2\/product_brand?post=47751"},{"taxonomy":"product_cat","embeddable":true,"href":"https:\/\/soydeaqui.ddns.net\/pachuca\/index.php\/wp-json\/wp\/v2\/product_cat?post=47751"},{"taxonomy":"product_tag","embeddable":true,"href":"https:\/\/soydeaqui.ddns.net\/pachuca\/index.php\/wp-json\/wp\/v2\/product_tag?post=47751"}],"curies":[{"name":"wp","href":"https:\/\/api.w.org\/{rel}","templated":true}]}}