{"id":4772,"date":"2026-03-18T06:23:04","date_gmt":"2026-03-18T06:23:04","guid":{"rendered":"https:\/\/soydeaqui.ddns.net\/pachuca\/index.php\/producto\/motor-inalambrico-rts-de-baterias-convierta-sus-persianas-de-cadena-en-sistemas-inteligentes-para-ventanas-de-2-30m-ancho-3-50m-alto-no-incluye-textil\/"},"modified":"2026-03-18T06:23:08","modified_gmt":"2026-03-18T06:23:08","slug":"motor-inalambrico-rts-de-baterias-convierta-sus-persianas-de-cadena-en-sistemas-inteligentes-para-ventanas-de-2-30m-ancho-3-50m-alto-no-incluye-textil","status":"publish","type":"product","link":"https:\/\/soydeaqui.ddns.net\/pachuca\/index.php\/producto\/motor-inalambrico-rts-de-baterias-convierta-sus-persianas-de-cadena-en-sistemas-inteligentes-para-ventanas-de-2-30m-ancho-3-50m-alto-no-incluye-textil\/","title":{"rendered":"Motor inal\u00e1mbrico (RTS) de bater\u00edas convierta sus persianas de cadena en sistemas inteligentes, para ventanas de 2.30m ancho \/ 3.50m alto, no incluye textil"},"content":{"rendered":"<div style='width: 100%; max-width: 1200px; margin: 0 auto; font-family: sans-serif; line-height: 1.6; color: inherit; background-color: transparent;'>\n<div style='text-align: center; margin-bottom: 20px;'>\n<p style='margin: 0; color: inherit;'>Un motor sin cables con una bater\u00eda recargable de iones de litio que ofrece una soluci\u00f3n motorizada c\u00f3moda y silenciosa para persianas enrollables.<\/p>\n<\/p><\/div>\n<div style='display: flex; flex-wrap: wrap; gap: 30px; margin-bottom: 30px;'>\n<div style='flex: 1 1 300px; min-width: 280px;'>\n<h3 style='font-size: 22px; border-bottom: 2px solid currentColor; padding-bottom: 5px; margin-top: 0; color: inherit; opacity: 0.8;'>Aplicaciones<\/h3>\n<ul style='padding-left: 20px; font-size: 15px; color: inherit;'>\n<li style='margin-bottom: 5px;'>Cortinas y persianas interiores.<\/li>\n<li style='margin-bottom: 5px;'>Para el uso y control inteligente por medio de la App y asistentes de voz Alexa y GoogleHome.&comma; usar HUB INTEO modelo <a href='https:\/\/www.syscom.mx\/producto\/9027166-SOMFY-200364.html' style='color: inherit; text-decoration: underline;'>9027166<\/a>.<\/li>\n<li style='margin-bottom: 5px;'>Control remoto inal\u00e1mbrico manual recomendable <a href='https:\/\/www.syscom.mx\/principal\/listadopormarca\/SOMFY\/full?ordenar=Mas_Vendidos&#038;pag=1' style='color: inherit; text-decoration: underline;'>SITUO1RTSSILVER<\/a> o similares.<\/li>\n<\/ul><\/div>\n<div style='flex: 1 1 300px; min-width: 280px;'>\n<h3 style='font-size: 22px; border-bottom: 2px solid currentColor; padding-bottom: 5px; margin-top: 0; color: inherit; opacity: 0.8;'>Tecnolog\u00eda<\/h3>\n<ul style='padding-left: 20px; font-size: 15px; color: inherit;'>\n<li style='margin-bottom: 5px;'>Inal\u00e1mbrica RTS Somfy.<\/li>\n<\/ul>\n<h3 style='font-size: 22px; border-bottom: 2px solid currentColor; padding-bottom: 5px; margin-top: 25px; margin-bottom: 15px; color: inherit; opacity: 0.8;'>Las ventajas<\/h3>\n<ul style='padding-left: 20px; font-size: 15px; color: inherit;'>\n<li style='margin-bottom: 5px;'><strong>Comodidad y conveniencia:<\/strong> Dise\u00f1ado para la potencia y la fuerza&comma; capaz de controlar las cubiertas de las ventanas m\u00e1s grandes&comma; lo que aumenta las oportunidades de motorizaci\u00f3n.<\/li>\n<li style='margin-bottom: 5px;'>Ofrece un funcionamiento silencioso para mejorar la experiencia del usuario final.<\/li>\n<li style='margin-bottom: 5px;'>Control de velocidad ajustable para un rendimiento de sombra personalizado.<\/li>\n<li style='margin-bottom: 5px;'>Compatible con Telis Modulis RTS para un control preciso.<\/li>\n<li style='margin-bottom: 5px;'>Las luces LED incorporadas facilitan la programaci\u00f3n e indican cuando el nivel de la bater\u00eda es bajo.<\/li>\n<li style='margin-bottom: 5px;'>Ahorros de energ\u00eda.<\/li>\n<\/ul><\/div>\n<\/p><\/div>\n<div style='display: flex; flex-wrap: wrap; gap: 30px; margin-bottom: 30px;'>\n<div style='flex: 1 1 300px; min-width: 280px;'>\n<h3 style='font-size: 22px; border-bottom: 2px solid currentColor; padding-bottom: 5px; margin-top: 0; color: inherit; opacity: 0.8;'>Ahorros de energ\u00eda<\/h3>\n<ul style='padding-left: 20px; font-size: 15px; color: inherit;'>\n<li style='margin-bottom: 5px;'>La bater\u00eda recargable de iones de litio reduce los costos generales&comma; minimiza el mantenimiento y elimina la necesidad de instalar y reemplazar las bater\u00edas.<\/li>\n<li style='margin-bottom: 5px;'>Proteja los interiores y el mobiliario de la sobreexposici\u00f3n a los da\u00f1inos rayos UV.<\/li>\n<li style='margin-bottom: 5px;'>Agregue sensores o temporizadores para reducir los costos de calefacci\u00f3n y enfriamiento autom\u00e1ticamente.<\/li>\n<\/ul><\/div>\n<div style='flex: 1 1 300px; min-width: 280px;'>\n<h3 style='font-size: 22px; border-bottom: 2px solid currentColor; padding-bottom: 5px; margin-top: 0; color: inherit; opacity: 0.8;'>Detalles y especificaciones<\/h3>\n<ul style='padding-left: 20px; font-size: 15px; color: inherit;'>\n<li style='margin-bottom: 5px;'>Ideal para aplicaciones interiores que van desde peque\u00f1os hasta tratamientos de ventanas m\u00e1s grandes.<\/li>\n<li style='margin-bottom: 5px;'>Ideal para \u00e1reas donde el cableado es un desaf\u00edo.<\/li>\n<li style='margin-bottom: 5px;'>Flexibilidad de velocidad y ajustes de potencia de inclinaci\u00f3n para una personalizaci\u00f3n \u00f3ptima.<\/li>\n<li style='margin-bottom: 5px;'>Calidad superior respaldada por .<\/li>\n<\/ul><\/div>\n<\/p><\/div>\n<div style='display: flex; flex-wrap: wrap; gap: 30px; margin-bottom: 30px;'>\n<div style='flex: 1 1 300px; min-width: 280px;'>\n<h3 style='font-size: 22px; border-bottom: 2px solid currentColor; padding-bottom: 5px; margin-top: 0; color: inherit; opacity: 0.8;'>Caracter\u00edsticas t\u00e9cnicas<\/h3>\n<ul style='padding-left: 20px; font-size: 15px; color: inherit;'>\n<li style='margin-bottom: 5px;'>Tensi\u00f3n en voltios \/ Frecuencia 12 Vcc<\/li>\n<li style='margin-bottom: 5px;'>Frecuencia radio RTS 433.42 MHz<\/li>\n<li style='margin-bottom: 5px;'>Tipo de final de carrera Electr\u00f3nicas.<\/li>\n<\/ul><\/div>\n<div style='flex: 1 1 300px; min-width: 280px;'>\n<h3 style='font-size: 22px; border-bottom: 2px solid currentColor; padding-bottom: 5px; margin-top: 0; color: inherit; opacity: 0.8;'>Dimensiones de ventana<\/h3>\n<ul style='padding-left: 20px; font-size: 15px; color: inherit;'>\n<li style='margin-bottom: 5px;'>Ancho m\u00ednimo 0.68 mts<\/li>\n<li style='margin-bottom: 5px;'>Ancho m\u00e1ximo 2.30 mts<\/li>\n<li style='margin-bottom: 5px;'>Alto m\u00e1ximo 3.50 mts<\/li>\n<li style='margin-bottom: 5px;'><strong>Nota:<\/strong> Para su configuraci\u00f3n inicial&comma; l\u00edmites y sentido de giro es necesario el control remoto.<\/li>\n<li style='margin-bottom: 5px;'>Cargador por separado modelo <a href='https:\/\/www.syscom.mx\/producto\/9020672-SOMFY-192198.html' style='color: inherit; text-decoration: underline;'>9020672<\/a>.<\/li>\n<\/ul><\/div>\n<\/p><\/div>\n<div style='display: flex; flex-wrap: wrap; gap: 30px; margin-bottom: 30px; justify-content: center;'>\n<div style='width: 100%; max-width: 560px;'>\n<div style='position: relative; padding-bottom: 56.25%; height: 0; overflow: hidden; margin-bottom: 30px;'>   <\/div>\n<\/p><\/div>\n<div style='width: 100%; max-width: 560px;'>\n<div style='position: relative; padding-bottom: 56.25%; height: 0; overflow: hidden; margin-bottom: 30px;'>   <\/div>\n<\/p><\/div>\n<\/p><\/div>\n<\/p><\/div>\n","protected":false},"excerpt":{"rendered":"<p>Motor inal\u00e1mbrico (RTS) de bater\u00edas convierta sus persianas de cadena en sistemas inteligentes, para ventanas de 2.30m ancho \/ 3.50m alto, no incluye textil<\/p>\n","protected":false},"featured_media":4771,"comment_status":"open","ping_status":"closed","template":"","meta":[],"product_brand":[],"product_cat":[29],"product_tag":[30,31,46],"class_list":{"0":"post-4772","1":"product","2":"type-product","3":"status-publish","4":"has-post-thumbnail","6":"product_cat-persianas-y-cortineros","7":"product_tag-automatizacion-casa-inteligente","8":"product_tag-persianas-y-cortineros","9":"product_tag-somfy","11":"first","12":"instock","13":"sale","14":"shipping-taxable","15":"purchasable","16":"product-type-simple"},"_links":{"self":[{"href":"https:\/\/soydeaqui.ddns.net\/pachuca\/index.php\/wp-json\/wp\/v2\/product\/4772","targetHints":{"allow":["GET"]}}],"collection":[{"href":"https:\/\/soydeaqui.ddns.net\/pachuca\/index.php\/wp-json\/wp\/v2\/product"}],"about":[{"href":"https:\/\/soydeaqui.ddns.net\/pachuca\/index.php\/wp-json\/wp\/v2\/types\/product"}],"replies":[{"embeddable":true,"href":"https:\/\/soydeaqui.ddns.net\/pachuca\/index.php\/wp-json\/wp\/v2\/comments?post=4772"}],"wp:featuredmedia":[{"embeddable":true,"href":"https:\/\/soydeaqui.ddns.net\/pachuca\/index.php\/wp-json\/wp\/v2\/media\/4771"}],"wp:attachment":[{"href":"https:\/\/soydeaqui.ddns.net\/pachuca\/index.php\/wp-json\/wp\/v2\/media?parent=4772"}],"wp:term":[{"taxonomy":"product_brand","embeddable":true,"href":"https:\/\/soydeaqui.ddns.net\/pachuca\/index.php\/wp-json\/wp\/v2\/product_brand?post=4772"},{"taxonomy":"product_cat","embeddable":true,"href":"https:\/\/soydeaqui.ddns.net\/pachuca\/index.php\/wp-json\/wp\/v2\/product_cat?post=4772"},{"taxonomy":"product_tag","embeddable":true,"href":"https:\/\/soydeaqui.ddns.net\/pachuca\/index.php\/wp-json\/wp\/v2\/product_tag?post=4772"}],"curies":[{"name":"wp","href":"https:\/\/api.w.org\/{rel}","templated":true}]}}