{"id":47708,"date":"2026-03-18T21:17:26","date_gmt":"2026-03-18T21:17:26","guid":{"rendered":"https:\/\/soydeaqui.ddns.net\/pachuca\/index.php\/producto\/tadiran-tl4930-bateria-de-litio-3-6-v-19-ah-no-recargable\/"},"modified":"2026-03-18T21:17:27","modified_gmt":"2026-03-18T21:17:27","slug":"tadiran-tl4930-bateria-de-litio-3-6-v-19-ah-no-recargable","status":"publish","type":"product","link":"https:\/\/soydeaqui.ddns.net\/pachuca\/index.php\/producto\/tadiran-tl4930-bateria-de-litio-3-6-v-19-ah-no-recargable\/","title":{"rendered":"TADIRAN TL4930 Bater\u00eda de litio 3.6 V @ 19 Ah ( No recargable )"},"content":{"rendered":"<div style='width: 100%; max-width: 1200px; margin: 0 auto; font-family: sans-serif; line-height: 1.6; color: inherit; background-color: transparent;'>\n<div style='display: flex; flex-wrap: wrap; gap: 30px; margin-bottom: 30px;'>\n<div style='flex: 1 1 300px; min-width: 280px;'>\n<h3 style='font-size: 22px; border-bottom: 2px solid currentColor; padding-bottom: 5px; margin-top: 0; color: inherit; opacity: 0.8;'>Caracter\u00edsticas principales<\/h3>\n<ul style='padding-left: 20px; font-size: 15px; color: inherit;'>\n<li style='margin-bottom: 5px;'><strong>Qu\u00edmica:<\/strong> Litio<\/li>\n<li style='margin-bottom: 5px;'><strong>Voltaje nominal:<\/strong> 3.6 V<\/li>\n<li style='margin-bottom: 5px;'><strong>Capacidad nominal:<\/strong> 19 Ah @ 4 mA&comma; hasta 2 V<\/li>\n<li style='margin-bottom: 5px; '><strong>Tipo:<\/strong> No recargable<\/li>\n<li style='margin-bottom: 5px;'><strong>Temperatura operaci\u00f3n:<\/strong> -55\u00b0C a +85\u00b0C<\/li>\n<\/ul><\/div>\n<div style='flex: 1 1 300px; min-width: 280px;'>\n<h3 style='font-size: 22px; border-bottom: 2px solid currentColor; padding-bottom: 5px; margin-top: 0; color: inherit; opacity: 0.8;'>Especificaciones el\u00e9ctricas<\/h3>\n<ul style='padding-left: 20px; font-size: 15px; color: inherit;'>\n<li style='margin-bottom: 5px;'><strong>Corriente continua m\u00e1x.:<\/strong> 100 mA<\/li>\n<li style='margin-bottom: 5px;'><strong>Corriente pico (1 seg):<\/strong> 250 mA<\/li>\n<li style='margin-bottom: 5px;'><strong>Resistencia interna:<\/strong> 94\u03a9 a 3.6K\u03a9<\/li>\n<li style='margin-bottom: 5px;'><strong>Corriente de descarga:<\/strong> 0.2 mA a 35 mA<\/li>\n<\/ul><\/div>\n<div style='flex: 1 1 300px; min-width: 280px;'>\n<h3 style='font-size: 22px; border-bottom: 2px solid currentColor; padding-bottom: 5px; margin-top: 0; color: inherit; opacity: 0.8;'>Caracter\u00edsticas f\u00edsicas<\/h3>\n<ul style='padding-left: 20px; font-size: 15px; color: inherit;'>\n<li style='margin-bottom: 5px;'><strong>Dimensiones:<\/strong> 32.89 x 61.49 mm<\/li>\n<li style='margin-bottom: 5px;'><strong>Peso:<\/strong> 93 g (3.28 oz)<\/li>\n<li style='margin-bottom: 5px;'><strong>Volumen:<\/strong> 51 cc<\/li>\n<li style='margin-bottom: 5px;'><strong>Terminales:<\/strong> Opciones disponibles<\/li>\n<\/ul><\/div>\n<\/p><\/div>\n<div style='display: flex; flex-wrap: wrap; gap: 20px; margin-bottom: 30px;'>\n<div style='flex: 1 1 250px; border: 1px solid rgba(150&comma; 150&comma; 150&comma; 0.4); border-radius: 8px; overflow: hidden; display: flex; flex-direction: column;'>\n<div style='padding: 15px; border-bottom: 1px solid rgba(150&comma; 150&comma; 150&comma; 0.2); font-weight: bold; font-size: 18px; color: inherit;'>Reconocimientos<\/div>\n<div style='padding: 15px; color: inherit;'>\n<ul style='padding-left: 20px; margin: 0; font-size: 14px; list-style-type: disc;'>\n<li style='margin-bottom: 5px;'>UL Component Recognition&comma; MH 12193<\/li>\n<\/ul><\/div>\n<\/p><\/div>\n<div style='flex: 1 1 250px; border: 1px solid rgba(150&comma; 150&comma; 150&comma; 0.4); border-radius: 8px; overflow: hidden; display: flex; flex-direction: column;'>\n<div style='padding: 15px; border-bottom: 1px solid rgba(150&comma; 150&comma; 150&comma; 0.2); font-weight: bold; font-size: 18px; color: inherit;'>Referencias<\/div>\n<div style='padding: 15px; color: inherit;'>\n<ul style='padding-left: 20px; margin: 0; font-size: 14px; list-style-type: disc;'>\n<li style='margin-bottom: 5px;'>Modelo: TL4930<\/li>\n<li style='margin-bottom: 5px;'>Tama\u00f1o internacional: D&comma; ER32L615<\/li>\n<\/ul><\/div>\n<\/p><\/div>\n<\/p><\/div>\n<hr style='border: 0; border-top: 1px solid rgba(150&comma; 150&comma; 150&comma; 0.3); margin: 30px 0;'>\n<div style='margin-bottom: 30px;'>\n<h3 style='font-size: 22px; border-bottom: 2px solid currentColor; padding-bottom: 5px; margin-top: 0; color: inherit; opacity: 0.8;'>Capacidad vs. Corriente de descarga<\/h3>\n<p style='font-size: 15px; color: inherit;'>La capacidad var\u00eda seg\u00fan la corriente de descarga:<\/p>\n<ul style='padding-left: 20px; font-size: 15px; color: inherit;'>\n<li style='margin-bottom: 5px;'><strong>94\u03a9 (~35 mA):<\/strong> 7.0 Ah<\/li>\n<li style='margin-bottom: 5px;'><strong>180\u03a9 (~20 mA):<\/strong> 13.5 Ah<\/li>\n<li style='margin-bottom: 5px;'><strong>910\u03a9 (~4 mA):<\/strong> 19.0 Ah<\/li>\n<li style='margin-bottom: 5px;'><strong>1.8K\u03a9 (~2 mA):<\/strong> 18.8 Ah<\/li>\n<li style='margin-bottom: 5px;'><strong>3.6K\u03a9 (~1 mA):<\/strong> 18.4 Ah<\/li>\n<li style='margin-bottom: 5px;'><strong>18K\u03a9 (~0.2 mA):<\/strong> 17.0 Ah<\/li>\n<\/ul><\/div>\n<div style='margin-bottom: 30px;'>\n<h3 style='font-size: 22px; border-bottom: 2px solid currentColor; padding-bottom: 5px; margin-top: 0; color: inherit; opacity: 0.8;'>Capacidad vs. Temperatura<\/h3>\n<p style='font-size: 15px; color: inherit;'>La capacidad var\u00eda seg\u00fan la temperatura de operaci\u00f3n:<\/p>\n<ul style='padding-left: 20px; font-size: 15px; color: inherit;'>\n<li style='margin-bottom: 5px;'><strong>-40\u00b0C:<\/strong> 12.0 Ah<\/li>\n<li style='margin-bottom: 5px;'><strong>0\u00b0C:<\/strong> 14.0 Ah<\/li>\n<li style='margin-bottom: 5px;'><strong>25\u00b0C:<\/strong> 16.0 Ah<\/li>\n<li style='margin-bottom: 5px;'><strong>50\u00b0C:<\/strong> 18.0 Ah<\/li>\n<li style='margin-bottom: 5px;'><strong>80\u00b0C:<\/strong> 20.0 Ah<\/li>\n<\/ul><\/div>\n<div style='margin-bottom: 30px;'>\n<h3 style='font-size: 22px; border-bottom: 2px solid currentColor; padding-bottom: 5px; margin-top: 0; color: inherit; opacity: 0.8;'>Aplicaciones recomendadas<\/h3>\n<p style='font-size: 15px; color: inherit;'>Dado su dise\u00f1o de larga duraci\u00f3n y caracter\u00edsticas el\u00e9ctricas&comma; se recomienda para:<\/p>\n<ul style='padding-left: 20px; font-size: 15px; color: inherit;'>\n<li style='margin-bottom: 5px;'>Sistemas de memoria CMOS<\/li>\n<li style='margin-bottom: 5px;'>Contadores el\u00e9ctricos<\/li>\n<li style='margin-bottom: 5px;'>Equipos industriales<\/li>\n<li style='margin-bottom: 5px;'>Instrumentaci\u00f3n<\/li>\n<li style='margin-bottom: 5px;'>Dispositivos de seguridad<\/li>\n<\/ul><\/div>\n<div style='display: flex; flex-wrap: wrap; gap: 20px; margin-bottom: 30px;'>\n<div style='flex: 1 1 250px; border: 1px solid rgba(150&comma; 150&comma; 150&comma; 0.4); border-radius: 8px; overflow: hidden; display: flex; flex-direction: column;'>\n<div style='padding: 15px; border-bottom: 1px solid rgba(150&comma; 150&comma; 150&comma; 0.2); font-weight: bold; font-size: 18px; color: inherit;'>Notas importantes<\/div>\n<div style='padding: 15px; color: inherit;'>\n<p style='font-size: 14px; margin: 0;'>Las especificaciones de rendimiento son para informaci\u00f3n y no constituyen garant\u00edas expresas o impl\u00edcitas de rendimiento futuro.<\/p>\n<\/p><\/div>\n<\/p><\/div>\n<\/p><\/div>\n<\/p><\/div>\n","protected":false},"excerpt":{"rendered":"<p>TADIRAN TL4930 Bater\u00eda de litio 3.6 V @ 19 Ah ( No recargable )<\/p>\n","protected":false},"featured_media":47707,"comment_status":"open","ping_status":"closed","template":"","meta":[],"product_brand":[],"product_cat":[1084],"product_tag":[143,1085,547],"class_list":{"0":"post-47708","1":"product","2":"type-product","3":"status-publish","4":"has-post-thumbnail","6":"product_cat-baterias-baterias-y-cargadores","7":"product_tag-baterias","8":"product_tag-baterias-y-cargadores","9":"product_tag-syscom-parts","11":"first","12":"outofstock","13":"sale","14":"shipping-taxable","15":"purchasable","16":"product-type-simple"},"_links":{"self":[{"href":"https:\/\/soydeaqui.ddns.net\/pachuca\/index.php\/wp-json\/wp\/v2\/product\/47708","targetHints":{"allow":["GET"]}}],"collection":[{"href":"https:\/\/soydeaqui.ddns.net\/pachuca\/index.php\/wp-json\/wp\/v2\/product"}],"about":[{"href":"https:\/\/soydeaqui.ddns.net\/pachuca\/index.php\/wp-json\/wp\/v2\/types\/product"}],"replies":[{"embeddable":true,"href":"https:\/\/soydeaqui.ddns.net\/pachuca\/index.php\/wp-json\/wp\/v2\/comments?post=47708"}],"wp:featuredmedia":[{"embeddable":true,"href":"https:\/\/soydeaqui.ddns.net\/pachuca\/index.php\/wp-json\/wp\/v2\/media\/47707"}],"wp:attachment":[{"href":"https:\/\/soydeaqui.ddns.net\/pachuca\/index.php\/wp-json\/wp\/v2\/media?parent=47708"}],"wp:term":[{"taxonomy":"product_brand","embeddable":true,"href":"https:\/\/soydeaqui.ddns.net\/pachuca\/index.php\/wp-json\/wp\/v2\/product_brand?post=47708"},{"taxonomy":"product_cat","embeddable":true,"href":"https:\/\/soydeaqui.ddns.net\/pachuca\/index.php\/wp-json\/wp\/v2\/product_cat?post=47708"},{"taxonomy":"product_tag","embeddable":true,"href":"https:\/\/soydeaqui.ddns.net\/pachuca\/index.php\/wp-json\/wp\/v2\/product_tag?post=47708"}],"curies":[{"name":"wp","href":"https:\/\/api.w.org\/{rel}","templated":true}]}}