{"id":47553,"date":"2026-03-18T21:12:19","date_gmt":"2026-03-18T21:12:19","guid":{"rendered":"https:\/\/soydeaqui.ddns.net\/pachuca\/index.php\/producto\/electrodo-convencional-linkedpro-tipo-rehilete-soldado\/"},"modified":"2026-03-18T21:12:28","modified_gmt":"2026-03-18T21:12:28","slug":"electrodo-convencional-linkedpro-tipo-rehilete-soldado","status":"publish","type":"product","link":"https:\/\/soydeaqui.ddns.net\/pachuca\/index.php\/producto\/electrodo-convencional-linkedpro-tipo-rehilete-soldado\/","title":{"rendered":"Electrodo Convencional LinkedPro Tipo Rehilete Soldado"},"content":{"rendered":"<div style='width: 100%; max-width: 1200px; margin: 0 auto; font-family: sans-serif; line-height: 1.6; color: inherit; background-color: transparent;'>\n<p style='text-align: center; margin: 0 0 20px 0;'> <img style='width: 100%; max-width: 400px; height: auto; border: 1px solid rgba(150&comma;150&comma;150&comma;0.3); border-radius: 8px;' src='https:\/\/ftp3.syscom.mx\/usuarios\/fotos\/AT5315KIT\/183255-logo-lpg.png' alt='Logo LinkedPro' \/> <\/p>\n<div style='display: flex; flex-wrap: wrap; gap: 30px; margin-bottom: 30px;'>\n<div style='flex: 1 1 300px; min-width: 280px;'>\n<h3 style='font-size: 20px; border-bottom: 2px solid currentColor; padding-bottom: 5px; margin-top: 0; margin-bottom: 15px; color: inherit; opacity: 0.8;'>Descripci\u00f3n<\/h3>\n<p style='font-size: 15px; margin-bottom: 10px; color: inherit;'>Fabricado con hojas de cobre&comma; las cuales buscan tener mayor secci\u00f3n transversal y as\u00ed obtener mejor capacidad de disipaci\u00f3n para las corrientes de falla.<\/p>\n<p style='font-size: 15px; color: inherit;'>Es ideal para zonas en donde sea imposible realizar excavaciones de mayor profundidad.<\/p>\n<\/p><\/div>\n<div style='flex: 1 1 300px; min-width: 280px;'>\n<h3 style='font-size: 20px; border-bottom: 2px solid currentColor; padding-bottom: 5px; margin-top: 0; margin-bottom: 15px; color: inherit; opacity: 0.8;'>Beneficios<\/h3>\n<ul style='padding-left: 20px; font-size: 15px; color: inherit;'>\n<li style='margin-bottom: 8px;'>Cumple con los est\u00e1ndares de la NOM-001-SEDE-2012&comma; EIA\/TIA J-STD-607-A y BICSI<\/li>\n<li style='margin-bottom: 8px;'>F\u00e1cil instalaci\u00f3n<\/li>\n<li style='margin-bottom: 8px;'>Precio accesible<\/li>\n<\/ul><\/div>\n<div style='flex: 1 1 300px; min-width: 280px;'>\n<h3 style='font-size: 20px; border-bottom: 2px solid currentColor; padding-bottom: 5px; margin-top: 0; margin-bottom: 15px; color: inherit; opacity: 0.8;'>Aplicaciones<\/h3>\n<ul style='padding-left: 20px; font-size: 15px; color: inherit;'>\n<li style='margin-bottom: 8px;'>Para dise\u00f1o de malla de tierras en subestaci\u00f3n el\u00e9ctrica<\/li>\n<li style='margin-bottom: 8px;'>Tableros el\u00e9ctricos<\/li>\n<li style='margin-bottom: 8px;'>Para dise\u00f1o de anillo perimetral de tierras<\/li>\n<li style='margin-bottom: 8px;'>SITE de telecomunicaciones<\/li>\n<li style='margin-bottom: 8px;'>Para aterrizar c\u00e1maras de CCTV<\/li>\n<li style='margin-bottom: 8px;'>Auxiliar para electrodo de pararrayos<\/li>\n<li style='margin-bottom: 8px;'>Uso residencial<\/li>\n<li style='margin-bottom: 8px;'>Para dise\u00f1o de sistemas fotovoltaicos.<\/li>\n<\/ul><\/div>\n<\/p><\/div>\n<div style='margin-bottom: 30px;'>\n<h3 style='font-size: 20px; text-align: center; margin-bottom: 20px; color: inherit;'>Medidas<\/h3>\n<div style='overflow-x: auto;'>\n<table style='width: 100%; max-width: 600px; margin: 0 auto; border-collapse: collapse; border: 1px solid rgba(150&comma;150&comma;150&comma;0.3);'>\n<tbody>\n<tr style='background-color: rgba(53&comma; 152&comma; 219&comma; 0.1); border-bottom: 1px solid rgba(150&comma;150&comma;150&comma;0.3);'>\n<td style='padding: 12px; border-right: 1px solid rgba(150&comma;150&comma;150&comma;0.3); font-weight: bold; min-width: 120px;'>Altura<\/td>\n<td style='padding: 12px;'>65 cm<\/td>\n<\/tr>\n<tr style='border-bottom: 1px solid rgba(150&comma;150&comma;150&comma;0.3);'>\n<td style='padding: 12px; border-right: 1px solid rgba(150&comma;150&comma;150&comma;0.3); font-weight: bold;'>Di\u00e1metro<\/td>\n<td style='padding: 12px;'>5\/8 in<\/td>\n<\/tr>\n<tr style='background-color: rgba(53&comma; 152&comma; 219&comma; 0.1); border-bottom: 1px solid rgba(150&comma;150&comma;150&comma;0.3);'>\n<td style='padding: 12px; border-right: 1px solid rgba(150&comma;150&comma;150&comma;0.3); font-weight: bold;'>Espesor de l\u00e1mina de cobre<\/td>\n<td style='padding: 12px;'>Calibre 24<\/td>\n<\/tr>\n<tr>\n<td style='padding: 12px; border-right: 1px solid rgba(150&comma;150&comma;150&comma;0.3); font-weight: bold;'>Soldadura<\/td>\n<td style='padding: 12px;'>3 puntos por pieza<\/td>\n<\/tr>\n<\/tbody>\n<\/table><\/div>\n<\/p><\/div>\n<\/p><\/div>\n","protected":false},"excerpt":{"rendered":"<p>Electrodo Convencional LinkedPro Tipo Rehilete Soldado<\/p>\n","protected":false},"featured_media":47552,"comment_status":"open","ping_status":"closed","template":"","meta":[],"product_brand":[],"product_cat":[1131],"product_tag":[1088,435,1132],"class_list":{"0":"post-47553","1":"product","2":"type-product","3":"status-publish","4":"has-post-thumbnail","6":"product_cat-tierras-fisicas","7":"product_tag-calidad-de-la-energia","8":"product_tag-linkedpro-by-epcom","9":"product_tag-tierras-fisicas","11":"first","12":"instock","13":"sale","14":"shipping-taxable","15":"purchasable","16":"product-type-simple"},"_links":{"self":[{"href":"https:\/\/soydeaqui.ddns.net\/pachuca\/index.php\/wp-json\/wp\/v2\/product\/47553","targetHints":{"allow":["GET"]}}],"collection":[{"href":"https:\/\/soydeaqui.ddns.net\/pachuca\/index.php\/wp-json\/wp\/v2\/product"}],"about":[{"href":"https:\/\/soydeaqui.ddns.net\/pachuca\/index.php\/wp-json\/wp\/v2\/types\/product"}],"replies":[{"embeddable":true,"href":"https:\/\/soydeaqui.ddns.net\/pachuca\/index.php\/wp-json\/wp\/v2\/comments?post=47553"}],"wp:featuredmedia":[{"embeddable":true,"href":"https:\/\/soydeaqui.ddns.net\/pachuca\/index.php\/wp-json\/wp\/v2\/media\/47552"}],"wp:attachment":[{"href":"https:\/\/soydeaqui.ddns.net\/pachuca\/index.php\/wp-json\/wp\/v2\/media?parent=47553"}],"wp:term":[{"taxonomy":"product_brand","embeddable":true,"href":"https:\/\/soydeaqui.ddns.net\/pachuca\/index.php\/wp-json\/wp\/v2\/product_brand?post=47553"},{"taxonomy":"product_cat","embeddable":true,"href":"https:\/\/soydeaqui.ddns.net\/pachuca\/index.php\/wp-json\/wp\/v2\/product_cat?post=47553"},{"taxonomy":"product_tag","embeddable":true,"href":"https:\/\/soydeaqui.ddns.net\/pachuca\/index.php\/wp-json\/wp\/v2\/product_tag?post=47553"}],"curies":[{"name":"wp","href":"https:\/\/api.w.org\/{rel}","templated":true}]}}