{"id":47544,"date":"2026-03-18T21:11:58","date_gmt":"2026-03-18T21:11:58","guid":{"rendered":"https:\/\/soydeaqui.ddns.net\/pachuca\/index.php\/producto\/registro-de-7-pulgadas-para-acceso-a-pruebas-y-revision-de-electrodo-17-78-x-23-49-x-22-22-cm\/"},"modified":"2026-03-18T21:11:59","modified_gmt":"2026-03-18T21:11:59","slug":"registro-de-7-pulgadas-para-acceso-a-pruebas-y-revision-de-electrodo-17-78-x-23-49-x-22-22-cm","status":"publish","type":"product","link":"https:\/\/soydeaqui.ddns.net\/pachuca\/index.php\/producto\/registro-de-7-pulgadas-para-acceso-a-pruebas-y-revision-de-electrodo-17-78-x-23-49-x-22-22-cm\/","title":{"rendered":"Registro de 7 Pulgadas para Acceso a Pruebas y Revisi\u00f3n de Electrodo, 17.78 x 23.49 x 22.22 cm."},"content":{"rendered":"<div style='width: 100%; max-width: 1200px; margin: 0 auto; font-family: sans-serif; line-height: 1.6; color: inherit; background-color: transparent;'>\n<div style='display: flex; flex-wrap: wrap; gap: 30px; margin-bottom: 30px;'>\n<div style='flex: 1 1 300px; min-width: 280px;'>\n<h3 style='font-size: 22px; border-bottom: 2px solid currentColor; padding-bottom: 5px; margin-top: 0; color: inherit; opacity: 0.8;'>Descripci\u00f3n<\/h3>\n<ul style='padding-left: 20px; font-size: 15px; color: inherit;'>\n<li style='margin-bottom: 5px;'>Fabricado en polietileno&comma; lleva un tratamiento que retarda los efectos contra rayos UV&comma; lo cual impide su pronto agrietamiento o mal formaci\u00f3n.<\/li>\n<li style='margin-bottom: 5px;'>Brinda un f\u00e1cil acceso para inspecci\u00f3n y mantenimiento preventivo del electrodo de puesta a tierra&comma; y as\u00ed mismo&comma; lo protege contra maniobras y cambios ambientales para su larga duraci\u00f3n.<\/li>\n<li style='margin-bottom: 5px;'>Cuenta con una tapa color verde&comma; la cual es f\u00e1cil de retirar y permite un pronto acceso.<\/li>\n<\/ul><\/div>\n<\/p><\/div>\n<div style='display: flex; flex-wrap: wrap; gap: 20px; margin-bottom: 30px;'>\n<div style='flex: 1 1 250px; border: 1px solid rgba(150&comma; 150&comma; 150&comma; 0.4); border-radius: 8px; overflow: hidden; display: flex; flex-direction: column;'>\n<div style='padding: 15px; border-bottom: 1px solid rgba(150&comma; 150&comma; 150&comma; 0.2); font-weight: bold; font-size: 18px; color: inherit;'>Beneficios<\/div>\n<div style='padding: 15px; color: inherit;'>\n<ul style='padding-left: 20px; margin: 0; font-size: 14px; list-style-type: disc;'>\n<li style='margin-bottom: 5px;'>F\u00e1cil instalaci\u00f3n.<\/li>\n<li style='margin-bottom: 5px;'>Resistente a los rayos UV y la degradaci\u00f3n por contacto con el agua.<\/li>\n<li style='margin-bottom: 5px;'>Para su apertura y cierre requiere de un giro de 180\u00b0 aprox.<\/li>\n<li style='margin-bottom: 5px;'>Resistente a las diferentes \u00e1reas de acceso&comma; maniobras y cambios ambientales.<\/li>\n<li style='margin-bottom: 5px;'>Cumple con la norma ASTM Standards M\u00e9todo de Ensayo D1248&comma; D1505&comma; D638&comma; D1822&comma; D790&comma; D746&comma; D2240&comma; D648&comma; D149&comma; D543 Y D570<\/li>\n<\/ul><\/div>\n<\/p><\/div>\n<div style='flex: 1 1 250px; border: 1px solid rgba(150&comma; 150&comma; 150&comma; 0.4); border-radius: 8px; overflow: hidden; display: flex; flex-direction: column;'>\n<div style='padding: 15px; border-bottom: 1px solid rgba(150&comma; 150&comma; 150&comma; 0.2); font-weight: bold; font-size: 18px; color: inherit;'>Aplicaciones<\/div>\n<div style='padding: 15px; color: inherit;'>\n<ul style='padding-left: 20px; margin: 0; font-size: 14px; list-style-type: disc;'>\n<li style='margin-bottom: 5px;'>Registro para electrodo de tierras f\u00edsicas.<\/li>\n<li style='margin-bottom: 5px;'>Registro para conductores el\u00e9ctricos.<\/li>\n<li style='margin-bottom: 5px;'>Registro para cableado de telefon\u00eda y telecomunicaciones.<\/li>\n<li style='margin-bottom: 5px;'>Registro para cableado de CCTV.<\/li>\n<li style='margin-bottom: 5px;'>Registro para tuber\u00eda de a<\/li>\n<\/ul><\/div>\n<\/p><\/div>\n<div style='flex: 1 1 250px; border: 1px solid rgba(150&comma; 150&comma; 150&comma; 0.4); border-radius: 8px; overflow: hidden; display: flex; flex-direction: column;'>\n<div style='padding: 15px; border-bottom: 1px solid rgba(150&comma; 150&comma; 150&comma; 0.2); font-weight: bold; font-size: 18px; color: inherit;'>Caracter\u00edsticas<\/div>\n<div style='padding: 15px; color: inherit;'>\n<ul style='padding-left: 20px; margin: 0; font-size: 14px; list-style-type: disc;'>\n<li style='margin-bottom: 5px;'>\u00cdndice de fusi\u00f3n (Melt Index); entre 10-12.<\/li>\n<li style='margin-bottom: 5px;'>Cuenta con estabilizador de color y protecci\u00f3n UV.<\/li>\n<li style='margin-bottom: 5px;'>Factor de carga ASTM Clase A&comma; 0.070 kg\/cm\u00b2 \u2013 4.21 kg\/cm\u00b2&comma; (tractores&comma; bicicletas y tractores cortac\u00e9sped). La prueba reciente confirma que: un bloque de 10.77cm x 10.79cm con una carga de 698.53 kgf presenta la primera fragmentaci\u00f3n.<\/li>\n<li style='margin-bottom: 5px;'>Soportan cargas est\u00e1ticas de hasta 6.01kgf\/cm\u00b2.<\/li>\n<\/ul><\/div>\n<\/p><\/div>\n<\/p><\/div>\n<div style='text-align: center; width: 100%; max-width: 1200px; margin: 0 auto;'> <img style='width: 100%; height: auto; border: 1px solid rgba(150&comma;150&comma;150&comma;0.3); border-radius: 8px;' src='https:\/\/ftp3.syscom.mx\/usuarios\/fotos\/AT5315KIT\/183255-logo-lpg.png' alt=''> <\/div>\n<hr style='border: 0; border-top: 1px solid rgba(150&comma; 150&comma; 150&comma; 0.3); margin: 30px 0;'> <\/div>\n","protected":false},"excerpt":{"rendered":"<p>Registro de 7 Pulgadas para Acceso a Pruebas y Revisi\u00f3n de Electrodo, 17.78 x 23.49 x 22.22 cm.<\/p>\n","protected":false},"featured_media":47543,"comment_status":"open","ping_status":"closed","template":"","meta":[],"product_brand":[],"product_cat":[1090],"product_tag":[1091,1088,435],"class_list":{"0":"post-47544","1":"product","2":"type-product","3":"status-publish","4":"has-post-thumbnail","6":"product_cat-accesorios-para-tierra-fisica","7":"product_tag-accesorios-para-tierra-fisica","8":"product_tag-calidad-de-la-energia","9":"product_tag-linkedpro-by-epcom","11":"first","12":"instock","13":"sale","14":"shipping-taxable","15":"purchasable","16":"product-type-simple"},"_links":{"self":[{"href":"https:\/\/soydeaqui.ddns.net\/pachuca\/index.php\/wp-json\/wp\/v2\/product\/47544","targetHints":{"allow":["GET"]}}],"collection":[{"href":"https:\/\/soydeaqui.ddns.net\/pachuca\/index.php\/wp-json\/wp\/v2\/product"}],"about":[{"href":"https:\/\/soydeaqui.ddns.net\/pachuca\/index.php\/wp-json\/wp\/v2\/types\/product"}],"replies":[{"embeddable":true,"href":"https:\/\/soydeaqui.ddns.net\/pachuca\/index.php\/wp-json\/wp\/v2\/comments?post=47544"}],"wp:featuredmedia":[{"embeddable":true,"href":"https:\/\/soydeaqui.ddns.net\/pachuca\/index.php\/wp-json\/wp\/v2\/media\/47543"}],"wp:attachment":[{"href":"https:\/\/soydeaqui.ddns.net\/pachuca\/index.php\/wp-json\/wp\/v2\/media?parent=47544"}],"wp:term":[{"taxonomy":"product_brand","embeddable":true,"href":"https:\/\/soydeaqui.ddns.net\/pachuca\/index.php\/wp-json\/wp\/v2\/product_brand?post=47544"},{"taxonomy":"product_cat","embeddable":true,"href":"https:\/\/soydeaqui.ddns.net\/pachuca\/index.php\/wp-json\/wp\/v2\/product_cat?post=47544"},{"taxonomy":"product_tag","embeddable":true,"href":"https:\/\/soydeaqui.ddns.net\/pachuca\/index.php\/wp-json\/wp\/v2\/product_tag?post=47544"}],"curies":[{"name":"wp","href":"https:\/\/api.w.org\/{rel}","templated":true}]}}