{"id":47486,"date":"2026-03-18T21:10:07","date_gmt":"2026-03-18T21:10:07","guid":{"rendered":"https:\/\/soydeaqui.ddns.net\/pachuca\/index.php\/producto\/electrodo-para-corriente-maxima-de-200-amp-con-compuesto-mejorador-de-terreno\/"},"modified":"2026-03-18T21:10:08","modified_gmt":"2026-03-18T21:10:08","slug":"electrodo-para-corriente-maxima-de-200-amp-con-compuesto-mejorador-de-terreno","status":"publish","type":"product","link":"https:\/\/soydeaqui.ddns.net\/pachuca\/index.php\/producto\/electrodo-para-corriente-maxima-de-200-amp-con-compuesto-mejorador-de-terreno\/","title":{"rendered":"Electrodo para Corriente M\u00e1xima de 200 Amp. con Compuesto Mejorador de Terreno"},"content":{"rendered":"<div style='width: 100%; max-width: 1200px; margin: 0 auto; font-family: sans-serif; line-height: 1.6; color: inherit; background-color: transparent;'> <!-- Logo --> <\/p>\n<div style='text-align: center; margin: 20px 0;'> <img style='width: 100%; max-width: 400px; height: auto; border: 1px solid rgba(150&comma;150&comma;150&comma;0.3); border-radius: 8px;' src='https:\/\/ftp3.syscom.mx\/usuarios\/fotos\/AT5315KIT\/183255-logo-lpg.png' alt='Logo'> <\/div>\n<p> <!-- Descripci\u00f3n --> <\/p>\n<div style='display: flex; flex-wrap: wrap; gap: 30px; margin-bottom: 30px;'>\n<div style='flex: 1 1 300px; min-width: 280px;'>\n<h3 style='font-size: 22px; border-bottom: 2px solid currentColor; padding-bottom: 5px; margin-top: 0; color: inherit; opacity: 0.8;'>Descripci\u00f3n<\/h3>\n<ul style='padding-left: 20px; font-size: 15px; color: inherit;'>\n<li style='margin-bottom: 5px; margin-top: 10px;'><span style='color: inherit; font-family: inherit; background-color: transparent;'>Electrodo fabricado en cobre con tratamiento electrol\u00edtico para obtener mayor conductividad&comma; baja resistencia y durabilidad en terrenos agresivos.<\/span><\/li>\n<li style='margin-bottom: 5px; margin-top: 10px;'><span style='color: inherit; font-family: inherit; background-color: transparent;'>Por su dise\u00f1o en forma delta obtiene mayor \u00e1rea de contacto con el terreno y as\u00ed poder disipar de manera eficiente corrientes parasitas.<\/span><\/li>\n<li style='margin-bottom: 5px; margin-top: 10px;'><span style='color: inherit; font-family: inherit; background-color: transparent;'>Filtro equipotencial el cual posee la propiedad de amortiguar bajas frecuencias&comma; minimizar ruidos&comma; impedir paso de corrientes de retorno y unir equipotencialmente los electrodos naturales&comma; as\u00ed como prefabricados en sitio.<\/span><\/li>\n<li style='margin-bottom: 5px; margin-top: 10px;'><span style='color: inherit; font-family: inherit; background-color: transparent;'>Compuesto reactivador de terreno el cual se compone de minerales conductivos para bajar la resistividad de terreno y mejorar el funcionamiento del sistema de puesta a tierra.<\/span><\/li>\n<\/ul><\/div>\n<\/p><\/div>\n<p> <!-- Especificaciones --> <\/p>\n<div style='display: flex; flex-wrap: wrap; gap: 20px; margin-bottom: 30px;'>\n<div style='flex: 1 1 250px; border: 1px solid rgba(150&comma; 150&comma; 150&comma; 0.4); border-radius: 8px; overflow: hidden; display: flex; flex-direction: column;'>\n<div style='padding: 15px; border-bottom: 1px solid rgba(150&comma; 150&comma; 150&comma; 0.2); font-weight: bold; font-size: 18px; color: inherit; background-color: transparent;'>ELECTRODO<\/div>\n<div style='padding: 15px; color: inherit;'>\n<ul style='padding-left: 20px; margin: 0; font-size: 14px; list-style-type: disc;'>\n<li style='margin-bottom: 5px;'><strong>Largo de tubo estructural:<\/strong> 65 cm<\/li>\n<li style='margin-bottom: 5px;'><strong>Di\u00e1metro de tubo:<\/strong> 1 1\/2 &#8216;<\/li>\n<li style='margin-bottom: 5px;'><strong>\u00c1rea de triangulo:<\/strong> 125.140 cm\u00b2<\/li>\n<\/ul><\/div>\n<\/p><\/div>\n<div style='flex: 1 1 250px; border: 1px solid rgba(150&comma; 150&comma; 150&comma; 0.4); border-radius: 8px; overflow: hidden; display: flex; flex-direction: column;'>\n<div style='padding: 15px; border-bottom: 1px solid rgba(150&comma; 150&comma; 150&comma; 0.2); font-weight: bold; font-size: 18px; color: inherit; background-color: transparent;'>FILTRO<\/div>\n<div style='padding: 15px; color: inherit;'>\n<ul style='padding-left: 20px; margin: 0; font-size: 14px; list-style-type: disc;'>\n<li style='margin-bottom: 5px;'><strong>Largo de Filtro:<\/strong> 15 cm<\/li>\n<li style='margin-bottom: 5px;'><strong>Di\u00e1metro de filtro:<\/strong> 2 1\/2&#8242;<\/li>\n<li style='margin-bottom: 5px;'><strong>Bornes Laterales:<\/strong> 3\/8&#8242;<\/li>\n<\/ul><\/div>\n<\/p><\/div>\n<\/p><\/div>\n<p> <!-- Im\u00e1genes --> <\/p>\n<div style='display: flex; flex-wrap: wrap; gap: 15px; margin-bottom: 30px; justify-content: center;'> <img style='width: 100%; max-width: 300px; height: auto; border: 1px solid rgba(150&comma;150&comma;150&comma;0.3); border-radius: 8px;' src='https:\/\/ftp3.syscom.mx\/usuarios\/fotos\/LPGROUND200A\/175963-lp_ground200a_sup.jpg' alt=''> <img style='width: 100%; max-width: 300px; height: auto; border: 1px solid rgba(150&comma;150&comma;150&comma;0.3); border-radius: 8px;' src='ttps:\/\/ftp3.syscom.mx\/usuarios\/fotos\/LPGROUND200A\/175963-lp_ground200a_body.jpg' alt=''> <img style='width: 100%; max-width: 300px; height: auto; border: 1px solid rgba(150&comma;150&comma;150&comma;0.3); border-radius: 8px;' src='ttps:\/\/ftp3.syscom.mx\/usuarios\/fotos\/LPGROUND200A\/175963-lp_ground200a_body.jpg' alt=''> <img style='width: 100%; max-width: 300px; height: auto; border: 1px solid rgba(150&comma;150&comma;150&comma;0.3); border-radius: 8px;' src='https:\/\/ftp3.syscom.mx\/usuarios\/fotos\/LPGROUND200A\/175963-lp_ground200a_body.jpg' alt=''> <\/div>\n<p> <!-- Separador --> <\/p>\n<hr style='border: 0; border-top: 1px solid rgba(150&comma; 150&comma; 150&comma; 0.3); margin: 30px 0;'> <!-- Videos --> <\/p>\n<div style='text-align: center; margin-bottom: 30px;'>\n<h3 style='font-size: 22px; margin-bottom: 20px; color: inherit; opacity: 0.8;'>Curso b\u00e1sico para selecci\u00f3n e implementaci\u00f3n de sistemas de protecci\u00f3n<\/h3>\n<\/p><\/div>\n<div style='display: flex; flex-wrap: wrap; gap: 30px; justify-content: center; margin-bottom: 30px;'>\n<div style='flex: 1 1 300px; min-width: 280px;'>\n<div style='position: relative; padding-bottom: 56.25%; height: 0; overflow: hidden;'>   <\/div>\n<\/p><\/div>\n<div style='flex: 1 1 300px; min-width: 280px;'>\n<div style='position: relative; padding-bottom: 56.25%; height: 0; overflow: hidden;'>   <\/div>\n<\/p><\/div>\n<\/p><\/div>\n<\/p><\/div>\n","protected":false},"excerpt":{"rendered":"<p>Electrodo para Corriente M\u00e1xima de 200 Amp. con Compuesto Mejorador de Terreno<\/p>\n","protected":false},"featured_media":47485,"comment_status":"open","ping_status":"closed","template":"","meta":[],"product_brand":[],"product_cat":[1131],"product_tag":[1088,435,1132],"class_list":{"0":"post-47486","1":"product","2":"type-product","3":"status-publish","4":"has-post-thumbnail","6":"product_cat-tierras-fisicas","7":"product_tag-calidad-de-la-energia","8":"product_tag-linkedpro-by-epcom","9":"product_tag-tierras-fisicas","11":"first","12":"instock","13":"sale","14":"shipping-taxable","15":"purchasable","16":"product-type-simple"},"_links":{"self":[{"href":"https:\/\/soydeaqui.ddns.net\/pachuca\/index.php\/wp-json\/wp\/v2\/product\/47486","targetHints":{"allow":["GET"]}}],"collection":[{"href":"https:\/\/soydeaqui.ddns.net\/pachuca\/index.php\/wp-json\/wp\/v2\/product"}],"about":[{"href":"https:\/\/soydeaqui.ddns.net\/pachuca\/index.php\/wp-json\/wp\/v2\/types\/product"}],"replies":[{"embeddable":true,"href":"https:\/\/soydeaqui.ddns.net\/pachuca\/index.php\/wp-json\/wp\/v2\/comments?post=47486"}],"wp:featuredmedia":[{"embeddable":true,"href":"https:\/\/soydeaqui.ddns.net\/pachuca\/index.php\/wp-json\/wp\/v2\/media\/47485"}],"wp:attachment":[{"href":"https:\/\/soydeaqui.ddns.net\/pachuca\/index.php\/wp-json\/wp\/v2\/media?parent=47486"}],"wp:term":[{"taxonomy":"product_brand","embeddable":true,"href":"https:\/\/soydeaqui.ddns.net\/pachuca\/index.php\/wp-json\/wp\/v2\/product_brand?post=47486"},{"taxonomy":"product_cat","embeddable":true,"href":"https:\/\/soydeaqui.ddns.net\/pachuca\/index.php\/wp-json\/wp\/v2\/product_cat?post=47486"},{"taxonomy":"product_tag","embeddable":true,"href":"https:\/\/soydeaqui.ddns.net\/pachuca\/index.php\/wp-json\/wp\/v2\/product_tag?post=47486"}],"curies":[{"name":"wp","href":"https:\/\/api.w.org\/{rel}","templated":true}]}}