{"id":47481,"date":"2026-03-18T21:09:53","date_gmt":"2026-03-18T21:09:53","guid":{"rendered":"https:\/\/soydeaqui.ddns.net\/pachuca\/index.php\/producto\/multicontacto-con-supresor-de-picos-de-pared-voltaje-de-entrada-125-vca-nema-5-15p-con-6-salidas-nema-5-15r-2-puertos-de-carga-usb-1200-joules\/"},"modified":"2026-03-18T21:10:02","modified_gmt":"2026-03-18T21:10:02","slug":"multicontacto-con-supresor-de-picos-de-pared-voltaje-de-entrada-125-vca-nema-5-15p-con-6-salidas-nema-5-15r-2-puertos-de-carga-usb-1200-joules","status":"publish","type":"product","link":"https:\/\/soydeaqui.ddns.net\/pachuca\/index.php\/producto\/multicontacto-con-supresor-de-picos-de-pared-voltaje-de-entrada-125-vca-nema-5-15p-con-6-salidas-nema-5-15r-2-puertos-de-carga-usb-1200-joules\/","title":{"rendered":"Multicontacto con Supresor de Picos de Pared, Voltaje de Entrada 125 Vca NEMA 5-15P, Con 6 Salidas NEMA 5-15R, 2 Puertos de Carga USB, 1200 Joules"},"content":{"rendered":"<div style='width: 100%; max-width: 1200px; margin: 0 auto; font-family: sans-serif; line-height: 1.6; color: inherit; background-color: transparent;'> <!-- Descripci\u00f3n principal --> <\/p>\n<div style='margin-bottom: 30px; font-size: 15px; color: inherit;'>\n<p>El protector contra sobretensiones Home Office de CyberPower P600WSURC1 evita que los picos de energ\u00eda causados por tormentas y sobretensiones el\u00e9ctricas lleguen a los equipos&comma; como computadoras port\u00e1tiles&comma; peque\u00f1os dispositivos electr\u00f3nicos y cargadores. El P600WSURC1 proporciona 1200 julios de protecci\u00f3n y 6 salidas de CA con un solo enchufe de pared. Los dos puertos USB de 2.4 amp cargan r\u00e1pidamente dispositivos con alimentaci\u00f3n USB&comma; incluidas tabletas.<\/p>\n<\/p><\/div>\n<p> <!-- Secci\u00f3n de especificaciones --> <\/p>\n<div style='display: flex; flex-wrap: wrap; gap: 20px; margin-bottom: 30px;'>\n<div style='flex: 1 1 250px; border: 1px solid rgba(150&comma; 150&comma; 150&comma; 0.4); border-radius: 8px; overflow: hidden; display: flex; flex-direction: column;'>\n<div style='padding: 15px; border-bottom: 1px solid rgba(150&comma; 150&comma; 150&comma; 0.2); font-weight: bold; font-size: 18px; color: inherit;'>Especificaciones T\u00e9cnicas<\/div>\n<div style='padding: 15px; color: inherit;'>\n<ul style='padding-left: 20px; margin: 0; font-size: 14px; list-style-type: disc;'>\n<li style='margin-bottom: 5px; display: flex; align-items: center;'><span style='flex: 1 0 100%;'>Voltaje de Entrada: 125 Vca<\/span><\/li>\n<li style='margin-bottom: 5px; display: flex; align-items: center;'><span style='flex: 1 0 100%;'>Tipo de Enchufe de Entrada: NEMA 5-15P<\/span><img style='width: 40px; height: 40px; border: 1px solid rgba(150&comma;150&comma;150&comma;0.3); border-radius: 8px; margin-left: 10px;' src='https:\/\/www.cyberpower.com\/mx\/es\/File\/GetImageByDocId\/GeneralAttribute-235' alt=''><\/li>\n<li style='margin-bottom: 5px;'><span style='flex: 1 0 100%;'>Voltaje de Salida: 125 Vca<\/span><\/li>\n<li style='margin-bottom: 5px; display: flex; align-items: center;'><span style='flex: 1 0 100%;'>Tipo de Toma de Salida: (6) NEMA 5-15R<\/span><img style='width: 40px; height: 40px; border: 1px solid rgba(150&comma;150&comma;150&comma;0.3); border-radius: 8px; margin-left: 10px;' src='https:\/\/www.cyberpower.com\/mx\/es\/File\/GetImageByDocId\/GeneralAttribute-238' alt=''><\/li>\n<li style='margin-bottom: 5px;'><span style='flex: 1 0 100%;'>Puertos de Carga USB: 2<\/span><\/li>\n<li style='margin-bottom: 5px;'><span style='flex: 1 0 100%;'>Supresi\u00f3n de Picos: 1200 Joules<\/span><\/li>\n<li style='margin-bottom: 5px;'><span style='flex: 1 0 100%;'>Filtraci\u00f3n de Ruido EMI\/RFI: 150 KHz &#8211; 100 MHz<\/span><\/li>\n<\/ul><\/div>\n<\/p><\/div>\n<\/p><\/div>\n<\/p><\/div>\n","protected":false},"excerpt":{"rendered":"<p>Multicontacto con Supresor de Picos de Pared, Voltaje de Entrada 125 Vca NEMA 5-15P, Con 6 Salidas NEMA 5-15R, 2 Puertos de Carga USB, 1200 Joules<\/p>\n","protected":false},"featured_media":47480,"comment_status":"open","ping_status":"closed","template":"","meta":[],"product_brand":[],"product_cat":[1244],"product_tag":[1088,677,1245],"class_list":{"0":"post-47481","1":"product","2":"type-product","3":"status-publish","4":"has-post-thumbnail","6":"product_cat-supresor-de-picos-vca","7":"product_tag-calidad-de-la-energia","8":"product_tag-cyberpower","9":"product_tag-supresor-de-picos-vca","11":"first","12":"outofstock","13":"sale","14":"shipping-taxable","15":"purchasable","16":"product-type-simple"},"_links":{"self":[{"href":"https:\/\/soydeaqui.ddns.net\/pachuca\/index.php\/wp-json\/wp\/v2\/product\/47481","targetHints":{"allow":["GET"]}}],"collection":[{"href":"https:\/\/soydeaqui.ddns.net\/pachuca\/index.php\/wp-json\/wp\/v2\/product"}],"about":[{"href":"https:\/\/soydeaqui.ddns.net\/pachuca\/index.php\/wp-json\/wp\/v2\/types\/product"}],"replies":[{"embeddable":true,"href":"https:\/\/soydeaqui.ddns.net\/pachuca\/index.php\/wp-json\/wp\/v2\/comments?post=47481"}],"wp:featuredmedia":[{"embeddable":true,"href":"https:\/\/soydeaqui.ddns.net\/pachuca\/index.php\/wp-json\/wp\/v2\/media\/47480"}],"wp:attachment":[{"href":"https:\/\/soydeaqui.ddns.net\/pachuca\/index.php\/wp-json\/wp\/v2\/media?parent=47481"}],"wp:term":[{"taxonomy":"product_brand","embeddable":true,"href":"https:\/\/soydeaqui.ddns.net\/pachuca\/index.php\/wp-json\/wp\/v2\/product_brand?post=47481"},{"taxonomy":"product_cat","embeddable":true,"href":"https:\/\/soydeaqui.ddns.net\/pachuca\/index.php\/wp-json\/wp\/v2\/product_cat?post=47481"},{"taxonomy":"product_tag","embeddable":true,"href":"https:\/\/soydeaqui.ddns.net\/pachuca\/index.php\/wp-json\/wp\/v2\/product_tag?post=47481"}],"curies":[{"name":"wp","href":"https:\/\/api.w.org\/{rel}","templated":true}]}}