{"id":47477,"date":"2026-03-18T21:09:46","date_gmt":"2026-03-18T21:09:46","guid":{"rendered":"https:\/\/soydeaqui.ddns.net\/pachuca\/index.php\/producto\/multicontacto-con-supresor-de-picos-voltaje-de-entrada-125-vca-nema-5-15p-con-6-salidas-nema-5-15r-1200-joules\/"},"modified":"2026-03-18T21:09:51","modified_gmt":"2026-03-18T21:09:51","slug":"multicontacto-con-supresor-de-picos-voltaje-de-entrada-125-vca-nema-5-15p-con-6-salidas-nema-5-15r-1200-joules","status":"publish","type":"product","link":"https:\/\/soydeaqui.ddns.net\/pachuca\/index.php\/producto\/multicontacto-con-supresor-de-picos-voltaje-de-entrada-125-vca-nema-5-15p-con-6-salidas-nema-5-15r-1200-joules\/","title":{"rendered":"Multicontacto Con Supresor de Picos, Voltaje de Entrada 125 Vca NEMA 5-15P, Con 6 Salidas NEMA 5-15R, 1200 Joules"},"content":{"rendered":"<div style='width: 100%; max-width: 1200px; margin: 0 auto; font-family: sans-serif; line-height: 1.6; color: inherit; background-color: transparent;'>\n<div style='display: flex; flex-wrap: wrap; gap: 30px; margin-bottom: 30px;'>\n<div style='flex: 1 1 300px; min-width: 280px;'>\n<h3 style='font-size: 22px; border-bottom: 2px solid currentColor; padding-bottom: 5px; margin-top: 0; color: inherit; opacity: 0.8;'>Descripci\u00f3n<\/h3>\n<p style='font-size: 15px; margin-bottom: 15px;'> <img style='width: 100%; height: auto; border: 1px solid rgba(150&comma;150&comma;150&comma;0.3); border-radius: 8px;' src='https:\/\/ftp3.syscom.mx\/usuarios\/fotos\/logotipos\/cyberpower.png' alt=''> <\/p>\n<p style='font-size: 15px; margin-bottom: 15px;'>El protector CyberPower CSB6012 ofrece protecci\u00f3n contra sobretensiones vital para dispositivos comunes del hogar y la oficina&comma; como computadoras y dispositivos electr\u00f3nicos. Evita que los picos de energ\u00eda causados por tormentas y sobretensiones lleguen a su equipo electr\u00f3nico. El CSB6012 proporciona 1200 julios de protecci\u00f3n con 6 salidas y un cable de alimentaci\u00f3n de 3.6 metros.<\/p>\n<p style='font-size: 15px; margin-bottom: 15px;'>Las caracter\u00edsticas del CSB6012 incluyen apagado autom\u00e1tico&comma; tecnolog\u00eda de varistor de \u00f3xido de metal (MOV)&comma; un filtro de ruido EMI \/ RFI&comma; ranuras de montaje de cerradura y carcasa resistente a los impactos.<\/p>\n<\/p><\/div>\n<\/p><\/div>\n<div style='display: flex; flex-wrap: wrap; gap: 20px; margin-bottom: 30px;'>\n<div style='flex: 1 1 250px; border: 1px solid rgba(150&comma; 150&comma; 150&comma; 0.4); border-radius: 8px; overflow: hidden; display: flex; flex-direction: column;'>\n<div style='padding: 15px; border-bottom: 1px solid rgba(150&comma; 150&comma; 150&comma; 0.2); font-weight: bold; font-size: 18px; color: inherit;'>Especificaciones T\u00e9cnicas<\/div>\n<div style='padding: 15px; color: inherit;'>\n<ul style='padding-left: 20px; margin: 0; font-size: 14px; list-style-type: disc;'>\n<li style='margin-bottom: 5px;'><strong>Voltaje de Entrada:<\/strong> 125 Vca<\/li>\n<li style='margin-bottom: 5px;'><strong>Tipo de Enchufe de Entrada:<\/strong> NEMA 5-15P<\/li>\n<li style='margin-bottom: 5px;'><img style='width: 40px; height: 40px; vertical-align: middle; border: 1px solid rgba(150&comma;150&comma;150&comma;0.3); border-radius: 4px;' src='https:\/\/www.cyberpower.com\/mx\/es\/File\/GetImageByDocId\/GeneralAttribute-235' alt=''><\/li>\n<li style='margin-bottom: 5px;'><strong>Longitud del cable:<\/strong> 1.2 metros<\/li>\n<li style='margin-bottom: 5px;'><strong>Voltaje de Salida:<\/strong> 125 Vca<\/li>\n<li style='margin-bottom: 5px;'><strong>Tipo de Toma de Salida:<\/strong> (6) NEMA 5-15R<\/li>\n<li style='margin-bottom: 5px;'><img style='width: 40px; height: 40px; vertical-align: middle; border: 1px solid rgba(150&comma;150&comma;150&comma;0.3); border-radius: 4px;' src='https:\/\/www.cyberpower.com\/mx\/es\/File\/GetImageByDocId\/GeneralAttribute-238' alt=''><\/li>\n<li style='margin-bottom: 5px;'><strong>Supresi\u00f3n de Picos:<\/strong> 1200 Joules<\/li>\n<li style='margin-bottom: 5px;'><strong>Filtraci\u00f3n de Ruido EMI\/RFI:<\/strong> 150 KHz &#8211; 100 MHz<\/li>\n<\/ul><\/div>\n<\/p><\/div>\n<\/p><\/div>\n<hr style='border: 0; border-top: 1px solid rgba(150&comma; 150&comma; 150&comma; 0.3); margin: 30px 0;'> <\/div>\n","protected":false},"excerpt":{"rendered":"<p>Multicontacto Con Supresor de Picos, Voltaje de Entrada 125 Vca NEMA 5-15P, Con 6 Salidas NEMA 5-15R, 1200 Joules<\/p>\n","protected":false},"featured_media":47476,"comment_status":"open","ping_status":"closed","template":"","meta":[],"product_brand":[],"product_cat":[532],"product_tag":[677,533,62],"class_list":{"0":"post-47477","1":"product","2":"type-product","3":"status-publish","4":"has-post-thumbnail","6":"product_cat-todos-proteccion-contra-sobretensiones","7":"product_tag-cyberpower","8":"product_tag-proteccion-contra-sobretensiones","9":"product_tag-todos","11":"first","12":"outofstock","13":"sale","14":"shipping-taxable","15":"purchasable","16":"product-type-simple"},"_links":{"self":[{"href":"https:\/\/soydeaqui.ddns.net\/pachuca\/index.php\/wp-json\/wp\/v2\/product\/47477","targetHints":{"allow":["GET"]}}],"collection":[{"href":"https:\/\/soydeaqui.ddns.net\/pachuca\/index.php\/wp-json\/wp\/v2\/product"}],"about":[{"href":"https:\/\/soydeaqui.ddns.net\/pachuca\/index.php\/wp-json\/wp\/v2\/types\/product"}],"replies":[{"embeddable":true,"href":"https:\/\/soydeaqui.ddns.net\/pachuca\/index.php\/wp-json\/wp\/v2\/comments?post=47477"}],"wp:featuredmedia":[{"embeddable":true,"href":"https:\/\/soydeaqui.ddns.net\/pachuca\/index.php\/wp-json\/wp\/v2\/media\/47476"}],"wp:attachment":[{"href":"https:\/\/soydeaqui.ddns.net\/pachuca\/index.php\/wp-json\/wp\/v2\/media?parent=47477"}],"wp:term":[{"taxonomy":"product_brand","embeddable":true,"href":"https:\/\/soydeaqui.ddns.net\/pachuca\/index.php\/wp-json\/wp\/v2\/product_brand?post=47477"},{"taxonomy":"product_cat","embeddable":true,"href":"https:\/\/soydeaqui.ddns.net\/pachuca\/index.php\/wp-json\/wp\/v2\/product_cat?post=47477"},{"taxonomy":"product_tag","embeddable":true,"href":"https:\/\/soydeaqui.ddns.net\/pachuca\/index.php\/wp-json\/wp\/v2\/product_tag?post=47477"}],"curies":[{"name":"wp","href":"https:\/\/api.w.org\/{rel}","templated":true}]}}