{"id":47458,"date":"2026-03-18T21:09:14","date_gmt":"2026-03-18T21:09:14","guid":{"rendered":"https:\/\/soydeaqui.ddns.net\/pachuca\/index.php\/producto\/tapa-rectangular-aluminio-para-contacto-de-35-2-mm-tipo-rr-a-prueba-de-intemperie\/"},"modified":"2026-03-18T21:09:15","modified_gmt":"2026-03-18T21:09:15","slug":"tapa-rectangular-aluminio-para-contacto-de-35-2-mm-tipo-rr-a-prueba-de-intemperie","status":"publish","type":"product","link":"https:\/\/soydeaqui.ddns.net\/pachuca\/index.php\/producto\/tapa-rectangular-aluminio-para-contacto-de-35-2-mm-tipo-rr-a-prueba-de-intemperie\/","title":{"rendered":"Tapa rectangular aluminio para contacto de 35.2 mm, tipo RR a prueba de intemperie."},"content":{"rendered":"<div style='width: 100%; max-width: 1200px; margin: 0 auto; font-family: sans-serif; line-height: 1.6; color: inherit; background-color: transparent;'>\n<div style='display: flex; flex-wrap: wrap; gap: 30px; margin-bottom: 30px;'>\n<div style='flex: 1 1 300px; min-width: 280px;'>\n<h3 style='font-size: 22px; border-bottom: 2px solid currentColor; padding-bottom: 5px; margin-top: 0; color: inherit; opacity: 0.8;'>Caracter\u00edsticas principales<\/h3>\n<ul style='padding-left: 20px; font-size: 15px; color: inherit;'>\n<li style='margin-bottom: 5px;'><strong>Material:<\/strong> L\u00e1mina de aluminio troquelada<\/li>\n<li style='margin-bottom: 5px;'><strong>Tipo:<\/strong> RR<\/li>\n<li style='margin-bottom: 5px;'><strong>Espesor:<\/strong> 1.02 mm (0.040&#8242;)<\/li>\n<li style='margin-bottom: 5px;'><strong>Peso:<\/strong> 0.021 Kg<\/li>\n<li style='margin-bottom: 5px;'><strong>Cantidad de di\u00e1metros:<\/strong> 2 de 3 mm<\/li>\n<li style='margin-bottom: 5px;'><strong>Di\u00e1metro central:<\/strong> 35.23 mm<\/li>\n<li style='margin-bottom: 5px;'><strong>C\u00f3digo proveedor:<\/strong> 01.02.0425<\/li>\n<li style='margin-bottom: 5px;'><strong>Aplicaci\u00f3n:<\/strong> Uso en interiores&comma; a prueba de intemperie<\/li>\n<li style='margin-bottom: 5px;'><strong>Material de tap\u00f3n:<\/strong> Aluminio inyectado a presi\u00f3n (diecast)<\/li>\n<li style='margin-bottom: 5px;'><strong>Empaque:<\/strong> PVC<\/li>\n<li style='margin-bottom: 5px;'><strong>Accesorios:<\/strong> Tornillos galvanizados incluidos<\/li>\n<\/ul><\/div>\n<\/p><\/div>\n<div style='display: flex; flex-wrap: wrap; gap: 30px; margin-bottom: 30px;'>\n<div style='flex: 1 1 300px; min-width: 280px;'>\n<h3 style='font-size: 22px; border-bottom: 2px solid currentColor; padding-bottom: 5px; margin-top: 0; color: inherit; opacity: 0.8;'>Descripci\u00f3n general<\/h3>\n<p style='font-size: 15px; color: inherit; text-align: justify; margin: 0;'> Las cajas de registro rectangulares&comma; cuadradas y tapas RAWELT est\u00e1n dise\u00f1adas y fabricadas bajo los m\u00e1s estrictos controles de calidad&comma; certificadas en normas internacionales&comma; por UL y CSA siendo utilizadas en la industria tanto pesada como ligera&comma; as\u00ed mismo en aplicaciones comerciales como residenciales. <\/p>\n<\/p><\/div>\n<\/p><\/div>\n<\/p><\/div>\n","protected":false},"excerpt":{"rendered":"<p>Tapa rectangular aluminio para contacto de 35.2 mm, tipo RR a prueba de intemperie.<\/p>\n","protected":false},"featured_media":47457,"comment_status":"open","ping_status":"closed","template":"","meta":[],"product_brand":[],"product_cat":[655],"product_tag":[572,661,656],"class_list":{"0":"post-47458","1":"product","2":"type-product","3":"status-publish","4":"has-post-thumbnail","6":"product_cat-tuberia-metalica-conduit-accesorios","7":"product_tag-canalizacion","8":"product_tag-rawelt","9":"product_tag-tuberia-metalica-conduit-accesorios","11":"first","12":"instock","13":"sale","14":"shipping-taxable","15":"purchasable","16":"product-type-simple"},"_links":{"self":[{"href":"https:\/\/soydeaqui.ddns.net\/pachuca\/index.php\/wp-json\/wp\/v2\/product\/47458","targetHints":{"allow":["GET"]}}],"collection":[{"href":"https:\/\/soydeaqui.ddns.net\/pachuca\/index.php\/wp-json\/wp\/v2\/product"}],"about":[{"href":"https:\/\/soydeaqui.ddns.net\/pachuca\/index.php\/wp-json\/wp\/v2\/types\/product"}],"replies":[{"embeddable":true,"href":"https:\/\/soydeaqui.ddns.net\/pachuca\/index.php\/wp-json\/wp\/v2\/comments?post=47458"}],"wp:featuredmedia":[{"embeddable":true,"href":"https:\/\/soydeaqui.ddns.net\/pachuca\/index.php\/wp-json\/wp\/v2\/media\/47457"}],"wp:attachment":[{"href":"https:\/\/soydeaqui.ddns.net\/pachuca\/index.php\/wp-json\/wp\/v2\/media?parent=47458"}],"wp:term":[{"taxonomy":"product_brand","embeddable":true,"href":"https:\/\/soydeaqui.ddns.net\/pachuca\/index.php\/wp-json\/wp\/v2\/product_brand?post=47458"},{"taxonomy":"product_cat","embeddable":true,"href":"https:\/\/soydeaqui.ddns.net\/pachuca\/index.php\/wp-json\/wp\/v2\/product_cat?post=47458"},{"taxonomy":"product_tag","embeddable":true,"href":"https:\/\/soydeaqui.ddns.net\/pachuca\/index.php\/wp-json\/wp\/v2\/product_tag?post=47458"}],"curies":[{"name":"wp","href":"https:\/\/api.w.org\/{rel}","templated":true}]}}