{"id":47454,"date":"2026-03-18T21:09:08","date_gmt":"2026-03-18T21:09:08","guid":{"rendered":"https:\/\/soydeaqui.ddns.net\/pachuca\/index.php\/producto\/caja-condulet-fs-de-3-4-19-05mm-con-tres-bocas-a-prueba-de-intemperie\/"},"modified":"2026-03-18T21:09:09","modified_gmt":"2026-03-18T21:09:09","slug":"caja-condulet-fs-de-3-4-19-05mm-con-tres-bocas-a-prueba-de-intemperie","status":"publish","type":"product","link":"https:\/\/soydeaqui.ddns.net\/pachuca\/index.php\/producto\/caja-condulet-fs-de-3-4-19-05mm-con-tres-bocas-a-prueba-de-intemperie\/","title":{"rendered":"Caja Condulet FS de 3\/4&#8243; (19.05mm) con tres bocas a prueba de intemperie."},"content":{"rendered":"<div style='width: 100%; max-width: 1200px; margin: 0 auto; font-family: sans-serif; line-height: 1.6; color: inherit; background-color: transparent;'> <!-- Secci\u00f3n de caracter\u00edsticas --> <\/p>\n<div style='display: flex; flex-wrap: wrap; gap: 30px; margin-bottom: 30px;'>\n<div style='flex: 1 1 300px; min-width: 280px;'>\n<h3 style='font-size: 22px; border-bottom: 2px solid currentColor; padding-bottom: 5px; margin-top: 0; color: inherit; opacity: 0.8;'>Caracter\u00edsticas principales<\/h3>\n<ul style='padding-left: 20px; font-size: 15px; color: inherit;'>\n<li style='margin-bottom: 5px;'><strong>Material:<\/strong> Aluminio inyectado a presi\u00f3n (diecast)<\/li>\n<li style='margin-bottom: 5px;'><strong>Acabado:<\/strong> Pintura electroest\u00e1tica Ep\u00f3xica-Poli\u00e9ster polimerizada<\/li>\n<li style='margin-bottom: 5px;'><strong>Medida:<\/strong> 19 mm (3\/4&#8242;)<\/li>\n<li style='margin-bottom: 5px;'><strong>Bocas:<\/strong> 1 Arriba\/ 1 Abajo\/ 1 Detr\u00e1s<\/li>\n<li style='margin-bottom: 5px;'><strong>Volumen:<\/strong> 295.2 cm\u00b3<\/li>\n<li style='margin-bottom: 5px;'><strong>Peso:<\/strong> 0.31 Kg<\/li>\n<li style='margin-bottom: 5px;'><strong>C\u00f3digo proveedor:<\/strong> 01.01.0282<\/li>\n<li style='margin-bottom: 5px;'><strong>Tornillo de tierra:<\/strong> Pasivado incluido<\/li>\n<li style='margin-bottom: 5px;'><strong>Resistencia:<\/strong> A prueba de intemperie cuando se usa con tapa y empaque (No incluidos)<\/li>\n<li style='margin-bottom: 5px;'><strong>Rosca:<\/strong> NPT para usarse con tubo conduit r\u00edgido o IMC<\/li>\n<\/ul>\n<p style='font-size: 15px; color: inherit; margin-top: 15px;'><span style='color: #e74c3c; font-weight: bold;'>*<\/span> No incluye tapones&comma; se recomienda hasta 3 tapones roscados modelo: TA-0368<\/p>\n<\/p><\/div>\n<\/p><\/div>\n<p> <!-- Secci\u00f3n de aplicaciones --> <\/p>\n<div style='display: flex; flex-wrap: wrap; gap: 30px; margin-bottom: 30px;'>\n<div style='flex: 1 1 300px; min-width: 280px;'>\n<h3 style='font-size: 22px; border-bottom: 2px solid currentColor; padding-bottom: 5px; margin-top: 0; color: inherit; opacity: 0.8;'>Aplicaciones<\/h3>\n<ul style='padding-left: 20px; font-size: 15px; color: inherit;'>\n<li style='margin-bottom: 5px;'>Pueden ser instaladas para recibir accesorios como: Interruptores&comma; contactos&comma; estaciones de botones&comma; luces piloto&comma; etc.<\/li>\n<li style='margin-bottom: 5px;'>Sirven para hacer empalmes y conexiones en el cableado.<\/li>\n<li style='margin-bottom: 5px;'>Permiten f\u00e1cil acceso para mantenimiento.<\/li>\n<li style='margin-bottom: 5px;'>Fabricaci\u00f3n en base a: UL 514 A y UL 514 B CAN\/CAS-C22.2 No.18-92<\/li>\n<\/ul><\/div>\n<\/p><\/div>\n<p> <!-- Secci\u00f3n de descripci\u00f3n detallada --> <\/p>\n<div style='display: flex; flex-wrap: wrap; gap: 30px; margin-bottom: 30px;'>\n<div style='flex: 1 1 300px; min-width: 280px;'>\n<p style='font-size: 15px; color: inherit; margin-bottom: 15px;'>Las cajas de registro rectangulares y cuadradas RAWELT son dise\u00f1adas y fabricadas bajo los m\u00e1s estrictos controles de calidad&comma; certificadas en normas internacionales&comma; por UL y CSA siendo utilizadas en la industria tanto pesada como ligera&comma; as\u00ed mismo en aplicaciones comerciales como residenciales.<\/p>\n<p style='font-size: 15px; color: inherit; margin-bottom: 0;'>Gracias al m\u00e9todo de moldeo por inyecci\u00f3n a presi\u00f3n&comma; sus paredes de aluminio son compactas y libres de porosidad obteni\u00e9ndose una estabilidad dimensional y una resistencia extraordinaria para ser usadas en cualquier tipo de industria&comma; con un peso 3 veces m\u00e1s ligero que otro sistema de moldeo.<\/p>\n<\/p><\/div>\n<\/p><\/div>\n<p> <!-- Separador --> <\/p>\n<hr style='border: 0; border-top: 1px solid rgba(150&comma; 150&comma; 150&comma; 0.3); margin: 30px 0;'> <\/div>\n","protected":false},"excerpt":{"rendered":"<p>Caja Condulet FS de 3\/4&#8243; (19.05mm) con tres bocas a prueba de intemperie.<\/p>\n","protected":false},"featured_media":47453,"comment_status":"open","ping_status":"closed","template":"","meta":[],"product_brand":[],"product_cat":[655],"product_tag":[572,661,656],"class_list":{"0":"post-47454","1":"product","2":"type-product","3":"status-publish","4":"has-post-thumbnail","6":"product_cat-tuberia-metalica-conduit-accesorios","7":"product_tag-canalizacion","8":"product_tag-rawelt","9":"product_tag-tuberia-metalica-conduit-accesorios","11":"first","12":"instock","13":"sale","14":"shipping-taxable","15":"purchasable","16":"product-type-simple"},"_links":{"self":[{"href":"https:\/\/soydeaqui.ddns.net\/pachuca\/index.php\/wp-json\/wp\/v2\/product\/47454","targetHints":{"allow":["GET"]}}],"collection":[{"href":"https:\/\/soydeaqui.ddns.net\/pachuca\/index.php\/wp-json\/wp\/v2\/product"}],"about":[{"href":"https:\/\/soydeaqui.ddns.net\/pachuca\/index.php\/wp-json\/wp\/v2\/types\/product"}],"replies":[{"embeddable":true,"href":"https:\/\/soydeaqui.ddns.net\/pachuca\/index.php\/wp-json\/wp\/v2\/comments?post=47454"}],"wp:featuredmedia":[{"embeddable":true,"href":"https:\/\/soydeaqui.ddns.net\/pachuca\/index.php\/wp-json\/wp\/v2\/media\/47453"}],"wp:attachment":[{"href":"https:\/\/soydeaqui.ddns.net\/pachuca\/index.php\/wp-json\/wp\/v2\/media?parent=47454"}],"wp:term":[{"taxonomy":"product_brand","embeddable":true,"href":"https:\/\/soydeaqui.ddns.net\/pachuca\/index.php\/wp-json\/wp\/v2\/product_brand?post=47454"},{"taxonomy":"product_cat","embeddable":true,"href":"https:\/\/soydeaqui.ddns.net\/pachuca\/index.php\/wp-json\/wp\/v2\/product_cat?post=47454"},{"taxonomy":"product_tag","embeddable":true,"href":"https:\/\/soydeaqui.ddns.net\/pachuca\/index.php\/wp-json\/wp\/v2\/product_tag?post=47454"}],"curies":[{"name":"wp","href":"https:\/\/api.w.org\/{rel}","templated":true}]}}