{"id":4736,"date":"2026-03-18T06:22:39","date_gmt":"2026-03-18T06:22:39","guid":{"rendered":"https:\/\/soydeaqui.ddns.net\/pachuca\/index.php\/producto\/comunicador-lte-5g-dual-sim-incluye-2-anos-4g-5g-sin-limites-unico-programacion-remota-dsc-honeywell-cero-configuracion-compatible-honeywell-dsc-crow-pima-2\/"},"modified":"2026-03-18T06:22:39","modified_gmt":"2026-03-18T06:22:39","slug":"comunicador-lte-5g-dual-sim-incluye-2-anos-4g-5g-sin-limites-unico-programacion-remota-dsc-honeywell-cero-configuracion-compatible-honeywell-dsc-crow-pima-2","status":"publish","type":"product","link":"https:\/\/soydeaqui.ddns.net\/pachuca\/index.php\/producto\/comunicador-lte-5g-dual-sim-incluye-2-anos-4g-5g-sin-limites-unico-programacion-remota-dsc-honeywell-cero-configuracion-compatible-honeywell-dsc-crow-pima-2\/","title":{"rendered":"Comunicador LTE 5G Dual SIM \/ INCLUYE 2 A\u00d1OS 4G\/5G sin Limites \/ \u00daNICO Programaci\u00f3n Remota DSC\/HONEYWELL \/ Cero Configuraci\u00f3n \/ Compatible Honeywell\/DSC\/CROW\/PIMA"},"content":{"rendered":"<div style='width: 100%; max-width: 1200px; margin: 0 auto; font-family: sans-serif; line-height: 1.6; color: inherit; background-color: transparent;'>\n<div style='margin-bottom: 30px;'>\n<h2 style='font-size: 24px; color: inherit; margin-top: 0;'>\u00danico comunicador listo para 5G (A prueba de Futuro):<\/h2>\n<ul style='padding-left: 20px; font-size: 15px; color: inherit;'>\n<li style='margin-bottom: 15px;'>\n<h3 style='font-size: 18px; margin: 0; color: inherit;'><strong>Programaci\u00f3n Remota con DSC \/ Honeywell<\/strong> (Se requiere <a style='color: #005cb9; text-decoration: none;' href='https:\/\/www.syscom.mx\/producto\/MN-01RNGR-M2M-SERVICES-143761.html'>MN-01RNGR<\/a>&comma; <a style='color: #005cb9; text-decoration: none;' href='https:\/\/www.syscom.mx\/producto\/UDLSERVICEM2M-M2M-SERVICES-143760.html'>UDLSERVICEM2M<\/a>&comma; <a style='color: #005cb9; text-decoration: none;' href='https:\/\/www.syscom.mx\/producto\/MODEMVISTA-M2M-SERVICES-143755.html'>MODEMVISTA<\/a> o <a style='color: #005cb9; text-decoration: none;' href='https:\/\/www.syscom.mx\/producto\/MODEMDSC-M2M-SERVICES-143754.html'>MODEMDSC<\/a>)<\/h3>\n<\/li>\n<li style='margin-bottom: 15px;'>\n<h3 style='font-size: 18px; margin: 0; color: inherit;'><strong>EXTREMO ALTA SEGURIDAD<\/strong><\/h3>\n<\/li>\n<li style='margin-bottom: 15px;'>\n<h3 style='font-size: 18px; margin: 0; color: inherit;'>Reporta a Telcel&comma; Movistar&comma; ATT y CLARO.<\/h3>\n<\/li>\n<li style='margin-bottom: 15px;'>\n<h3 style='font-size: 18px; margin: 0; color: inherit;'><strong>NUEVA APP<\/strong>: Nuevo Dise\u00f1o&comma; Elegante&comma; Fluida&comma; Soporte Sub-Cuentas.<\/h3>\n<\/li>\n<li style='margin-bottom: 15px;'>\n<h3 style='font-size: 18px; margin: 0; color: inherit;'><strong>Soporta Particiones en DSC y Honeywell<\/strong> (Armado Remoto de Particiones)<\/h3>\n<\/li>\n<li style='margin-bottom: 15px;'>\n<h3 style='font-size: 18px; margin: 0; color: inherit;'><strong>Soporta BYPASS de ZONAS!<\/strong> Ahora podras ver que zona esta abierta o cerrada en tu Panel.<\/h3>\n<\/li>\n<\/ul><\/div>\n<h2 style='font-size: 36px; color: #b9272d; margin-top: 40px; margin-bottom: 30px;'>Comunicador Multimarca<\/h2>\n<div style='display: flex; flex-wrap: wrap; gap: 20px; margin-bottom: 30px;'>\n<div style='flex: 1 1 250px; min-width: 200px;'> <img style='width: 100%; height: auto; border: 1px solid rgba(150&comma;150&comma;150&comma;0.3); border-radius: 8px;' src='http:\/\/ftp3.syscom.mx\/usuarios\/ftp\/single_page\/m2m\/notificaciones.png' alt=''> <\/p>\n<p style='text-align: center; margin-top: 10px; font-size: 15px; color: inherit;'>Eventos Ilimitados.<\/p>\n<\/p><\/div>\n<div style='flex: 1 1 250px; min-width: 200px;'> <img style='width: 100%; height: auto; border: 1px solid rgba(150&comma;150&comma;150&comma;0.3); border-radius: 8px;' src='http:\/\/ftp3.syscom.mx\/usuarios\/ftp\/single_page\/m2m\/sim.png' alt=''> <\/p>\n<p style='text-align: center; margin-top: 10px; font-size: 15px; color: inherit;'>Cobertura Telcel\/ Movistar (Dual).<\/p>\n<\/p><\/div>\n<div style='flex: 1 1 250px; min-width: 200px;'> <img style='width: 100%; height: auto; border: 1px solid rgba(150&comma;150&comma;150&comma;0.3); border-radius: 8px;' src='http:\/\/ftp3.syscom.mx\/usuarios\/ftp\/single_page\/m2m\/activacion.png' alt=''> <\/p>\n<p style='text-align: center; margin-top: 10px; font-size: 15px; color: inherit;'>Activaci\u00f3n en Segundos &#8216;sin humanos&#8217;.<\/p>\n<\/p><\/div>\n<div style='flex: 1 1 250px; min-width: 200px;'> <img style='width: 100%; height: auto; border: 1px solid rgba(150&comma;150&comma;150&comma;0.3); border-radius: 8px;' src='http:\/\/ftp3.syscom.mx\/usuarios\/ftp\/single_page\/m2m\/app.png' alt=''> <\/p>\n<p style='text-align: center; margin-top: 10px; font-size: 15px; color: inherit;'>Acceso al App Administrado por la Central.<\/p>\n<\/p><\/div>\n<\/p><\/div>\n<div style='display: flex; flex-wrap: wrap; gap: 30px; margin-bottom: 30px;'>\n<div style='flex: 1 1 300px; border: 1px solid rgba(150&comma; 150&comma; 150&comma; 0.4); border-radius: 8px; overflow: hidden; background-color: rgba(240&comma; 240&comma; 240&comma; 0.1);'>\n<div style='padding: 15px; border-bottom: 1px solid rgba(150&comma; 150&comma; 150&comma; 0.2); font-weight: bold; font-size: 18px; color: inherit;'>Cobertura 4GLTE\/5G Ilimitada<\/div>\n<div style='padding: 15px; color: inherit;'>\n<p style='margin: 8px 0;'><a style='color: #005cb9; text-decoration: none;' href='producto\/MINI014GV2-M2M-SERVICES-142939.html'><strong>Incluye 2 a\u00f1os sin costo.<\/strong><\/a><\/p>\n<p style='margin: 8px 0;'>Menos de $ 2.25 al mes con SIM multicarrier.<\/p>\n<p style='margin: 8px 0;'>El equipo incluye 2 a\u00f1os 4GLTE\/5G ilimitado.<\/p>\n<p style='margin: 8px 0;'><strong><u>NOTA:<\/u><\/strong> Si el Voucher no es renovado dentro del mes que fue activado el equipo&comma; el Comunicador pasara a suspendido y se tendr\u00e1 que hacer el pago de REACTIVAM2M + voucherLTE<\/p>\n<p style='margin: 8px 0;'>Es posible a\u00f1adir m\u00e1s de 12 meses de servicio&comma; 24&comma; 36&comma; etc.<\/p>\n<\/p><\/div>\n<\/p><\/div>\n<div style='flex: 1 1 300px; border: 1px solid rgba(150&comma; 150&comma; 150&comma; 0.4); border-radius: 8px; overflow: hidden; background-color: rgba(240&comma; 240&comma; 240&comma; 0.1);'>\n<div style='padding: 15px; border-bottom: 1px solid rgba(150&comma; 150&comma; 150&comma; 0.2); font-weight: bold; font-size: 18px; color: inherit;'>Central Receptora de Alarmas<\/div>\n<div style='padding: 15px; color: inherit;'>\n<p style='margin: 8px 0;'>Los equipos se dan de alta en la plataforma de M2M totalmente gratuita: <a style='color: #005cb9; text-decoration: none;' href='https:\/\/m2mservices.com\/Admin\/'>https:\/\/m2mservices.com\/Admin\/<\/a><\/p>\n<p style='margin: 8px 0;'>En la plataforma se puede:<\/p>\n<ul style='padding-left: 20px; margin: 0; font-size: 14px; list-style-type: disc;'>\n<li style='margin-bottom: 5px;'>Editar logo de aplicaci\u00f3n.<\/li>\n<li style='margin-bottom: 5px;'>Ver estatus de todos los comunicadores.<\/li>\n<li style='margin-bottom: 5px;'>Se\u00f1al celular.<\/li>\n<li style='margin-bottom: 5px;'>Proveedor conectado.<\/li>\n<li style='margin-bottom: 5px;'>Asignar o modificar usuarios.<\/li>\n<li style='margin-bottom: 5px;'>Dar de alta nuevos comunicadores.<\/li>\n<li style='margin-bottom: 5px;'>Cancelar las notificaciones en dado caso que fuese necesario.<\/li>\n<\/ul><\/div>\n<\/p><\/div>\n<div style='flex: 1 1 300px; border: 1px solid rgba(150&comma; 150&comma; 150&comma; 0.4); border-radius: 8px; overflow: hidden; background-color: rgba(240&comma; 240&comma; 240&comma; 0.1);'>\n<div style='padding: 15px; border-bottom: 1px solid rgba(150&comma; 150&comma; 150&comma; 0.2); font-weight: bold; font-size: 18px; color: inherit;'>Programaci\u00f3n Remota (Compatible con Honeywell y DSC)<\/div>\n<div style='padding: 15px; color: inherit;'>\n<p style='margin: 8px 0;'>Realizar configuraciones en el panel sin tener que ir al lugar donde est\u00e1 instalado.<\/p>\n<p style='margin: 8px 0;'>El t\u00e9cnico \u00fanicamente reemplaza o instala equipos&comma; pero la configuraci\u00f3n se realiza remotamente desde la Central (mayor seguridad).<\/p>\n<\/p><\/div>\n<\/p><\/div>\n<\/p><\/div>\n<div style='display: grid; grid-template-columns: repeat(auto-fill&comma; minmax(300px&comma; 1fr)); gap: 30px; margin-bottom: 40px;'>\n<div style='position: relative; padding-bottom: 56.25%; height: 0; overflow: hidden;'>   <\/div>\n<div style='position: relative; padding-bottom: 56.25%; height: 0; overflow: hidden;'>   <\/div>\n<div style='position: relative; padding-bottom: 56.25%; height: 0; overflow: hidden;'>   <\/div>\n<\/p><\/div>\n<div style='display: flex; flex-wrap: wrap; gap: 30px; margin-bottom: 30px;'>\n<div style='flex: 1 1 400px;'> <img style='width: 100%; height: auto; border: 1px solid rgba(150&comma;150&comma;150&comma;0.3); border-radius: 8px;' src='http:\/\/ftp3.syscom.mx\/usuarios\/ftp\/single_page\/m2m\/syscom365-app.png' alt=''> <\/div>\n<div style='flex: 1 1 400px;'>\n<h3 style='font-size: 20px; margin-top: 0; color: inherit;'>App de Celular Personalizada para Usuario Final<\/h3>\n<p style='font-size: 14px; color: inherit;'><small>Personalice con el logo de su Central de Monitoreo<\/small><\/p>\n<div style='border: 1px solid rgba(150&comma; 150&comma; 150&comma; 0.4); border-radius: 8px; overflow: hidden; margin-bottom: 15px;'>\n<div style='padding: 15px; font-weight: bold; font-size: 16px; color: inherit;'>Caracter\u00edsticas<\/div>\n<div style='padding: 15px;'>\n<ul style='padding-left: 20px; margin: 0; font-size: 14px; list-style-type: disc; color: inherit;'>\n<li style='margin-bottom: 5px;'>Aplicaci\u00f3n con su logo.<\/li>\n<li style='margin-bottom: 5px;'>Armado y desarmado remoto.<\/li>\n<li style='margin-bottom: 5px;'>Reporte por usuarios central de monitoreo.<\/li>\n<li style='margin-bottom: 5px;'>Administra acceso a App.<\/li>\n<li style='margin-bottom: 5px;'>Multimarca.<\/li>\n<li style='margin-bottom: 5px;'>Compatible con Honeywell<sup>\u00ae<\/sup> \/ DSC<sup>\u00ae<\/sup> \/ CROW<sup>\u00ae<\/sup> \/ PIMA<sup>\u00ae<\/sup>.<\/li>\n<li style='margin-bottom: 5px;'>Programaci\u00f3n remota en Honeywell \/ DSC.<\/li>\n<li style='margin-bottom: 5px;'>No requiere configuraci\u00f3n.<\/li>\n<\/ul><\/div>\n<\/p><\/div>\n<div style='display: flex; gap: 15px;'> <a style='display: block; flex: 1;' href='https:\/\/itunes.apple.com\/us\/app\/residence-control\/id712098315' target='_blank' rel='noopener'> <img style='width: 100%; height: auto; border: 1px solid rgba(150&comma;150&comma;150&comma;0.3); border-radius: 8px;' src='http:\/\/ftp3.syscom.mx\/usuarios\/ftp\/single_page\/m2m\/appstore.jpg' alt='App Store'> <\/a> <a style='display: block; flex: 1;' href='https:\/\/play.google.com\/store\/apps\/details?id=s365.syscom.client' target='_blank' rel='noopener'> <img style='width: 100%; height: auto; border: 1px solid rgba(150&comma;150&comma;150&comma;0.3); border-radius: 8px;' src='http:\/\/ftp3.syscom.mx\/usuarios\/ftp\/single_page\/m2m\/playstore.jpg' alt='Play Store'> <\/a> <\/div>\n<\/p><\/div>\n<\/p><\/div>\n<div style='margin-bottom: 30px;'>\n<div style='margin-bottom: 20px;'> <strong style='color: inherit;'>Cobertura 4GLTE \/ 5G Ilimitada &#8211; Bajo Costo &#8211; 2 A\u00f1os Sin Costo!<\/strong> <\/div>\n<p style='margin: 8px 0;'>El equipo ya incluye 2 a\u00f1os 4GLTE \/ 5G ilimitado&comma; puede agregar 1 a\u00f1o de cobertura adicional muy sencillo&comma; solamente <a style='color: #005cb9; text-decoration: none;' href='principal\/consultarproductosazul?global_search=voucher&#038;ordenar=Relevancia&#038;pag=1'>adquiriendo vouchers<\/a> con el precio m\u00e1s bajo sin tener que lidiar con compa\u00f1\u00edas celulares&comma; ya es posible a\u00f1adir m\u00e1s de 12 meses de servicio&comma; 24&comma; 36&comma; etc.<\/p>\n<p style='margin: 8px 0;'>Al subir el voucher (n\u00famero) en su plataforma&comma; autom\u00e1ticamente agrega 1 a\u00f1o m\u00e1s de cobertura en el transmisor&comma; inmediatamente&comma; sin esperar.<\/p>\n<p style='margin: 8px 0;'>Nota: Si el servicio de datos 4GLTE \/ 5G se encuentra vencido es necesario pagar la reactivaci\u00f3n modelo REACTIVAM2M mas el servicio de datos VOUCHER.<\/p>\n<p style='margin: 8px 0; color: inherit;'><strong>Para Armado y Desarmado Remoto GRATUITO<\/strong><\/p>\n<p style='margin: 8px 0;'>El MINI014G cuenta con aplicaci\u00f3n gratuita para el cliente&comma; con la cual puede realizar el armado y desarmado desde el celular&comma; la aplicaci\u00f3n puede personalizarse para mostrar el logo e informaci\u00f3n de su empresa.<\/p>\n<p style='margin: 8px 0;'> <a style='color: #005cb9; text-decoration: none;' href='https:\/\/itunes.apple.com\/us\/app\/residence-control\/id712098315'>Aplicaci\u00f3n para iPhone<\/a> | <a style='color: #005cb9; text-decoration: none;' href='https:\/\/play.google.com\/store\/apps\/details?id=m2m.mobile&#038;hl=en'>Para Android<\/a> <\/p>\n<p style='margin: 8px 0; color: inherit;'><strong>Sin Necesidad de Programaci\u00f3n\/ Cero Configuraci\u00f3n<\/strong><\/p>\n<p style='margin: 8px 0;'>Simplemente conecte el AUX+ y AUX-&comma; RING y TIP de su panel al comunicador y listo&comma; no requiere ninguna configuraci\u00f3n. Compatible con reconocidas marcas del mercado HONEYWELL<sup>\u00ae<\/sup>&comma; DSC<sup>\u00ae<\/sup>&comma; PARADOX<sup>\u00ae<\/sup>&comma; NAPCO<sup>\u00ae<\/sup>&comma; etc.<\/p>\n<p style='margin: 8px 0; color: inherit;'><strong>Aplicaci\u00f3n Celular para Usuario Final<\/strong><\/p>\n<ul style='padding-left: 20px; margin: 0 0 15px; font-size: 14px; list-style-type: disc; color: inherit;'>\n<li style='margin-bottom: 5px;'>Personalizada (logo de su Central de Monitoreo).<\/li>\n<li style='margin-bottom: 5px;'>Disponible para iPhone y Android.<\/li>\n<li style='margin-bottom: 5px;'>Armado y desarmado remoto con zona llave&comma; ahora sin necesidad de conexi\u00f3n a PGM.<\/li>\n<li style='margin-bottom: 5px;'>Notificaciones en tiempo real.<\/li>\n<li style='margin-bottom: 5px;'>LOG de eventos.<\/li>\n<\/ul>\n<p style='margin: 8px 0; color: inherit;'><strong>Central Receptora de Alarmas<\/strong><\/p>\n<p style='margin: 8px 0;'>Los equipos se dan de alta en la plataforma de M2M totalmente gratuita en: <a style='color: #005cb9; text-decoration: none;' href='https:\/\/m2mservices.com\/Admin\/'>https:\/\/m2mservices.com\/Admin\/<\/a><\/p>\n<p style='margin: 8px 0;'>En la plataforma se puede editar logo de aplicaci\u00f3n&comma; ver estatus de todos los comunicadores&comma; se\u00f1al celular&comma; proveedor conectado&comma; asignar o modificar usuarios&comma; dar de alta nuevos comunicadores y hasta cancelar las notificaciones en dado caso que fuese necesario.<\/p>\n<p style='margin: 8px 0;'>La receptora <a style='color: #005cb9; text-decoration: none;' href='producto\/EXTRIUM-DT42-MCDI-SECURITY-PRODUCTS&comma;-INC-82396.html'>EXTRIUM-DT42 de MCDI<\/a> recibe los eventos IP para su software de central de monitoreo&comma; sin necesidad de abrir puertos o IP fija\/p\u00fablica.<\/p>\n<\/p><\/div>\n<div style='margin-bottom: 30px;'>\n<h3 style='font-size: 18px; margin-top: 0; color: inherit;'>Programaci\u00f3n Remota (Compatible con Honeywell<sup>\u00ae<\/sup> y DSC)<\/h3>\n<ul style='padding-left: 20px; margin: 15px 0; font-size: 14px; list-style-type: disc; color: inherit;'>\n<li style='margin-bottom: 5px;'>Realizar configuraciones en el panel sin tener que ir al lugar donde est\u00e1 instalado.<\/li>\n<li style='margin-bottom: 5px;'>El t\u00e9cnico \u00fanicamente reemplaza o instala equipos pero la configuraci\u00f3n se realiza remotamente desde la Central (mayor seguridad).<\/li>\n<\/ul><\/div>\n<div style='margin-bottom: 30px;'>\n<h4 style='font-size: 16px; margin-top: 0; color: inherit;'>\u00bfQu\u00e9 se necesita?<\/h4>\n<p style='margin: 8px 0;'>Comunicador MN02LTEM compatible con todas las marcas de paneles:<\/p>\n<ul style='padding-left: 20px; margin: 0 0 15px; font-size: 14px; list-style-type: disc; color: inherit;'>\n<li style='margin-bottom: 5px;'>App de celular personalizada con logo de Central.<\/li>\n<li style='margin-bottom: 5px;'>Cobertura Telcel\/Movistar (dual)&comma; eventos ilimitados&comma; armado\/desarmado.<\/li>\n<li style='margin-bottom: 5px;'>Bajo costo de 4GLTE\/5G (sin lidiar con Telcel<sup>\u00ae<\/sup> o Movistar<sup>\u00ae<\/sup>)<\/li>\n<li style='margin-bottom: 5px;'>No requiere configuraci\u00f3n&comma; solamente conectarse al panel de alarma.<\/li>\n<li style='margin-bottom: 5px;'>Acceso al App administrado por la Central de Monitoreo.<\/li>\n<\/ul><\/div>\n<div style='margin-bottom: 30px;'>\n<h4 style='font-size: 16px; margin-top: 0; color: inherit;'>Para la programaci\u00f3n remota se requiere:<\/h4>\n<ul style='padding-left: 20px; margin: 0 0 15px; font-size: 14px; list-style-type: disc; color: inherit;'>\n<li style='margin-bottom: 10px;'> <strong><a style='color: #005cb9; text-decoration: none;' href='principal\/searchcont?route=UDLSERVICEM2M-M2M-SERVICES-143760&#038;autodetect=udlservice'>UDLSERVICEM2M<\/a><\/strong><br \/> Anualidad para conexiones ilimitadas a paneles de alarma. <\/li>\n<li style='margin-bottom: 10px;'> <strong><a style='color: #005cb9; text-decoration: none;' href='principal\/searchcont?route=MN01RNGR-M2M-SERVICES-143761&#038;autodetect=udlservice'>MN01RNGR<\/a><\/strong><br \/> Se requiere uno por panel de alarma&comma; es un accesorio del MN02LTEM. <\/li>\n<li style='margin-bottom: 10px;'> <strong><a style='color: #005cb9; text-decoration: none;' href='principal\/searchcont?route=MODEMVISTA-M2M-SERVICES-143755&#038;autodetect=modemvista'>MODEMVISTA<\/a><\/strong><br \/> Se requiere uno en la Central en la PC donde realizaremos la configuraci\u00f3n remota. <\/li>\n<\/ul><\/div>\n<div style='margin-bottom: 30px;'> <img style='width: 100%; height: auto; border: 1px solid rgba(150&comma;150&comma;150&comma;0.3); border-radius: 8px;' src='https:\/\/ftp3.syscom.mx\/usuarios\/fotos\/MN02LTEM\/183884-cargadescargam2m.jpg' alt='Programacion Remota MN02' width='971' height='274'> <\/div>\n<div style='margin-bottom: 30px;'>\n<div style='border: 1px solid rgba(150&comma; 150&comma; 150&comma; 0.4); border-radius: 8px; overflow: hidden;'>\n<div style='padding: 15px; border-bottom: 1px solid rgba(150&comma; 150&comma; 150&comma; 0.2); font-weight: bold; font-size: 18px; color: inherit;'>Especificaciones T\u00e9cnicas:<\/div>\n<div style='padding: 15px; color: inherit;'>\n<ul style='padding-left: 20px; margin: 0; font-size: 14px; list-style-type: disc;'>\n<li style='margin-bottom: 5px;'>Multi-banda LTE-M 700\/850\/1700\/1900\/2100 MHz.<\/li>\n<li style='margin-bottom: 5px;'>Procesador ARM11&comma; 2 MB RAM&comma; 7MB Flash.<\/li>\n<li style='margin-bottom: 5px;'>1 entrada digital&comma; 1 salida digital.<\/li>\n<li style='margin-bottom: 5px;'>Soporta ContacID.<\/li>\n<li style='margin-bottom: 5px;'>Fuente principal de 10 a 17 Vcc<\/li>\n<li style='margin-bottom: 5px;'>Extremadamente de bajo consumo de energ\u00eda 15 mA.<\/li>\n<li style='margin-bottom: 5px;'>Dimensiones: 1.6 x 1.95 x 0.8 pulgadas.<\/li>\n<li style='margin-bottom: 5px;'>Peso: 28 g sin antena.<\/li>\n<li style='margin-bottom: 5px;'>Equipo incluye SIM&comma; para a\u00f1adir un a\u00f1o mas de servicio se agrega VOUCHER.<\/li>\n<li style='margin-bottom: 5px;'>1 A\u00f1o de Garantia contra defectos de fabrica en dispositivo fisico&comma; No en servicos de datos GSM.<\/li>\n<\/ul><\/div>\n<\/p><\/div>\n<\/p><\/div>\n<div style='margin-bottom: 30px;'>\n<p style='margin: 8px 0; color: inherit;'><strong>IMPORTANTE<\/strong>&comma; Solo los siguientes paneles de alarma son compatibles para utilizar la conexi\u00f3n del Bus de Datos<\/p>\n<p> <img style='width: 100%; height: auto; border: 1px solid rgba(150&comma;150&comma;150&comma;0.3); border-radius: 8px;' src='https:\/\/ftp3.syscom.mx\/usuarios\/vvega\/M2M\/MN02LTEM_CompatibilidadBusDatos.jpg' alt='Compatibilidad Bus de Datos'> <\/div>\n<hr style='border: 0; border-top: 1px solid rgba(150&comma; 150&comma; 150&comma; 0.3); margin: 30px 0;'> <\/div>\n","protected":false},"excerpt":{"rendered":"<p>Comunicador LTE 5G Dual SIM \/ INCLUYE 2 A\u00d1OS 4G\/5G sin Limites \/ \u00daNICO Programaci\u00f3n Remota DSC\/HONEYWELL \/ Cero Configuraci\u00f3n \/ Compatible Honeywell\/DSC\/CROW\/PIMA<\/p>\n","protected":false},"featured_media":32,"comment_status":"open","ping_status":"closed","template":"","meta":[],"product_brand":[],"product_cat":[386],"product_tag":[40,207,188],"class_list":{"0":"post-4736","1":"product","2":"type-product","3":"status-publish","4":"has-post-thumbnail","6":"product_cat-comunicadores-centrales-de-monitoreo","7":"product_tag-centrales-de-monitoreo","8":"product_tag-comunicadores","9":"product_tag-m2m-services","11":"first","12":"outofstock","13":"sale","14":"shipping-taxable","15":"purchasable","16":"product-type-simple"},"_links":{"self":[{"href":"https:\/\/soydeaqui.ddns.net\/pachuca\/index.php\/wp-json\/wp\/v2\/product\/4736","targetHints":{"allow":["GET"]}}],"collection":[{"href":"https:\/\/soydeaqui.ddns.net\/pachuca\/index.php\/wp-json\/wp\/v2\/product"}],"about":[{"href":"https:\/\/soydeaqui.ddns.net\/pachuca\/index.php\/wp-json\/wp\/v2\/types\/product"}],"replies":[{"embeddable":true,"href":"https:\/\/soydeaqui.ddns.net\/pachuca\/index.php\/wp-json\/wp\/v2\/comments?post=4736"}],"wp:featuredmedia":[{"embeddable":true,"href":"https:\/\/soydeaqui.ddns.net\/pachuca\/index.php\/wp-json\/wp\/v2\/media\/32"}],"wp:attachment":[{"href":"https:\/\/soydeaqui.ddns.net\/pachuca\/index.php\/wp-json\/wp\/v2\/media?parent=4736"}],"wp:term":[{"taxonomy":"product_brand","embeddable":true,"href":"https:\/\/soydeaqui.ddns.net\/pachuca\/index.php\/wp-json\/wp\/v2\/product_brand?post=4736"},{"taxonomy":"product_cat","embeddable":true,"href":"https:\/\/soydeaqui.ddns.net\/pachuca\/index.php\/wp-json\/wp\/v2\/product_cat?post=4736"},{"taxonomy":"product_tag","embeddable":true,"href":"https:\/\/soydeaqui.ddns.net\/pachuca\/index.php\/wp-json\/wp\/v2\/product_tag?post=4736"}],"curies":[{"name":"wp","href":"https:\/\/api.w.org\/{rel}","templated":true}]}}