{"id":47331,"date":"2026-03-18T21:05:20","date_gmt":"2026-03-18T21:05:20","guid":{"rendered":"https:\/\/soydeaqui.ddns.net\/pachuca\/index.php\/producto\/cinta-electrica-stronghold-para-aislar-de-pvc-uso-construccion-general-en-tierras-fisicas-grosor-de-0-13-mm-5-mil-ancho-de-19-05-mm-y-20-12-m-de-largo-color-amarillo-verde\/"},"modified":"2026-03-18T21:05:24","modified_gmt":"2026-03-18T21:05:24","slug":"cinta-electrica-stronghold-para-aislar-de-pvc-uso-construccion-general-en-tierras-fisicas-grosor-de-0-13-mm-5-mil-ancho-de-19-05-mm-y-20-12-m-de-largo-color-amarillo-verde","status":"publish","type":"product","link":"https:\/\/soydeaqui.ddns.net\/pachuca\/index.php\/producto\/cinta-electrica-stronghold-para-aislar-de-pvc-uso-construccion-general-en-tierras-fisicas-grosor-de-0-13-mm-5-mil-ancho-de-19-05-mm-y-20-12-m-de-largo-color-amarillo-verde\/","title":{"rendered":"Cinta El\u00e9ctrica STRONGHOLD para Aislar, de PVC, Uso Construcci\u00f3n General en Tierras F\u00edsicas, Grosor de 0.13 mm (5 mil), Ancho de 19.05 mm, y 20.12 m de Largo, Color Amarillo\/Verde."},"content":{"rendered":"<div style='width: 100%; max-width: 1200px; margin: 0 auto; font-family: sans-serif; line-height: 1.6; color: inherit; background-color: transparent;'> <!-- Imagen de marca --> <\/p>\n<div style='text-align: center; margin: 20px 0;'> <img style='width: 300px; height: auto; border: 1px solid rgba(150&comma;150&comma;150&comma;0.3); border-radius: 8px;' src='https:\/\/ftp3.syscom.mx\/usuarios\/fotos\/SCL2\/0X\/214870-217843-panduit-logo-tm-negro-fondo_trans30-01_(002)_(1).png' alt='Logo Panduit'> <\/div>\n<p> <!-- Descripci\u00f3n principal --> <\/p>\n<div style='margin-bottom: 30px;'>\n<h3 style='font-size: 22px; border-bottom: 2px solid currentColor; padding-bottom: 5px; margin-top: 0; color: inherit; opacity: 0.8;'>ST15-075-66GRYL<\/h3>\n<p style='font-size: 15px; margin-top: 15px; color: inherit;'> La cinta el\u00e9ctrica de PVC de uso general StrongHold ST15-075-66GRYL tiene adhesivo no corrosivo y sensible a la presi\u00f3n&comma; que elimina la necesidad de calor&comma; humedad u otros catalizadores durante la aplicaci\u00f3n. Su gran elongaci\u00f3n proporciona excelentes capacidades de adaptaci\u00f3n; mide 0.75&#8242; x 66&#8242; x 0.005&#8242;. Es de color amarillo con rayas verdes y cada unidad viene envuelta en celof\u00e1n. Sirve para el aislamiento principal cuando se utiliza para empalmar hasta 600 V u 80\u00b0C (176\u00b0F). <\/p>\n<\/p><\/div>\n<p> <!-- Especificaciones --> <\/p>\n<div style='display: flex; flex-wrap: wrap; gap: 20px; margin-bottom: 30px;'>\n<div style='flex: 1 1 250px; border: 1px solid rgba(150&comma; 150&comma; 150&comma; 0.4); border-radius: 8px; overflow: hidden; display: flex; flex-direction: column;'>\n<div style='padding: 15px; border-bottom: 1px solid rgba(150&comma; 150&comma; 150&comma; 0.2); font-weight: bold; font-size: 18px; color: inherit;'>Especificaciones<\/div>\n<div style='padding: 15px; color: inherit;'>\n<ul style='padding-left: 20px; margin: 0; font-size: 14px; list-style-type: disc;'>\n<li style='margin-bottom: 5px;'><strong>Submarca:<\/strong> StrongHold\u2122<\/li>\n<li style='margin-bottom: 5px;'><strong>Tipo de producto:<\/strong> Cinta el\u00e9ctrica de PVC<\/li>\n<li style='margin-bottom: 5px;'><strong>Color:<\/strong> Amarillo\/verde<\/li>\n<li style='margin-bottom: 5px;'><strong>Material:<\/strong> Policloruro de vinilo (PVC)<\/li>\n<li style='margin-bottom: 5px;'><strong>Material adhesivo:<\/strong> Rubber<\/li>\n<li style='margin-bottom: 5px;'><strong>Grosor total (in):<\/strong> 0.005<\/li>\n<li style='margin-bottom: 5px;'><strong>Grosor total (mm):<\/strong> 0.13<\/li>\n<li style='margin-bottom: 5px;'><strong>Anchura total (in):<\/strong> 0.75<\/li>\n<li style='margin-bottom: 5px;'><strong>Anchura total (mm):<\/strong> 19.05<\/li>\n<li style='margin-bottom: 5px;'><strong>Longitud total (ft):<\/strong> 66<\/li>\n<li style='margin-bottom: 5px;'><strong>Longitud total (m):<\/strong> 20.12<\/li>\n<li style='margin-bottom: 5px;'><strong>Resistencia a la tensi\u00f3n (N\/cm):<\/strong> 23.54<\/li>\n<li style='margin-bottom: 5px;'><strong>Resistencia a la tensi\u00f3n (kg\/mm):<\/strong> 0.24<\/li>\n<li style='margin-bottom: 5px;'><strong>Elongaci\u00f3n antes de ruptura (%):<\/strong> 200<\/li>\n<li style='margin-bottom: 5px;'><strong>Adhesi\u00f3n al acero (N\/cm):<\/strong> 1.75<\/li>\n<li style='margin-bottom: 5px;'><strong>Adhesi\u00f3n al acero (oz\/in):<\/strong> 16<\/li>\n<li style='margin-bottom: 5px;'><strong>Adhesi\u00f3n al soporte (N\/cm):<\/strong> 1.75<\/li>\n<li style='margin-bottom: 5px;'><strong>Adhesi\u00f3n al soporte (oz\/in):<\/strong> 16<\/li>\n<li style='margin-bottom: 5px;'><strong>Grado de inflamabilidad:<\/strong> GB\/T15903-1995 Nivel 0<\/li>\n<li style='margin-bottom: 5px;'><strong>Temperatura m\u00e1xima de funcionamiento (\u00b0C):<\/strong> 80<\/li>\n<li style='margin-bottom: 5px;'><strong>Temperatura m\u00e1xima de funcionamiento (\u00b0F):<\/strong> 176<\/li>\n<li style='margin-bottom: 5px;'><strong>Temperatura m\u00ednima de funcionamiento (\u00b0C):<\/strong> -10<\/li>\n<li style='margin-bottom: 5px;'><strong>Temperatura m\u00ednima de funcionamiento (\u00b0F):<\/strong> 14<\/li>\n<li style='margin-bottom: 5px;'><strong>Tensi\u00f3n de ruptura diel\u00e9ctrica (V):<\/strong> 5<\/li>\n<li style='margin-bottom: 5px;'><strong>Cumple las normas:<\/strong> Cumple con UL 510A; cumple con las directivas de RoHS 2002\/95\/EC<\/li>\n<li style='margin-bottom: 5px;'><strong>Certificaciones de cumplimiento:<\/strong> Listado UL<\/li>\n<li style='margin-bottom: 5px;'><strong>Ambiente:<\/strong> Interiores\/exteriores<\/li>\n<li style='margin-bottom: 5px;'><strong>Aplicaci\u00f3n:<\/strong> Contratistas&comma; construcci\u00f3n el\u00e9ctrica&comma; construcci\u00f3n industrial&comma; fabricaci\u00f3n&comma; mantenimiento y reparaci\u00f3n<\/li>\n<li style='margin-bottom: 5px;'><strong>Durabilidad (a\u00f1os):<\/strong> 5<\/li>\n<li style='margin-bottom: 5px;'><strong>Estilo de cinta:<\/strong> Uso general<\/li>\n<\/ul><\/div>\n<\/p><\/div>\n<\/p><\/div>\n<p> <!-- Notas --> <\/p>\n<div style='margin-bottom: 30px;'>\n<h3 style='font-size: 18px; border-bottom: 2px solid currentColor; padding-bottom: 5px; margin-top: 0; color: inherit; opacity: 0.8;'>Notas<\/h3>\n<p style='font-size: 14px; margin-top: 15px; color: inherit;'> *Notas: N\/cm se refiere a Newtons por cent\u00edmetro. TYP se refiere al valor t\u00edpico. <\/p>\n<\/p><\/div>\n<p> <!-- Video --> <\/p>\n<div style='position: relative; padding-bottom: 56.25%; height: 0; overflow: hidden; margin-bottom: 30px;'>   <\/div>\n<\/p><\/div>\n","protected":false},"excerpt":{"rendered":"<p>Cinta El\u00e9ctrica STRONGHOLD para Aislar, de PVC, Uso Construcci\u00f3n General en Tierras F\u00edsicas, Grosor de 0.13 mm (5 mil), Ancho de 19.05 mm, y 20.12 m de Largo, Color Amarillo\/Verde.<\/p>\n","protected":false},"featured_media":47330,"comment_status":"open","ping_status":"closed","template":"","meta":[],"product_brand":[],"product_cat":[574],"product_tag":[572,575,445],"class_list":{"0":"post-47331","1":"product","2":"type-product","3":"status-publish","4":"has-post-thumbnail","6":"product_cat-fijacion","7":"product_tag-canalizacion","8":"product_tag-fijacion","9":"product_tag-panduit","11":"first","12":"instock","13":"sale","14":"shipping-taxable","15":"purchasable","16":"product-type-simple"},"_links":{"self":[{"href":"https:\/\/soydeaqui.ddns.net\/pachuca\/index.php\/wp-json\/wp\/v2\/product\/47331","targetHints":{"allow":["GET"]}}],"collection":[{"href":"https:\/\/soydeaqui.ddns.net\/pachuca\/index.php\/wp-json\/wp\/v2\/product"}],"about":[{"href":"https:\/\/soydeaqui.ddns.net\/pachuca\/index.php\/wp-json\/wp\/v2\/types\/product"}],"replies":[{"embeddable":true,"href":"https:\/\/soydeaqui.ddns.net\/pachuca\/index.php\/wp-json\/wp\/v2\/comments?post=47331"}],"wp:featuredmedia":[{"embeddable":true,"href":"https:\/\/soydeaqui.ddns.net\/pachuca\/index.php\/wp-json\/wp\/v2\/media\/47330"}],"wp:attachment":[{"href":"https:\/\/soydeaqui.ddns.net\/pachuca\/index.php\/wp-json\/wp\/v2\/media?parent=47331"}],"wp:term":[{"taxonomy":"product_brand","embeddable":true,"href":"https:\/\/soydeaqui.ddns.net\/pachuca\/index.php\/wp-json\/wp\/v2\/product_brand?post=47331"},{"taxonomy":"product_cat","embeddable":true,"href":"https:\/\/soydeaqui.ddns.net\/pachuca\/index.php\/wp-json\/wp\/v2\/product_cat?post=47331"},{"taxonomy":"product_tag","embeddable":true,"href":"https:\/\/soydeaqui.ddns.net\/pachuca\/index.php\/wp-json\/wp\/v2\/product_tag?post=47331"}],"curies":[{"name":"wp","href":"https:\/\/api.w.org\/{rel}","templated":true}]}}