{"id":47325,"date":"2026-03-18T21:05:10","date_gmt":"2026-03-18T21:05:10","guid":{"rendered":"https:\/\/soydeaqui.ddns.net\/pachuca\/index.php\/producto\/bateria-de-respaldo-para-panel-de-alarma-hikvision-4520-mah-compatible-con-paneles-ax-pro-ax-hub-hibrido-version-1-ds-pha64-w4p-y-repetidor-ax-pro-ds-pr1-wb\/"},"modified":"2026-03-18T21:05:10","modified_gmt":"2026-03-18T21:05:10","slug":"bateria-de-respaldo-para-panel-de-alarma-hikvision-4520-mah-compatible-con-paneles-ax-pro-ax-hub-hibrido-version-1-ds-pha64-w4p-y-repetidor-ax-pro-ds-pr1-wb","status":"publish","type":"product","link":"https:\/\/soydeaqui.ddns.net\/pachuca\/index.php\/producto\/bateria-de-respaldo-para-panel-de-alarma-hikvision-4520-mah-compatible-con-paneles-ax-pro-ax-hub-hibrido-version-1-ds-pha64-w4p-y-repetidor-ax-pro-ds-pr1-wb\/","title":{"rendered":"Bater\u00eda de Respaldo para Panel de Alarma Hikvision \/ 4520 mAh \/ Compatible con Paneles AX PRO &#8211; AX HUB &#8211; Hibrido Versi\u00f3n 1 (DS-PHA64-W4P) y Repetidor AX PRO  DS-PR1-WB"},"content":{"rendered":"<div style='width: 100%; max-width: 1200px; margin: 0 auto; font-family: sans-serif; line-height: 1.6; color: inherit; background-color: transparent;'> <!-- Logo --> <\/p>\n<div style='display: flex; justify-content: center; margin-bottom: 30px;'> <img style='width: 45%; height: auto; border: 1px solid rgba(150&comma;150&comma;150&comma;0.3); border-radius: 8px;' src='https:\/\/ftp3.syscom.mx\/usuarios\/jsosa\/HIKVISION\/imagenes\/logo\/hikvision%20see%20far.png' alt='Logo Hikvision'> <\/div>\n<p> <!-- Secci\u00f3n de caracter\u00edsticas --> <\/p>\n<div style='display: flex; flex-wrap: wrap; gap: 30px; margin-bottom: 30px;'>\n<div style='flex: 1 1 300px; min-width: 280px;'>\n<h3 style='font-size: 22px; border-bottom: 2px solid currentColor; padding-bottom: 5px; margin-top: 0; color: inherit; opacity: 0.8;'>Caracter\u00edsticas principales<\/h3>\n<ul style='padding-left: 20px; font-size: 15px; color: inherit;'>\n<li style='margin-bottom: 5px;'>Bater\u00eda recargable para panel de alarma Hikvision.<\/li>\n<li style='margin-bottom: 5px;'>4520 mAh.<\/li>\n<\/ul><\/div>\n<div style='flex: 1 1 300px; min-width: 280px;'>\n<h3 style='font-size: 22px; border-bottom: 2px solid currentColor; padding-bottom: 5px; margin-top: 0; color: inherit; opacity: 0.8;'>Caracter\u00edsticas F\u00edsicas y El\u00e9ctricas<\/h3>\n<ul style='padding-left: 20px; font-size: 15px; color: inherit;'>\n<li style='margin-bottom: 5px;'><strong>Peso:<\/strong> 80 gramos.<\/li>\n<li style='margin-bottom: 5px;'><strong>Dimensiones:<\/strong> 59 x 69 x 8 mm.<\/li>\n<\/ul><\/div>\n<\/p><\/div>\n<p> <!-- Separador --> <\/p>\n<hr style='border: 0; border-top: 1px solid rgba(150&comma; 150&comma; 150&comma; 0.3); margin: 30px 0;'> <!-- Secci\u00f3n de compatibilidad --> <\/p>\n<div style='margin-bottom: 30px;'>\n<div style='text-align: center; margin-bottom: 20px;'> <a href='https:\/\/www.syscom.mx\/principal\/promociones\/paneles_y_accesorios_de_alarmas_de_hikvision-4053.html?ordenar=Relevancia&#038;pag=1' target='_blank' rel='noopener' style='text-decoration: none; color: inherit;'> <strong>Para verificar la compatibilidad de la serie haz clic aqu\u00ed<\/strong> <\/a> <\/div>\n<p> <!-- Imagen de diagrama --> <\/p>\n<div style='margin-bottom: 20px;'> <img style='width: 100%; height: auto; border: 1px solid rgba(150&comma;150&comma;150&comma;0.3); border-radius: 8px;' src='https:\/\/ftp3.syscom.mx\/usuarios\/jsosa\/HIKVISION\/alarmas\/imagenes\/panel%20ax%20hub%20diagrama%20hikvision.jpg' alt='Diagrama de panel AX HUB Hikvision'> <\/div>\n<\/p><\/div>\n<p> <!-- Banner promocional --> <\/p>\n<div style='margin-bottom: 30px;'> <a title='Paneles y accesorios de alarma de Hikvision' href='https:\/\/www.syscom.mx\/principal\/listadoproductosazul\/intrusion-hikvision-paneles-de-alarma-y-accesorios-ax-hub-series-66285.html?ordenar=Precio_de_Menor_a_Mayor&#038;pag=1' target='_blank' rel='noopener' style='text-decoration: none;'> <img style='width: 100%; height: auto; border: 1px solid rgba(150&comma;150&comma;150&comma;0.3); border-radius: 8px;' src='https:\/\/ftp3.syscom.mx\/usuarios\/jsosa\/banners\/hikvision-integracion.jpg' alt='Banner Paneles y accesorios de alarma de Hikvision'> <\/a> <\/div>\n<\/p><\/div>\n","protected":false},"excerpt":{"rendered":"<p>Bater\u00eda de Respaldo para Panel de Alarma Hikvision \/ 4520 mAh \/ Compatible con Paneles AX PRO &#8211; AX HUB &#8211; Hibrido Versi\u00f3n 1 (DS-PHA64-W4P) y Repetidor AX PRO  DS-PR1-WB<\/p>\n","protected":false},"featured_media":47324,"comment_status":"open","ping_status":"closed","template":"","meta":[],"product_brand":[],"product_cat":[389],"product_tag":[390,54,69],"class_list":{"0":"post-47325","1":"product","2":"type-product","3":"status-publish","4":"has-post-thumbnail","6":"product_cat-ax-hub-series","7":"product_tag-ax-hub-series","8":"product_tag-hikvision","9":"product_tag-paneles-de-alarma-y-accesorios-hikvision","11":"first","12":"instock","13":"sale","14":"shipping-taxable","15":"purchasable","16":"product-type-simple"},"_links":{"self":[{"href":"https:\/\/soydeaqui.ddns.net\/pachuca\/index.php\/wp-json\/wp\/v2\/product\/47325","targetHints":{"allow":["GET"]}}],"collection":[{"href":"https:\/\/soydeaqui.ddns.net\/pachuca\/index.php\/wp-json\/wp\/v2\/product"}],"about":[{"href":"https:\/\/soydeaqui.ddns.net\/pachuca\/index.php\/wp-json\/wp\/v2\/types\/product"}],"replies":[{"embeddable":true,"href":"https:\/\/soydeaqui.ddns.net\/pachuca\/index.php\/wp-json\/wp\/v2\/comments?post=47325"}],"wp:featuredmedia":[{"embeddable":true,"href":"https:\/\/soydeaqui.ddns.net\/pachuca\/index.php\/wp-json\/wp\/v2\/media\/47324"}],"wp:attachment":[{"href":"https:\/\/soydeaqui.ddns.net\/pachuca\/index.php\/wp-json\/wp\/v2\/media?parent=47325"}],"wp:term":[{"taxonomy":"product_brand","embeddable":true,"href":"https:\/\/soydeaqui.ddns.net\/pachuca\/index.php\/wp-json\/wp\/v2\/product_brand?post=47325"},{"taxonomy":"product_cat","embeddable":true,"href":"https:\/\/soydeaqui.ddns.net\/pachuca\/index.php\/wp-json\/wp\/v2\/product_cat?post=47325"},{"taxonomy":"product_tag","embeddable":true,"href":"https:\/\/soydeaqui.ddns.net\/pachuca\/index.php\/wp-json\/wp\/v2\/product_tag?post=47325"}],"curies":[{"name":"wp","href":"https:\/\/api.w.org\/{rel}","templated":true}]}}