{"id":47318,"date":"2026-03-18T21:04:57","date_gmt":"2026-03-18T21:04:57","guid":{"rendered":"https:\/\/soydeaqui.ddns.net\/pachuca\/index.php\/producto\/hub-de-4-puertos-para-conexion-de-3-sensores-adicionales-a-pdus-y-ups-de-panduit\/"},"modified":"2026-03-18T21:04:58","modified_gmt":"2026-03-18T21:04:58","slug":"hub-de-4-puertos-para-conexion-de-3-sensores-adicionales-a-pdus-y-ups-de-panduit","status":"publish","type":"product","link":"https:\/\/soydeaqui.ddns.net\/pachuca\/index.php\/producto\/hub-de-4-puertos-para-conexion-de-3-sensores-adicionales-a-pdus-y-ups-de-panduit\/","title":{"rendered":"HUB de 4 Puertos, Para Conexi\u00f3n de 3 Sensores Adicionales a PDUs y UPS de Panduit"},"content":{"rendered":"<div style='width: 100%; max-width: 1200px; margin: 0 auto; font-family: sans-serif; line-height: 1.6; color: inherit;'> <!-- Imagen principal --> <\/p>\n<div style='margin-bottom: 30px;'> <img style='width: 100%; height: auto; border: 1px solid rgba(150&comma;150&comma;150&comma;0.3); border-radius: 8px;' src='https:\/\/ftp3.syscom.mx\/usuarios\/fotos\/U01S11V\/211237-descarga.png' alt=''> <\/div>\n<p> <!-- Descripci\u00f3n principal --> <\/p>\n<div style='margin-bottom: 30px; font-size: 15px;'>\n<p>El hub de sensores permite a\u00f1adir tres puertos para sensores adicionales a una unidad inteligente de distribuci\u00f3n de energ\u00eda (iPDU). Por cada iPDU&comma; se pueden instalar dos hubs de sensores. Los sensores ambientales se dise\u00f1aron con un microchip embebido que transforma las se\u00f1ales anal\u00f3gicas en formato digital antes de que los datos viajen hacia la iPDU&comma; lo que proporciona datos mucho m\u00e1s precisos. Este dise\u00f1o inteligente facilita una instalaci\u00f3n sencilla de plug and play. El hub de sensores permite que se conecten hasta seis sensores ambientales por cada iPDU para&comma; as\u00ed&comma; conseguir una mayor eficiencia.<\/p>\n<\/p><\/div>\n<p> <!-- Especificaciones --> <\/p>\n<div style='display: flex; flex-wrap: wrap; gap: 20px;'>\n<div style='flex: 1 1 250px; border: 1px solid rgba(150&comma; 150&comma; 150&comma; 0.4); border-radius: 8px; overflow: hidden; display: flex; flex-direction: column;'>\n<div style='padding: 15px; border-bottom: 1px solid rgba(150&comma; 150&comma; 150&comma; 0.2); font-weight: bold; font-size: 18px; color: inherit;'>Especificaciones<\/div>\n<div style='padding: 15px; color: inherit;'>\n<ul style='padding-left: 20px; margin: 0; font-size: 14px; list-style-type: disc;'>\n<li style='margin-bottom: 5px;'>Voltaje de operaci\u00f3n: 5 VCC<\/li>\n<li style='margin-bottom: 5px;'>Rango: 0 a 4 m\/s<\/li>\n<li style='margin-bottom: 5px;'>Exactitud: \u00b15% FS (caracter\u00edstica de 25 \u00b0C)<\/li>\n<li style='margin-bottom: 5px;'>Longitud de cable: 3 metros<\/li>\n<li style='margin-bottom: 5px;'>Tipo de cable: Cable de patcheo CAT.5E&comma; UTP<\/li>\n<li style='margin-bottom: 5px;'>Temperatura (funcionamiento\/almacenamiento): 0\u00b0C~+60\u00b0C (32 ~ 140\u00b0F)\/-20~ + 70\u00b0C (-4 ~ 158\u00b0F)<\/li>\n<li style='margin-bottom: 5px;'>Humedad (funcionamiento\/almacenamiento): 35 % a 85 % de humedad relativa&comma; sin condensaci\u00f3n.<\/li>\n<li style='margin-bottom: 5px;'>Verificaci\u00f3n Ambiental: ROHS&comma; RAEE<\/li>\n<\/ul><\/div>\n<\/p><\/div>\n<\/p><\/div>\n<p> <!-- Separador --> <\/p>\n<hr style='border: 0; border-top: 1px solid rgba(150&comma; 150&comma; 150&comma; 0.3); margin: 30px 0;'> <\/div>\n","protected":false},"excerpt":{"rendered":"<p>HUB de 4 Puertos, Para Conexi\u00f3n de 3 Sensores Adicionales a PDUs y UPS de Panduit<\/p>\n","protected":false},"featured_media":47317,"comment_status":"open","ping_status":"closed","template":"","meta":[],"product_brand":[],"product_cat":[633],"product_tag":[634,445,605],"class_list":{"0":"post-47318","1":"product","2":"type-product","3":"status-publish","4":"has-post-thumbnail","6":"product_cat-accesorios-para-rack-gabinetes","7":"product_tag-accesorios-para-rack-gabinetes","8":"product_tag-panduit","9":"product_tag-racks-y-gabinetes","11":"first","12":"instock","13":"sale","14":"shipping-taxable","15":"purchasable","16":"product-type-simple"},"_links":{"self":[{"href":"https:\/\/soydeaqui.ddns.net\/pachuca\/index.php\/wp-json\/wp\/v2\/product\/47318","targetHints":{"allow":["GET"]}}],"collection":[{"href":"https:\/\/soydeaqui.ddns.net\/pachuca\/index.php\/wp-json\/wp\/v2\/product"}],"about":[{"href":"https:\/\/soydeaqui.ddns.net\/pachuca\/index.php\/wp-json\/wp\/v2\/types\/product"}],"replies":[{"embeddable":true,"href":"https:\/\/soydeaqui.ddns.net\/pachuca\/index.php\/wp-json\/wp\/v2\/comments?post=47318"}],"wp:featuredmedia":[{"embeddable":true,"href":"https:\/\/soydeaqui.ddns.net\/pachuca\/index.php\/wp-json\/wp\/v2\/media\/47317"}],"wp:attachment":[{"href":"https:\/\/soydeaqui.ddns.net\/pachuca\/index.php\/wp-json\/wp\/v2\/media?parent=47318"}],"wp:term":[{"taxonomy":"product_brand","embeddable":true,"href":"https:\/\/soydeaqui.ddns.net\/pachuca\/index.php\/wp-json\/wp\/v2\/product_brand?post=47318"},{"taxonomy":"product_cat","embeddable":true,"href":"https:\/\/soydeaqui.ddns.net\/pachuca\/index.php\/wp-json\/wp\/v2\/product_cat?post=47318"},{"taxonomy":"product_tag","embeddable":true,"href":"https:\/\/soydeaqui.ddns.net\/pachuca\/index.php\/wp-json\/wp\/v2\/product_tag?post=47318"}],"curies":[{"name":"wp","href":"https:\/\/api.w.org\/{rel}","templated":true}]}}