{"id":47302,"date":"2026-03-18T21:04:24","date_gmt":"2026-03-18T21:04:24","guid":{"rendered":"https:\/\/soydeaqui.ddns.net\/pachuca\/index.php\/producto\/cable-electrico-de-cobre-recubierto-thw-ls-calibre-2-awg-19-hilos-color-negro-100-metros\/"},"modified":"2026-03-18T21:04:25","modified_gmt":"2026-03-18T21:04:25","slug":"cable-electrico-de-cobre-recubierto-thw-ls-calibre-2-awg-19-hilos-color-negro-100-metros","status":"publish","type":"product","link":"https:\/\/soydeaqui.ddns.net\/pachuca\/index.php\/producto\/cable-electrico-de-cobre-recubierto-thw-ls-calibre-2-awg-19-hilos-color-negro-100-metros\/","title":{"rendered":"Cable El\u00e9ctrico de Cobre Recubierto THW-LS Calibre 2 AWG 19 Hilos Color Negro (100 metros)"},"content":{"rendered":"<div style='width: 100%; max-width: 1200px; margin: 0 auto; font-family: sans-serif; line-height: 1.6; color: inherit; background-color: transparent;'> <!-- Descripci\u00f3n principal --> <\/p>\n<div style='margin-bottom: 30px;'>\n<h3 style='text-align: center; font-size: 22px; margin: 0 0 15px 0; color: inherit;'><strong>SLY286BLK\/100<\/strong><\/h3>\n<h4 style='text-align: center; font-size: 18px; margin: 0 0 15px 0; color: inherit;'>Conductor de cobre suave con aislamiento de PVC autoextinguible<\/h4>\n<h4 style='text-align: center; font-size: 18px; margin: 0 0 30px 0; color: inherit;'>Venta en bobina de 100 metros<\/h4>\n<p style='text-align: center; margin: 0 0 30px 0; color: inherit; font-size: 15px;'> <strong>Los conductores THW-LS son de alta seguridad&comma; son fabricados para uso confiable en lugares secos&comma; mojados o en aceite&comma; e instalados en ducto&comma; conduit o en charolas. Sus excelentes propiedades autoextinguibles&comma; lo hacen ideal para ser instalado en construcciones de vivienda y peque\u00f1os comercios.<\/strong> <\/p>\n<\/p><\/div>\n<p> <!-- Secci\u00f3n de cards --> <\/p>\n<div style='display: flex; flex-wrap: wrap; gap: 20px; margin-bottom: 30px;'> <!-- Caracter\u00edsticas --> <\/p>\n<div style='flex: 1 1 300px; min-width: 280px; border: 1px solid rgba(150&comma; 150&comma; 150&comma; 0.4); border-radius: 8px; overflow: hidden; display: flex; flex-direction: column;'>\n<div style='width: 100%; height: auto; border: 1px solid rgba(150&comma;150&comma;150&comma;0.3); border-radius: 8px; margin-bottom: 15px;'> <img style='width: 100%; height: auto; border-radius: 8px;' src='https:\/\/ftp3.syscom.mx\/usuarios\/fotos\/BancoFotografiasSyscom\/INDIANA\/SLY286BLK_100\/SLY286BLK_100-p.PNG' alt=''> <\/div>\n<div style='padding: 15px; border-bottom: 1px solid rgba(150&comma; 150&comma; 150&comma; 0.2); font-weight: bold; font-size: 18px; color: inherit;'>Caracter\u00edsticas:<\/div>\n<div style='padding: 15px; color: inherit;'>\n<ul style='padding-left: 20px; margin: 0; font-size: 14px; list-style-type: disc;'>\n<li style='margin-bottom: 5px;'><strong>Calibre:<\/strong> 2 AWG<\/li>\n<li style='margin-bottom: 5px;'><strong>N\u00famero de hilos:<\/strong> 19<\/li>\n<li style='margin-bottom: 5px;'><strong>\u00c1rea de conductor:<\/strong> 33.6 mm\u00b2<\/li>\n<li style='margin-bottom: 5px;'><strong>Di\u00e1metro de Conductor:<\/strong> 7.42 mm.<\/li>\n<li style='margin-bottom: 5px;'><strong>Espesor del Aislamiento:<\/strong> 1.52 mm.<\/li>\n<li style='margin-bottom: 5px;'><strong>Di\u00e1metro Exterior:<\/strong> 10.3 mm.<\/li>\n<li style='margin-bottom: 5px;'><strong>Peso por Metro:<\/strong> 0.372 kg.<\/li>\n<li style='margin-bottom: 5px;'><strong>Color de Recubrimiento:<\/strong> Negro.<\/li>\n<li style='margin-bottom: 5px;'><strong>Presentaci\u00f3n:<\/strong> Rollo con 100 m.<\/li>\n<\/ul><\/div>\n<\/p><\/div>\n<p> <!-- Especificaciones --> <\/p>\n<div style='flex: 1 1 300px; min-width: 280px; border: 1px solid rgba(150&comma; 150&comma; 150&comma; 0.4); border-radius: 8px; overflow: hidden; display: flex; flex-direction: column;'>\n<div style='width: 100%; height: auto; border: 1px solid rgba(150&comma;150&comma;150&comma;0.3); border-radius: 8px; margin-bottom: 15px;'> <img style='width: 100%; height: auto; border-radius: 8px;' src='https:\/\/ftp3.syscom.mx\/usuarios\/fotos\/BancoFotografiasSyscom\/INDIANA\/SLY286BLK_100\/SLY286BLK_100-p.PNG' alt=''> <\/div>\n<div style='padding: 15px; border-bottom: 1px solid rgba(150&comma; 150&comma; 150&comma; 0.2); font-weight: bold; font-size: 18px; color: inherit;'>Especificaciones:<\/div>\n<div style='padding: 15px; color: inherit;'>\n<ul style='padding-left: 20px; margin: 0; font-size: 14px; list-style-type: disc;'>\n<li style='margin-bottom: 5px;'><strong>NMX-J-010-ANCE<\/strong><\/li>\n<li style='margin-bottom: 5px;'>Temperatura de operaci\u00f3n en lugares secos: 90 \u00b0C<\/li>\n<li style='margin-bottom: 5px;'>Temperatura de operaci\u00f3n en lugares mojados: 75 \u00b0C<\/li>\n<li style='margin-bottom: 5px;'><strong>Atributos:<\/strong><\/li>\n<li style='margin-bottom: 5px;'>LS: Resistente a la propagaci\u00f3n del incendio&comma; baja emisi\u00f3n de humos y bajo contenido de gas \u00e1cido<\/li>\n<li style='margin-bottom: 5px;'>FV2 (VW-1): Antiflama<\/li>\n<li style='margin-bottom: 5px;'><strong>Deslizable<\/strong><\/li>\n<li style='margin-bottom: 5px;'>CT* Aprobado para uso en charolas portacables<\/li>\n<li style='margin-bottom: 5px;'>SR* Resistente a la intemperie y a la luz solar<\/li>\n<\/ul><\/div>\n<\/p><\/div>\n<p> <!-- Productos relacionados --> <\/p>\n<div style='flex: 1 1 300px; min-width: 280px; border: 1px solid rgba(150&comma; 150&comma; 150&comma; 0.4); border-radius: 8px; overflow: hidden; display: flex; flex-direction: column;'>\n<div style='width: 100%; height: auto; border: 1px solid rgba(150&comma;150&comma;150&comma;0.3); border-radius: 8px; margin-bottom: 15px;'> <img style='width: 100%; height: auto; border-radius: 8px;' src='https:\/\/ftp3.syscom.mx\/usuarios\/fotos\/BancoFotografiasSyscom\/INDIANA\/SLY286BLK_100\/SLY286BLK_100-p.PNG' alt=''> <\/div>\n<div style='padding: 15px; border-bottom: 1px solid rgba(150&comma; 150&comma; 150&comma; 0.2); font-weight: bold; font-size: 18px; color: inherit;'>Productos relacionados:<\/div>\n<div style='padding: 15px; color: inherit;'>\n<ul style='padding-left: 20px; margin: 0; font-size: 14px; list-style-type: disc;'>\n<li style='margin-bottom: 5px;'><strong>2 AWG:<\/strong> SLY286BLK\/100&comma; SLY286WHT\/100<\/li>\n<li style='margin-bottom: 5px;'><strong>4 AWG:<\/strong> SLY287BLK\/100&comma; SLY287GRN\/100&comma; SLY287RED\/100&comma; SLY287WHT\/100<\/li>\n<li style='margin-bottom: 5px;'><strong>6 AWG:<\/strong> SLY291BLK\/100&comma; SLY291GRN\/100&comma; SLY291RED\/100&comma; SLY291WHT\/100<\/li>\n<li style='margin-bottom: 5px;'><strong>8 AWG:<\/strong> SLY296BLK\/100&comma; SLY296GRN\/100&comma; SLY296RED\/100&comma; SLY296WHT\/100<\/li>\n<li style='margin-bottom: 5px;'><strong>10 AWG:<\/strong> SLY304BLK\/100&comma; SLY304GRN\/100&comma; SLY304RED\/100&comma; SLY304WHT\/100<\/li>\n<li style='margin-bottom: 5px;'><strong>12 AWG:<\/strong> SLY308BLK\/100&comma; SLY308GRN\/100&comma; SLY308RED\/100&comma; SLY308WHT\/100<\/li>\n<li style='margin-bottom: 5px;'><strong>14 AWG:<\/strong> SLY312BLK\/100&comma; SLY312GRN\/100&comma; SLY312RED\/100&comma; SLY312WHT\/100<\/li>\n<li style='margin-bottom: 5px;'><strong>16 AWG:<\/strong> SLY316BLK\/100&comma; SLY316GRN\/100&comma; SLY316RED\/100&comma; SLY316WHT\/100<\/li>\n<li style='margin-bottom: 5px;'><strong>18 AWG:<\/strong> SLY328BLK\/100&comma; SLY328GRN\/100&comma; SLY328RED\/100&comma; SLY328WHT\/100<\/li>\n<li style='margin-bottom: 5px;'><strong>1\/0 AWG:<\/strong> SLY343BKL\/100<\/li>\n<li style='margin-bottom: 5px;'><strong>2\/0 AWG:<\/strong> SLY346BKL\/100<\/li>\n<li style='margin-bottom: 5px;'><strong>3\/0 AWG:<\/strong> SLY347BKL\/100<\/li>\n<li style='margin-bottom: 5px;'><strong>4\/0 AWG:<\/strong> SLY349BKL\/100<\/li>\n<\/ul><\/div>\n<\/p><\/div>\n<\/p><\/div>\n<p> <!-- Separador --> <\/p>\n<hr style='border: 0; border-top: 1px solid rgba(150&comma; 150&comma; 150&comma; 0.3); margin: 30px 0;'> <\/div>\n","protected":false},"excerpt":{"rendered":"<p>Cable El\u00e9ctrico de Cobre Recubierto THW-LS Calibre 2 AWG 19 Hilos Color Negro (100 metros)<\/p>\n","protected":false},"featured_media":47301,"comment_status":"open","ping_status":"closed","template":"","meta":[],"product_brand":[],"product_cat":[1090],"product_tag":[1091,1088,1124],"class_list":{"0":"post-47302","1":"product","2":"type-product","3":"status-publish","4":"has-post-thumbnail","6":"product_cat-accesorios-para-tierra-fisica","7":"product_tag-accesorios-para-tierra-fisica","8":"product_tag-calidad-de-la-energia","9":"product_tag-indiana","11":"first","12":"outofstock","13":"sale","14":"shipping-taxable","15":"purchasable","16":"product-type-simple"},"_links":{"self":[{"href":"https:\/\/soydeaqui.ddns.net\/pachuca\/index.php\/wp-json\/wp\/v2\/product\/47302","targetHints":{"allow":["GET"]}}],"collection":[{"href":"https:\/\/soydeaqui.ddns.net\/pachuca\/index.php\/wp-json\/wp\/v2\/product"}],"about":[{"href":"https:\/\/soydeaqui.ddns.net\/pachuca\/index.php\/wp-json\/wp\/v2\/types\/product"}],"replies":[{"embeddable":true,"href":"https:\/\/soydeaqui.ddns.net\/pachuca\/index.php\/wp-json\/wp\/v2\/comments?post=47302"}],"wp:featuredmedia":[{"embeddable":true,"href":"https:\/\/soydeaqui.ddns.net\/pachuca\/index.php\/wp-json\/wp\/v2\/media\/47301"}],"wp:attachment":[{"href":"https:\/\/soydeaqui.ddns.net\/pachuca\/index.php\/wp-json\/wp\/v2\/media?parent=47302"}],"wp:term":[{"taxonomy":"product_brand","embeddable":true,"href":"https:\/\/soydeaqui.ddns.net\/pachuca\/index.php\/wp-json\/wp\/v2\/product_brand?post=47302"},{"taxonomy":"product_cat","embeddable":true,"href":"https:\/\/soydeaqui.ddns.net\/pachuca\/index.php\/wp-json\/wp\/v2\/product_cat?post=47302"},{"taxonomy":"product_tag","embeddable":true,"href":"https:\/\/soydeaqui.ddns.net\/pachuca\/index.php\/wp-json\/wp\/v2\/product_tag?post=47302"}],"curies":[{"name":"wp","href":"https:\/\/api.w.org\/{rel}","templated":true}]}}