{"id":47285,"date":"2026-03-18T21:03:57","date_gmt":"2026-03-18T21:03:57","guid":{"rendered":"https:\/\/soydeaqui.ddns.net\/pachuca\/index.php\/producto\/caseta-wireless-atenuador-de-pared-aumenta-disminuye-intensidad-de-iluminacion-no-requiere-cable-neutro-150w-led-600w-inc-hal-4\/"},"modified":"2026-03-18T21:04:03","modified_gmt":"2026-03-18T21:04:03","slug":"caseta-wireless-atenuador-de-pared-aumenta-disminuye-intensidad-de-iluminacion-no-requiere-cable-neutro-150w-led-600w-inc-hal-4","status":"publish","type":"product","link":"https:\/\/soydeaqui.ddns.net\/pachuca\/index.php\/producto\/caseta-wireless-atenuador-de-pared-aumenta-disminuye-intensidad-de-iluminacion-no-requiere-cable-neutro-150w-led-600w-inc-hal-4\/","title":{"rendered":"(Caseta Wireless) Atenuador de pared. Aumenta\/Disminuye Intensidad de Iluminaci\u00f3n.  No requiere cable neutro. 150W LED \/ 600W INC\/HAL"},"content":{"rendered":"<div style='width: 100%; max-width: 1200px; margin: 0 auto; font-family: sans-serif; line-height: 1.6; color: inherit; background-color: transparent;'>\n<div style='display: flex; flex-wrap: wrap; gap: 30px; margin-bottom: 30px;'>\n<div style='flex: 1 1 300px; min-width: 280px;'>\n<h3 style='font-size: 22px; border-bottom: 2px solid currentColor; padding-bottom: 5px; margin-top: 0; color: inherit; opacity: 0.8;'>Descripci\u00f3n<\/h3>\n<p style='font-size: 15px; color: inherit; margin-top: 0;'>Controle las luces y las persianas desde cualquier lugar&comma; estando fuera o dentro de su hogar. Los atenuadores e interruptores Cas\u00e9ta Wireless se instalan en minutos&comma; funcionan con una variedad de tipos de focos&comma; entre los que se incluyen LEDs y CFL (fluorescentes compactos) atenuables&comma; y brindan la comodidad de tener un hogar inteligente y conectado.<\/p>\n<ul style='padding-left: 20px; font-size: 15px; color: inherit; margin-top: 0;'>\n<li><strong>No requiere de un cable neutro<\/strong>. Ideal para remodelaciones o nuevas construcciones.<\/li>\n<li>Sin polaridad en la l\u00ednea o el cableado de carga. A prueba de errores de cableado.<\/li>\n<li><strong>Funciona con atenuadores compatibles para LEDs&comma; fluorescentes compactos (de hasta 150 W); tambi\u00e9n con l\u00e1mparas incandescentes y de hal\u00f3geno (de hasta 600 W).<\/strong><\/li>\n<li>Use el control remoto Pico para agregar puntos de control adicionales en aplicaciones con m\u00faltiples ubicaciones.<\/li>\n<li><strong>Recomendable ver lista de compatibilidad para tipos de focos&comma; bulb list en Recursos.<\/strong><\/li>\n<li>Si no llegara a estar la marca y modelo de foco&comma; recomendable hacer pruebas antes.<\/li>\n<\/ul><\/div>\n<\/p><\/div>\n<div style='display: flex; flex-wrap: wrap; gap: 20px; margin-bottom: 30px;'>\n<div style='flex: 1 1 250px; border: 1px solid rgba(150&comma; 150&comma; 150&comma; 0.4); border-radius: 8px; overflow: hidden; display: flex; flex-direction: column;'>\n<div style='padding: 15px; border-bottom: 1px solid rgba(150&comma; 150&comma; 150&comma; 0.2); font-weight: bold; font-size: 18px; color: inherit;'>Especificaciones<\/div>\n<div style='padding: 15px; color: inherit;'>\n<ul style='padding-left: 20px; margin: 0; font-size: 14px; list-style-type: disc;'>\n<li style='margin-bottom: 5px;'><strong>Configuraci\u00f3n:<\/strong> Single pole\/multi-location<\/li>\n<li style='margin-bottom: 5px;'><strong>LED:<\/strong> 150W dimmable<\/li>\n<li style='margin-bottom: 5px;'><strong>INC\/HAL:<\/strong> 600W<\/li>\n<li style='margin-bottom: 5px;'><strong>Frecuencia:<\/strong> 434MHz<\/li>\n<li style='margin-bottom: 5px;'><strong>Voltaje:<\/strong> 120V<\/li>\n<\/ul><\/div>\n<\/p><\/div>\n<div style='flex: 1 1 250px; border: 1px solid rgba(150&comma; 150&comma; 150&comma; 0.4); border-radius: 8px; overflow: hidden; display: flex; flex-direction: column;'>\n<div style='padding: 15px; border-bottom: 1px solid rgba(150&comma; 150&comma; 150&comma; 0.2); font-weight: bold; font-size: 18px; color: inherit;'>Accesorios<\/div>\n<div style='padding: 15px; color: inherit;'>\n<ul style='padding-left: 20px; margin: 0; font-size: 14px; list-style-type: disc;'>\n<li style='margin-bottom: 5px;'><strong>No incluye tapa de pared<\/strong>&comma; agregar el modelo CW-1-WH<\/li>\n<\/ul><\/div>\n<\/p><\/div>\n<\/p><\/div>\n<div style='display: flex; flex-wrap: wrap; gap: 30px; margin-bottom: 30px;'>\n<div style='flex: 1 1 300px; min-width: 280px;'>\n<h3 style='font-size: 22px; border-bottom: 2px solid currentColor; padding-bottom: 5px; margin-top: 0; color: inherit; opacity: 0.8;'>V\u00eddeos<\/h3>\n<div style='position: relative; padding-bottom: 56.25%; height: 0; overflow: hidden; margin-bottom: 30px;'>   <\/div>\n<div style='position: relative; padding-bottom: 56.25%; height: 0; overflow: hidden; margin-bottom: 30px;'>   <\/div>\n<\/p><\/div>\n<\/p><\/div>\n<div style='display: flex; flex-wrap: wrap; gap: 30px; margin-bottom: 30px;'>\n<div style='flex: 1 1 300px; min-width: 280px;'>\n<h3 style='font-size: 22px; border-bottom: 2px solid currentColor; padding-bottom: 5px; margin-top: 0; color: inherit; opacity: 0.8;'>Diagrama<\/h3>\n<p> <img style='width: 100%; height: auto; border: 1px solid rgba(150&comma;150&comma;150&comma;0.3); border-radius: 8px;' src='http:\/\/ftp3.syscom.mx\/usuarios\/yhermosillo\/LUTRON\/Casetawireless\/SystemOverviewcaseta.jpg' alt=''> <\/div>\n<\/p><\/div>\n<hr style='border: 0; border-top: 1px solid rgba(150&comma; 150&comma; 150&comma; 0.3); margin: 30px 0;'> <\/div>\n","protected":false},"excerpt":{"rendered":"<p>(Caseta Wireless) Atenuador de pared. Aumenta\/Disminuye Intensidad de Iluminaci\u00f3n.  No requiere cable neutro. 150W LED \/ 600W INC\/HAL<\/p>\n","protected":false},"featured_media":47284,"comment_status":"open","ping_status":"closed","template":"","meta":[],"product_brand":[],"product_cat":[34],"product_tag":[30,35,73],"class_list":{"0":"post-47285","1":"product","2":"type-product","3":"status-publish","4":"has-post-thumbnail","6":"product_cat-lutron","7":"product_tag-automatizacion-casa-inteligente","8":"product_tag-lutron","9":"product_tag-lutron-caseta-wireless","11":"first","12":"instock","13":"sale","14":"shipping-taxable","15":"purchasable","16":"product-type-simple"},"_links":{"self":[{"href":"https:\/\/soydeaqui.ddns.net\/pachuca\/index.php\/wp-json\/wp\/v2\/product\/47285","targetHints":{"allow":["GET"]}}],"collection":[{"href":"https:\/\/soydeaqui.ddns.net\/pachuca\/index.php\/wp-json\/wp\/v2\/product"}],"about":[{"href":"https:\/\/soydeaqui.ddns.net\/pachuca\/index.php\/wp-json\/wp\/v2\/types\/product"}],"replies":[{"embeddable":true,"href":"https:\/\/soydeaqui.ddns.net\/pachuca\/index.php\/wp-json\/wp\/v2\/comments?post=47285"}],"wp:featuredmedia":[{"embeddable":true,"href":"https:\/\/soydeaqui.ddns.net\/pachuca\/index.php\/wp-json\/wp\/v2\/media\/47284"}],"wp:attachment":[{"href":"https:\/\/soydeaqui.ddns.net\/pachuca\/index.php\/wp-json\/wp\/v2\/media?parent=47285"}],"wp:term":[{"taxonomy":"product_brand","embeddable":true,"href":"https:\/\/soydeaqui.ddns.net\/pachuca\/index.php\/wp-json\/wp\/v2\/product_brand?post=47285"},{"taxonomy":"product_cat","embeddable":true,"href":"https:\/\/soydeaqui.ddns.net\/pachuca\/index.php\/wp-json\/wp\/v2\/product_cat?post=47285"},{"taxonomy":"product_tag","embeddable":true,"href":"https:\/\/soydeaqui.ddns.net\/pachuca\/index.php\/wp-json\/wp\/v2\/product_tag?post=47285"}],"curies":[{"name":"wp","href":"https:\/\/api.w.org\/{rel}","templated":true}]}}