{"id":47273,"date":"2026-03-18T21:03:35","date_gmt":"2026-03-18T21:03:35","guid":{"rendered":"https:\/\/soydeaqui.ddns.net\/pachuca\/index.php\/producto\/kit-solar-de-28-w-con-poe-pasivo-24-vcc-para-2-radios-de-ubiquiti-airmax-cambium-epmp-2\/"},"modified":"2026-03-18T21:03:36","modified_gmt":"2026-03-18T21:03:36","slug":"kit-solar-de-28-w-con-poe-pasivo-24-vcc-para-2-radios-de-ubiquiti-airmax-cambium-epmp-2","status":"publish","type":"product","link":"https:\/\/soydeaqui.ddns.net\/pachuca\/index.php\/producto\/kit-solar-de-28-w-con-poe-pasivo-24-vcc-para-2-radios-de-ubiquiti-airmax-cambium-epmp-2\/","title":{"rendered":"Kit Solar de 28 W con PoE Pasivo 24 Vcc para 2 Radios de Ubiquiti airMAX, Cambium ePMP"},"content":{"rendered":"<div style='width: 100%; max-width: 1200px; margin: 0 auto; font-family: sans-serif; line-height: 1.6; color: inherit; background-color: transparent;'> <!-- Secci\u00f3n de listas con compatibilidad --> <\/p>\n<div style='margin-bottom: 30px;'>\n<h2 style='font-size: 20px; border-bottom: 2px solid currentColor; padding-bottom: 5px; margin-top: 0; color: inherit; opacity: 0.8;'>Lista de compatibilidad Ubiquiti Networks:<\/h2>\n<ul style='padding-left: 20px; font-size: 15px; color: inherit;'>\n<li style='margin-bottom: 5px;'><a href='https:\/\/www.syscom.mx\/producto\/LOCOM2-UBIQUITI-NETWORKS-39791.html' style='color: inherit; text-decoration: underline;'>LOCOM2<\/a>.<\/li>\n<li style='margin-bottom: 5px;'><a href='https:\/\/www.syscom.mx\/producto\/LOCOM5-UBIQUITI-NETWORKS-21757.html' style='color: inherit; text-decoration: underline;'>LOCOM5<\/a>.<\/li>\n<li style='margin-bottom: 5px;'><a href='https:\/\/www.syscom.mx\/producto\/ROCKET-M2-UBIQUITI-NETWORKS-28234.html' style='color: inherit; text-decoration: underline;'>ROCKETM2<\/a>&comma; <a href='https:\/\/www.syscom.mx\/producto\/ROCKET-M5-UBIQUITI-NETWORKS-28236.html' style='color: inherit; text-decoration: underline;'>ROCKETM5<\/a>&comma; <a href='https:\/\/www.syscom.mx\/producto\/R5AC-LITE-UBIQUITI-NETWORKS-72469.html' style='color: inherit; text-decoration: underline;'>R5AC-Lite<\/a><\/li>\n<\/ul><\/div>\n<div style='margin-bottom: 30px;'>\n<p style='margin: 15px 0;'><strong>Pinout de cable para alimentar equipos Ubiquiti Networks:<\/strong><\/p>\n<ul style='padding-left: 20px; font-size: 15px; color: inherit;'>\n<li style='margin-bottom: 5px;'>Se usa un cable con configuraci\u00f3n directa.<\/li>\n<\/ul><\/div>\n<div style='margin-bottom: 30px;'>\n<h2 style='font-size: 20px; border-bottom: 2px solid currentColor; padding-bottom: 5px; margin-top: 0; color: inherit; opacity: 0.8;'>Lista de compatibilidad Cambium Networks:<\/h2>\n<ul style='padding-left: 20px; font-size: 15px; color: inherit;'>\n<li style='margin-bottom: 5px;'><a href='https:\/\/www.syscom.mx\/producto\/EPMP-5C-CAMBIUM-NETWORKS-69867.html' style='color: inherit; text-decoration: underline;'>EPMP-5C<\/a>&comma; <a href='https:\/\/www.syscom.mx\/producto\/EPMP-5I-CAMBIUM-NETWORKS-69863.html' style='color: inherit; text-decoration: underline;'>EPMP-5I<\/a>.<\/li>\n<\/ul><\/div>\n<div style='margin-bottom: 30px;'>\n<p style='margin: 15px 0;'><strong>Pinout de cable para alimentar equipos Cambium Networks:<\/strong><\/p>\n<ul style='padding-left: 20px; font-size: 15px; color: inherit;'>\n<li style='margin-bottom: 5px;'>Se usa un cable con configuraci\u00f3n PoE cruzada (No es un cable de datos cruzado).<\/li>\n<\/ul><\/div>\n<p> <!-- Imagen --> <\/p>\n<div style='margin-bottom: 30px;'> <img style='width: 100%; height: auto; border: 1px solid rgba(150&comma;150&comma;150&comma;0.3); border-radius: 8px;' src='https:\/\/ftp3.syscom.mx\/usuarios\/fotos\/PL1224G1R\/87829-captura_de_pantalla_2018-11-30_a_la(s)_12.19.22.png' alt=''> <\/div>\n<p> <!-- Secci\u00f3n de componentes --> <\/p>\n<div style='margin-bottom: 30px;'>\n<h2 style='font-size: 20px; border-bottom: 2px solid currentColor; padding-bottom: 5px; margin-top: 0; color: inherit; opacity: 0.8;'>Lista de componentes incluidos en el kit:<\/h2>\n<ul style='padding-left: 20px; font-size: 15px; color: inherit;'>\n<li style='margin-bottom: 5px;'>2 x <a href='https:\/\/www.syscom.mx\/producto\/EPL12512-EPCOM-144814.html' style='color: inherit; text-decoration: underline;'>PRO-125-12<\/a> &#8211; M\u00f3dulo fotovoltaico de 125 W&comma; 12 Vcc.<\/li>\n<li style='margin-bottom: 5px;'>1 x LS2024EU &#8211; Controlador de carga 20 A&comma; 12 Vcc.<\/li>\n<li style='margin-bottom: 5px;'>2 x <a href='https:\/\/www.syscom.mx\/producto\/TP-1224G-TYCON-POWER-PRODUCTS-72638.html' style='color: inherit; text-decoration: underline;'>TP-1224G<\/a> &#8211; Convertidor CD con PoE Pasivo de 12-24 Vcc&comma; 0.8 A.<\/li>\n<li style='margin-bottom: 5px;'>2 x PL110D12 &#8211; Acumulador ciclo profundo VRLA 12 Vcc&comma; 110 Ah.<\/li>\n<li style='margin-bottom: 5px;'>1 x <a href='https:\/\/www.syscom.mx\/producto\/SS-PBL-V5-EPCOM-INDUSTRIAL-93306.html' style='color: inherit; text-decoration: underline;'>SS-PBL-V5<\/a> &#8211; Montaje para poste\/torre para paneles solares.<\/li>\n<li style='margin-bottom: 5px;'>1 x <span style='color: inherit;'>EPL01<\/span> &#8211; Conector sencillo MC-4.<\/li>\n<li style='margin-bottom: 5px;'>1 x <a href='https:\/\/www.syscom.mx\/producto\/PROSECB-02-EPCOM-POWERLINE-72414.html' style='color: inherit; text-decoration: underline;'>PROSECB-02<\/a> &#8211; Conector doble MC-4.<\/li>\n<li style='margin-bottom: 5px;'>1 x <a href='https:\/\/www.syscom.mx\/principal\/searchcont?route=EI-PCB-04-07-03-W3S-LINKEDPRO-BY-EPCOM-214700&#038;autodetect=EIPCB040703W3S' style='color: inherit; text-decoration: underline;'>EIPCB040703W3S<\/a> &#8211; Gabinete met\u00e1lico para bater\u00edas.<\/li>\n<li style='margin-bottom: 5px;'>No incluye el EI-PCB-40M montaje de gabinete para poste.<\/li>\n<\/ul><\/div>\n<p> <!-- Secci\u00f3n de diagrama de instalaci\u00f3n --> <\/p>\n<div style='margin-bottom: 30px;'>\n<h2 style='font-size: 20px; border-bottom: 2px solid currentColor; padding-bottom: 5px; margin-top: 0; color: inherit; opacity: 0.8;'>Diagrama de Instalaci\u00f3n.<\/h2>\n<div style='margin: 20px 0;'> <img style='width: 100%; height: auto; border: 1px solid rgba(150&comma;150&comma;150&comma;0.3); border-radius: 8px;' src='https:\/\/ftp3.syscom.mx\/usuarios\/oavila\/Carlos%20Chaparro\/Captura%20de%20Pantalla%202020-01-14%20a%20la%28s%29%2010.09.45.png' alt=''> <\/div>\n<\/p><\/div>\n<p> <!-- Nota final --> <\/p>\n<div style='margin-bottom: 30px;'>\n<p style='font-size: 15px; color: inherit; margin: 15px 0;'>Este KIT no incluye el supresor LA302DC&comma; no es necesario pero es muy recomendable su instalaci\u00f3n para protecci\u00f3n de descargas atmosf\u00e9ricas<\/p>\n<\/p><\/div>\n<p> <!-- Separador final --> <\/p>\n<hr style='border: 0; border-top: 1px solid rgba(150&comma; 150&comma; 150&comma; 0.3); margin: 30px 0;'> <\/div>\n","protected":false},"excerpt":{"rendered":"<p>Kit Solar de 28 W con PoE Pasivo 24 Vcc para 2 Radios de Ubiquiti airMAX, Cambium ePMP<\/p>\n","protected":false},"featured_media":47272,"comment_status":"open","ping_status":"closed","template":"","meta":[],"product_brand":[],"product_cat":[1196],"product_tag":[964,454,1197],"class_list":{"0":"post-47273","1":"product","2":"type-product","3":"status-publish","4":"has-post-thumbnail","6":"product_cat-kit-solar-sistema-aislado","7":"product_tag-energia-solar","8":"product_tag-epcom-powerline","9":"product_tag-kit-solar-sistema-aislado","11":"first","12":"outofstock","13":"sale","14":"shipping-taxable","15":"purchasable","16":"product-type-simple"},"_links":{"self":[{"href":"https:\/\/soydeaqui.ddns.net\/pachuca\/index.php\/wp-json\/wp\/v2\/product\/47273","targetHints":{"allow":["GET"]}}],"collection":[{"href":"https:\/\/soydeaqui.ddns.net\/pachuca\/index.php\/wp-json\/wp\/v2\/product"}],"about":[{"href":"https:\/\/soydeaqui.ddns.net\/pachuca\/index.php\/wp-json\/wp\/v2\/types\/product"}],"replies":[{"embeddable":true,"href":"https:\/\/soydeaqui.ddns.net\/pachuca\/index.php\/wp-json\/wp\/v2\/comments?post=47273"}],"wp:featuredmedia":[{"embeddable":true,"href":"https:\/\/soydeaqui.ddns.net\/pachuca\/index.php\/wp-json\/wp\/v2\/media\/47272"}],"wp:attachment":[{"href":"https:\/\/soydeaqui.ddns.net\/pachuca\/index.php\/wp-json\/wp\/v2\/media?parent=47273"}],"wp:term":[{"taxonomy":"product_brand","embeddable":true,"href":"https:\/\/soydeaqui.ddns.net\/pachuca\/index.php\/wp-json\/wp\/v2\/product_brand?post=47273"},{"taxonomy":"product_cat","embeddable":true,"href":"https:\/\/soydeaqui.ddns.net\/pachuca\/index.php\/wp-json\/wp\/v2\/product_cat?post=47273"},{"taxonomy":"product_tag","embeddable":true,"href":"https:\/\/soydeaqui.ddns.net\/pachuca\/index.php\/wp-json\/wp\/v2\/product_tag?post=47273"}],"curies":[{"name":"wp","href":"https:\/\/api.w.org\/{rel}","templated":true}]}}