{"id":47246,"date":"2026-03-18T21:02:49","date_gmt":"2026-03-18T21:02:49","guid":{"rendered":"https:\/\/soydeaqui.ddns.net\/pachuca\/index.php\/producto\/compuesto-acondicionador-de-suelo-a-base-de-compuestos-minerales-saco-con-11-kgs\/"},"modified":"2026-03-18T21:02:50","modified_gmt":"2026-03-18T21:02:50","slug":"compuesto-acondicionador-de-suelo-a-base-de-compuestos-minerales-saco-con-11-kgs","status":"publish","type":"product","link":"https:\/\/soydeaqui.ddns.net\/pachuca\/index.php\/producto\/compuesto-acondicionador-de-suelo-a-base-de-compuestos-minerales-saco-con-11-kgs\/","title":{"rendered":"Compuesto Acondicionador de Suelo a Base de Compuestos Minerales. Saco con 11 Kgs."},"content":{"rendered":"<h3>Compuesto Acondicionador GAT.<\/h3>\n<\/p>\n<p style='text-align: center;'><img src='data:image\/png;base64&comma;iVBORw0KGgoAAAANSUhEUgAAAN4AAABdCAIAAABFIU+WAAAYoElEQVR4Ae1cezzU6f6fmzEzLl2sstalMEguKXuS0NmzoYuSaKvtIhSa3IrShbQSbVvZIiUbbWf7daGSTJZUrsMgt4oQhtEQI6O5f+efX3y375kdKfZse77n9Dyv5+X1+X7neT7P+3l\/3vPcvt+BkYEEGEAlAxhUogKgAAMyIE0gApQyAKSJ0sAAWECaQAMoZQBIE6WBAbCANIEGUMoAkCZKAwNgAWkCDaCUASBNlAYGwALSBBpAKQNAmigNDIAFpAk0gFIGgDRRGhgAC0gTaAClDABpojQwABaQJtAAShkA0kRpYAAsIE2gAZQyAKSJ0sAAWECaQAMoZQBIE6WBAbCANIEGUMoAkCZKAwNgAWkCDaCUASBNlAYGwALSBBpAKQNAmigNDIAFpAk0gFIG\/jukKRAIOjo6UEohgPVxGPgvkOaLFy8OHIhksVgfhwHgFaUMoFqaEomEyWQuX+5Kp9NRyh+A9dEYQK80e3t7U1N\/mj9\/QUzMYalU+tEYAI5RygAapQlBUFNT086dYbq6+hs2bOzs7EQpeQDWx2QAddIUCoVZWVnOzi6qqup2dgtLSkrAkPkxBYBe3+iSZn9\/\/\/HjJwwMDHE4gra2Tnr6RaFQiF7yALKPycDHkqaYy5W8eiXl8yGRCJJKZRD0wV6wWCxf361ksgoGg8PjlUJCQkUi0QdrgQL\/qwx8BGlC0EB5OfPvf69YuLB6yZLaNWsafHwad+5s+e67jlOnutLSOBkZ\/YWFQg4H4VQgEBQU3P\/HPxbj8UoYDA6HI3z9tRNHrgBSEhifDgN\/tjQhiN\/aWrd+fbGRkUIuoVJLTEwYX37Z4OXFvnhRNKI8CIJYLNapU6f19WdisXgMBofB4CwtraqqqhRiIGCx+h8+HCtzi4oEXV0ymUwsFj979iwvLz8nhy6f6XR6eXnFwMAA7PZ1S8tYrvofPuQWFop6e+GSra2tOcOJXl1dLRaL5VEJBAIGg0Gn362srJzoghiSSARdXQMMxjCMBw8UMreoiN\/WBkmljx8\/hluX70tODp1OpxcXl\/T19UEj05FUKu3p6SkpKaXTf9frnBx6Xl5+R0cHDK+zs\/Pu3dz8\/Pw3R8XyHeHxeKWlZXQ6vbm5WSqVVlZW0ul3i4qKeDyefDE+n5+Xl5+b++uTJ0\/FYnF1dfXo5mCc+fn5zc3NCnTJuxqP\/SdLU9TT0xIdXTp7toIui42MyiwtGzZv7kpPf93cDBMKH1v6+Piqq0+GRYnB4LS0tK9du6YAHRKLWw4eZDo6Mh0c3plr3NwGq6uHhoauXLmybNlyAwMjHR09+ayrq29j8+WJEye5XK6Ex2sMDn6nH\/hmrYfH69ZWmUz24sULPz9\/HR1dHR29tWvXtbW1yQNrbW1dvnyFnp5+eHj4hKQJicXcoqLGoKAqJ6d3wqh1d+\/LyxPy+YGBQXDr8n3R0dHT1dW3sLD67rsYHo8HQVBdXd327TRLSytdXX2FkgYGRps2ba6trZXJZMnJyTNnGlpbz2MwGPIdqa+vd3Jy1tXVv3z5Mp\/PX73aQ1dX39zc8uLFn+FIwYUbGhpMTWeZmJgmJPzY19e3ebOXnp5icyOt6xsaGrm5rSor+10r8i2Ox\/4zpSkVCLovXaqwtVXQZamZWe2aNS+uXeM\/fy4VCGBYQqHwxo0bCxc6wItLWJoqKmqRkVGvXr1SgM5vb69ds6bKxeWdudrFpeXgQRGPl5V129zcEo9XUlVVNzIyplJN4GxoaEQiUbBYvKmpGZPJ5JaX16xa9U5X8M2OhARIJBIKhceO\/TB16mcwtpkzDW7fvi0fqvv37xsbm2AwuBMnTioAfv+lsLu7KSTkkatr9ZIl78hLlzaFh4t6egYGBtasWaurqz86q6tPxmLxenozGhoaXr58uW7dejJZRVmZPGOGAdxlY2NTExPTyZOnYrF4FRW1qKiDQqHQ398fj1cyNKTKP\/WFICgvL2\/69M+VlJQfPHjY09OjpzcDg8FhsXgjI6q8iDMzM5WVyVOmaPzyyy9tbW0eHp7GxqYjzZlSqbBhQqUaT5umhcMRCASin5\/\/+3l4\/6d\/njQh6FVlZZWLi7wuS0xMatzcOBkZksHB4c3Q2yQSiU6cODF16mdYLAEZL\/F4JQ8PT4WRCa4BiUTiV6\/EAwNjZalA0Nvb6+u7FYcjzJhhUFxc\/PL36fDhWCUl5UmTpuTm5koEgvd7G966QVBu7q+mprMwGJytrZ2yMllZmXzwYPTQ0NDbTsjS0y9Om6aFxeJLS0uRm+MxILF4GMDYWfr6tUwmgyCor6+PMyqx2eyzZ89OnjxVVVW9sLAwOzubTFZRV5985EhcV1cX3O++kfTrr7+SySp4PNHb24fFYi1e7ITFEhYudJDfX0okkrS0dBKJ8uYUubW1taKigkJRw2CGF1dYLJ5KNUEiEhUVRSAQtbV1qqqqJBLJwMDA7zn+7aq0tNTWdgEGg3Nych4PG2OV+dOkKeRwngQEFFOpw9KkUsusrGrc3LouXBB2d8tvz0UiUVNT0\/r13xKJJESUMAvm5pYFBQXyw9I7QXd0dJSUlJSXlyushJ48eWJv74DB4CIjo0ZXvH79Opmsoq8\/U34YgCCopaW1pKSEyWQK3g7ncN3m5uaVK90IBKKtrR2LxbKysoa5bh2Z6GUymUgkiok5TCarTJmi0d3dPbrFse5IJJKyMkZBQUFzc7NEIoGLCQSC2trae29TUVERh8Ph8XhsNrurq2twcLCrq4v1W+psaWmJijpIJqvMnm3R1ta2Z08EFot3cHCsr29QaJTFYmloaCork8PCwhsaGqyt52EwuICAAPlifD4\/ImIvDkdwdFzU3d2dmpqKxytpa+uYmc0mEklYLN7Tcw2bzRaJRN9+uwGHI5iZzX4zCrDZ7IoKZnl5ubzKYbcsFsvNzR2LxW\/YsFG+oYnaf440pQJB29GjJbNmFVOpDBub+k2bulJT4X2JPKCBgYGMjAxbWzv5wRIWqIaGZnJy8gcXzhAEhYSEKiuTDQyMmpqa5J0XFxfr68\/E45Vu3rwpfx+2Y2Ji8Hgle3vHpqZnyKd8Pt\/La4uyMtnCwkpeXkNDQxERe5WVycbGpnl5eW8GsP37D+DxSpqa0+\/ezYW\/PG\/GMz+\/4fnRxubLCS002Wy2vv4MCkU1NvYIfGoLQRCDwZgzxxqPV4KzgYFRbu6vaWnp9vYOCxbYZWdnf\/PNWnNzS3NzCwsLKzMzcwpFddo0rZMnE4RC4eLFTjgcYePGTQqbG5lMVlhYSCSSJk+empR0hk6nw3vNc+fOIQzIZLKBgQF3dw8sFu\/vH8Dlcrdvp2GxeGdnl+vXM7766mssFq+qqh4RsbehocHe3hGLxS9dupzP5x869N3kyVOnT\/+cy+XKe5PJZPX1DXPn2uDxSnFx8QofTejyT5AmJBa\/uH6dYW3NmDv3sa8v+9Il\/vPnMrnpGwbU2dkZE3PYyMgYh\/vXJA7rEo9X2rUrDNk+v6cDg4ODrq4rsFj83\/5mKz+3SqXSq1evqqlNmjJFo66uXsGDVCpdu3YdFotXiB+bzYbZd3VdgYyaEonk4sWLmprTNTQ0f\/jhOJfL5fP5d+7kaGpOx+EIERF7RaLhfXpLS8uyZa5YLH6iK6ri4mIKRVVTc3paWjqsaalUWlZWFhgY5O8fMGOGAQaDnzvXpq6uLjAwWEmJpKWl3dbWdvr06WnTtGC6qFSTpUuXnTp1Gh5Zv\/hCV1mZEhGxV54QmIHExCQsFq+jo0en301OPquhoUkkkoqLi+X56ezstLCwJBJJ33\/\/fX9\/v729I4FA3Lx5C4fDKSgoMDSkjixq9Wm0HYaGRhgMbt++\/b29vT4+vni80vz5CxS+lhAE3b9\/f\/r0z9XUJt26lSXf0ETtf1uaEMQtLa1evrzBy4uTkcFvb5eOOieHIOjRo0eenmumTNGAFzEKU\/mSJcvGeYrZ3NxsY\/M3DAa3ceMm+a6OLF5PEghEDQ3NiooKsVwSiUTl5eW6uvokEiU6+pB8\/CoqmBYWlhgMLiJiL+KtsLDQwMCQRKJ4eW1pamqKjz\/q4bHGxWWpmtqkkYOtOb0j50rl5RVWVsPjHDzYyzUolkgkCgFDnMtkspSUFByOMG2aVmpqqkAggCvyeLyenp7GxkZLyzlYLH7ZMtfW1lZ399VYLN7RcZFIJGKz2X5+\/mQyBYsluLuvfvz48euR9ejTp0+JRBKJRAkP383lcuVhtLW1rVjhhsHg5syZ++TJk6iogxSKKolEyc\/PR4oJBILz51NVVdWnTdPKyMjo6OjQ0tKmUFT37z\/A5\/MlEsmtW7fgbY26+mQikYTDEa5du9bU1OTk5IzF4mm0HYgr2OByubt371FSUqZSjWtqho8F\/nD6d6UpZLM7Tp16SaeL+\/uhtysnBTR9fX0REXsdHBbp6OipqKgpjJrGxqY1NTUKVca6LCi4b2hIxWBwJ0\/+blMsEol+\/PEUgUDE4Qjm5pZubqtWrXJftcrd3X318uWu8ERmbGyCTMew\/8zMG7q6em8Eh6wBOByOg8MiLBZvZTWnsrIyJ4c+c6YhPMnCx64kEoVOp0ul0uzsbG3tL3A4woIFC93dV8PNwX89PDxHn38hPfrppws4HAGHIxgYGC1b5ipf0c7OnkSiEAjE2NgjtbW1CxYsxGBwQUHB8Jaovr5+3rwvsVi8pub01NSf4HVqc3MzfPigpfX54sVOiLeVK92srefBH4WFhfN4vIMHoykUVXhns3Llb\/w4Oy+ZOvUzHI7g4rKkqampqKhIWZn82WfTUlLOw98uiURy\/PiJt6coeApFtb6+vrS0zNx8+Cs9e7aFu7sH0uiqVavt7R1VVdXhyaSvrw\/p9R8w\/i1pil+9Yp0507RrV\/vJk5xr1\/oKCnj19YL2diGHIx55Sim\/AYIgSCgUcjicqqqqmzdvJiT8uG2bn4vL0uvXMz64xIQ7BkHQhQtpWlra8FdfvrcQBJWXl1tbzyMSSW9Cq5CJRJKe3ozExET5hqRSaULCj1OmaFAoqvCydXBwcOfOnSoqalOmaFy5clUmk7HZ7Nra2pqRlJKSoqc3g0Agbty4mc\/nnzuXoqqqrtAQfKmnN6OlpUUenrzd09Pz5ZfzlZXJo+sqKSmrqU365pt1XC43Ly\/P1NSMQCBmZGQg1bOybmtoaBIIRAsLq7y8PFg969atf7Nyfac3dfXJq1d7wCuloqIia+u5o\/khk1XmzbO5e\/cuBEFnz54jEIiGhtTc3F+RRvv7+wMDg8hkFQJB2cTEtLe3NzMzc\/p07dEtwndUVSetWLGyoUFxT4Y4HKfxx6UJiUQ9WVmVjo7waVGJsXGpmRnDxoa5aFGNu3tjUFDPrVtSPv+dOF6\/fv3oUU1iYmJ6+sXR6+h3VpHJZBKJJCcnh0bbQaPRRi\/5RSJRYWFhePjuLVu8vbz+lbds8QkLC7t37x6ymoT9i0SizMxMPz\/\/kJBQ\/gjOxsbGyMgoHx\/fY8eOKRSWyWSdnZ3x8fE+Plv37Nnb399\/61aWr+82Hx9fhezt7XvuXMp7JnSZTFZXV3fgQKS3t8\/vcXoHBGxPS0vjcrkjG6Py0NCdW7due\/78OUIIPDl4e\/tu3brt4sWf4TMKNpv9ww\/HfX23Knij0XakpaUjh8QSieTBgwehobvk+fH29omNPVJTUwMDvnr1qre374EDUfIHnzKZ7MmTp\/v2HfDx8Y2LixcKhQ8fPvTz85dvDra3bPHeutXv9OnTra2tHzxpQTo1lvHHpclraKhxdy8xNpY\/yITtioULn8fHD2+GRr3VMTQ0VFZWFh19yM7OfvVqz4aGhgn1QSKRiEbSWP0Ri8XCUQkZLOH1EFJXIpEIhULk+EMqlYpGTtqRMx2kJDylws5FI6eecN1RTQ3feL8uYZ9wRxSqw57hAjAY+TvIfbiWWCxGqEOQyzscXRd+kCtfRgEtQgjiGW4UgoaPYoVCIcykVCpVcIJcikSi8XQfdvv+v39QmpJXr57s2FFibFwCH2QiT8yNjR+tXNmTlSUZHFRoWCwWV1VV7dkTMW+eDYlE0defWVBQ8E4RKFSELyUSSWVlFYPBUKjCYDDihlN8Rkbm06dPR9dtb2\/v6emBtZWfn19QUDCau2fPnj148ACCIB6Pd\/ny5bi4uIqKCoXwjPYM7nxUBv6INCGxuC0+vtTMrNjISF6apWZmTwMDeXV10O9fgxg52W7ZtSvMwMCITFbBYvFEIun8+fPIYDaeHnZ1da1du3737j1MJnPXrrDAwMCHDx9KpdLo6ENr166Lj48PCgo+fz716NGj0dGH+vv7MzNvhIXtzs7OdnNz9\/cPuHDhQmRk1L59+\/Pz85OSzgQHBzOZzOzsO7t2he3ffyAxMen48eOvX7+OiTkcGrozNvaIh4dnZuaNkJDQxMSk+vr60NCdYWHhYWHhP\/986c6dOyEhoYcOHXr8+PH58+eDgoKPHDmSnp5Oo+346acLp08nMpnMS5cuKRy7jqePoIw8AxOXJgT1ZmeXWVj8tsR8O2oy5sx5HhcnevkS8Q7PAq2trZGRUSNncr+9WITHE7dvp01IlzKZ7JdfLpuZmfv4+MbHH12yZElkZFRMzOGhoaGNGzeZmZk7O7usXbtu3bp1ixc7GRpSExJ+dHVdcfTo9ykpKU5Ozg8ePFi\/\/tuEhB9DQ0PDwsLXrl137ty5oKBgGm1HdPSh+fNtg4KCr1\/PePr06YYNG5qbmwcGBv75z38GBGyPi4v\/+uvFsbGxzs5LPD3XeHqu8fLasmHDxoCA7TTaDg8PTxptR1xcvL29g7e3j7e3D422w8fHd9OmzZs3e43nmBbhChijGZiYNCGpdPDRo5qVK397IDkyapbOmlW9bBnnxg3k1Q2ZTMbj8aqrHx0+HGtmNhuPJyIHmXi80uLFzhzO8Aw7\/jQwMLBqlbud3cLly129vX2Sk5OPHz+enn6Rw+HAQ2lycvKGDZuCg0Ngudy+fdvTc833339\/8+bNVatWM5lMb2+f0tLSmJiYsLBwf\/+A+PijCQkJgYFBNNqOLVt8NmzYWFlZyWKxtm7dFht7ZOfOXTTajsDAwL179wUGBm3b5nfs2A8HDx48ciQuPv7o\/Pm2u3fvCQ\/fHRISGhwc4u8f4Ou7NTAwKCXl\/LFjPyQlJWlpad+7d2\/8vQMl38nAxKQpYLGadu4sk3vnjWFt3Rga+qq6GlmZ8fn8kpLS6OhD8+bZjH5QbmFhNZ4H5QpYu7u7b9689ezZs9zc3KtXr7a0tBQVFbW2tg4MDLw5yDh79tyNGzcKCgpqamrOn08tLS0dWTL+340bN7q6uq5du8ZgMPLz73E4nIqKisbGxpSU1Js3b3V3d+fk5KSlpT98+DAr6\/bg4KBUKq2trT1zJjkjI5PD4eTl5SUlJT1+\/PjOnTsNDQ3FxcUMxvCzb1fXlYmJiffv329vb79y5UpaWnphYeG9e\/fq6uoePXp05kzy7t0R4HcjChH8A5cTkKaEx2MlJjLmzv1tfUmlMhct6khMFLBY8E6cz+cXF5eEh++eM2fu20Pa4VeDkfz5518kJZ2Rfx4zTsTQSIK3MvAmBvkmQBAkHUnwHWSLg1SRSqWIjZSBDfg+7AFBIpFIkE\/hLRfiAd4nlZdXIJtfxANi1NXVyz+OR9wCY6IMTECafffuMR0ckK1P9dKlfXl5krcvQjc2NgYHh5iYzCKRhn\/cMzorK1P8\/QPgp3wTRQnKf4IMjFeaopcvq9++i1liYvJ42zYhmy3PV1NT0927dy9fvpyUlLRv334vry1Lliy1tbUzMzPX1tZRU5tkZ2f\/nmck8q6ADRiQyWTjkqaov\/8pjVZMpZYYGzMdHTsSE+F3XT\/IIARBfD7\/5cuX7e3to5\/ffLA6KPApM\/BhaUqGhjoSE0tmzSo1N6\/\/9tvenBzJyDsvnzJroO9\/AQMfkCYkkfRkZTEdHEotLJojI3n19WO9XvQXYAVNfFIMvFeaEMSrra1bv77yq6+6r14d\/v3rqGfinxRZoLN\/JQPvk6aot7d5796GTZt4NTXyPzr7K\/GBtj5ZBsaUJvzOW2tMDL+tDQyWn6w+\/oMdH1Oa\/La2nlu3xKN+lPQfxAqa\/qQYGFOawu5uKfgvbZ+UFlDW2TGlCSZxlEXqk4MztjQ\/OSpAh9HFAJAmuuIB0CAMAGkiVAADXQwAaaIrHgANwgCQJkIFMNDFAJAmuuIB0CAMAGkiVAADXQwAaaIrHgANwgCQJkIFMNDFAJAmuuIB0CAMAGkiVAADXQwAaaIrHgANwgCQJkIFMNDFAJAmuuIB0CAMAGkiVAADXQwAaaIrHgANwgCQJkIFMNDFAJAmuuIB0CAMAGkiVAADXQwAaaIrHgANwgCQJkIFMNDFAJAmuuIB0CAMAGkiVAADXQwAaaIrHgANwgCQJkIFMNDFAJAmuuIB0CAM\/D8u6ePVTheGpAAAAABJRU5ErkJggg==' alt='' \/><\/p>\n<p><strong>Descripci\u00f3n: <\/strong><\/p>\n<p>Compuesto acondicionador de tierra TOTAL GROUND fabricado a base de elementos minerales; su principal funci\u00f3n es mantener baja la resistividad del terreno aumentando as\u00ed la conductividad el\u00e9ctrica para que el sistema de puesta a tierra funcione de manera \u00f3ptima.<\/p>\n<p>Se puede aplicar en cualquier sistema de tierra f\u00edsica como: varillas&comma; rehiletes&comma; mallas&comma; placas&comma; electrodos qu\u00edmicos y anillos de tierra f\u00edsica; \u00e9ste compuesto ayudar\u00e1 a disminuir la resistencia de la tierra en cualquiera de los m\u00e9todos y hacer m\u00e1s efectivo el sistema de puesta a tierra.<\/p>\n<p><strong>Caracter\u00edsticas:<\/strong><\/p>\n<p>Es un compuesto que mantiene la instalaci\u00f3n y el equipo h\u00famedos para una mejor conductividad<br \/>de energ\u00eda.<br \/>Compuesto Ecol\u00f3gico.<br \/>No contamina el suelo y no es t\u00f3xico.<br \/>Ph Neutro.<br \/>Evita la corrosi\u00f3n y el r\u00e1pido desgaste del sistema de tierra.<br \/>Presentaci\u00f3n en sacos de 20 kg y 11 kg.<br \/>Se usa en conjunto con activador eletrolito modelo : <a href='https:\/\/www.syscom.mx\/producto\/ELECTROLITO-TOTAL-GROUND-85895.html'>ELECTROLITO<\/a>.<\/p>\n","protected":false},"excerpt":{"rendered":"<p>Compuesto Acondicionador de Suelo a Base de Compuestos Minerales. Saco con 11 Kgs.<\/p>\n","protected":false},"featured_media":47245,"comment_status":"open","ping_status":"closed","template":"","meta":[],"product_brand":[],"product_cat":[1131],"product_tag":[1088,1132,635],"class_list":{"0":"post-47246","1":"product","2":"type-product","3":"status-publish","4":"has-post-thumbnail","6":"product_cat-tierras-fisicas","7":"product_tag-calidad-de-la-energia","8":"product_tag-tierras-fisicas","9":"product_tag-total-ground","11":"first","12":"outofstock","13":"sale","14":"shipping-taxable","15":"purchasable","16":"product-type-simple"},"_links":{"self":[{"href":"https:\/\/soydeaqui.ddns.net\/pachuca\/index.php\/wp-json\/wp\/v2\/product\/47246","targetHints":{"allow":["GET"]}}],"collection":[{"href":"https:\/\/soydeaqui.ddns.net\/pachuca\/index.php\/wp-json\/wp\/v2\/product"}],"about":[{"href":"https:\/\/soydeaqui.ddns.net\/pachuca\/index.php\/wp-json\/wp\/v2\/types\/product"}],"replies":[{"embeddable":true,"href":"https:\/\/soydeaqui.ddns.net\/pachuca\/index.php\/wp-json\/wp\/v2\/comments?post=47246"}],"wp:featuredmedia":[{"embeddable":true,"href":"https:\/\/soydeaqui.ddns.net\/pachuca\/index.php\/wp-json\/wp\/v2\/media\/47245"}],"wp:attachment":[{"href":"https:\/\/soydeaqui.ddns.net\/pachuca\/index.php\/wp-json\/wp\/v2\/media?parent=47246"}],"wp:term":[{"taxonomy":"product_brand","embeddable":true,"href":"https:\/\/soydeaqui.ddns.net\/pachuca\/index.php\/wp-json\/wp\/v2\/product_brand?post=47246"},{"taxonomy":"product_cat","embeddable":true,"href":"https:\/\/soydeaqui.ddns.net\/pachuca\/index.php\/wp-json\/wp\/v2\/product_cat?post=47246"},{"taxonomy":"product_tag","embeddable":true,"href":"https:\/\/soydeaqui.ddns.net\/pachuca\/index.php\/wp-json\/wp\/v2\/product_tag?post=47246"}],"curies":[{"name":"wp","href":"https:\/\/api.w.org\/{rel}","templated":true}]}}