{"id":47240,"date":"2026-03-18T21:02:37","date_gmt":"2026-03-18T21:02:37","guid":{"rendered":"https:\/\/soydeaqui.ddns.net\/pachuca\/index.php\/producto\/barra-de-union-instalacion-en-tubo-hasta-1-de-diametro\/"},"modified":"2026-03-18T21:02:46","modified_gmt":"2026-03-18T21:02:46","slug":"barra-de-union-instalacion-en-tubo-hasta-1-de-diametro","status":"publish","type":"product","link":"https:\/\/soydeaqui.ddns.net\/pachuca\/index.php\/producto\/barra-de-union-instalacion-en-tubo-hasta-1-de-diametro\/","title":{"rendered":"Barra de Uni\u00f3n Instalaci\u00f3n en Tubo Hasta 1&#8243; de di\u00e1metro."},"content":{"rendered":"<div style='width: 100%; max-width: 1200px; margin: 0 auto; font-family: sans-serif; line-height: 1.6; color: inherit; background-color: transparent;'>\n<div style='display: flex; flex-wrap: wrap; gap: 30px; margin-bottom: 30px;'>\n<div style='flex: 1 1 300px; min-width: 280px;'> <img style='width: 100%; height: auto; border: 1px solid rgba(150&comma;150&comma;150&comma;0.3); border-radius: 8px;' src='http:\/\/ftp3.syscom.mx\/usuarios\/dcarreon\/LOGOS\/logo%20TG2.png' alt=''> <\/p>\n<p style='margin-top: 15px; font-size: 15px; color: inherit;'> La barra de uni\u00f3n y distribuci\u00f3n de tierras brinda la funci\u00f3n de distribuir los hilos de tierra de manera directa a los equipos a proteger&comma; o bien mediante la utilizaci\u00f3n de acopladores secundarios. <\/p>\n<p style='font-size: 15px; color: inherit;'> El uso de barras de uni\u00f3n permite que la conexi\u00f3n sea segura&comma; duradera y confiable. <\/p>\n<p style='font-size: 15px; color: inherit;'> Evita las uniones de cables con cinta aislante&comma; capuchones o termo-contr\u00e1ctiles&comma; que no son ni seguros ni duraderos. <\/p>\n<p style='font-size: 15px; color: inherit;'> Existen diversos tama\u00f1os de barras de uni\u00f3n dependiendo de la capacidad de corriente requerida para cada aplicaci\u00f3n. <\/p>\n<\/p><\/div>\n<\/p><\/div>\n<div style='display: flex; flex-wrap: wrap; gap: 30px; margin-bottom: 30px;'>\n<div style='flex: 1 1 300px; min-width: 280px;'>\n<h3 style='font-size: 22px; border-bottom: 2px solid currentColor; padding-bottom: 5px; margin-top: 0; color: inherit; opacity: 0.8;'>Dimensiones de Placa<\/h3>\n<ul style='padding-left: 20px; font-size: 15px; color: inherit;'>\n<li style='margin-bottom: 5px;'><strong>Ancho:<\/strong> 50.8 mm (2&#8242;).<\/li>\n<li style='margin-bottom: 5px;'><strong>Largo:<\/strong> 200 mm (7-7\/8&#8242;).<\/li>\n<li style='margin-bottom: 5px;'><strong>Espesor:<\/strong> 6.35 mm (1\/4&#8242;).<\/li>\n<\/ul><\/div>\n<div style='flex: 1 1 300px; min-width: 280px;'>\n<h3 style='font-size: 22px; border-bottom: 2px solid currentColor; padding-bottom: 5px; margin-top: 0; color: inherit; opacity: 0.8;'>Perforaciones<\/h3>\n<ul style='padding-left: 20px; font-size: 15px; color: inherit;'>\n<li style='margin-bottom: 5px;'><strong>Cantidad:<\/strong> 8 barrenos<\/li>\n<li style='margin-bottom: 5px;'><strong>Tornillos incluidos:<\/strong> 8 tornillos 5\/16&#8242; x 3\/4&#8242; con tuerca y arandela.<\/li>\n<\/ul><\/div>\n<\/p><\/div>\n<div style='display: flex; flex-wrap: wrap; gap: 30px; margin-bottom: 30px;'>\n<div style='flex: 1 1 300px; min-width: 280px;'>\n<h3 style='font-size: 22px; border-bottom: 2px solid currentColor; padding-bottom: 5px; margin-top: 0; color: inherit; opacity: 0.8;'>Dimensiones Totales<\/h3>\n<p> <img style='width: 100%; height: auto; border: 1px solid rgba(150&comma;150&comma;150&comma;0.3); border-radius: 8px;' src='https:\/\/ftp3.syscom.mx\/usuarios\/fotos\/TGBUTZ\/96265-dimensiones_tgbutz.png' alt=''> <\/div>\n<div style='flex: 1 1 300px; min-width: 280px;'>\n<h3 style='font-size: 22px; border-bottom: 2px solid currentColor; padding-bottom: 5px; margin-top: 0; color: inherit; opacity: 0.8;'>Partes Incluidas<\/h3>\n<p> <img style='width: 100%; height: auto; border: 1px solid rgba(150&comma;150&comma;150&comma;0.3); border-radius: 8px;' src='https:\/\/ftp3.syscom.mx\/usuarios\/fotos\/TGBUTZ\/96265-partes_incluidas_2.jpg' alt=''> <\/div>\n<\/p><\/div>\n<div style='display: flex; flex-wrap: wrap; gap: 30px; margin-bottom: 30px;'>\n<div style='flex: 1 1 300px; min-width: 280px;'>\n<h3 style='font-size: 22px; border-bottom: 2px solid currentColor; padding-bottom: 5px; margin-top: 0; color: inherit; opacity: 0.8;'>Aplicaciones<\/h3>\n<ul style='padding-left: 20px; font-size: 15px; color: inherit;'>\n<li style='margin-bottom: 5px;'>Puntos de distribuci\u00f3n de los hilos de tierra en las l\u00edneas de producci\u00f3n.<\/li>\n<li style='margin-bottom: 5px;'>Sites de c\u00f3mputo.<\/li>\n<li style='margin-bottom: 5px;'>Puntos de uni\u00f3n en proyectos de sistemas ramificados en varios acopladores.<\/li>\n<\/ul><\/div>\n<\/p><\/div>\n<div style='display: flex; flex-wrap: wrap; gap: 30px; margin-bottom: 30px;'>\n<div style='flex: 1 1 300px; min-width: 280px;'>\n<h3 style='font-size: 22px; border-bottom: 2px solid currentColor; padding-bottom: 5px; margin-top: 0; color: inherit; opacity: 0.8;'>Video de Referencia<\/h3>\n<div style='position: relative; padding-bottom: 56.25%; height: 0; overflow: hidden; margin-bottom: 30px;'>   <\/div>\n<\/p><\/div>\n<\/p><\/div>\n<\/p><\/div>\n","protected":false},"excerpt":{"rendered":"<p>Barra de Uni\u00f3n Instalaci\u00f3n en Tubo Hasta 1&#8243; de di\u00e1metro.<\/p>\n","protected":false},"featured_media":47239,"comment_status":"open","ping_status":"closed","template":"","meta":[],"product_brand":[],"product_cat":[1090],"product_tag":[1091,1088,635],"class_list":{"0":"post-47240","1":"product","2":"type-product","3":"status-publish","4":"has-post-thumbnail","6":"product_cat-accesorios-para-tierra-fisica","7":"product_tag-accesorios-para-tierra-fisica","8":"product_tag-calidad-de-la-energia","9":"product_tag-total-ground","11":"first","12":"instock","13":"sale","14":"shipping-taxable","15":"purchasable","16":"product-type-simple"},"_links":{"self":[{"href":"https:\/\/soydeaqui.ddns.net\/pachuca\/index.php\/wp-json\/wp\/v2\/product\/47240","targetHints":{"allow":["GET"]}}],"collection":[{"href":"https:\/\/soydeaqui.ddns.net\/pachuca\/index.php\/wp-json\/wp\/v2\/product"}],"about":[{"href":"https:\/\/soydeaqui.ddns.net\/pachuca\/index.php\/wp-json\/wp\/v2\/types\/product"}],"replies":[{"embeddable":true,"href":"https:\/\/soydeaqui.ddns.net\/pachuca\/index.php\/wp-json\/wp\/v2\/comments?post=47240"}],"wp:featuredmedia":[{"embeddable":true,"href":"https:\/\/soydeaqui.ddns.net\/pachuca\/index.php\/wp-json\/wp\/v2\/media\/47239"}],"wp:attachment":[{"href":"https:\/\/soydeaqui.ddns.net\/pachuca\/index.php\/wp-json\/wp\/v2\/media?parent=47240"}],"wp:term":[{"taxonomy":"product_brand","embeddable":true,"href":"https:\/\/soydeaqui.ddns.net\/pachuca\/index.php\/wp-json\/wp\/v2\/product_brand?post=47240"},{"taxonomy":"product_cat","embeddable":true,"href":"https:\/\/soydeaqui.ddns.net\/pachuca\/index.php\/wp-json\/wp\/v2\/product_cat?post=47240"},{"taxonomy":"product_tag","embeddable":true,"href":"https:\/\/soydeaqui.ddns.net\/pachuca\/index.php\/wp-json\/wp\/v2\/product_tag?post=47240"}],"curies":[{"name":"wp","href":"https:\/\/api.w.org\/{rel}","templated":true}]}}