{"id":4724,"date":"2026-03-18T06:22:31","date_gmt":"2026-03-18T06:22:31","guid":{"rendered":"https:\/\/soydeaqui.ddns.net\/pachuca\/index.php\/producto\/panel-de-alarma-hibrido-ip-version-2-0-wi-fi-8-zonas-cableadas-directas-al-panel-56-zonas-expandibles-inalambricas-o-cableadas-por-medio-de-modulos-soporta-integracion-de-bateria-de-respa\/"},"modified":"2026-03-18T06:22:36","modified_gmt":"2026-03-18T06:22:36","slug":"panel-de-alarma-hibrido-ip-version-2-0-wi-fi-8-zonas-cableadas-directas-al-panel-56-zonas-expandibles-inalambricas-o-cableadas-por-medio-de-modulos-soporta-integracion-de-bateria-de-respa","status":"publish","type":"product","link":"https:\/\/soydeaqui.ddns.net\/pachuca\/index.php\/producto\/panel-de-alarma-hibrido-ip-version-2-0-wi-fi-8-zonas-cableadas-directas-al-panel-56-zonas-expandibles-inalambricas-o-cableadas-por-medio-de-modulos-soporta-integracion-de-bateria-de-respa\/","title":{"rendered":"Panel de Alarma H\u00edbrido IP (Versi\u00f3n 2.0) \/ Wi-Fi \/ (8 Zonas Cableadas Directas al Panel \/ 56 Zonas Expandibles: Inal\u00e1mbricas o Cableadas por Medio de M\u00f3dulos) \/ Soporta Integraci\u00f3n de Bater\u00eda de Respaldo"},"content":{"rendered":"<div style='width: 100%; max-width: 1200px; margin: 0 auto; font-family: sans-serif; line-height: 1.6; color: inherit; background-color: transparent;'> <!-- Logo --> <\/p>\n<div style='text-align: center; margin: 30px 0;'> <img style='width: 45%; height: auto; border: 1px solid rgba(150&comma;150&comma;150&comma;0.3); border-radius: 8px;' src='https:\/\/ftp3.syscom.mx\/usuarios\/jsosa\/HIKVISION\/imagenes\/logo\/hikvision%20see%20far.png' alt='Logo Hikvision'> <\/div>\n<p> <!-- Videos --> <\/p>\n<div style='display: flex; flex-wrap: wrap; gap: 30px; margin: 30px 0;'>\n<div style='flex: 1 1 400px; min-width: 300px;'>\n<div style='position: relative; padding-bottom: 56.25%; height: 0; overflow: hidden; margin-bottom: 15px;'>   <\/div>\n<h3 style='font-size: 20px; text-align: center; color: inherit; margin: 0; padding: 0; opacity: 0.8;'>Comparativa entre Versiones del Panel H\u00edbrido<\/h3>\n<\/p><\/div>\n<div style='flex: 1 1 400px; min-width: 300px;'>\n<div style='position: relative; padding-bottom: 56.25%; height: 0; overflow: hidden; margin-bottom: 15px;'>   <\/div>\n<h3 style='font-size: 20px; text-align: center; color: inherit; margin: 0; padding: 0; opacity: 0.8;'>Restablecimiento a Valores de F\u00e1brica<\/h3>\n<\/p><\/div>\n<\/p><\/div>\n<p> <!-- Caracter\u00edsticas principales y f\u00edsicas --> <\/p>\n<div style='display: flex; flex-wrap: wrap; gap: 30px; margin: 30px 0;'> <!-- Caracter\u00edsticas principales --> <\/p>\n<div style='flex: 1 1 400px; min-width: 300px;'>\n<div style='border-left: 5px solid #ff0000; border-radius: 8px; padding: 15px; box-shadow: 2px 2px 10px rgba(216&comma;216&comma;216&comma;0.4);'>\n<h3 style='font-size: 18px; margin-top: 0; color: inherit; opacity: 0.9;'>Caracter\u00edsticas principales:<\/h3>\n<ul style='padding-left: 20px; font-size: 15px; color: inherit;'>\n<li style='margin-bottom: 8px;'><span style='font-family: verdana&comma; geneva&comma; sans-serif;'>8 zonas cableadas.<\/span><\/li>\n<li style='margin-bottom: 8px;'><span style='font-family: verdana&comma; geneva&comma; sans-serif;'>Expandible hasta 56 zonas inal\u00e1mbricas o cableadas agregando expansores.<\/span><\/li>\n<li style='margin-bottom: 8px;'><span style='font-family: verdana&comma; geneva&comma; sans-serif;'>Soporta expansores de 8 zonas inal\u00e1mbricas (<a href='https:\/\/www.syscom.mx\/producto\/DS-PM-RSWR-433-HIKVISION-175699.html' target='_blank' rel='noopener' style='color: #007bff; text-decoration: underline;'><strong>DS-PM-RSWR-433<\/strong><\/a>).<\/span><\/li>\n<li style='margin-bottom: 8px;'><span style='font-family: verdana&comma; geneva&comma; sans-serif;'>Soporta expansores de 8 zonas cableadas (<a href='https:\/\/www.syscom.mx\/producto\/DS-PM-RSI8-HIKVISION-175705.html' target='_blank' rel='noopener' style='color: #007bff; text-decoration: underline;'><strong>DS-PM-RSI8<\/strong><\/a>).<\/span><\/li>\n<li style='margin-bottom: 8px;'><span style='font-family: verdana&comma; geneva&comma; sans-serif;'>Soporta 1 sirena cableada directa al panel&comma; 2 sirenas inal\u00e1mbricas agregando el expansor <a href='https:\/\/www.syscom.mx\/producto\/DS-PM-RSWR-433-HIKVISION-175699.html' target='_blank' rel='noopener' style='color: #007bff; text-decoration: underline;'><strong>DS-PM-RSWR-433<\/strong><\/a>.<\/span><\/li>\n<li style='margin-bottom: 8px;'><span style='font-family: verdana&comma; geneva&comma; sans-serif;'>Soporta hasta 8 controles remotos p\/ armar y desarmar agregando el modulo <a href='https:\/\/www.syscom.mx\/producto\/DS-PM-RSWR-433-HIKVISION-175699.html' target='_blank' rel='noopener' style='color: #007bff; text-decoration: underline;'><strong>DS-PM-RSWR-433<\/strong><\/a>.<\/span><\/li>\n<li style='margin-bottom: 8px;'><span style='font-family: verdana&comma; geneva&comma; sans-serif;'>Notifiaciones por medio de la aplicaci\u00f3n Hik-Connect&comma; SMS (a\u00f1adir modulo <a href='https:\/\/www.syscom.mx\/producto\/DS-PMA-S2-HIKVISION-175702.html' target='_blank' rel='noopener' style='color: #007bff; text-decoration: underline;'><strong>DS-PMA-S2<\/a><\/strong>) y local.<\/span><\/li>\n<li style='margin-bottom: 8px;'><span style='font-family: verdana&comma; geneva&comma; sans-serif;'>Hasta 8 particiones.<\/span><\/li>\n<li style='margin-bottom: 8px;'><span style='font-family: verdana&comma; geneva&comma; sans-serif;'>Soporta modulos de relay (<a href='https:\/\/www.syscom.mx\/producto\/DS-PM-RSO4-HIKVISION-176259.html' target='_blank' rel='noopener' style='color: #007bff; text-decoration: underline;'><strong>DS-PM-RSO4<\/a><\/strong> o <a href='https:\/\/www.syscom.mx\/producto\/DS-PM-RSO4-H-HIKVISION-175704.html' target='_blank' rel='noopener' style='color: #007bff; text-decoration: underline;'><strong>DS-PM-RSO4-H<\/strong><\/a> revisar las capacidades de cada modulo).<\/span><\/li>\n<li style='margin-bottom: 8px;'><span style='color: inherit; font-family: verdana&comma; geneva&comma; sans-serif; font-size: 12pt;'>IVAAS (Intruder Verificartion As A Service): Soporta agregar 4 c\u00e1maras al panel para una grabaci\u00f3n 7 segundos al accionar un sensor (2 Megapixel m\u00e1ximo).<\/span><\/li>\n<li style='margin-bottom: 8px;'><span style='color: inherit; font-family: verdana&comma; geneva&comma; sans-serif; font-size: 12pt;'>Soporta hasta 9 teclados.<\/span><\/li>\n<li style='margin-bottom: 8px;'><span style='color: inherit; font-family: verdana&comma; geneva&comma; sans-serif; font-size: 12pt;'>No incluye bater\u00eda de respaldo&comma; se cotiza por separado (modelo sugerido: <a href='https:\/\/www.syscom.mx\/producto\/PL-4.5-12-EPCOM-POWERLINE-67464.html' target='_blank' rel='noopener' style='color: #007bff; text-decoration: underline;'><strong>PL-4.5-12<\/strong><\/a>).<\/span><\/li>\n<\/ul><\/div>\n<\/p><\/div>\n<p> <!-- Caracter\u00edsticas f\u00edsicas y el\u00e9ctricas --> <\/p>\n<div style='flex: 1 1 400px; min-width: 300px;'>\n<div style='border-left: 5px solid #ff0000; border-radius: 8px; padding: 15px; box-shadow: 2px 2px 10px rgba(216&comma;216&comma;216&comma;0.4);'>\n<h3 style='font-size: 18px; margin-top: 0; color: inherit; opacity: 0.9;'>Caracter\u00edsticas F\u00edsicas y El\u00e9ctricas<\/h3>\n<ul style='padding-left: 20px; font-size: 15px; color: inherit;'>\n<li style='margin-bottom: 8px;'><span style='font-family: verdana&comma; geneva&comma; sans-serif;'>Conexi\u00f3n: 10M \/ 100M.<\/span><\/li>\n<li style='margin-bottom: 8px;'><span style='font-family: verdana&comma; geneva&comma; sans-serif;'>Alimentaci\u00f3n 110 VCA (No incluye cable&comma; recomendar: <a href='https:\/\/www.syscom.mx\/producto\/HIK-ACCORD-HIKVISION-194472.html' target='_blank' rel='noopener' style='color: #007bff; text-decoration: underline;'><strong>HIK-ACCORD<\/a><\/strong> o <a href='https:\/\/www.syscom.mx\/producto\/AC-CORD-1.8M-EPCOM-POWERLINE-162897.html' target='_blank' rel='noopener' style='color: #007bff; text-decoration: underline;'><strong>AC-CORD-1.8M<\/strong><\/a>).<\/span><\/li>\n<li style='margin-bottom: 8px;'><span style='font-family: verdana&comma; geneva&comma; sans-serif;'>Soporta conexi\u00f3n LAN&comma; Wi-Fi (2.4 GHz)&comma; R-485&comma; GPRS&comma; 3G\/4G (no incluye comunicador 3G\/4G&comma; modelo recomendado <a href='https:\/\/www.syscom.mx\/producto\/DS-PMA-S2-HIKVISION-175702.html' target='_blank' rel='noopener' style='color: #007bff; text-decoration: underline;'><strong>DS-PMA-S2<\/strong><\/a>)<\/span><\/li>\n<li style='margin-bottom: 8px;'><span style='font-family: verdana&comma; geneva&comma; sans-serif;'>Temperatura de operaci\u00f3n: &#8211; 10 \u00b0 C a 55 \u00b0 C.<\/span><\/li>\n<li style='margin-bottom: 8px;'><span style='font-family: verdana&comma; geneva&comma; sans-serif;'>Dimensiones: 220 x 152 x 31.5 mm.<\/span><\/li>\n<li style='margin-bottom: 8px;'><span style='font-family: verdana&comma; geneva&comma; sans-serif;'>Peso 1.7 Kg.<\/span><\/li>\n<\/ul>\n<h3 style='font-size: 18px; margin-top: 25px; color: inherit; opacity: 0.9;'>Caracter\u00edsticas Destacadas:<\/h3>\n<p style='font-size: 15px; color: inherit;'><span style='font-family: verdana&comma; geneva&comma; sans-serif;'>Panel de control de seguridad&comma; admite Wi-Fi&comma; LAN&comma; GPRS y 3G \/ 4G&comma; as\u00ed como ISAPI&comma; ISUP y SIA-Contacto Protocolo de identificaci\u00f3n para <strong>Centrales de monitoreo (no compatible con la integracion de monitoreo en la nube con HIK-PARTNER PRO)<\/strong>&comma; es aplicable a los escenarios de mercado&comma; tienda&comma; casa&comma; f\u00e1brica&comma; almac\u00e9n&comma; oficina&comma; etc.<\/span><\/p>\n<\/p><\/div>\n<\/p><\/div>\n<\/p><\/div>\n<p> <!-- Banner --> <\/p>\n<div style='margin: 30px 0;'> <a href='https:\/\/www.syscom.mx\/principal\/listadoproductosazul\/intrusion-hikvision-paneles-de-alarma-y-accesorios-hybrid-series-66287.html?ordenar=Precio_de_Menor_a_Mayor&#038;pag=1' target='_blank' rel='noopener'> <img style='width: 100%; height: auto; border: 1px solid rgba(150&comma;150&comma;150&comma;0.3); border-radius: 8px;' src='https:\/\/ftp3.syscom.mx\/usuarios\/jsosa\/banners\/hikvision-integracion.jpg' alt='Banner Hikvision'> <\/a> <\/div>\n<p> <!-- Separador final --> <\/p>\n<hr style='border: 0; border-top: 1px solid rgba(150&comma; 150&comma; 150&comma; 0.3); margin: 30px 0;'> <\/div>\n","protected":false},"excerpt":{"rendered":"<p>Panel de Alarma H\u00edbrido IP (Versi\u00f3n 2.0) \/ Wi-Fi \/ (8 Zonas Cableadas Directas al Panel \/ 56 Zonas Expandibles: Inal\u00e1mbricas o Cableadas por Medio de M\u00f3dulos) \/ Soporta Integraci\u00f3n de Bater\u00eda de Respaldo<\/p>\n","protected":false},"featured_media":4723,"comment_status":"open","ping_status":"closed","template":"","meta":[],"product_brand":[],"product_cat":[60],"product_tag":[54,61,62],"class_list":{"0":"post-4724","1":"product","2":"type-product","3":"status-publish","4":"has-post-thumbnail","6":"product_cat-todos","7":"product_tag-hikvision","8":"product_tag-paneles-de-alarma","9":"product_tag-todos","11":"first","12":"outofstock","13":"sale","14":"shipping-taxable","15":"purchasable","16":"product-type-simple"},"_links":{"self":[{"href":"https:\/\/soydeaqui.ddns.net\/pachuca\/index.php\/wp-json\/wp\/v2\/product\/4724","targetHints":{"allow":["GET"]}}],"collection":[{"href":"https:\/\/soydeaqui.ddns.net\/pachuca\/index.php\/wp-json\/wp\/v2\/product"}],"about":[{"href":"https:\/\/soydeaqui.ddns.net\/pachuca\/index.php\/wp-json\/wp\/v2\/types\/product"}],"replies":[{"embeddable":true,"href":"https:\/\/soydeaqui.ddns.net\/pachuca\/index.php\/wp-json\/wp\/v2\/comments?post=4724"}],"wp:featuredmedia":[{"embeddable":true,"href":"https:\/\/soydeaqui.ddns.net\/pachuca\/index.php\/wp-json\/wp\/v2\/media\/4723"}],"wp:attachment":[{"href":"https:\/\/soydeaqui.ddns.net\/pachuca\/index.php\/wp-json\/wp\/v2\/media?parent=4724"}],"wp:term":[{"taxonomy":"product_brand","embeddable":true,"href":"https:\/\/soydeaqui.ddns.net\/pachuca\/index.php\/wp-json\/wp\/v2\/product_brand?post=4724"},{"taxonomy":"product_cat","embeddable":true,"href":"https:\/\/soydeaqui.ddns.net\/pachuca\/index.php\/wp-json\/wp\/v2\/product_cat?post=4724"},{"taxonomy":"product_tag","embeddable":true,"href":"https:\/\/soydeaqui.ddns.net\/pachuca\/index.php\/wp-json\/wp\/v2\/product_tag?post=4724"}],"curies":[{"name":"wp","href":"https:\/\/api.w.org\/{rel}","templated":true}]}}