{"id":47233,"date":"2026-03-18T21:02:24","date_gmt":"2026-03-18T21:02:24","guid":{"rendered":"https:\/\/soydeaqui.ddns.net\/pachuca\/index.php\/producto\/via-de-chispas-para-union-de-tomas-de-tierra\/"},"modified":"2026-03-18T21:02:25","modified_gmt":"2026-03-18T21:02:25","slug":"via-de-chispas-para-union-de-tomas-de-tierra","status":"publish","type":"product","link":"https:\/\/soydeaqui.ddns.net\/pachuca\/index.php\/producto\/via-de-chispas-para-union-de-tomas-de-tierra\/","title":{"rendered":"V\u00eda de Chispas para Uni\u00f3n de Tomas de Tierra."},"content":{"rendered":"<div style='width: 100%; max-width: 1200px; margin: 0 auto; font-family: sans-serif; line-height: 1.6; color: inherit;'> <!-- Imagen principal --> <\/p>\n<div style='margin-bottom: 30px;'> <img style='width: 100%; height: auto; border: 1px solid rgba(150&comma;150&comma;150&comma;0.3); border-radius: 8px;' src='https:\/\/ftp3.syscom.mx\/usuarios\/fotos\/AT5360\/95182-ap_imagen.jpg' alt='V\u00eda de Chispas para Uni\u00f3n de Tomas de Tierra'> <\/div>\n<p> <!-- Descripci\u00f3n --> <\/p>\n<div style='margin-bottom: 30px;'>\n<p style='text-align: justify; font-size: 15px; color: inherit;'> Las normativas de protecci\u00f3n contra el rayo recomiendan unir todas las tomas de tierra&comma; tanto las correspondientes a la red general como las tierras del sistema de protecci\u00f3n contra el rayo. De esta forma se evitan importantes problemas de acoplamientos entre las tomas de tierra. Sin embargo&comma; en algunas ocasiones esta conexi\u00f3n no puede realizarse&comma; por ejemplo&comma; porque causar\u00eda problemas de corrosi\u00f3n. En estos casos el AT-050K es el medio m\u00e1s adecuado para conectar las diferentes tomas de tierra. <\/p>\n<p style='text-align: justify; font-size: 15px; color: inherit; margin-top: 15px;'> En condiciones normales&comma; este protector mantiene las tierras aisladas&comma; evitando as\u00ed problemas de corrosi\u00f3n. Cuando se produce una descarga y la tensi\u00f3n crece en las tomas de tierra&comma; la v\u00eda de chispas se activa uniendo directamente las tierras y evitando as\u00ed que la corriente pase entre ellas a trav\u00e9s de los equipos e instalaciones internas. <\/p>\n<\/p><\/div>\n<p> <!-- Especificaciones --> <\/p>\n<div style='display: flex; flex-wrap: wrap; gap: 20px;'>\n<div style='flex: 1 1 250px; border: 1px solid rgba(150&comma; 150&comma; 150&comma; 0.4); border-radius: 8px; overflow: hidden; display: flex; flex-direction: column;'>\n<div style='padding: 15px; border-bottom: 1px solid rgba(150&comma; 150&comma; 150&comma; 0.2); font-weight: bold; font-size: 18px; color: inherit;'>Rango de dimensiones de los conductores<\/div>\n<div style='padding: 15px; color: inherit;'>\n<ul style='padding-left: 20px; margin: 0; font-size: 14px; list-style-type: disc; color: inherit;'>\n<li style='margin-bottom: 5px; color: inherit;'>Dimensiones: 55 x 55 x 280 mm.<\/li>\n<li style='margin-bottom: 5px; color: inherit;'>Redondo: \u00d88 &#8211; 10 mm (50 &#8211; 70 mm<sup>2<\/sup>).<\/li>\n<li style='margin-bottom: 5px; color: inherit;'>Pletina: 3 x (30 x 2 mm &#8211; 30 x 3&comma;5 mm).<\/li>\n<li style='margin-bottom: 5px; color: inherit;'>Material: Lat\u00f3n (contacto).<\/li>\n<li style='margin-bottom: 5px; color: inherit;'>Peso: 1 kg.<\/li>\n<\/ul><\/div>\n<\/p><\/div>\n<\/p><\/div>\n<\/p><\/div>\n","protected":false},"excerpt":{"rendered":"<p>V\u00eda de Chispas para Uni\u00f3n de Tomas de Tierra.<\/p>\n","protected":false},"featured_media":47232,"comment_status":"open","ping_status":"closed","template":"","meta":[],"product_brand":[],"product_cat":[1090],"product_tag":[1091,1239,1088],"class_list":{"0":"post-47233","1":"product","2":"type-product","3":"status-publish","4":"has-post-thumbnail","6":"product_cat-accesorios-para-tierra-fisica","7":"product_tag-accesorios-para-tierra-fisica","8":"product_tag-aplicaciones-tecnologicas","9":"product_tag-calidad-de-la-energia","11":"first","12":"outofstock","13":"sale","14":"shipping-taxable","15":"purchasable","16":"product-type-simple"},"_links":{"self":[{"href":"https:\/\/soydeaqui.ddns.net\/pachuca\/index.php\/wp-json\/wp\/v2\/product\/47233","targetHints":{"allow":["GET"]}}],"collection":[{"href":"https:\/\/soydeaqui.ddns.net\/pachuca\/index.php\/wp-json\/wp\/v2\/product"}],"about":[{"href":"https:\/\/soydeaqui.ddns.net\/pachuca\/index.php\/wp-json\/wp\/v2\/types\/product"}],"replies":[{"embeddable":true,"href":"https:\/\/soydeaqui.ddns.net\/pachuca\/index.php\/wp-json\/wp\/v2\/comments?post=47233"}],"wp:featuredmedia":[{"embeddable":true,"href":"https:\/\/soydeaqui.ddns.net\/pachuca\/index.php\/wp-json\/wp\/v2\/media\/47232"}],"wp:attachment":[{"href":"https:\/\/soydeaqui.ddns.net\/pachuca\/index.php\/wp-json\/wp\/v2\/media?parent=47233"}],"wp:term":[{"taxonomy":"product_brand","embeddable":true,"href":"https:\/\/soydeaqui.ddns.net\/pachuca\/index.php\/wp-json\/wp\/v2\/product_brand?post=47233"},{"taxonomy":"product_cat","embeddable":true,"href":"https:\/\/soydeaqui.ddns.net\/pachuca\/index.php\/wp-json\/wp\/v2\/product_cat?post=47233"},{"taxonomy":"product_tag","embeddable":true,"href":"https:\/\/soydeaqui.ddns.net\/pachuca\/index.php\/wp-json\/wp\/v2\/product_tag?post=47233"}],"curies":[{"name":"wp","href":"https:\/\/api.w.org\/{rel}","templated":true}]}}