{"id":47213,"date":"2026-03-18T21:01:54","date_gmt":"2026-03-18T21:01:54","guid":{"rendered":"https:\/\/soydeaqui.ddns.net\/pachuca\/index.php\/producto\/apliweld-t-tabletas-de-compuesto-para-soldadura-exotermica-diametro-43-mm-20-piezas\/"},"modified":"2026-03-18T21:01:55","modified_gmt":"2026-03-18T21:01:55","slug":"apliweld-t-tabletas-de-compuesto-para-soldadura-exotermica-diametro-43-mm-20-piezas","status":"publish","type":"product","link":"https:\/\/soydeaqui.ddns.net\/pachuca\/index.php\/producto\/apliweld-t-tabletas-de-compuesto-para-soldadura-exotermica-diametro-43-mm-20-piezas\/","title":{"rendered":"Apliweld-T. Tabletas de Compuesto para Soldadura Exot\u00e9rmica (Di\u00e1metro 43 mm). 20 Piezas."},"content":{"rendered":"<div style='width: 100%; max-width: 1200px; margin: 0 auto; font-family: sans-serif; line-height: 1.6; color: inherit; background-color: transparent;'> <!-- Imagen principal --> <\/p>\n<div style='width: 100%; margin-bottom: 30px;'> <img style='width: 100%; height: auto; border: 1px solid rgba(150&comma;150&comma;150&comma;0.3); border-radius: 8px;' src='https:\/\/ftp3.syscom.mx\/usuarios\/fotos\/AT5360\/95182-ap_imagen.jpg' alt='Apliweld-T Tabletas de Compuesto para Soldadura Exot\u00e9rmica'> <\/div>\n<p> <!-- Descripci\u00f3n principal --> <\/p>\n<div style='display: flex; flex-wrap: wrap; gap: 30px; margin-bottom: 30px;'>\n<div style='flex: 1 1 300px; min-width: 280px;'>\n<h3 style='font-size: 22px; border-bottom: 2px solid currentColor; padding-bottom: 5px; margin-top: 0; color: inherit; opacity: 0.8;'>Descripci\u00f3n<\/h3>\n<p style='font-size: 15px; color: inherit; margin-top: 0; margin-bottom: 15px; text-align: justify;'> <span style='color: #f29d12;'><strong>La soldadura exot\u00e9rmica Apliweld\u00ae<\/strong><\/span> es un proceso que consigue la uni\u00f3n molecular de dos o m\u00e1s conductores met\u00e1licos mediante una reacci\u00f3n qu\u00edmica. Esta uni\u00f3n molecular mejora las propiedades mec\u00e1nicas&comma; el\u00e9ctricas y relativas a la corrosi\u00f3n respecto a cualquier uni\u00f3n mec\u00e1nica. La soldadura exot\u00e9rmica Apliweld\u00ae es el mejor modo de realizar conexiones permanentes&comma; fiables y de alta conductividad en cualquier instalaci\u00f3n que requiera toma de tierra. <\/p>\n<p style='font-size: 15px; color: inherit; margin-top: 0; margin-bottom: 15px; text-align: justify;'> Compuesto de soldadura con innovador formato en tabletas que permite realizar cualquier tipo de uni\u00f3n mediante el uso de una o m\u00e1s tabletas. <\/p>\n<\/p><\/div>\n<\/p><\/div>\n<p> <!-- Ventajas --> <\/p>\n<div style='display: flex; flex-wrap: wrap; gap: 30px; margin-bottom: 30px;'>\n<div style='flex: 1 1 300px; min-width: 280px;'>\n<h3 style='font-size: 22px; border-bottom: 2px solid currentColor; padding-bottom: 5px; margin-top: 0; color: inherit; opacity: 0.8;'>Ventajas<\/h3>\n<ul style='padding-left: 20px; font-size: 15px; color: inherit;'>\n<li style='margin-bottom: 5px;'><span style='color: inherit;'>Compacto y f\u00e1cil de usar.<\/span><\/li>\n<li style='margin-bottom: 5px;'><span style='color: inherit;'>Reduce costos de almacenamiento.<\/span><\/li>\n<li style='margin-bottom: 5px;'><span style='color: inherit;'>Mejora los tiempos del proceso de soldadura.<\/span><\/li>\n<li style='margin-bottom: 5px;'><span style='color: inherit;'>Aumenta la operatividad de los equipos.<\/span><\/li>\n<li style='margin-bottom: 5px;'><span style='color: inherit;'>Puede utilizarse como iniciador electr\u00f3nico o en polvo.<\/span><\/li>\n<\/ul><\/div>\n<\/p><\/div>\n<p> <!-- Caracter\u00edsticas T\u00e9cnicas --> <\/p>\n<div style='display: flex; flex-wrap: wrap; gap: 30px; margin-bottom: 30px;'>\n<div style='flex: 1 1 300px; min-width: 280px;'>\n<h3 style='font-size: 22px; border-bottom: 2px solid currentColor; padding-bottom: 5px; margin-top: 0; color: inherit; opacity: 0.8;'>Caracter\u00edsticas T\u00e9cnicas<\/h3>\n<ul style='padding-left: 20px; font-size: 15px; color: inherit;'>\n<li style='margin-bottom: 5px;'><strong>Dimensiones de la tableta:<\/strong> \u00d843 mm.<\/li>\n<li style='margin-bottom: 5px;'><strong>Unidades por envase:<\/strong> 20 tabletas.<\/li>\n<li style='margin-bottom: 5px;'><strong>Dimensiones:<\/strong> 52 x 52 x 220 mm.<\/li>\n<li style='margin-bottom: 5px;'><strong>Peso:<\/strong> 900 g.<\/li>\n<\/ul><\/div>\n<\/p><\/div>\n<p> <!-- Requerimientos --> <\/p>\n<div style='display: flex; flex-wrap: wrap; gap: 30px; margin-bottom: 30px;'>\n<div style='flex: 1 1 300px; min-width: 280px;'>\n<h3 style='font-size: 22px; border-bottom: 2px solid currentColor; padding-bottom: 5px; margin-top: 0; color: inherit; opacity: 0.8;'>Requerimientos<\/h3>\n<div style='margin-bottom: 20px;'>\n<h4 style='font-size: 18px; color: inherit; margin-top: 0; margin-bottom: 10px;'><span style='color: #f29d12;'><strong>Requiere para ignici\u00f3n electr\u00f3nica:<\/strong><\/span><\/h4>\n<ul style='padding-left: 20px; font-size: 15px; color: inherit;'>\n<li style='margin-bottom: 5px;'><span style='color: inherit;'>Iniciador electr\u00f3nico (<a href='https:\/\/www.syscom.mx\/producto\/AT-010-N-APLICACIONES-TECNOLOGICAS-95725.html' target='_blank' rel='noopener' style='color: #f29d12; text-decoration: none; font-weight: normal;'>AT-010N<\/a>)<\/span><\/li>\n<li style='margin-bottom: 5px;'><span style='color: inherit;'>Equipo de encendido electr\u00f3nico (<a href='https:\/\/www.syscom.mx\/producto\/AT-100-N-APLICACIONES-TECNOLOGICAS-98367.html' target='_blank' rel='noopener' style='color: #f29d12; text-decoration: none; font-weight: normal;'>AT-100N<\/a>)<\/span><\/li>\n<\/ul><\/div>\n<div>\n<h4 style='font-size: 18px; color: inherit; margin-top: 0; margin-bottom: 10px;'><span style='color: #f29d12;'><strong>Requiere para ignici\u00f3n con polvo:<\/strong><\/span><\/h4>\n<ul style='padding-left: 20px; font-size: 15px; color: inherit;'>\n<li style='margin-bottom: 5px;'><span style='color: inherit;'>Iniciadores en polvo (<a href='https:\/\/www.syscom.mx\/producto\/AT012N-APLICACIONES-TECNOLOGICAS-169166.html' target='_blank' rel='noopener' style='color: #f29d12; text-decoration: none; font-weight: normal;'>AT-012N<\/a>)<\/span><\/li>\n<li style='margin-bottom: 5px;'><span style='color: inherit;'>Chisquero de ignici\u00f3n (AT-060N)<\/span><\/li>\n<\/ul><\/div>\n<\/p><\/div>\n<\/p><\/div>\n<p> <!-- Video --> <\/p>\n<div style='width: 100%; max-width: 800px; margin: 0 auto 30px;'>\n<div style='position: relative; padding-bottom: 56.25%; height: 0; overflow: hidden;'>   <\/div>\n<\/p><\/div>\n<p> <!-- Separador final --> <\/p>\n<hr style='border: 0; border-top: 1px solid rgba(150&comma; 150&comma; 150&comma; 0.3); margin: 30px 0;'> <\/div>\n","protected":false},"excerpt":{"rendered":"<p>Apliweld-T. Tabletas de Compuesto para Soldadura Exot\u00e9rmica (Di\u00e1metro 43 mm). 20 Piezas.<\/p>\n","protected":false},"featured_media":47212,"comment_status":"open","ping_status":"closed","template":"","meta":[],"product_brand":[],"product_cat":[1090],"product_tag":[1091,1239,1088],"class_list":{"0":"post-47213","1":"product","2":"type-product","3":"status-publish","4":"has-post-thumbnail","6":"product_cat-accesorios-para-tierra-fisica","7":"product_tag-accesorios-para-tierra-fisica","8":"product_tag-aplicaciones-tecnologicas","9":"product_tag-calidad-de-la-energia","11":"first","12":"instock","13":"sale","14":"shipping-taxable","15":"purchasable","16":"product-type-simple"},"_links":{"self":[{"href":"https:\/\/soydeaqui.ddns.net\/pachuca\/index.php\/wp-json\/wp\/v2\/product\/47213","targetHints":{"allow":["GET"]}}],"collection":[{"href":"https:\/\/soydeaqui.ddns.net\/pachuca\/index.php\/wp-json\/wp\/v2\/product"}],"about":[{"href":"https:\/\/soydeaqui.ddns.net\/pachuca\/index.php\/wp-json\/wp\/v2\/types\/product"}],"replies":[{"embeddable":true,"href":"https:\/\/soydeaqui.ddns.net\/pachuca\/index.php\/wp-json\/wp\/v2\/comments?post=47213"}],"wp:featuredmedia":[{"embeddable":true,"href":"https:\/\/soydeaqui.ddns.net\/pachuca\/index.php\/wp-json\/wp\/v2\/media\/47212"}],"wp:attachment":[{"href":"https:\/\/soydeaqui.ddns.net\/pachuca\/index.php\/wp-json\/wp\/v2\/media?parent=47213"}],"wp:term":[{"taxonomy":"product_brand","embeddable":true,"href":"https:\/\/soydeaqui.ddns.net\/pachuca\/index.php\/wp-json\/wp\/v2\/product_brand?post=47213"},{"taxonomy":"product_cat","embeddable":true,"href":"https:\/\/soydeaqui.ddns.net\/pachuca\/index.php\/wp-json\/wp\/v2\/product_cat?post=47213"},{"taxonomy":"product_tag","embeddable":true,"href":"https:\/\/soydeaqui.ddns.net\/pachuca\/index.php\/wp-json\/wp\/v2\/product_tag?post=47213"}],"curies":[{"name":"wp","href":"https:\/\/api.w.org\/{rel}","templated":true}]}}