{"id":47202,"date":"2026-03-18T21:01:35","date_gmt":"2026-03-18T21:01:35","guid":{"rendered":"https:\/\/soydeaqui.ddns.net\/pachuca\/index.php\/producto\/pinza-para-moldes-especificos-modelo-s-para-realizar-soldaduras-exotermicas\/"},"modified":"2026-03-18T21:01:43","modified_gmt":"2026-03-18T21:01:43","slug":"pinza-para-moldes-especificos-modelo-s-para-realizar-soldaduras-exotermicas","status":"publish","type":"product","link":"https:\/\/soydeaqui.ddns.net\/pachuca\/index.php\/producto\/pinza-para-moldes-especificos-modelo-s-para-realizar-soldaduras-exotermicas\/","title":{"rendered":"Pinza Para Moldes Espec\u00edficos Modelo S para Realizar Soldaduras Exot\u00e9rmicas."},"content":{"rendered":"<div style='width: 100%; max-width: 1200px; margin: 0 auto; font-family: sans-serif; line-height: 1.6; color: inherit; background-color: transparent;'>\n<div style='display: flex; flex-direction: column; gap: 30px;'>\n<div style='width: 100%;'> <img style='width: 100%; height: auto; border: 1px solid rgba(150&comma;150&comma;150&comma;0.3); border-radius: 8px;' src='https:\/\/ftp3.syscom.mx\/usuarios\/fotos\/AT5360\/95182-ap_imagen.jpg' alt=''> <\/div>\n<div style='display: flex; flex-direction: column; gap: 15px;'>\n<p style='text-align: justify; margin: 0;'> <span style='color: #f29d12; font-weight: bold;'>La soldadura exot\u00e9rmica Apliweld\u00ae<\/span> es un proceso que consigue la uni\u00f3n molecular de dos o m\u00e1s conductores met\u00e1licos mediante una reacci\u00f3n qu\u00edmica. Esta uni\u00f3n molecular mejora las propiedades mec\u00e1nicas&comma; el\u00e9ctricas y relativas a la corrosi\u00f3n respecto a cualquier uni\u00f3n mec\u00e1nica. La soldadura exot\u00e9rmica Apliweld\u00ae es el mejor modo de realizar conexiones permanentes&comma; fiables y de alta conductividad en cualquier instalaci\u00f3n que requiera toma de tierra. <\/p>\n<p style='text-align: justify; margin: 0;'> Accesorio para la sujeci\u00f3n&comma; cierre y manipulaci\u00f3n segura de los moldes en los que se especifica su uso. Es la pinza m\u00e1s utilizada&comma; v\u00e1lida para un 80% de las conexiones aproximadamente. Para soldaduras a superficie met\u00e1lica (tipo HT y HP) se recomienda el uso del accesorio AT-058N que se ajusta con la pinza AT-049N evitando p\u00e9rdidas de material. <\/p>\n<\/p><\/div>\n<div style='display: flex; flex-direction: column; gap: 15px;'>\n<h3 style='font-size: 22px; border-bottom: 2px solid currentColor; padding-bottom: 5px; margin-top: 0; color: inherit; opacity: 0.8;'> <span style='color: #f29d12;'>Caracter\u00edsticas T\u00e9cnicas:<\/span> <\/h3>\n<ul style='padding-left: 20px; font-size: 15px; color: inherit; margin: 0;'>\n<li style='margin-bottom: 5px; text-align: justify;'><strong>Dimensiones:<\/strong> 65 x 65 x 250 mm.<\/li>\n<li style='margin-bottom: 5px; text-align: justify;'><strong>Peso:<\/strong> 1.25 kg.<\/li>\n<li style='margin-bottom: 5px; text-align: justify;'><strong>Uso:<\/strong> Aproximadamente 250 soldaduras.<\/li>\n<\/ul><\/div>\n<div style='width: 100%;'>\n<div style='position: relative; padding-bottom: 56.25%; height: 0; overflow: hidden; margin-bottom: 30px;'>   <\/div>\n<\/p><\/div>\n<\/p><\/div>\n<\/p><\/div>\n","protected":false},"excerpt":{"rendered":"<p>Pinza Para Moldes Espec\u00edficos Modelo S para Realizar Soldaduras Exot\u00e9rmicas.<\/p>\n","protected":false},"featured_media":47201,"comment_status":"open","ping_status":"closed","template":"","meta":[],"product_brand":[],"product_cat":[1090],"product_tag":[1091,1239,1088],"class_list":{"0":"post-47202","1":"product","2":"type-product","3":"status-publish","4":"has-post-thumbnail","6":"product_cat-accesorios-para-tierra-fisica","7":"product_tag-accesorios-para-tierra-fisica","8":"product_tag-aplicaciones-tecnologicas","9":"product_tag-calidad-de-la-energia","11":"first","12":"instock","13":"sale","14":"shipping-taxable","15":"purchasable","16":"product-type-simple"},"_links":{"self":[{"href":"https:\/\/soydeaqui.ddns.net\/pachuca\/index.php\/wp-json\/wp\/v2\/product\/47202","targetHints":{"allow":["GET"]}}],"collection":[{"href":"https:\/\/soydeaqui.ddns.net\/pachuca\/index.php\/wp-json\/wp\/v2\/product"}],"about":[{"href":"https:\/\/soydeaqui.ddns.net\/pachuca\/index.php\/wp-json\/wp\/v2\/types\/product"}],"replies":[{"embeddable":true,"href":"https:\/\/soydeaqui.ddns.net\/pachuca\/index.php\/wp-json\/wp\/v2\/comments?post=47202"}],"wp:featuredmedia":[{"embeddable":true,"href":"https:\/\/soydeaqui.ddns.net\/pachuca\/index.php\/wp-json\/wp\/v2\/media\/47201"}],"wp:attachment":[{"href":"https:\/\/soydeaqui.ddns.net\/pachuca\/index.php\/wp-json\/wp\/v2\/media?parent=47202"}],"wp:term":[{"taxonomy":"product_brand","embeddable":true,"href":"https:\/\/soydeaqui.ddns.net\/pachuca\/index.php\/wp-json\/wp\/v2\/product_brand?post=47202"},{"taxonomy":"product_cat","embeddable":true,"href":"https:\/\/soydeaqui.ddns.net\/pachuca\/index.php\/wp-json\/wp\/v2\/product_cat?post=47202"},{"taxonomy":"product_tag","embeddable":true,"href":"https:\/\/soydeaqui.ddns.net\/pachuca\/index.php\/wp-json\/wp\/v2\/product_tag?post=47202"}],"curies":[{"name":"wp","href":"https:\/\/api.w.org\/{rel}","templated":true}]}}