{"id":47200,"date":"2026-03-18T21:01:33","date_gmt":"2026-03-18T21:01:33","guid":{"rendered":"https:\/\/soydeaqui.ddns.net\/pachuca\/index.php\/producto\/molde-de-grafito-horizontal-union-en-t-horizontal-de-cable-4-0-awg-pasante-con-cable-4-0-awg-terminal\/"},"modified":"2026-03-18T21:01:34","modified_gmt":"2026-03-18T21:01:34","slug":"molde-de-grafito-horizontal-union-en-t-horizontal-de-cable-4-0-awg-pasante-con-cable-4-0-awg-terminal","status":"publish","type":"product","link":"https:\/\/soydeaqui.ddns.net\/pachuca\/index.php\/producto\/molde-de-grafito-horizontal-union-en-t-horizontal-de-cable-4-0-awg-pasante-con-cable-4-0-awg-terminal\/","title":{"rendered":"Molde de grafito horizontal uni\u00f3n en T horizontal de cable 4\/0 AWG (pasante) con cable 4\/0 AWG (terminal)."},"content":{"rendered":"<div style='width: 100%; max-width: 1200px; margin: 0 auto; font-family: sans-serif; line-height: 1.6; color: inherit; background-color: transparent;'> <!-- Imagen principal --> <\/p>\n<div style='margin-bottom: 30px;'> <img style='width: 100%; height: auto; border: 1px solid rgba(150&comma;150&comma;150&comma;0.3); border-radius: 8px;' src='https:\/\/ftp3.syscom.mx\/usuarios\/fotos\/AT5360\/95182-ap_imagen.jpg' alt='Molde de grafito horizontal'> <\/div>\n<p> <!-- Descripci\u00f3n principal --> <\/p>\n<div style='margin-bottom: 30px;'>\n<p style='font-size: 15px; color: inherit;'> <strong style='color: inherit;'>La soldadura exot\u00e9rmica Apliweld\u00ae<\/strong> es un proceso que consigue la uni\u00f3n molecular de dos o m\u00e1s conductores met\u00e1licos mediante una reacci\u00f3n qu\u00edmica. Esta uni\u00f3n molecular mejora las propiedades mec\u00e1nicas&comma; el\u00e9ctricas y relativas a la corrosi\u00f3n respecto a cualquier uni\u00f3n mec\u00e1nica. La soldadura exot\u00e9rmica Apliweld\u00ae es el mejor modo de realizar conexiones permanentes&comma; fiables y de alta conductividad en cualquier instalaci\u00f3n que requiera toma de tierra. <\/p>\n<\/p><\/div>\n<p> <!-- Contenedor principal de especificaciones --> <\/p>\n<div style='display: flex; flex-wrap: wrap; gap: 30px; margin-bottom: 30px;'> <!-- Columna izquierda --> <\/p>\n<div style='flex: 1 1 300px; min-width: 280px;'>\n<h3 style='font-size: 22px; border-bottom: 2px solid currentColor; padding-bottom: 5px; margin-top: 0; color: inherit; opacity: 0.8;'>Especificaciones<\/h3>\n<ul style='padding-left: 20px; font-size: 15px; color: inherit;'>\n<li style='margin-bottom: 5px;'><strong style='color: inherit;'>Tipo de tableta que necesita:<\/strong> <a style='color: inherit; text-decoration: none;' href='https:\/\/www.syscom.mx\/producto\/AT-020-N-APLICACIONES-TECNOLOGICAS-95723.html' target='_blank' rel='noopener'>Tabletas de compuesto para soldadura exot\u00e9rmica (AT-020N)<\/a><\/li>\n<li style='margin-bottom: 5px;'><strong style='color: inherit;'>Cantidad de tabletas:<\/strong> 3<\/li>\n<li style='margin-bottom: 5px;'><strong style='color: inherit;'>Accesorios necesarios:<\/strong> <a style='color: inherit; text-decoration: none;' href='https:\/\/www.syscom.mx\/producto\/AT-049-N-APLICACIONES-TECNOLOGICAS-95720.html' target='_blank' rel='noopener'>Pinza para moldes espec\u00edficos modelos S (AT-049N)<\/a><\/li>\n<li style='margin-bottom: 5px;'><strong style='color: inherit;'>Uni\u00f3n tipo:<\/strong> En T horizontal<\/li>\n<li style='margin-bottom: 5px;'><strong style='color: inherit;'>Cable 1:<\/strong> Calibre 4\/0 AWG (120 mm<sup style='font-size: 12px;'>2<\/sup>)<\/li>\n<li style='margin-bottom: 5px;'><strong style='color: inherit;'>Cable 2:<\/strong> Calibre 4\/0 AWG (120 mm<sup style='font-size: 12px;'>2<\/sup>)<\/li>\n<\/ul><\/div>\n<p> <!-- Columna derecha --> <\/p>\n<div style='flex: 1 1 300px; min-width: 280px;'>\n<h3 style='font-size: 22px; border-bottom: 2px solid currentColor; padding-bottom: 5px; margin-top: 0; color: inherit; opacity: 0.8;'>Caracter\u00edsticas t\u00e9cnicas<\/h3>\n<ul style='padding-left: 20px; font-size: 15px; color: inherit;'>\n<li style='margin-bottom: 5px;'><strong style='color: inherit;'>Material:<\/strong> Grafito con tapa de acero electrogalvanizado<\/li>\n<li style='margin-bottom: 5px;'><strong style='color: inherit;'>Peso aproximado:<\/strong> 1580 gramos<\/li>\n<li style='margin-bottom: 5px;'><strong style='color: inherit;'>Dimensiones (mm):<\/strong> 80 x 80 x 140<\/li>\n<li style='margin-bottom: 5px;'><strong style='color: inherit;'>Duraci\u00f3n (N\u00b0 de soldaduras):<\/strong> 50<\/li>\n<li style='margin-bottom: 5px;'><strong style='color: inherit;'>Normativa:<\/strong> UNE 21186&comma; NF C 17-102&comma; IEC 62305<\/li>\n<\/ul><\/div>\n<\/p><\/div>\n<p> <!-- Secci\u00f3n de ignici\u00f3n --> <\/p>\n<div style='display: flex; flex-wrap: wrap; gap: 30px; margin-bottom: 30px;'> <!-- Ignici\u00f3n electr\u00f3nica --> <\/p>\n<div style='flex: 1 1 300px; min-width: 280px;'>\n<h3 style='font-size: 22px; border-bottom: 2px solid currentColor; padding-bottom: 5px; margin-top: 0; color: inherit; opacity: 0.8;'>Para ignici\u00f3n electr\u00f3nica<\/h3>\n<ul style='padding-left: 20px; font-size: 15px; color: inherit;'>\n<li style='margin-bottom: 5px;'> <a style='color: inherit; text-decoration: none;' href='https:\/\/www.syscom.mx\/producto\/AT-010-N-APLICACIONES-TECNOLOGICAS-95725.html' target='_blank' rel='noopener'>Iniciador electr\u00f3nico (AT-010N)<\/a> <\/li>\n<li style='margin-bottom: 5px;'> <a style='color: inherit; text-decoration: none;' href='https:\/\/www.syscom.mx\/producto\/AT-100-N-APLICACIONES-TECNOLOGICAS-98367.html' target='_blank' rel='noopener'>Equipo de encendido electr\u00f3nico (AT-100N)<\/a> <\/li>\n<\/ul><\/div>\n<p> <!-- Ignici\u00f3n con polvo --> <\/p>\n<div style='flex: 1 1 300px; min-width: 280px;'>\n<h3 style='font-size: 22px; border-bottom: 2px solid currentColor; padding-bottom: 5px; margin-top: 0; color: inherit; opacity: 0.8;'>Para ignici\u00f3n con polvo<\/h3>\n<ul style='padding-left: 20px; font-size: 15px; color: inherit;'>\n<li style='margin-bottom: 5px;'> <a style='color: inherit; text-decoration: none;' href='https:\/\/www.syscom.mx\/producto\/AT012N-APLICACIONES-TECNOLOGICAS-169166.html' target='_blank' rel='noopener'>Iniciadores en polvo (AT-012N)<\/a> <\/li>\n<li style='margin-bottom: 5px;'>Chisquero de ignici\u00f3n (AT-060N)<\/li>\n<\/ul><\/div>\n<\/p><\/div>\n<p> <!-- Galer\u00eda de im\u00e1genes --> <\/p>\n<div style='display: flex; flex-wrap: wrap; gap: 20px; margin-bottom: 30px;'>\n<div style='flex: 1 1 300px; min-width: 280px;'> <img style='width: 100%; height: auto; border: 1px solid rgba(150&comma;150&comma;150&comma;0.3); border-radius: 8px;' src='https:\/\/ftp3.syscom.mx\/usuarios\/fotos\/ATW40\/W40\/TH\/95730-c-c_en_t_horizontal.png' alt='Vista horizontal'> <\/div>\n<div style='flex: 1 1 300px; min-width: 280px;'> <img style='width: 100%; height: auto; border: 1px solid rgba(150&comma;150&comma;150&comma;0.3); border-radius: 8px;' src='https:\/\/ftp3.syscom.mx\/usuarios\/fotos\/ATW40\/W40\/TH\/95730-molde_en_t.png' alt='Vista detallada'> <\/div>\n<\/p><\/div>\n<p> <!-- V\u00eddeos --> <\/p>\n<div style='display: flex; flex-wrap: wrap; gap: 30px; margin-bottom: 30px;'>\n<div style='flex: 1 1 560px; min-width: 300px;'>\n<div style='position: relative; padding-bottom: 56.25%; height: 0; overflow: hidden;'>   <\/div>\n<\/p><\/div>\n<div style='flex: 1 1 560px; min-width: 300px;'>\n<div style='position: relative; padding-bottom: 56.25%; height: 0; overflow: hidden;'>   <\/div>\n<\/p><\/div>\n<\/p><\/div>\n<\/p><\/div>\n","protected":false},"excerpt":{"rendered":"<p>Molde de grafito horizontal uni\u00f3n en T horizontal de cable 4\/0 AWG (pasante) con cable 4\/0 AWG (terminal).<\/p>\n","protected":false},"featured_media":47199,"comment_status":"open","ping_status":"closed","template":"","meta":[],"product_brand":[],"product_cat":[1090],"product_tag":[1091,1239,1088],"class_list":{"0":"post-47200","1":"product","2":"type-product","3":"status-publish","4":"has-post-thumbnail","6":"product_cat-accesorios-para-tierra-fisica","7":"product_tag-accesorios-para-tierra-fisica","8":"product_tag-aplicaciones-tecnologicas","9":"product_tag-calidad-de-la-energia","11":"first","12":"instock","13":"sale","14":"shipping-taxable","15":"purchasable","16":"product-type-simple"},"_links":{"self":[{"href":"https:\/\/soydeaqui.ddns.net\/pachuca\/index.php\/wp-json\/wp\/v2\/product\/47200","targetHints":{"allow":["GET"]}}],"collection":[{"href":"https:\/\/soydeaqui.ddns.net\/pachuca\/index.php\/wp-json\/wp\/v2\/product"}],"about":[{"href":"https:\/\/soydeaqui.ddns.net\/pachuca\/index.php\/wp-json\/wp\/v2\/types\/product"}],"replies":[{"embeddable":true,"href":"https:\/\/soydeaqui.ddns.net\/pachuca\/index.php\/wp-json\/wp\/v2\/comments?post=47200"}],"wp:featuredmedia":[{"embeddable":true,"href":"https:\/\/soydeaqui.ddns.net\/pachuca\/index.php\/wp-json\/wp\/v2\/media\/47199"}],"wp:attachment":[{"href":"https:\/\/soydeaqui.ddns.net\/pachuca\/index.php\/wp-json\/wp\/v2\/media?parent=47200"}],"wp:term":[{"taxonomy":"product_brand","embeddable":true,"href":"https:\/\/soydeaqui.ddns.net\/pachuca\/index.php\/wp-json\/wp\/v2\/product_brand?post=47200"},{"taxonomy":"product_cat","embeddable":true,"href":"https:\/\/soydeaqui.ddns.net\/pachuca\/index.php\/wp-json\/wp\/v2\/product_cat?post=47200"},{"taxonomy":"product_tag","embeddable":true,"href":"https:\/\/soydeaqui.ddns.net\/pachuca\/index.php\/wp-json\/wp\/v2\/product_tag?post=47200"}],"curies":[{"name":"wp","href":"https:\/\/api.w.org\/{rel}","templated":true}]}}