{"id":4720,"date":"2026-03-18T06:22:30","date_gmt":"2026-03-18T06:22:30","guid":{"rendered":"https:\/\/soydeaqui.ddns.net\/pachuca\/index.php\/producto\/pir-para-exteriores-inteligente-de-30-x-20-m-con-algoritmo-de-deteccion-avanzado\/"},"modified":"2026-03-18T06:22:30","modified_gmt":"2026-03-18T06:22:30","slug":"pir-para-exteriores-inteligente-de-30-x-20-m-con-algoritmo-de-deteccion-avanzado","status":"publish","type":"product","link":"https:\/\/soydeaqui.ddns.net\/pachuca\/index.php\/producto\/pir-para-exteriores-inteligente-de-30-x-20-m-con-algoritmo-de-deteccion-avanzado\/","title":{"rendered":"PIR para exteriores inteligente de 30 x 20 m con algoritmo de detecci\u00f3n avanzado"},"content":{"rendered":"<div style='width: 100%; max-width: 1200px; margin: 0 auto; font-family: sans-serif; line-height: 1.6; color: inherit; background-color: transparent;'>\n<div style='display: flex; flex-wrap: wrap; gap: 30px; margin-bottom: 30px;'>\n<div style='flex: 1 1 300px; min-width: 280px;'>\n<h3 style='font-size: 22px; border-bottom: 2px solid currentColor; padding-bottom: 5px; margin-top: 0; color: inherit; opacity: 0.8;'>Detalles del producto<\/h3>\n<p style='font-size: 15px; color: inherit; margin-bottom: 15px;'>El SIP-3020 forma parte de la serie Redwall de sensores de movimiento PIR de largo alcance dise\u00f1ados para activar sistemas CCTV y verificaci\u00f3n visual. Este modelo proporciona un alcance de detecci\u00f3n de 30 x 20 metros (largo x ancho) que resulta ideal para zonas de tama\u00f1o peque\u00f1o y mediano. El SIP 3020 cuenta con un sistema de detecci\u00f3n inteligente que utiliza datos del entorno ambiental&comma; como las condiciones de temperatura e iluminaci\u00f3n&comma; para ajustar de forma autom\u00e1tica la sensibilidad. Los mecanismos que ofrecen una f\u00e1cil instalaci\u00f3n permiten el ajuste preciso del \u00e1rea de detecci\u00f3n en la configuraci\u00f3n&comma; proporcionando as\u00ed un funcionamiento m\u00e1s fiable.<\/p>\n<h3 style='font-size: 18px; border-bottom: 2px solid currentColor; padding-bottom: 5px; margin-top: 20px; margin-bottom: 15px; color: inherit; opacity: 0.8;'>Dise\u00f1ado para activar los sistemas CCTV<\/h3>\n<p style='font-size: 15px; color: inherit; margin-bottom: 15px;'>Los sensores de movimiento REDWALL SIP est\u00e1n dise\u00f1ados para conectarse a c\u00e1maras PTZ o fijas y activar el sistema CCTV cuando ocurre una intrusi\u00f3n. El SIP-3020\/4010\/404 tiene dos zonas de detecci\u00f3n independientes (zonas de lejos y cerca) con selecci\u00f3n de sensibilidad independiente que puede activar c\u00e1maras preestablecidas y proporcionar la mejor vista de la escena al personal de seguridad local o en las estaciones remotas de supervisi\u00f3n.<\/p>\n<h3 style='font-size: 18px; border-bottom: 2px solid currentColor; padding-bottom: 5px; margin-top: 20px; margin-bottom: 15px; color: inherit; opacity: 0.8;'>Resistente a la intemperie y al vandalismo<\/h3>\n<p style='font-size: 15px; color: inherit; margin-bottom: 0;'>Los sensores de movimiento REDWALL SIP est\u00e1n dise\u00f1ados para utilizarse en entornos exteriores exigentes. La sensibilidad se puede ajustar autom\u00e1ticamente a la iluminaci\u00f3n y la temperatura ambientes&comma; y cuentan con clasificaci\u00f3n IP65 para la unidad principal. Los detectores de intrusiones de largo alcance SIP son resistentes al vandalismo ya que cuentan con una carcasa de policarbonato y funci\u00f3n de antienmascaramiento&comma; adem\u00e1s de tener un aceler\u00f3metro para detectar si se ha modificado o no la posici\u00f3n del sensor.<\/p>\n<\/p><\/div>\n<\/p><\/div>\n<hr style='border: 0; border-top: 1px solid rgba(150&comma; 150&comma; 150&comma; 0.3); margin: 30px 0;'> <\/div>\n","protected":false},"excerpt":{"rendered":"<p>PIR para exteriores inteligente de 30 x 20 m con algoritmo de detecci\u00f3n avanzado<\/p>\n","protected":false},"featured_media":4719,"comment_status":"open","ping_status":"closed","template":"","meta":[],"product_brand":[],"product_cat":[202],"product_tag":[19,203,106],"class_list":{"0":"post-4720","1":"product","2":"type-product","3":"status-publish","4":"has-post-thumbnail","6":"product_cat-movimiento-para-exterior","7":"product_tag-detectores-sensores","8":"product_tag-movimiento-para-exterior","9":"product_tag-optex","11":"first","12":"outofstock","13":"sale","14":"shipping-taxable","15":"purchasable","16":"product-type-simple"},"_links":{"self":[{"href":"https:\/\/soydeaqui.ddns.net\/pachuca\/index.php\/wp-json\/wp\/v2\/product\/4720","targetHints":{"allow":["GET"]}}],"collection":[{"href":"https:\/\/soydeaqui.ddns.net\/pachuca\/index.php\/wp-json\/wp\/v2\/product"}],"about":[{"href":"https:\/\/soydeaqui.ddns.net\/pachuca\/index.php\/wp-json\/wp\/v2\/types\/product"}],"replies":[{"embeddable":true,"href":"https:\/\/soydeaqui.ddns.net\/pachuca\/index.php\/wp-json\/wp\/v2\/comments?post=4720"}],"wp:featuredmedia":[{"embeddable":true,"href":"https:\/\/soydeaqui.ddns.net\/pachuca\/index.php\/wp-json\/wp\/v2\/media\/4719"}],"wp:attachment":[{"href":"https:\/\/soydeaqui.ddns.net\/pachuca\/index.php\/wp-json\/wp\/v2\/media?parent=4720"}],"wp:term":[{"taxonomy":"product_brand","embeddable":true,"href":"https:\/\/soydeaqui.ddns.net\/pachuca\/index.php\/wp-json\/wp\/v2\/product_brand?post=4720"},{"taxonomy":"product_cat","embeddable":true,"href":"https:\/\/soydeaqui.ddns.net\/pachuca\/index.php\/wp-json\/wp\/v2\/product_cat?post=4720"},{"taxonomy":"product_tag","embeddable":true,"href":"https:\/\/soydeaqui.ddns.net\/pachuca\/index.php\/wp-json\/wp\/v2\/product_tag?post=4720"}],"curies":[{"name":"wp","href":"https:\/\/api.w.org\/{rel}","templated":true}]}}