{"id":47190,"date":"2026-03-18T21:01:16","date_gmt":"2026-03-18T21:01:16","guid":{"rendered":"https:\/\/soydeaqui.ddns.net\/pachuca\/index.php\/producto\/kit-de-molde-multiple-para-40-a-60-soldaduras-exotermicas-para-cable-hasta-3-0-awg-y-varilla-5-8\/"},"modified":"2026-03-18T21:01:17","modified_gmt":"2026-03-18T21:01:17","slug":"kit-de-molde-multiple-para-40-a-60-soldaduras-exotermicas-para-cable-hasta-3-0-awg-y-varilla-5-8","status":"publish","type":"product","link":"https:\/\/soydeaqui.ddns.net\/pachuca\/index.php\/producto\/kit-de-molde-multiple-para-40-a-60-soldaduras-exotermicas-para-cable-hasta-3-0-awg-y-varilla-5-8\/","title":{"rendered":"Kit de Molde M\u00faltiple para 40 a 60 Soldaduras Exot\u00e9rmicas para Cable hasta 3\/0 AWG y Varilla 5\/8."},"content":{"rendered":"<div style='width: 100%; max-width: 1200px; margin: 0 auto; font-family: sans-serif; line-height: 1.6; color: inherit; background-color: transparent;'> <!-- Imagen principal --> <\/p>\n<div style='margin-bottom: 30px;'> <img style='width: 100%; height: auto; border: 1px solid rgba(150&comma;150&comma;150&comma;0.3); border-radius: 8px;' src='https:\/\/ftp3.syscom.mx\/usuarios\/fotos\/AT5360\/95182-ap_imagen.jpg' alt=''> <\/div>\n<p> <!-- Descripci\u00f3n general --> <\/p>\n<div style='margin-bottom: 30px;'>\n<p style='text-align: justify; font-size: 15px; color: inherit;'> <strong style='color: #f29d12;'>La soldadura exot\u00e9rmica Apliweld\u00ae<\/strong> es un proceso que consigue la uni\u00f3n molecular de dos o m\u00e1s conductores met\u00e1licos mediante una reacci\u00f3n qu\u00edmica. Esta uni\u00f3n molecular mejora las propiedades mec\u00e1nicas&comma; el\u00e9ctricas y relativas a la corrosi\u00f3n respecto a cualquier uni\u00f3n mec\u00e1nica. La soldadura exot\u00e9rmica Apliweld\u00ae es el mejor modo de realizar conexiones permanentes&comma; fiables y de alta conductividad en cualquier instalaci\u00f3n que requiera toma de tierra. <\/p>\n<\/p><\/div>\n<p> <!-- Ventajas --> <\/p>\n<div style='margin-bottom: 30px;'>\n<h3 style='font-size: 22px; border-bottom: 2px solid currentColor; padding-bottom: 5px; margin-top: 0; color: inherit; opacity: 0.8;'>Ventajas<\/h3>\n<ul style='padding-left: 20px; font-size: 15px; color: inherit;'>\n<li style='margin-bottom: 5px;'><span style='color: inherit;'>Uniones perfectas<\/span><\/li>\n<li style='margin-bottom: 5px;'><span style='color: inherit;'>Ahorro en costos<\/span><\/li>\n<li style='margin-bottom: 5px;'><span style='color: inherit;'>Mejora la seguridad laboral<\/span><\/li>\n<\/ul><\/div>\n<p> <!-- Informaci\u00f3n de uso --> <\/p>\n<div style='margin-bottom: 30px;'>\n<p style='font-size: 15px; color: inherit;'> El kit de soldadura incluye un maletin de trabajo con los accesorios necesarios para realizar de 40 a 60 soldaduras variadas como Cruz&comma; Tipo T&comma; L\u00edneal&comma; etc. <\/p>\n<\/p><\/div>\n<p> <!-- Requerimientos --> <\/p>\n<div style='margin-bottom: 30px;'>\n<h3 style='font-size: 22px; border-bottom: 2px solid currentColor; padding-bottom: 5px; margin-top: 0; color: inherit; opacity: 0.8;'>Requerimientos<\/h3>\n<ul style='padding-left: 20px; font-size: 15px; color: inherit;'>\n<li style='margin-bottom: 5px;'><strong>Tipo de Tableta que necesita:<\/strong> <a style='color: #f29d12; text-decoration: none;' href='https:\/\/www.syscom.mx\/producto\/AT020N-APLICACIONES-TECNOLOGICAS-95723.html'>AT-020N<\/a> <strong>(No incluida)<\/strong><\/li>\n<li style='margin-bottom: 5px;'><strong>Iniciador manual:<\/strong> <a style='color: #f29d12; text-decoration: none;' href='https:\/\/www.syscom.mx\/producto\/AT012N-APLICACIONES-TECNOLOGICAS-97191.html'>AT012N<\/a> <strong>(No incluida)<\/strong><\/li>\n<li style='margin-bottom: 5px;'><strong>Cantidad de Tabletas:<\/strong> Var\u00eda dependiendo de la uni\u00f3n <a style='color: inherit; text-decoration: none;' href='https:\/\/ftp3.syscom.mx\/usuarios\/ftp\/2017\/09\/27\/b5ca8\/Manual%20Apliweld%20Interactivo.pdf'>(Ver Manual)<\/a><\/li>\n<li style='margin-bottom: 5px;'><strong>Uni\u00f3n tipo:<\/strong> Variable <a style='color: inherit; text-decoration: none;' href='https:\/\/ftp3.syscom.mx\/usuarios\/ftp\/2017\/09\/27\/b5ca8\/Manual%20Apliweld%20Interactivo.pdf'>(Ver Manual)<\/a><\/li>\n<\/ul><\/div>\n<p> <!-- Tabla de referencias --> <\/p>\n<div style='margin-bottom: 30px;'>\n<h3 style='font-size: 22px; border-bottom: 2px solid currentColor; padding-bottom: 5px; margin-top: 0; color: inherit; opacity: 0.8;'>Referencias incluidas en cada maleta MM-CTX<\/h3>\n<div style='overflow-x: auto;'>\n<table style='width: 100%; border-collapse: collapse; border: 1px solid rgba(150&comma;150&comma;150&comma;0.3); margin-top: 15px;'>\n<thead>\n<tr>\n<th style='border: 1px solid rgba(150&comma;150&comma;150&comma;0.3); padding: 10px; text-align: center; background-color: rgba(150&comma;150&comma;150&comma;0.1); color: inherit;'><strong>C\u00f3digo<\/strong><\/th>\n<th style='border: 1px solid rgba(150&comma;150&comma;150&comma;0.3); padding: 10px; text-align: center; background-color: rgba(150&comma;150&comma;150&comma;0.1); color: inherit;'><strong>Descripci\u00f3n<\/strong><\/th>\n<th style='border: 1px solid rgba(150&comma;150&comma;150&comma;0.3); padding: 10px; text-align: center; background-color: rgba(150&comma;150&comma;150&comma;0.1); color: inherit;'><strong>Unidades<\/strong><\/th>\n<\/tr>\n<\/thead>\n<tbody>\n<tr>\n<td style='border: 1px solid rgba(150&comma;150&comma;150&comma;0.3); padding: 8px; text-align: center; color: inherit;'>MM-PTX<\/td>\n<td style='border: 1px solid rgba(150&comma;150&comma;150&comma;0.3); padding: 8px; text-align: left; color: inherit;'>Pieza inferior para pica de di\u00e1metro X (*)<\/td>\n<td style='border: 1px solid rgba(150&comma;150&comma;150&comma;0.3); padding: 8px; text-align: center; color: inherit;'>1<\/td>\n<\/tr>\n<tr>\n<td style='border: 1px solid rgba(150&comma;150&comma;150&comma;0.3); padding: 8px; text-align: center; color: inherit;'>MM-053N<\/td>\n<td style='border: 1px solid rgba(150&comma;150&comma;150&comma;0.3); padding: 8px; text-align: left; color: inherit;'>Pinza molde m\u00faltiple<\/td>\n<td style='border: 1px solid rgba(150&comma;150&comma;150&comma;0.3); padding: 8px; text-align: center; color: inherit;'>1<\/td>\n<\/tr>\n<tr>\n<td style='border: 1px solid rgba(150&comma;150&comma;150&comma;0.3); padding: 8px; text-align: center; color: inherit;'>MM-T<\/td>\n<td style='border: 1px solid rgba(150&comma;150&comma;150&comma;0.3); padding: 8px; text-align: left; color: inherit;'>Tolva molde m\u00faltiple<\/td>\n<td style='border: 1px solid rgba(150&comma;150&comma;150&comma;0.3); padding: 8px; text-align: center; color: inherit;'>1<\/td>\n<\/tr>\n<tr>\n<td style='border: 1px solid rgba(150&comma;150&comma;150&comma;0.3); padding: 8px; text-align: center; color: inherit;'>MM-PH<\/td>\n<td style='border: 1px solid rgba(150&comma;150&comma;150&comma;0.3); padding: 8px; text-align: left; color: inherit;'>Pieza inferior para soldar cables y pletinas<\/td>\n<td style='border: 1px solid rgba(150&comma;150&comma;150&comma;0.3); padding: 8px; text-align: center; color: inherit;'>1<\/td>\n<\/tr>\n<tr>\n<td style='border: 1px solid rgba(150&comma;150&comma;150&comma;0.3); padding: 8px; text-align: center; color: inherit;'>MM-CS<\/td>\n<td style='border: 1px solid rgba(150&comma;150&comma;150&comma;0.3); padding: 8px; text-align: left; color: inherit;'>Conjunto 60 selladores de c\u00e1mara<\/td>\n<td style='border: 1px solid rgba(150&comma;150&comma;150&comma;0.3); padding: 8px; text-align: center; color: inherit;'>2<\/td>\n<\/tr>\n<tr>\n<td style='border: 1px solid rgba(150&comma;150&comma;150&comma;0.3); padding: 8px; text-align: center; color: inherit;'>AT-080N<\/td>\n<td style='border: 1px solid rgba(150&comma;150&comma;150&comma;0.3); padding: 8px; text-align: left; color: inherit;'>Maleta molde m\u00faltiple<\/td>\n<td style='border: 1px solid rgba(150&comma;150&comma;150&comma;0.3); padding: 8px; text-align: center; color: inherit;'>1<\/td>\n<\/tr>\n<tr>\n<td style='border: 1px solid rgba(150&comma;150&comma;150&comma;0.3); padding: 8px; text-align: center; color: inherit;'>AT-060N<\/td>\n<td style='border: 1px solid rgba(150&comma;150&comma;150&comma;0.3); padding: 8px; text-align: left; color: inherit;'>Chisquero de ignici\u00f3n (para iniciador en polvo)<\/td>\n<td style='border: 1px solid rgba(150&comma;150&comma;150&comma;0.3); padding: 8px; text-align: center; color: inherit;'>1<\/td>\n<\/tr>\n<tr>\n<td style='border: 1px solid rgba(150&comma;150&comma;150&comma;0.3); padding: 8px; text-align: center; color: inherit;'>AT-061N<\/td>\n<td style='border: 1px solid rgba(150&comma;150&comma;150&comma;0.3); padding: 8px; text-align: left; color: inherit;'>Cepillo limpieza de conductores<\/td>\n<td style='border: 1px solid rgba(150&comma;150&comma;150&comma;0.3); padding: 8px; text-align: center; color: inherit;'>1<\/td>\n<\/tr>\n<tr>\n<td style='border: 1px solid rgba(150&comma;150&comma;150&comma;0.3); padding: 8px; text-align: center; color: inherit;'>AT-062N<\/td>\n<td style='border: 1px solid rgba(150&comma;150&comma;150&comma;0.3); padding: 8px; text-align: left; color: inherit;'>Cepillo limpieza tolva y alojamiento del iniciador electr\u00f3nico<\/td>\n<td style='border: 1px solid rgba(150&comma;150&comma;150&comma;0.3); padding: 8px; text-align: center; color: inherit;'>1<\/td>\n<\/tr>\n<tr>\n<td style='border: 1px solid rgba(150&comma;150&comma;150&comma;0.3); padding: 8px; text-align: center; color: inherit;'>AT-063N<\/td>\n<td style='border: 1px solid rgba(150&comma;150&comma;150&comma;0.3); padding: 8px; text-align: left; color: inherit;'>Paleta rascamoldes para eliminaci\u00f3n de la escoria<\/td>\n<td style='border: 1px solid rgba(150&comma;150&comma;150&comma;0.3); padding: 8px; text-align: center; color: inherit;'>1<\/td>\n<\/tr>\n<tr>\n<td style='border: 1px solid rgba(150&comma;150&comma;150&comma;0.3); padding: 8px; text-align: center; color: inherit;'>AT-064N<\/td>\n<td style='border: 1px solid rgba(150&comma;150&comma;150&comma;0.3); padding: 8px; text-align: left; color: inherit;'>Pincel limpieza c\u00e1mara de soldadura<\/td>\n<td style='border: 1px solid rgba(150&comma;150&comma;150&comma;0.3); padding: 8px; text-align: center; color: inherit;'>1<\/td>\n<\/tr>\n<tr>\n<td style='border: 1px solid rgba(150&comma;150&comma;150&comma;0.3); padding: 8px; text-align: center; color: inherit;'>AT-065N<\/td>\n<td style='border: 1px solid rgba(150&comma;150&comma;150&comma;0.3); padding: 8px; text-align: left; color: inherit;'>Pasta de sellado para impedir fudas de material fuera del molde<\/td>\n<td style='border: 1px solid rgba(150&comma;150&comma;150&comma;0.3); padding: 8px; text-align: center; color: inherit;'>1<\/td>\n<\/tr>\n<tr>\n<td style='border: 1px solid rgba(150&comma;150&comma;150&comma;0.3); padding: 8px; text-align: center; color: inherit;'>AT-073N<\/td>\n<td style='border: 1px solid rgba(150&comma;150&comma;150&comma;0.3); padding: 8px; text-align: left; color: inherit;'>Guantes de trabajo<\/td>\n<td style='border: 1px solid rgba(150&comma;150&comma;150&comma;0.3); padding: 8px; text-align: center; color: inherit;'>1<\/td>\n<\/tr>\n<tr>\n<td style='border: 1px solid rgba(150&comma;150&comma;150&comma;0.3); padding: 8px; text-align: center; color: inherit;'>AT-082N<\/td>\n<td style='border: 1px solid rgba(150&comma;150&comma;150&comma;0.3); padding: 8px; text-align: left; color: inherit;'>Tenaza soporte para soldadura a pica<\/td>\n<td style='border: 1px solid rgba(150&comma;150&comma;150&comma;0.3); padding: 8px; text-align: center; color: inherit;'>1<\/td>\n<\/tr>\n<\/tbody>\n<\/table><\/div>\n<p style='font-size: 12px; color: inherit; margin-top: 15px;'> (*) X puede ser 14&comma; 16&comma; 17&comma; 18 y 19.<br \/> Todas las piezas pueden adquirirse por separado o como recambio. <\/p>\n<\/p><\/div>\n<p> <!-- Video --> <\/p>\n<div style='margin-bottom: 30px;'>\n<div style='position: relative; padding-bottom: 56.25%; height: 0; overflow: hidden;'>   <\/div>\n<\/p><\/div>\n<\/p><\/div>\n","protected":false},"excerpt":{"rendered":"<p>Kit de Molde M\u00faltiple para 40 a 60 Soldaduras Exot\u00e9rmicas para Cable hasta 3\/0 AWG y Varilla 5\/8.<\/p>\n","protected":false},"featured_media":47189,"comment_status":"open","ping_status":"closed","template":"","meta":[],"product_brand":[],"product_cat":[1090],"product_tag":[1091,1239,1088],"class_list":{"0":"post-47190","1":"product","2":"type-product","3":"status-publish","4":"has-post-thumbnail","6":"product_cat-accesorios-para-tierra-fisica","7":"product_tag-accesorios-para-tierra-fisica","8":"product_tag-aplicaciones-tecnologicas","9":"product_tag-calidad-de-la-energia","11":"first","12":"instock","13":"sale","14":"shipping-taxable","15":"purchasable","16":"product-type-simple"},"_links":{"self":[{"href":"https:\/\/soydeaqui.ddns.net\/pachuca\/index.php\/wp-json\/wp\/v2\/product\/47190","targetHints":{"allow":["GET"]}}],"collection":[{"href":"https:\/\/soydeaqui.ddns.net\/pachuca\/index.php\/wp-json\/wp\/v2\/product"}],"about":[{"href":"https:\/\/soydeaqui.ddns.net\/pachuca\/index.php\/wp-json\/wp\/v2\/types\/product"}],"replies":[{"embeddable":true,"href":"https:\/\/soydeaqui.ddns.net\/pachuca\/index.php\/wp-json\/wp\/v2\/comments?post=47190"}],"wp:featuredmedia":[{"embeddable":true,"href":"https:\/\/soydeaqui.ddns.net\/pachuca\/index.php\/wp-json\/wp\/v2\/media\/47189"}],"wp:attachment":[{"href":"https:\/\/soydeaqui.ddns.net\/pachuca\/index.php\/wp-json\/wp\/v2\/media?parent=47190"}],"wp:term":[{"taxonomy":"product_brand","embeddable":true,"href":"https:\/\/soydeaqui.ddns.net\/pachuca\/index.php\/wp-json\/wp\/v2\/product_brand?post=47190"},{"taxonomy":"product_cat","embeddable":true,"href":"https:\/\/soydeaqui.ddns.net\/pachuca\/index.php\/wp-json\/wp\/v2\/product_cat?post=47190"},{"taxonomy":"product_tag","embeddable":true,"href":"https:\/\/soydeaqui.ddns.net\/pachuca\/index.php\/wp-json\/wp\/v2\/product_tag?post=47190"}],"curies":[{"name":"wp","href":"https:\/\/api.w.org\/{rel}","templated":true}]}}