{"id":47121,"date":"2026-03-18T20:59:04","date_gmt":"2026-03-18T20:59:04","guid":{"rendered":"https:\/\/soydeaqui.ddns.net\/pachuca\/index.php\/producto\/controlador-solar-mppt-40a-12-24v-maximo-voltaje-de-circuito-abierto-voc-150vcc-parametros-configurables\/"},"modified":"2026-03-18T20:59:11","modified_gmt":"2026-03-18T20:59:11","slug":"controlador-solar-mppt-40a-12-24v-maximo-voltaje-de-circuito-abierto-voc-150vcc-parametros-configurables","status":"publish","type":"product","link":"https:\/\/soydeaqui.ddns.net\/pachuca\/index.php\/producto\/controlador-solar-mppt-40a-12-24v-maximo-voltaje-de-circuito-abierto-voc-150vcc-parametros-configurables\/","title":{"rendered":"Controlador Solar MPPT 40A 12\/24V, M\u00e1ximo Voltaje de Circuito Abierto Voc 150Vcc, Par\u00e1metros Configurables"},"content":{"rendered":"<div style='width: 100%; max-width: 1200px; margin: 0 auto; font-family: sans-serif; line-height: 1.6; color: inherit; background-color: transparent;'>\n<div style='display: flex; flex-wrap: wrap; gap: 30px; margin-bottom: 30px;'>\n<div style='flex: 1 1 300px; min-width: 280px;'>\n<h3 style='font-size: 22px; border-bottom: 2px solid currentColor; padding-bottom: 5px; margin-top: 0; color: inherit; opacity: 0.8;'>Caracter\u00edsticas Principales<\/h3>\n<ul style='padding-left: 20px; font-size: 15px; color: inherit;'>\n<li style='margin-bottom: 5px;'>Controlador con Tecnolog\u00eda Avanzada MPPT&comma; tierra negativo com\u00fan<\/li>\n<li style='margin-bottom: 5px;'>Dise\u00f1o de aluminio fundido a presi\u00f3n<\/li>\n<li style='margin-bottom: 5px;'>Amplio rango de voltaje de operaci\u00f3n MPP<\/li>\n<li style='margin-bottom: 5px;'>M\u00faltiples modos de control de carga<\/li>\n<li style='margin-bottom: 5px;'>Con la interfaz del bus de comunicaci\u00f3n RS-485<\/li>\n<li style='margin-bottom: 5px;'>Amplia protecci\u00f3n electr\u00f3nica<\/li>\n<\/ul><\/div>\n<div style='flex: 1 1 300px; min-width: 280px;'>\n<h3 style='font-size: 22px; border-bottom: 2px solid currentColor; padding-bottom: 5px; margin-top: 0; color: inherit; opacity: 0.8;'>Especificaciones T\u00e9cnicas<\/h3>\n<ul style='padding-left: 20px; font-size: 15px; color: inherit;'>\n<li style='margin-bottom: 5px;'><strong>Voltaje Nominal:<\/strong> 12\/24V<\/li>\n<li style='margin-bottom: 5px;'><strong>Corriente de bater\u00edas:<\/strong> 40A<\/li>\n<li style='margin-bottom: 5px;'><strong>Corriente de descarga (Salida Load):<\/strong> 20A<\/li>\n<li style='margin-bottom: 5px;'><strong>Rango de Voltaje MPPT:<\/strong> 2-108V<\/li>\n<li style='margin-bottom: 5px;'><strong>Capacidad M\u00e1x. del sistema Fotovoltaico:<\/strong> 520W (12V) \/ 1040W (24V)<\/li>\n<\/ul><\/div>\n<div style='flex: 1 1 300px; min-width: 280px;'>\n<h3 style='font-size: 22px; border-bottom: 2px solid currentColor; padding-bottom: 5px; margin-top: 0; color: inherit; opacity: 0.8;'>Caracter\u00edsticas de Carga<\/h3>\n<ul style='padding-left: 20px; font-size: 15px; color: inherit;'>\n<li style='margin-bottom: 5px;'>Tecnolog\u00eda MPPT con preciso seguimiento del punto de m\u00e1xima potencia<\/li>\n<li style='margin-bottom: 5px;'>Disipador de aluminio que incrementa la disipaci\u00f3n de calor<\/li>\n<li style='margin-bottom: 5px;'>Soporta 4 opciones de carga de bater\u00edas: Selladas&comma; Gel&comma; Inundadas&comma; Usuario<\/li>\n<li style='margin-bottom: 5px;'>Funci\u00f3n de compensaci\u00f3n de temperatura de las bater\u00edas<\/li>\n<li style='margin-bottom: 5px;'>Interfaz de comunicaci\u00f3n RS-485<\/li>\n<li style='margin-bottom: 5px;'>Disponible monitoreo por PC y display externo MT-50<\/li>\n<\/ul><\/div>\n<div style='flex: 1 1 300px; min-width: 280px;'>\n<h3 style='font-size: 22px; border-bottom: 2px solid currentColor; padding-bottom: 5px; margin-top: 0; color: inherit; opacity: 0.8;'>Protecciones<\/h3>\n<ul style='padding-left: 20px; font-size: 15px; color: inherit;'>\n<li style='margin-bottom: 5px;'>Cortocircuito en PV<\/li>\n<li style='margin-bottom: 5px;'>Sobrecorriente en PV<\/li>\n<li style='margin-bottom: 5px;'>Polaridad invertida en PV<\/li>\n<li style='margin-bottom: 5px;'>Sobrevoltaje en bater\u00edas<\/li>\n<li style='margin-bottom: 5px;'>Sobre descarga en bater\u00edas<\/li>\n<li style='margin-bottom: 5px;'>Cortocircuito en carga<\/li>\n<li style='margin-bottom: 5px;'>Sobre temperatura del controlador<\/li>\n<\/ul><\/div>\n<\/p><\/div>\n<div style='display: flex; flex-wrap: wrap; gap: 20px; margin-bottom: 30px;'>\n<div style='flex: 1 1 250px; border: 1px solid rgba(150&comma; 150&comma; 150&comma; 0.4); border-radius: 8px; overflow: hidden; display: flex; flex-direction: column;'>\n<div style='padding: 15px; border-bottom: 1px solid rgba(150&comma; 150&comma; 150&comma; 0.2); font-weight: bold; font-size: 18px; color: inherit;'>Accesorios Recomendados<\/div>\n<div style='padding: 15px; color: inherit;'>\n<ul style='padding-left: 20px; margin: 0; font-size: 14px; list-style-type: disc;'>\n<li style='margin-bottom: 5px;'><a href='https:\/\/www.syscom.mx\/producto\/MT-50-EPEVER-81070.html' style='color: inherit; text-decoration: none; font-weight: bold;'>MT-50<\/a> Monitor remoto para controladores EPEVER.<\/li>\n<li style='margin-bottom: 5px;'><a href='https:\/\/www.syscom.mx\/producto\/CC-USB-485-150U-EPEVER-78229.html' style='color: inherit; text-decoration: none; font-weight: bold;'>CC-USB-485-150U<\/a> Cable de comunicaci\u00f3n para controladores EPEVER.<\/li>\n<\/ul><\/div>\n<\/p><\/div>\n<div style='flex: 1 1 250px; border: 1px solid rgba(150&comma; 150&comma; 150&comma; 0.4); border-radius: 8px; overflow: hidden; display: flex; flex-direction: column;'>\n<div style='padding: 15px; border-bottom: 1px solid rgba(150&comma; 150&comma; 150&comma; 0.2); font-weight: bold; font-size: 18px; color: inherit;'>Informaci\u00f3n Adicional<\/div>\n<div style='padding: 15px; color: inherit;'>\n<ul style='padding-left: 20px; margin: 0; font-size: 14px; list-style-type: disc;'>\n<li style='margin-bottom: 5px;'><strong>Configuraci\u00f3n:<\/strong> Requiere monitor o cable de comunicaci\u00f3n EPEVER<\/li>\n<li style='margin-bottom: 5px;'><strong>Compatibilidad:<\/strong> No compatible con bater\u00edas de litio<\/li>\n<li style='margin-bottom: 5px;'><strong>Consultar:<\/strong> Tiempo de entrega<\/li>\n<\/ul><\/div>\n<\/p><\/div>\n<\/p><\/div>\n<hr style='border: 0; border-top: 1px solid rgba(150&comma; 150&comma; 150&comma; 0.3); margin: 30px 0;'> <\/div>\n","protected":false},"excerpt":{"rendered":"<p>Controlador Solar MPPT 40A 12\/24V, M\u00e1ximo Voltaje de Circuito Abierto Voc 150Vcc, Par\u00e1metros Configurables<\/p>\n","protected":false},"featured_media":47120,"comment_status":"open","ping_status":"closed","template":"","meta":[],"product_brand":[],"product_cat":[1117],"product_tag":[1118,964,1182],"class_list":{"0":"post-47121","1":"product","2":"type-product","3":"status-publish","4":"has-post-thumbnail","6":"product_cat-controladores-de-carga-mppt","7":"product_tag-controladores-de-carga-mppt","8":"product_tag-energia-solar","9":"product_tag-epever","11":"first","12":"instock","13":"sale","14":"shipping-taxable","15":"purchasable","16":"product-type-simple"},"_links":{"self":[{"href":"https:\/\/soydeaqui.ddns.net\/pachuca\/index.php\/wp-json\/wp\/v2\/product\/47121","targetHints":{"allow":["GET"]}}],"collection":[{"href":"https:\/\/soydeaqui.ddns.net\/pachuca\/index.php\/wp-json\/wp\/v2\/product"}],"about":[{"href":"https:\/\/soydeaqui.ddns.net\/pachuca\/index.php\/wp-json\/wp\/v2\/types\/product"}],"replies":[{"embeddable":true,"href":"https:\/\/soydeaqui.ddns.net\/pachuca\/index.php\/wp-json\/wp\/v2\/comments?post=47121"}],"wp:featuredmedia":[{"embeddable":true,"href":"https:\/\/soydeaqui.ddns.net\/pachuca\/index.php\/wp-json\/wp\/v2\/media\/47120"}],"wp:attachment":[{"href":"https:\/\/soydeaqui.ddns.net\/pachuca\/index.php\/wp-json\/wp\/v2\/media?parent=47121"}],"wp:term":[{"taxonomy":"product_brand","embeddable":true,"href":"https:\/\/soydeaqui.ddns.net\/pachuca\/index.php\/wp-json\/wp\/v2\/product_brand?post=47121"},{"taxonomy":"product_cat","embeddable":true,"href":"https:\/\/soydeaqui.ddns.net\/pachuca\/index.php\/wp-json\/wp\/v2\/product_cat?post=47121"},{"taxonomy":"product_tag","embeddable":true,"href":"https:\/\/soydeaqui.ddns.net\/pachuca\/index.php\/wp-json\/wp\/v2\/product_tag?post=47121"}],"curies":[{"name":"wp","href":"https:\/\/api.w.org\/{rel}","templated":true}]}}