{"id":47116,"date":"2026-03-18T20:58:56","date_gmt":"2026-03-18T20:58:56","guid":{"rendered":"https:\/\/soydeaqui.ddns.net\/pachuca\/index.php\/producto\/controlador-solar-mppt-30a-12-24v-maximo-voltaje-de-circuito-abierto-voc-150vcc-parametros-configurables\/"},"modified":"2026-03-18T20:59:02","modified_gmt":"2026-03-18T20:59:02","slug":"controlador-solar-mppt-30a-12-24v-maximo-voltaje-de-circuito-abierto-voc-150vcc-parametros-configurables","status":"publish","type":"product","link":"https:\/\/soydeaqui.ddns.net\/pachuca\/index.php\/producto\/controlador-solar-mppt-30a-12-24v-maximo-voltaje-de-circuito-abierto-voc-150vcc-parametros-configurables\/","title":{"rendered":"Controlador Solar  MPPT  30A 12\/24V, Maximo Voltaje de Circuito Abierto Voc 150Vcc, Par\u00e1metros Configurables"},"content":{"rendered":"<div style='width: 100%; max-width: 1200px; margin: 0 auto; font-family: sans-serif; line-height: 1.6; color: inherit; background-color: transparent;'>\n<div style='display: flex; flex-wrap: wrap; gap: 30px; margin-bottom: 30px;'>\n<div style='flex: 1 1 300px; min-width: 280px;'>\n<h3 style='font-size: 22px; border-bottom: 2px solid currentColor; padding-bottom: 5px; margin-top: 0; color: inherit; opacity: 0.8;'>Caracter\u00edsticas<\/h3>\n<ul style='padding-left: 20px; font-size: 15px; color: inherit;'>\n<li style='margin-bottom: 5px;'>Voltaje de operaci\u00f3n de 12\/24V<\/li>\n<li style='margin-bottom: 5px;'>Tecnolog\u00eda MPPT&comma; Preciso seguimiento de punto de m\u00e1xima potencia<\/li>\n<li style='margin-bottom: 5px;'>Disipador de Aluminio que incrementa la disipaci\u00f3n de calor<\/li>\n<li style='margin-bottom: 5px;'>Soporta 4 opciones de carga de bater\u00edas: Sealed&comma; Gel&comma; Inundadas&comma; Usuario<\/li>\n<li style='margin-bottom: 5px;'>Funci\u00f3n de compensaci\u00f3n de temperatura de las bater\u00edas<\/li>\n<li style='margin-bottom: 5px;'>Interfase de comunicaci\u00f3n RS-485<\/li>\n<li style='margin-bottom: 5px;'>Disponible monitoreo por PC y display externo MT-50<\/li>\n<\/ul><\/div>\n<div style='flex: 1 1 300px; min-width: 280px;'>\n<h3 style='font-size: 22px; border-bottom: 2px solid currentColor; padding-bottom: 5px; margin-top: 0; color: inherit; opacity: 0.8;'>Protecciones<\/h3>\n<ul style='padding-left: 20px; font-size: 15px; color: inherit;'>\n<li style='margin-bottom: 5px;'>Corto circuito en PV<\/li>\n<li style='margin-bottom: 5px;'>Sobrecorriente en PV<\/li>\n<li style='margin-bottom: 5px;'>Polaridad invertida en PV<\/li>\n<li style='margin-bottom: 5px;'>Sobrevoltaje en bater\u00edas<\/li>\n<li style='margin-bottom: 5px;'>Sobre descarga en bater\u00edas<\/li>\n<li style='margin-bottom: 5px;'>Corto circuito en carga<\/li>\n<li style='margin-bottom: 5px;'>Sobre temperatura del controlador<\/li>\n<\/ul><\/div>\n<div style='flex: 1 1 300px; min-width: 280px;'>\n<h3 style='font-size: 22px; border-bottom: 2px solid currentColor; padding-bottom: 5px; margin-top: 0; color: inherit; opacity: 0.8;'>Especificaciones<\/h3>\n<ul style='padding-left: 20px; font-size: 15px; color: inherit;'>\n<li style='margin-bottom: 5px;'><strong>Voltaje Nominal:<\/strong> 12\/24V<\/li>\n<li style='margin-bottom: 5px;'><strong>Corriente de bater\u00edas:<\/strong> 30A<\/li>\n<li style='margin-bottom: 5px;'><strong>Corriente de descarga (Salida Load):<\/strong> 20A<\/li>\n<li style='margin-bottom: 5px;'><strong>Rango de Voltaje MPPT:<\/strong> 2-108V<\/li>\n<li style='margin-bottom: 5px;'><strong>Capacidad M\u00e1x del sistema Fotovoltaico:<\/strong> 390W (12V) \/ 780W (24V)<\/li>\n<\/ul><\/div>\n<\/p><\/div>\n<div style='display: flex; flex-wrap: wrap; gap: 20px; margin-bottom: 30px;'>\n<div style='flex: 1 1 250px; border: 1px solid rgba(150&comma; 150&comma; 150&comma; 0.4); border-radius: 8px; overflow: hidden; display: flex; flex-direction: column;'>\n<div style='padding: 15px; border-bottom: 1px solid rgba(150&comma; 150&comma; 150&comma; 0.2); font-weight: bold; font-size: 18px; color: inherit;'>Accesorios Recomendados<\/div>\n<div style='padding: 15px; color: inherit;'>\n<ul style='padding-left: 20px; margin: 0; font-size: 14px; list-style-type: disc;'>\n<li style='margin-bottom: 5px;'><a href='https:\/\/www.syscom.mx\/producto\/MT-50-EPEVER-81070.html' style='color: inherit; text-decoration: none; font-weight: bold;'>MT-50<\/a> Monitor remoto para controladores EPEVER<\/li>\n<li style='margin-bottom: 5px;'><a href='https:\/\/www.syscom.mx\/producto\/CC-USB-485-150U-EPEVER-78229.html' style='color: inherit; text-decoration: none; font-weight: bold;'>CC-USB-485-150U<\/a> Cable de comunicaci\u00f3n para controladores EPEVER<\/li>\n<\/ul><\/div>\n<\/p><\/div>\n<div style='flex: 1 1 250px; border: 1px solid rgba(150&comma; 150&comma; 150&comma; 0.4); border-radius: 8px; overflow: hidden; display: flex; flex-direction: column;'>\n<div style='padding: 15px; border-bottom: 1px solid rgba(150&comma; 150&comma; 150&comma; 0.2); font-weight: bold; font-size: 18px; color: inherit;'>Informaci\u00f3n Adicional<\/div>\n<div style='padding: 15px; color: inherit;'>\n<ul style='padding-left: 20px; margin: 0; font-size: 14px; list-style-type: disc;'>\n<li style='margin-bottom: 5px;'>Para configurar par\u00e1metros de carga se requiere un monitor o el cable de comunicaci\u00f3n EPEVER<\/li>\n<li style='margin-bottom: 5px;'><strong>Pregunte por tiempo de entrega<\/strong><\/li>\n<li style='margin-bottom: 5px;'><strong>*NO Compatible con Bater\u00edas de Litio<\/strong><\/li>\n<\/ul><\/div>\n<\/p><\/div>\n<\/p><\/div>\n<hr style='border: 0; border-top: 1px solid rgba(150&comma; 150&comma; 150&comma; 0.3); margin: 30px 0;'> <\/div>\n","protected":false},"excerpt":{"rendered":"<p>Controlador Solar  MPPT  30A 12\/24V, Maximo Voltaje de Circuito Abierto Voc 150Vcc, Par\u00e1metros Configurables<\/p>\n","protected":false},"featured_media":47115,"comment_status":"open","ping_status":"closed","template":"","meta":[],"product_brand":[],"product_cat":[1117],"product_tag":[1118,964,1182],"class_list":{"0":"post-47116","1":"product","2":"type-product","3":"status-publish","4":"has-post-thumbnail","6":"product_cat-controladores-de-carga-mppt","7":"product_tag-controladores-de-carga-mppt","8":"product_tag-energia-solar","9":"product_tag-epever","11":"first","12":"instock","13":"sale","14":"shipping-taxable","15":"purchasable","16":"product-type-simple"},"_links":{"self":[{"href":"https:\/\/soydeaqui.ddns.net\/pachuca\/index.php\/wp-json\/wp\/v2\/product\/47116","targetHints":{"allow":["GET"]}}],"collection":[{"href":"https:\/\/soydeaqui.ddns.net\/pachuca\/index.php\/wp-json\/wp\/v2\/product"}],"about":[{"href":"https:\/\/soydeaqui.ddns.net\/pachuca\/index.php\/wp-json\/wp\/v2\/types\/product"}],"replies":[{"embeddable":true,"href":"https:\/\/soydeaqui.ddns.net\/pachuca\/index.php\/wp-json\/wp\/v2\/comments?post=47116"}],"wp:featuredmedia":[{"embeddable":true,"href":"https:\/\/soydeaqui.ddns.net\/pachuca\/index.php\/wp-json\/wp\/v2\/media\/47115"}],"wp:attachment":[{"href":"https:\/\/soydeaqui.ddns.net\/pachuca\/index.php\/wp-json\/wp\/v2\/media?parent=47116"}],"wp:term":[{"taxonomy":"product_brand","embeddable":true,"href":"https:\/\/soydeaqui.ddns.net\/pachuca\/index.php\/wp-json\/wp\/v2\/product_brand?post=47116"},{"taxonomy":"product_cat","embeddable":true,"href":"https:\/\/soydeaqui.ddns.net\/pachuca\/index.php\/wp-json\/wp\/v2\/product_cat?post=47116"},{"taxonomy":"product_tag","embeddable":true,"href":"https:\/\/soydeaqui.ddns.net\/pachuca\/index.php\/wp-json\/wp\/v2\/product_tag?post=47116"}],"curies":[{"name":"wp","href":"https:\/\/api.w.org\/{rel}","templated":true}]}}