{"id":47061,"date":"2026-03-18T20:57:01","date_gmt":"2026-03-18T20:57:01","guid":{"rendered":"https:\/\/soydeaqui.ddns.net\/pachuca\/index.php\/producto\/tubo-rigido-gris-pvc-auto-extinguible-de-21-4-mm-area-permisible-para-el-cable-diametro-externo-25-mm-tramo-de-3-m\/"},"modified":"2026-03-18T20:57:02","modified_gmt":"2026-03-18T20:57:02","slug":"tubo-rigido-gris-pvc-auto-extinguible-de-21-4-mm-area-permisible-para-el-cable-diametro-externo-25-mm-tramo-de-3-m","status":"publish","type":"product","link":"https:\/\/soydeaqui.ddns.net\/pachuca\/index.php\/producto\/tubo-rigido-gris-pvc-auto-extinguible-de-21-4-mm-area-permisible-para-el-cable-diametro-externo-25-mm-tramo-de-3-m\/","title":{"rendered":"Tubo r\u00edgido gris, PVC Auto-Extinguible, de 21.4 mm \u00e1rea permisible para el cable, di\u00e1metro externo 25 mm, tramo de 3 m"},"content":{"rendered":"<div style='width: 100%; max-width: 1200px; margin: 0 auto; font-family: sans-serif; line-height: 1.6; color: inherit; background-color: transparent;'> <!-- Secci\u00f3n de im\u00e1genes --> <\/p>\n<div style='display: flex; flex-wrap: wrap; gap: 20px; margin-bottom: 30px;'> <img style='width: 100%; max-width: 300px; height: auto; border: 1px solid rgba(150&comma;150&comma;150&comma;0.3); border-radius: 8px;' src='http:\/\/ftp3.syscom.mx\/usuarios\/acordova\/Charofil\/gewiss-logo.jpg' alt='Logo GEWISS'> <img style='width: 100%; max-width: 300px; height: auto; border: 1px solid rgba(150&comma;150&comma;150&comma;0.3); border-radius: 8px;' src='http:\/\/ftp3.syscom.mx\/usuarios\/fotos\/DX25363\/80652-tuberia_rk15.jpg' alt='Tuber\u00eda RK15'> <\/div>\n<p> <!-- Secci\u00f3n de caracter\u00edsticas generales --> <\/p>\n<div style='display: flex; flex-wrap: wrap; gap: 30px; margin-bottom: 30px;'>\n<div style='flex: 1 1 300px; min-width: 280px;'>\n<h3 style='font-size: 22px; border-bottom: 2px solid currentColor; padding-bottom: 5px; margin-top: 0; color: inherit; opacity: 0.8;'>Caracter\u00edsticas Generales<\/h3>\n<ul style='padding-left: 20px; font-size: 15px; color: inherit;'>\n<li style='margin-bottom: 5px;'><strong>Tuber\u00eda:<\/strong> RK15 clasificaci\u00f3n 3321<\/li>\n<li style='margin-bottom: 5px;'><strong>Largo:<\/strong> 3 metros<\/li>\n<li style='margin-bottom: 5px;'><strong>Di\u00e1metro externo:<\/strong> 25 mm<\/li>\n<li style='margin-bottom: 5px;'><strong>Di\u00e1metro interno:<\/strong> 21.4 mm<\/li>\n<li style='margin-bottom: 5px;'><strong>Material:<\/strong> PVC Auto-Extinguible<\/li>\n<li style='margin-bottom: 5px;'><strong>Rango de temperatura:<\/strong> -5 a 60\u00b0C<\/li>\n<li style='margin-bottom: 5px;'><strong>Resistencia mec\u00e1nica:<\/strong> 750N (76kg) x 2 Joules<\/li>\n<li style='margin-bottom: 5px;'><strong>Composici\u00f3n:<\/strong> Libre de hal\u00f3genos<\/li>\n<li style='margin-bottom: 5px;'><strong>Curvado:<\/strong> Muelle disponible para curvas en fr\u00edo<\/li>\n<\/ul><\/div>\n<\/p><\/div>\n<p> <!-- Secci\u00f3n de aplicaciones --> <\/p>\n<div style='display: flex; flex-wrap: wrap; gap: 30px; margin-bottom: 30px;'>\n<div style='flex: 1 1 300px; min-width: 280px;'>\n<h3 style='font-size: 22px; border-bottom: 2px solid currentColor; padding-bottom: 5px; margin-top: 0; color: inherit; opacity: 0.8;'>Aplicaciones<\/h3>\n<ul style='padding-left: 20px; font-size: 15px; color: inherit;'>\n<li style='margin-bottom: 5px;'>Instalaciones el\u00e9ctricas<\/li>\n<li style='margin-bottom: 5px;'>Instalaciones de telecomunicaciones (V\u00eddeo&comma; voz&comma; datos)<\/li>\n<li style='margin-bottom: 5px;'>Instalaciones de seguridad y control (Automatizaci\u00f3n&comma; alarmas&comma; control de acceso)<\/li>\n<\/ul><\/div>\n<\/p><\/div>\n<p> <!-- Secci\u00f3n de llenado de tuber\u00edas --> <\/p>\n<div style='display: flex; flex-wrap: wrap; gap: 30px; margin-bottom: 30px;'>\n<div style='flex: 1 1 300px; min-width: 280px;'>\n<h3 style='font-size: 22px; border-bottom: 2px solid currentColor; padding-bottom: 5px; margin-top: 0; color: inherit; opacity: 0.8;'>Llenado de tuber\u00edas<\/h3>\n<p style='font-size: 15px; color: inherit; margin-bottom: 15px;'>Capacidad de cables seg\u00fan norma internacional (\u00e1rea \u00fatil al 40% en primera instalaci\u00f3n):<\/p>\n<div style='overflow-x: auto;'>\n<table style='width: 100%; border-collapse: collapse; font-size: 14px; color: inherit;'>\n<thead>\n<tr style='background-color: rgba(150&comma;150&comma;150&comma;0.1);'>\n<th style='padding: 10px; border: 1px solid rgba(150&comma;150&comma;150&comma;0.3);'>Di\u00e1metro interno (mm)<\/th>\n<th style='padding: 10px; border: 1px solid rgba(150&comma;150&comma;150&comma;0.3);'>\u00c1rea \u00fatil 40% (mm\u00b2)<\/th>\n<th style='padding: 10px; border: 1px solid rgba(150&comma;150&comma;150&comma;0.3);'>Cables Cat 5e<\/th>\n<th style='padding: 10px; border: 1px solid rgba(150&comma;150&comma;150&comma;0.3);'>Cables Cat 6<\/th>\n<th style='padding: 10px; border: 1px solid rgba(150&comma;150&comma;150&comma;0.3);'>Cables Cat 6a<\/th>\n<\/tr>\n<\/thead>\n<tbody>\n<tr>\n<td style='padding: 8px; border: 1px solid rgba(150&comma;150&comma;150&comma;0.3);'>21.4<\/td>\n<td style='padding: 8px; border: 1px solid rgba(150&comma;150&comma;150&comma;0.3);'>143.87<\/td>\n<td style='padding: 8px; border: 1px solid rgba(150&comma;150&comma;150&comma;0.3);'>7 cables<\/td>\n<td style='padding: 8px; border: 1px solid rgba(150&comma;150&comma;150&comma;0.3);'>5 cables<\/td>\n<td style='padding: 8px; border: 1px solid rgba(150&comma;150&comma;150&comma;0.3);'>3 cables<\/td>\n<\/tr>\n<\/tbody>\n<\/table><\/div>\n<p style='font-size: 14px; color: inherit; margin-top: 15px; opacity: 0.8;'>Nota: El di\u00e1metro de los cables puede variar dependiendo de cada fabricante<\/p>\n<\/p><\/div>\n<\/p><\/div>\n<p> <!-- Separador --> <\/p>\n<hr style='border: 0; border-top: 1px solid rgba(150&comma; 150&comma; 150&comma; 0.3); margin: 30px 0;'> <\/div>\n","protected":false},"excerpt":{"rendered":"<p>Tubo r\u00edgido gris, PVC Auto-Extinguible, de 21.4 mm \u00e1rea permisible para el cable, di\u00e1metro externo 25 mm, tramo de 3 m<\/p>\n","protected":false},"featured_media":46961,"comment_status":"open","ping_status":"closed","template":"","meta":[],"product_brand":[],"product_cat":[648],"product_tag":[572,687,649],"class_list":{"0":"post-47061","1":"product","2":"type-product","3":"status-publish","4":"has-post-thumbnail","6":"product_cat-tuberia-pvc-registros-pvc","7":"product_tag-canalizacion","8":"product_tag-gewiss","9":"product_tag-tuberia-pvc-registros-pvc","11":"first","12":"instock","13":"sale","14":"shipping-taxable","15":"purchasable","16":"product-type-simple"},"_links":{"self":[{"href":"https:\/\/soydeaqui.ddns.net\/pachuca\/index.php\/wp-json\/wp\/v2\/product\/47061","targetHints":{"allow":["GET"]}}],"collection":[{"href":"https:\/\/soydeaqui.ddns.net\/pachuca\/index.php\/wp-json\/wp\/v2\/product"}],"about":[{"href":"https:\/\/soydeaqui.ddns.net\/pachuca\/index.php\/wp-json\/wp\/v2\/types\/product"}],"replies":[{"embeddable":true,"href":"https:\/\/soydeaqui.ddns.net\/pachuca\/index.php\/wp-json\/wp\/v2\/comments?post=47061"}],"wp:featuredmedia":[{"embeddable":true,"href":"https:\/\/soydeaqui.ddns.net\/pachuca\/index.php\/wp-json\/wp\/v2\/media\/46961"}],"wp:attachment":[{"href":"https:\/\/soydeaqui.ddns.net\/pachuca\/index.php\/wp-json\/wp\/v2\/media?parent=47061"}],"wp:term":[{"taxonomy":"product_brand","embeddable":true,"href":"https:\/\/soydeaqui.ddns.net\/pachuca\/index.php\/wp-json\/wp\/v2\/product_brand?post=47061"},{"taxonomy":"product_cat","embeddable":true,"href":"https:\/\/soydeaqui.ddns.net\/pachuca\/index.php\/wp-json\/wp\/v2\/product_cat?post=47061"},{"taxonomy":"product_tag","embeddable":true,"href":"https:\/\/soydeaqui.ddns.net\/pachuca\/index.php\/wp-json\/wp\/v2\/product_tag?post=47061"}],"curies":[{"name":"wp","href":"https:\/\/api.w.org\/{rel}","templated":true}]}}