{"id":47059,"date":"2026-03-18T20:56:57","date_gmt":"2026-03-18T20:56:57","guid":{"rendered":"https:\/\/soydeaqui.ddns.net\/pachuca\/index.php\/producto\/tubo-rigido-gris-pvc-auto-extinguible-de-35-4-mm-area-permisible-para-el-cable-diametro-externo-40-mm-tramo-de-3-m\/"},"modified":"2026-03-18T20:56:58","modified_gmt":"2026-03-18T20:56:58","slug":"tubo-rigido-gris-pvc-auto-extinguible-de-35-4-mm-area-permisible-para-el-cable-diametro-externo-40-mm-tramo-de-3-m","status":"publish","type":"product","link":"https:\/\/soydeaqui.ddns.net\/pachuca\/index.php\/producto\/tubo-rigido-gris-pvc-auto-extinguible-de-35-4-mm-area-permisible-para-el-cable-diametro-externo-40-mm-tramo-de-3-m\/","title":{"rendered":"Tubo r\u00edgido gris, PVC Auto-Extinguible, de 35.4 mm \u00e1rea permisible para el cable, di\u00e1metro externo 40 mm, tramo de 3 m"},"content":{"rendered":"<div style='width: 100%; max-width: 1200px; margin: 0 auto; font-family: sans-serif; line-height: 1.6; color: inherit; background-color: transparent;'> <!-- Im\u00e1genes --> <\/p>\n<div style='display: flex; flex-wrap: wrap; gap: 15px; margin-bottom: 30px;'> <img style='width: 100%; max-width: 300px; height: auto; border: 1px solid rgba(150&comma;150&comma;150&comma;0.3); border-radius: 8px;' src='http:\/\/ftp3.syscom.mx\/usuarios\/acordova\/Charofil\/gewiss-logo.jpg' alt='Logo GEWISS'> <img style='width: 100%; max-width: 400px; height: auto; border: 1px solid rgba(150&comma;150&comma;150&comma;0.3); border-radius: 8px;' src='http:\/\/ftp3.syscom.mx\/usuarios\/fotos\/DX25363\/80652-tuberia_rk15.jpg' alt='Tuber\u00eda RK15'> <\/div>\n<p> <!-- Caracter\u00edsticas Generales --> <\/p>\n<div style='margin-bottom: 30px;'>\n<h3 style='font-size: 22px; border-bottom: 2px solid currentColor; padding-bottom: 5px; margin-top: 0; color: inherit; opacity: 0.8;'>Caracter\u00edsticas Generales<\/h3>\n<ul style='padding-left: 20px; font-size: 15px; color: inherit;'>\n<li style='margin-bottom: 5px;'>Tuber\u00eda RK15 clasificaci\u00f3n 3321<\/li>\n<li style='margin-bottom: 5px;'>Largo: 3 metros<\/li>\n<li style='margin-bottom: 5px;'>Di\u00e1metro externo del tubo: 40 mm<\/li>\n<li style='margin-bottom: 5px;'>Di\u00e1metro interno del tubo: 35.4 mm<\/li>\n<li style='margin-bottom: 5px;'>Auto-extinguible de -5 a 60\u00b0C<\/li>\n<li style='margin-bottom: 5px;'>Resistencia: 750N (76kg) x 2 Joules<\/li>\n<li style='margin-bottom: 5px;'>Libre de hal\u00f3genos<\/li>\n<li style='margin-bottom: 5px;'>Muelle disponible para realizar curvas en fr\u00edo<\/li>\n<li style='margin-bottom: 5px;'>Accesorios en L (Codo) y T (Tee) <strong>No disponibles<\/strong><\/li>\n<\/ul><\/div>\n<p> <!-- Aplicaciones --> <\/p>\n<div style='margin-bottom: 30px;'>\n<h3 style='font-size: 22px; border-bottom: 2px solid currentColor; padding-bottom: 5px; margin-top: 0; color: inherit; opacity: 0.8;'>Aplicaciones<\/h3>\n<ul style='padding-left: 20px; font-size: 15px; color: inherit;'>\n<li style='margin-bottom: 5px;'>Instalaciones el\u00e9ctricas<\/li>\n<li style='margin-bottom: 5px;'>Instalaciones de telecomunicaciones (V\u00eddeo&comma; voz&comma; datos)<\/li>\n<li style='margin-bottom: 5px;'>Instalaciones de seguridad y control (Automatizaci\u00f3n&comma; alarmas&comma; control de acceso)<\/li>\n<\/ul><\/div>\n<\/p><\/div>\n","protected":false},"excerpt":{"rendered":"<p>Tubo r\u00edgido gris, PVC Auto-Extinguible, de 35.4 mm \u00e1rea permisible para el cable, di\u00e1metro externo 40 mm, tramo de 3 m<\/p>\n","protected":false},"featured_media":46961,"comment_status":"open","ping_status":"closed","template":"","meta":[],"product_brand":[],"product_cat":[648],"product_tag":[572,687,649],"class_list":{"0":"post-47059","1":"product","2":"type-product","3":"status-publish","4":"has-post-thumbnail","6":"product_cat-tuberia-pvc-registros-pvc","7":"product_tag-canalizacion","8":"product_tag-gewiss","9":"product_tag-tuberia-pvc-registros-pvc","11":"first","12":"instock","13":"sale","14":"shipping-taxable","15":"purchasable","16":"product-type-simple"},"_links":{"self":[{"href":"https:\/\/soydeaqui.ddns.net\/pachuca\/index.php\/wp-json\/wp\/v2\/product\/47059","targetHints":{"allow":["GET"]}}],"collection":[{"href":"https:\/\/soydeaqui.ddns.net\/pachuca\/index.php\/wp-json\/wp\/v2\/product"}],"about":[{"href":"https:\/\/soydeaqui.ddns.net\/pachuca\/index.php\/wp-json\/wp\/v2\/types\/product"}],"replies":[{"embeddable":true,"href":"https:\/\/soydeaqui.ddns.net\/pachuca\/index.php\/wp-json\/wp\/v2\/comments?post=47059"}],"wp:featuredmedia":[{"embeddable":true,"href":"https:\/\/soydeaqui.ddns.net\/pachuca\/index.php\/wp-json\/wp\/v2\/media\/46961"}],"wp:attachment":[{"href":"https:\/\/soydeaqui.ddns.net\/pachuca\/index.php\/wp-json\/wp\/v2\/media?parent=47059"}],"wp:term":[{"taxonomy":"product_brand","embeddable":true,"href":"https:\/\/soydeaqui.ddns.net\/pachuca\/index.php\/wp-json\/wp\/v2\/product_brand?post=47059"},{"taxonomy":"product_cat","embeddable":true,"href":"https:\/\/soydeaqui.ddns.net\/pachuca\/index.php\/wp-json\/wp\/v2\/product_cat?post=47059"},{"taxonomy":"product_tag","embeddable":true,"href":"https:\/\/soydeaqui.ddns.net\/pachuca\/index.php\/wp-json\/wp\/v2\/product_tag?post=47059"}],"curies":[{"name":"wp","href":"https:\/\/api.w.org\/{rel}","templated":true}]}}