{"id":47043,"date":"2026-03-18T20:56:22","date_gmt":"2026-03-18T20:56:22","guid":{"rendered":"https:\/\/soydeaqui.ddns.net\/pachuca\/index.php\/producto\/tuberia-flexible-vaina-light-pvc-auto-extinguible-de-12-mm-rollo-de-30-m\/"},"modified":"2026-03-18T20:56:23","modified_gmt":"2026-03-18T20:56:23","slug":"tuberia-flexible-vaina-light-pvc-auto-extinguible-de-12-mm-rollo-de-30-m","status":"publish","type":"product","link":"https:\/\/soydeaqui.ddns.net\/pachuca\/index.php\/producto\/tuberia-flexible-vaina-light-pvc-auto-extinguible-de-12-mm-rollo-de-30-m\/","title":{"rendered":"Tuberia flexible (Vaina) light, PVC Auto-extinguible, de 12 mm, rollo de 30 m"},"content":{"rendered":"<div style='width: 100%; max-width: 1200px; margin: 0 auto; font-family: sans-serif; line-height: 1.6; color: inherit; background-color: transparent;'> <!-- Secci\u00f3n de contenido con flex\/grid --> <\/p>\n<div style='display: flex; flex-wrap: wrap; gap: 30px; margin-bottom: 30px;'>\n<div style='flex: 1 1 300px; min-width: 280px;'>\n<h3 style='font-size: 22px; border-bottom: 2px solid currentColor; padding-bottom: 5px; margin-top: 0; color: inherit; opacity: 0.8;'>Caracter\u00edsticas Generales<\/h3>\n<ul style='padding-left: 20px; font-size: 15px; color: inherit;'>\n<li style='margin-bottom: 5px;'><strong>Di\u00e1metro interior:<\/strong> 12 mm<\/li>\n<li style='margin-bottom: 5px;'><strong>Color:<\/strong> Gris<\/li>\n<li style='margin-bottom: 5px;'><strong>Material:<\/strong> PVC flexible<\/li>\n<li style='margin-bottom: 5px;'><strong>Longitud de rollo:<\/strong> 30 m<\/li>\n<li style='margin-bottom: 5px;'><strong>Resistencia:<\/strong> 125N (13kg) x 2 Joules<\/li>\n<li style='margin-bottom: 5px;'><strong>Temperatura de aplicaci\u00f3n:<\/strong> 5 a 60\u00b0C<\/li>\n<li style='margin-bottom: 5px;'><strong>Auto-extinguible:<\/strong> En menos de 30 segundos<\/li>\n<li style='margin-bottom: 5px;'><strong>Accesorio de uni\u00f3n a tuber\u00eda r\u00edgida:<\/strong> No disponible<\/li>\n<\/ul><\/div>\n<div style='flex: 1 1 300px; min-width: 280px;'>\n<h3 style='font-size: 22px; border-bottom: 2px solid currentColor; padding-bottom: 5px; margin-top: 0; color: inherit; opacity: 0.8;'>Especificaciones T\u00e9cnicas<\/h3>\n<ul style='padding-left: 20px; font-size: 15px; color: inherit;'>\n<li style='margin-bottom: 5px;'><strong>Normas:<\/strong> IEC 61386-1&comma; IEC 61368-23&comma; EN 61386-1&comma; EN 61386-23<\/li>\n<li style='margin-bottom: 5px;'><strong>Clasificaci\u00f3n:<\/strong> 1311<\/li>\n<li style='margin-bottom: 5px;'><strong>Resistencia al impacto:<\/strong> 3 (Media &#8211; 2 J)<\/li>\n<li style='margin-bottom: 5px;'><strong>Resistencia a la compresi\u00f3n:<\/strong> 1 (Muy ligera &#8211; 125 N)<\/li>\n<li style='margin-bottom: 5px;'><strong>Resistencia a la curvatura:<\/strong> 4 (Flexible)<\/li>\n<li style='margin-bottom: 5px;'><strong>Caracter\u00edsticas el\u00e9ctricas:<\/strong> 2 (Con caracter\u00edsticas de aislamiento el\u00e9ctrico)<\/li>\n<li style='margin-bottom: 5px;'><strong>Resistencia a la propagaci\u00f3n de la llama:<\/strong> 1 (No propaga la llama)<\/li>\n<li style='margin-bottom: 5px;'><strong>Resistencia a la tracci\u00f3n:<\/strong> 1 (Muy ligera)<\/li>\n<li style='margin-bottom: 5px;'><strong>Rigidez diel\u00e9ctrica:<\/strong> 2000 V a 50 Hz durante 15 minutos<\/li>\n<\/ul><\/div>\n<\/p><\/div>\n<p> <!-- Secci\u00f3n de aplicaciones --> <\/p>\n<div style='display: flex; flex-wrap: wrap; gap: 30px; margin-bottom: 30px;'>\n<div style='flex: 1 1 300px; min-width: 280px;'>\n<h3 style='font-size: 22px; border-bottom: 2px solid currentColor; padding-bottom: 5px; margin-top: 0; color: inherit; opacity: 0.8;'>Aplicaciones<\/h3>\n<ul style='padding-left: 20px; font-size: 15px; color: inherit;'>\n<li style='margin-bottom: 5px;'>Energ\u00eda solar<\/li>\n<li style='margin-bottom: 5px;'>Instalaciones el\u00e9ctricas<\/li>\n<li style='margin-bottom: 5px;'>Instalaciones de telecomunicaciones (V\u00eddeo&comma; voz&comma; datos)<\/li>\n<li style='margin-bottom: 5px;'>Instalaciones de seguridad y control (Automatizaci\u00f3n&comma; alarmas&comma; control de acceso)<\/li>\n<\/ul><\/div>\n<div style='flex: 1 1 300px; min-width: 280px;'>\n<h3 style='font-size: 22px; border-bottom: 2px solid currentColor; padding-bottom: 5px; margin-top: 0; color: inherit; opacity: 0.8;'>Clasificaciones y Protecci\u00f3n<\/h3>\n<ul style='padding-left: 20px; font-size: 15px; color: inherit;'>\n<li style='margin-bottom: 5px;'><strong>Protecci\u00f3n contra penetraci\u00f3n de cuerpos s\u00f3lidos:<\/strong> 5 (con racores fijos)&comma; 6 (con racores giratorios)<\/li>\n<li style='margin-bottom: 5px;'><strong>Protecci\u00f3n contra penetraci\u00f3n de agua:<\/strong> 4 (con racores fijos)&comma; 5 (con racores giratorios)<\/li>\n<li style='margin-bottom: 5px;'><strong>Clasificaci\u00f3n:<\/strong> 1311<\/li>\n<li style='margin-bottom: 5px;'><strong>Familia:<\/strong> Light<\/li>\n<li style='margin-bottom: 5px;'><strong>Resistencia a cargas suspendidas:<\/strong> No aplicable<\/li>\n<\/ul><\/div>\n<\/p><\/div>\n<p> <!-- Separador --> <\/p>\n<hr style='border: 0; border-top: 1px solid rgba(150&comma; 150&comma; 150&comma; 0.3); margin: 30px 0;'> <!-- Secci\u00f3n de datos adicionales --> <\/p>\n<div style='display: flex; flex-wrap: wrap; gap: 30px; margin-bottom: 30px;'>\n<div style='flex: 1 1 300px; min-width: 280px;'>\n<h3 style='font-size: 22px; border-bottom: 2px solid currentColor; padding-bottom: 5px; margin-top: 0; color: inherit; opacity: 0.8;'>Datos Adicionales<\/h3>\n<ul style='padding-left: 20px; font-size: 15px; color: inherit;'>\n<li style='margin-bottom: 5px;'><strong>C\u00f3digo Electrocod:<\/strong> 21320<\/li>\n<li style='margin-bottom: 5px;'><strong>Resistencia de aislamiento:<\/strong> 100 M\u03a9 a 500V durante 1 minuto<\/li>\n<li style='margin-bottom: 5px;'><strong>Material:<\/strong> PVC<\/li>\n<li style='margin-bottom: 5px;'><strong>Color:<\/strong> Gris RAL 7035<\/li>\n<li style='margin-bottom: 5px;'><strong>Vaina \u00d8:<\/strong> 12 mm<\/li>\n<\/ul><\/div>\n<\/p><\/div>\n<\/p><\/div>\n","protected":false},"excerpt":{"rendered":"<p>Tuberia flexible (Vaina) light, PVC Auto-extinguible, de 12 mm, rollo de 30 m<\/p>\n","protected":false},"featured_media":47035,"comment_status":"open","ping_status":"closed","template":"","meta":[],"product_brand":[],"product_cat":[648],"product_tag":[572,687,649],"class_list":{"0":"post-47043","1":"product","2":"type-product","3":"status-publish","4":"has-post-thumbnail","6":"product_cat-tuberia-pvc-registros-pvc","7":"product_tag-canalizacion","8":"product_tag-gewiss","9":"product_tag-tuberia-pvc-registros-pvc","11":"first","12":"outofstock","13":"sale","14":"shipping-taxable","15":"purchasable","16":"product-type-simple"},"_links":{"self":[{"href":"https:\/\/soydeaqui.ddns.net\/pachuca\/index.php\/wp-json\/wp\/v2\/product\/47043","targetHints":{"allow":["GET"]}}],"collection":[{"href":"https:\/\/soydeaqui.ddns.net\/pachuca\/index.php\/wp-json\/wp\/v2\/product"}],"about":[{"href":"https:\/\/soydeaqui.ddns.net\/pachuca\/index.php\/wp-json\/wp\/v2\/types\/product"}],"replies":[{"embeddable":true,"href":"https:\/\/soydeaqui.ddns.net\/pachuca\/index.php\/wp-json\/wp\/v2\/comments?post=47043"}],"wp:featuredmedia":[{"embeddable":true,"href":"https:\/\/soydeaqui.ddns.net\/pachuca\/index.php\/wp-json\/wp\/v2\/media\/47035"}],"wp:attachment":[{"href":"https:\/\/soydeaqui.ddns.net\/pachuca\/index.php\/wp-json\/wp\/v2\/media?parent=47043"}],"wp:term":[{"taxonomy":"product_brand","embeddable":true,"href":"https:\/\/soydeaqui.ddns.net\/pachuca\/index.php\/wp-json\/wp\/v2\/product_brand?post=47043"},{"taxonomy":"product_cat","embeddable":true,"href":"https:\/\/soydeaqui.ddns.net\/pachuca\/index.php\/wp-json\/wp\/v2\/product_cat?post=47043"},{"taxonomy":"product_tag","embeddable":true,"href":"https:\/\/soydeaqui.ddns.net\/pachuca\/index.php\/wp-json\/wp\/v2\/product_tag?post=47043"}],"curies":[{"name":"wp","href":"https:\/\/api.w.org\/{rel}","templated":true}]}}