{"id":4700,"date":"2026-03-18T06:22:12","date_gmt":"2026-03-18T06:22:12","guid":{"rendered":"https:\/\/soydeaqui.ddns.net\/pachuca\/index.php\/producto\/munequera-magnetica-tradesman-pro\/"},"modified":"2026-03-18T06:22:12","modified_gmt":"2026-03-18T06:22:12","slug":"munequera-magnetica-tradesman-pro","status":"publish","type":"product","link":"https:\/\/soydeaqui.ddns.net\/pachuca\/index.php\/producto\/munequera-magnetica-tradesman-pro\/","title":{"rendered":"Mu\u00f1equera Magn\u00e9tica Tradesman Pro\u2122."},"content":{"rendered":"<div style='width: 100%; max-width: 1200px; margin: 0 auto; font-family: sans-serif; line-height: 1.6; color: inherit; background-color: transparent;'> <!-- Secci\u00f3n de caracter\u00edsticas --> <\/p>\n<div style='display: flex; flex-wrap: wrap; gap: 30px; margin-bottom: 30px;'>\n<div style='flex: 1 1 300px; min-width: 280px;'>\n<h3 style='font-size: 22px; border-bottom: 2px solid currentColor; padding-bottom: 5px; margin-top: 0; color: inherit; opacity: 0.8;'>Caracter\u00edsticas<\/h3>\n<ul style='padding-left: 20px; font-size: 15px; color: inherit;'>\n<li style='margin-bottom: 5px;'><span style='color: inherit; font-size: 14px;'>Potentes imanes de tierra rara que mantienen las piezas peque\u00f1as a mano.<\/span><\/li>\n<li style='margin-bottom: 5px;'><span style='color: inherit; font-size: 14px;'>Interior de malla de trama abierta para brindar comodidad.<\/span><\/li>\n<li style='margin-bottom: 5px;'><span style='color: inherit; font-size: 14px;'>Fabricado en tela bal\u00edstica duradera de 1680 d.<\/span><\/li>\n<li style='margin-bottom: 5px;'><span style='color: inherit; font-size: 14px;'>Se adapta a distintos tama\u00f1os de mu\u00f1eca.<\/span><\/li>\n<li style='margin-bottom: 5px;'><span style='color: inherit; font-size: 14px;'>Cierre ajustable seguro de presilla y gancho.<\/span><\/li>\n<li style='margin-bottom: 5px;'><span style='color: inherit; font-size: 14px;'>Moldeada para un ajuste c\u00f3modo alrededor de la mu\u00f1eca.<\/span><\/li>\n<li style='margin-bottom: 5px;'><span style='color: inherit; font-size: 14px;'>Col\u00f3quela alrededor de su mu\u00f1eca&comma; cintur\u00f3n o maleta de herramientas y mantenga las piezas peque\u00f1as a mano.<\/span><\/li>\n<\/ul><\/div>\n<\/p><\/div>\n<p> <!-- Secci\u00f3n de especificaciones --> <\/p>\n<div style='display: flex; flex-wrap: wrap; gap: 20px; margin-bottom: 30px;'>\n<div style='flex: 1 1 250px; border: 1px solid rgba(150&comma; 150&comma; 150&comma; 0.4); border-radius: 8px; overflow: hidden; display: flex; flex-direction: column;'>\n<div style='padding: 15px; border-bottom: 1px solid rgba(150&comma; 150&comma; 150&comma; 0.2); font-weight: bold; font-size: 18px; color: inherit;'>Especificaciones<\/div>\n<div style='padding: 15px; color: inherit;'>\n<ul style='padding-left: 20px; margin: 0; font-size: 14px; list-style-type: disc;'>\n<li style='margin-bottom: 5px;'><strong style='color: inherit;'>Longitud total:<\/strong> 13.25&#8242; (33.7 mm)<\/li>\n<li style='margin-bottom: 5px;'><strong style='color: inherit;'>Altura total:<\/strong> 4&#8242; (102 mm)<\/li>\n<li style='margin-bottom: 5px;'><strong style='color: inherit;'>Ancho total:<\/strong> .75&#8242; (19 mm)<\/li>\n<li style='margin-bottom: 5px;'><strong style='color: inherit;'>Material:<\/strong> Tela bal\u00edstica de 1680 d con interior de malla<\/li>\n<li style='margin-bottom: 5px;'><strong style='color: inherit;'>Color:<\/strong> Negro con naranja\/gris<\/li>\n<li style='margin-bottom: 5px;'><strong style='color: inherit;'>Peso:<\/strong> 113.4 g (4 oz)<\/li>\n<\/ul><\/div>\n<\/p><\/div>\n<\/p><\/div>\n<p> <!-- Separador --> <\/p>\n<hr style='border: 0; border-top: 1px solid rgba(150&comma; 150&comma; 150&comma; 0.3); margin: 30px 0;'> <\/div>\n","protected":false},"excerpt":{"rendered":"<p>Mu\u00f1equera Magn\u00e9tica Tradesman Pro\u2122.<\/p>\n","protected":false},"featured_media":4699,"comment_status":"open","ping_status":"closed","template":"","meta":[],"product_brand":[],"product_cat":[24],"product_tag":[26,25,432],"class_list":{"0":"post-4700","1":"product","2":"type-product","3":"status-publish","4":"has-post-thumbnail","6":"product_cat-accesorios-de-instalacion","7":"product_tag-accesorios-de-instalacion","8":"product_tag-herramientas","9":"product_tag-klein-tools","11":"first","12":"instock","13":"sale","14":"shipping-taxable","15":"purchasable","16":"product-type-simple"},"_links":{"self":[{"href":"https:\/\/soydeaqui.ddns.net\/pachuca\/index.php\/wp-json\/wp\/v2\/product\/4700","targetHints":{"allow":["GET"]}}],"collection":[{"href":"https:\/\/soydeaqui.ddns.net\/pachuca\/index.php\/wp-json\/wp\/v2\/product"}],"about":[{"href":"https:\/\/soydeaqui.ddns.net\/pachuca\/index.php\/wp-json\/wp\/v2\/types\/product"}],"replies":[{"embeddable":true,"href":"https:\/\/soydeaqui.ddns.net\/pachuca\/index.php\/wp-json\/wp\/v2\/comments?post=4700"}],"wp:featuredmedia":[{"embeddable":true,"href":"https:\/\/soydeaqui.ddns.net\/pachuca\/index.php\/wp-json\/wp\/v2\/media\/4699"}],"wp:attachment":[{"href":"https:\/\/soydeaqui.ddns.net\/pachuca\/index.php\/wp-json\/wp\/v2\/media?parent=4700"}],"wp:term":[{"taxonomy":"product_brand","embeddable":true,"href":"https:\/\/soydeaqui.ddns.net\/pachuca\/index.php\/wp-json\/wp\/v2\/product_brand?post=4700"},{"taxonomy":"product_cat","embeddable":true,"href":"https:\/\/soydeaqui.ddns.net\/pachuca\/index.php\/wp-json\/wp\/v2\/product_cat?post=4700"},{"taxonomy":"product_tag","embeddable":true,"href":"https:\/\/soydeaqui.ddns.net\/pachuca\/index.php\/wp-json\/wp\/v2\/product_tag?post=4700"}],"curies":[{"name":"wp","href":"https:\/\/api.w.org\/{rel}","templated":true}]}}