{"id":46942,"date":"2026-03-18T20:53:14","date_gmt":"2026-03-18T20:53:14","guid":{"rendered":"https:\/\/soydeaqui.ddns.net\/pachuca\/index.php\/producto\/conector-racor-de-tuberia-rigida-a-tuberia-flexible-diflex-pvc-auto-extinguible-16-mm-ip65\/"},"modified":"2026-03-18T20:53:15","modified_gmt":"2026-03-18T20:53:15","slug":"conector-racor-de-tuberia-rigida-a-tuberia-flexible-diflex-pvc-auto-extinguible-16-mm-ip65","status":"publish","type":"product","link":"https:\/\/soydeaqui.ddns.net\/pachuca\/index.php\/producto\/conector-racor-de-tuberia-rigida-a-tuberia-flexible-diflex-pvc-auto-extinguible-16-mm-ip65\/","title":{"rendered":"Conector (Racor) de tuber\u00eda r\u00edgida a tuber\u00eda flexible (Diflex), PVC Auto-Extinguible, 16 mm, IP65"},"content":{"rendered":"<div style='width: 100%; max-width: 1200px; margin: 0 auto; font-family: sans-serif; line-height: 1.6; color: inherit; background-color: transparent;'>\n<div style='display: flex; flex-wrap: wrap; gap: 30px; margin-bottom: 30px;'>\n<div style='flex: 1 1 300px; min-width: 280px;'>\n<h3 style='font-size: 22px; border-bottom: 2px solid currentColor; padding-bottom: 5px; margin-top: 0; color: inherit; opacity: 0.8;'>Caracter\u00edsticas Generales<\/h3>\n<ul style='padding-left: 20px; font-size: 15px; color: inherit;'>\n<li style='margin-bottom: 5px;'>Conector de tuber\u00eda r\u00edgida a tuber\u00eda flexible de PVC de 16 mm<\/li>\n<li style='margin-bottom: 5px;'>Di\u00e1metro externo: 16 mm<\/li>\n<li style='margin-bottom: 5px;'>Auto-extinguible&comma; libre de hal\u00f3genos<\/li>\n<li style='margin-bottom: 5px;'>Grado de protecci\u00f3n: IP65<\/li>\n<li style='margin-bottom: 5px;'>Temperatura de operaci\u00f3n: -24 a 60\u00b0C<\/li>\n<\/ul><\/div>\n<div style='flex: 1 1 300px; min-width: 280px;'>\n<h3 style='font-size: 22px; border-bottom: 2px solid currentColor; padding-bottom: 5px; margin-top: 0; color: inherit; opacity: 0.8;'>Aplicaciones<\/h3>\n<ul style='padding-left: 20px; font-size: 15px; color: inherit;'>\n<li style='margin-bottom: 5px;'>Instalaciones el\u00e9ctricas<\/li>\n<li style='margin-bottom: 5px;'>Instalaciones de telecomunicaciones (v\u00eddeo&comma; voz&comma; datos)<\/li>\n<li style='margin-bottom: 5px;'>Instalaciones de seguridad y control (automatizaci\u00f3n&comma; alarmas)<\/li>\n<\/ul><\/div>\n<\/p><\/div>\n<div style='margin-bottom: 30px;'> <img style='width: 100%; height: auto; border: 1px solid rgba(150&comma;150&comma;150&comma;0.3); border-radius: 8px;' src='http:\/\/ftp3.syscom.mx\/usuarios\/acordova\/Charofil\/gewiss-logo.jpg' alt='Logo GEWISS' \/> <\/div>\n<div style='margin-bottom: 30px;'>\n<p style='margin: 0 0 15px 0; color: inherit;'>USO: DX43432 racor de uni\u00f3n de tubo r\u00edgido con vaina en espiral serie DIFLEX; permite mantener el mismo di\u00e1metro interno que el tubo r\u00edgido: la secci\u00f3n interna para el paso de los cables permanece constante al tiempo que aumenta el espacio total a disposici\u00f3n de los conductores.<\/p>\n<\/p><\/div>\n<\/p><\/div>\n","protected":false},"excerpt":{"rendered":"<p>Conector (Racor) de tuber\u00eda r\u00edgida a tuber\u00eda flexible (Diflex), PVC Auto-Extinguible, 16 mm, IP65<\/p>\n","protected":false},"featured_media":46937,"comment_status":"open","ping_status":"closed","template":"","meta":[],"product_brand":[],"product_cat":[648],"product_tag":[572,687,649],"class_list":{"0":"post-46942","1":"product","2":"type-product","3":"status-publish","4":"has-post-thumbnail","6":"product_cat-tuberia-pvc-registros-pvc","7":"product_tag-canalizacion","8":"product_tag-gewiss","9":"product_tag-tuberia-pvc-registros-pvc","11":"first","12":"outofstock","13":"sale","14":"shipping-taxable","15":"purchasable","16":"product-type-simple"},"_links":{"self":[{"href":"https:\/\/soydeaqui.ddns.net\/pachuca\/index.php\/wp-json\/wp\/v2\/product\/46942","targetHints":{"allow":["GET"]}}],"collection":[{"href":"https:\/\/soydeaqui.ddns.net\/pachuca\/index.php\/wp-json\/wp\/v2\/product"}],"about":[{"href":"https:\/\/soydeaqui.ddns.net\/pachuca\/index.php\/wp-json\/wp\/v2\/types\/product"}],"replies":[{"embeddable":true,"href":"https:\/\/soydeaqui.ddns.net\/pachuca\/index.php\/wp-json\/wp\/v2\/comments?post=46942"}],"wp:featuredmedia":[{"embeddable":true,"href":"https:\/\/soydeaqui.ddns.net\/pachuca\/index.php\/wp-json\/wp\/v2\/media\/46937"}],"wp:attachment":[{"href":"https:\/\/soydeaqui.ddns.net\/pachuca\/index.php\/wp-json\/wp\/v2\/media?parent=46942"}],"wp:term":[{"taxonomy":"product_brand","embeddable":true,"href":"https:\/\/soydeaqui.ddns.net\/pachuca\/index.php\/wp-json\/wp\/v2\/product_brand?post=46942"},{"taxonomy":"product_cat","embeddable":true,"href":"https:\/\/soydeaqui.ddns.net\/pachuca\/index.php\/wp-json\/wp\/v2\/product_cat?post=46942"},{"taxonomy":"product_tag","embeddable":true,"href":"https:\/\/soydeaqui.ddns.net\/pachuca\/index.php\/wp-json\/wp\/v2\/product_tag?post=46942"}],"curies":[{"name":"wp","href":"https:\/\/api.w.org\/{rel}","templated":true}]}}