{"id":46864,"date":"2026-03-18T20:50:57","date_gmt":"2026-03-18T20:50:57","guid":{"rendered":"https:\/\/soydeaqui.ddns.net\/pachuca\/index.php\/producto\/protector-poe-contra-descargas-atmosfericas-ideal-para-enlaces-inalambricos-gigabit-y-camaras-ip-con-tecnologia-tubo-descarga-de-gas\/"},"modified":"2026-03-18T20:51:00","modified_gmt":"2026-03-18T20:51:00","slug":"protector-poe-contra-descargas-atmosfericas-ideal-para-enlaces-inalambricos-gigabit-y-camaras-ip-con-tecnologia-tubo-descarga-de-gas","status":"publish","type":"product","link":"https:\/\/soydeaqui.ddns.net\/pachuca\/index.php\/producto\/protector-poe-contra-descargas-atmosfericas-ideal-para-enlaces-inalambricos-gigabit-y-camaras-ip-con-tecnologia-tubo-descarga-de-gas\/","title":{"rendered":"Protector PoE Contra Descargas Atmosf\u00e9ricas Ideal Para Enlaces Inal\u00e1mbricos Gigabit y C\u00e1maras IP Con Tecnolog\u00eda Tubo Descarga De Gas"},"content":{"rendered":"<div style='width: 100%; max-width: 1200px; margin: 0 auto; font-family: sans-serif; line-height: 1.6; color: inherit; background-color: transparent;'> <!-- Imagen de marca --> <\/p>\n<div style='text-align: center; margin-bottom: 30px;'> <img style='width: 100%; max-width: 300px; height: auto; border: 1px solid rgba(150&comma;150&comma;150&comma;0.3); border-radius: 8px;' src='https:\/\/ftp3.syscom.mx\/usuarios\/fotos\/ALPUF140\/80800-transtector_logo.jpg' alt='Logo Transtector'> <\/div>\n<p> <!-- Descripci\u00f3n principal --> <\/p>\n<div style='margin-bottom: 30px;'>\n<p>Este Transtector Gigabit Ethernet \/ PoE + SPD utiliza un RJ45 blindado para la conexi\u00f3n. Nuestra protecci\u00f3n industrial PoE contra rayos y sobretensiones transitorias para la supresi\u00f3n de picos de potencia es parte de la serie ALPU. La hoja de datos del protector de sobretensi\u00f3n PoE PDF de especificaciones y planos con detalles de dimensiones para ALPU-L130 est\u00e1n disponibles para descargar arriba.<\/p>\n<p>La protecci\u00f3n contra sobretensiones para dispositivos Gigabit Ethernet \/ PoE + en este componente Transtector SPD tiene la forma de tubo de descarga de gas (GDT). Esta l\u00ednea de datos TVSS utiliza circuitos de tubo de descarga de gas (GDT) para proteger los dispositivos electr\u00f3nicos de picos. La supresi\u00f3n de sobretensiones transitorias de rayos y los eventos de picos el\u00e9ctricos fuertes para PoE se manejan a trav\u00e9s de circuitos de protecci\u00f3n GDT en el SPD de la l\u00ednea de datos. El dispositivo de protecci\u00f3n contra sobretensiones comercial Gigabit Ethernet \/ PoE + ALPU-L130 es EN \/ IEC 60950-1 y UL 497B<\/p>\n<\/p><\/div>\n<p> <!-- Secci\u00f3n de caracter\u00edsticas&comma; beneficios y aplicaciones --> <\/p>\n<div style='display: flex; flex-wrap: wrap; gap: 30px; margin-bottom: 30px;'>\n<div style='flex: 1 1 300px; min-width: 280px;'>\n<div style='border: 1px solid rgba(150&comma; 150&comma; 150&comma; 0.4); border-radius: 8px; overflow: hidden; display: flex; flex-direction: column;'>\n<div style='padding: 15px; border-bottom: 1px solid rgba(150&comma; 150&comma; 150&comma; 0.2); font-weight: bold; font-size: 18px; color: inherit; background-color: rgba(149&comma;47&comma;89&comma;0.1);'>Caracter\u00edsticas principales:<\/div>\n<div style='padding: 15px; color: inherit;'>\n<ul style='padding-left: 20px; margin: 0; font-size: 14px; list-style-type: disc;'>\n<li style='margin-bottom: 5px;'>Puertos Gigabits.<\/li>\n<li style='margin-bottom: 5px;'>Protecci\u00f3n hasta PoE+ (51W).<\/li>\n<li style='margin-bottom: 5px;'>Modos de protecci\u00f3n: L-G\/ S-G.<\/li>\n<li style='margin-bottom: 5px;'>Impedancia: 100 \u03a9.<\/li>\n<li style='margin-bottom: 5px;'>Tecnolog\u00eda: Tubo de descarga de gas (TGD).<\/li>\n<li style='margin-bottom: 5px;'>Corriente m\u00e1xima 1.5 A.<\/li>\n<li style='margin-bottom: 5px;'>Tiempo de respuesta de supresi\u00f3n < 75 ns.<\/li>\n<li style='margin-bottom: 5px;'>Rango de temperatura: -40\u00b0 a 65\u00b0C.<\/li>\n<li style='margin-bottom: 5px;'>Garant\u00eda 1 a\u00f1o.<\/li>\n<\/ul><\/div>\n<\/p><\/div>\n<\/p><\/div>\n<div style='flex: 1 1 300px; min-width: 280px;'>\n<div style='border: 1px solid rgba(150&comma; 150&comma; 150&comma; 0.4); border-radius: 8px; overflow: hidden; display: flex; flex-direction: column;'>\n<div style='padding: 15px; border-bottom: 1px solid rgba(150&comma; 150&comma; 150&comma; 0.2); font-weight: bold; font-size: 18px; color: inherit; background-color: rgba(149&comma;47&comma;89&comma;0.1);'>Beneficios:<\/div>\n<div style='padding: 15px; color: inherit;'>\n<ul style='padding-left: 20px; margin: 0; font-size: 14px; list-style-type: disc;'>\n<li style='margin-bottom: 5px;'>F\u00e1cil instalaci\u00f3n.<\/li>\n<li style='margin-bottom: 5px;'>Pines protegidos (1&comma;2)&comma; (3&comma;6)&comma; (4&comma;5)&comma; (7&comma;8).<\/li>\n<li style='margin-bottom: 5px;'>Protecci\u00f3n Exterior. IP23<\/li>\n<li style='margin-bottom: 5px;'>Peso: 150g.<\/li>\n<li style='margin-bottom: 5px;'>Montaje en poste o pared.<\/li>\n<li style='margin-bottom: 5px;'>RJ45 blindado.<\/li>\n<li style='margin-bottom: 5px;'>Compatible Cat5\/5e UTP\/STP&comma; Cat6\/6A. STP<\/li>\n<\/ul><\/div>\n<\/p><\/div>\n<\/p><\/div>\n<div style='flex: 1 1 300px; min-width: 280px;'>\n<div style='border: 1px solid rgba(150&comma; 150&comma; 150&comma; 0.4); border-radius: 8px; overflow: hidden; display: flex; flex-direction: column;'>\n<div style='padding: 15px; border-bottom: 1px solid rgba(150&comma; 150&comma; 150&comma; 0.2); font-weight: bold; font-size: 18px; color: inherit; background-color: rgba(149&comma;47&comma;89&comma;0.1);'>Aplicaciones:<\/div>\n<div style='padding: 15px; color: inherit;'>\n<ul style='padding-left: 20px; margin: 0; font-size: 14px; list-style-type: disc;'>\n<li style='margin-bottom: 5px;'>Enlaces inal\u00e1mbricos.<\/li>\n<li style='margin-bottom: 5px;'>Videovigilancia IP.<\/li>\n<li style='margin-bottom: 5px;'>WiFi para exterior.<\/li>\n<li style='margin-bottom: 5px;'>Centros de datos.<\/li>\n<\/ul><\/div>\n<\/p><\/div>\n<\/p><\/div>\n<\/p><\/div>\n<p> <!-- Imagen de producto 1 --> <\/p>\n<div style='text-align: center; margin: 30px 0;'> <img style='width: 100%; max-width: 800px; height: auto; border: 1px solid rgba(150&comma;150&comma;150&comma;0.3); border-radius: 8px;' src='https:\/\/ftp3.syscom.mx\/usuarios\/fotos\/ALPUF140\/80800-alpuf140_12.png' alt='Protector PoE Transtector ALPU-L130'> <\/div>\n<p> <!-- Nota importante --> <\/p>\n<div style='margin: 30px 0; padding: 15px; border-left: 5px solid #952F57; background-color: rgba(149&comma;47&comma;89&comma;0.05);'>\n<p style='color: #c0392b; font-weight: bold; margin: 0;'>Nota* El protector tiene que estar aterrizado a tierra<\/p>\n<\/p><\/div>\n<p> <!-- Imagen de producto 2 --> <\/p>\n<div style='text-align: center; margin: 30px 0;'> <img style='width: 100%; max-width: 800px; height: auto; border: 1px solid rgba(150&comma;150&comma;150&comma;0.3); border-radius: 8px;' src='https:\/\/ftp3.syscom.mx\/usuarios\/fotos\/ALPUL130\/80799-alpul130.png' alt='Instalaci\u00f3n protector PoE Transtector ALPU-L130'> <\/div>\n<p> <!-- Nota de instalaci\u00f3n --> <\/p>\n<div style='margin: 30px 0; padding: 15px; background-color: rgba(149&comma;47&comma;89&comma;0.05); text-align: center;'>\n<p style='margin: 0; font-weight: bold; font-size: 16px; color: inherit;'>Escenario t\u00edpico de instalaci\u00f3n de protectores contra descargas<\/p>\n<\/p><\/div>\n<\/p><\/div>\n","protected":false},"excerpt":{"rendered":"<p>Protector PoE Contra Descargas Atmosf\u00e9ricas Ideal Para Enlaces Inal\u00e1mbricos Gigabit y C\u00e1maras IP Con Tecnolog\u00eda Tubo Descarga De Gas<\/p>\n","protected":false},"featured_media":46863,"comment_status":"open","ping_status":"closed","template":"","meta":[],"product_brand":[],"product_cat":[953],"product_tag":[898,954,546],"class_list":{"0":"post-46864","1":"product","2":"type-product","3":"status-publish","4":"has-post-thumbnail","6":"product_cat-redes","7":"product_tag-proteccion-contra-descargas","8":"product_tag-redes","9":"product_tag-transtector","11":"first","12":"instock","13":"sale","14":"shipping-taxable","15":"purchasable","16":"product-type-simple"},"_links":{"self":[{"href":"https:\/\/soydeaqui.ddns.net\/pachuca\/index.php\/wp-json\/wp\/v2\/product\/46864","targetHints":{"allow":["GET"]}}],"collection":[{"href":"https:\/\/soydeaqui.ddns.net\/pachuca\/index.php\/wp-json\/wp\/v2\/product"}],"about":[{"href":"https:\/\/soydeaqui.ddns.net\/pachuca\/index.php\/wp-json\/wp\/v2\/types\/product"}],"replies":[{"embeddable":true,"href":"https:\/\/soydeaqui.ddns.net\/pachuca\/index.php\/wp-json\/wp\/v2\/comments?post=46864"}],"wp:featuredmedia":[{"embeddable":true,"href":"https:\/\/soydeaqui.ddns.net\/pachuca\/index.php\/wp-json\/wp\/v2\/media\/46863"}],"wp:attachment":[{"href":"https:\/\/soydeaqui.ddns.net\/pachuca\/index.php\/wp-json\/wp\/v2\/media?parent=46864"}],"wp:term":[{"taxonomy":"product_brand","embeddable":true,"href":"https:\/\/soydeaqui.ddns.net\/pachuca\/index.php\/wp-json\/wp\/v2\/product_brand?post=46864"},{"taxonomy":"product_cat","embeddable":true,"href":"https:\/\/soydeaqui.ddns.net\/pachuca\/index.php\/wp-json\/wp\/v2\/product_cat?post=46864"},{"taxonomy":"product_tag","embeddable":true,"href":"https:\/\/soydeaqui.ddns.net\/pachuca\/index.php\/wp-json\/wp\/v2\/product_tag?post=46864"}],"curies":[{"name":"wp","href":"https:\/\/api.w.org\/{rel}","templated":true}]}}