{"id":46834,"date":"2026-03-18T20:49:59","date_gmt":"2026-03-18T20:49:59","guid":{"rendered":"https:\/\/soydeaqui.ddns.net\/pachuca\/index.php\/producto\/mc1-emc1-convertidor-ethernet-a-meterbus-fuera-de-la-red-electrica\/"},"modified":"2026-03-18T20:50:02","modified_gmt":"2026-03-18T20:50:02","slug":"mc1-emc1-convertidor-ethernet-a-meterbus-fuera-de-la-red-electrica","status":"publish","type":"product","link":"https:\/\/soydeaqui.ddns.net\/pachuca\/index.php\/producto\/mc1-emc1-convertidor-ethernet-a-meterbus-fuera-de-la-red-electrica\/","title":{"rendered":"MC1  (EMC1) CONVERTIDOR ETHERNET A METERBUS FUERA DE LA RED EL\u00c9CTRICA."},"content":{"rendered":"<div style='width: 100%; max-width: 1200px; margin: 0 auto; font-family: sans-serif; line-height: 1.6; color: inherit;'>\n<div style='display: flex; flex-wrap: wrap; gap: 30px; margin-bottom: 30px;'>\n<div style='flex: 1 1 300px; min-width: 280px;'>\n<h3 style='font-size: 22px; border-bottom: 2px solid currentColor; padding-bottom: 5px; margin-top: 0; color: inherit; opacity: 0.8;'>Descripci\u00f3n<\/h3>\n<p style='font-size: 15px; color: inherit;'>El nuevo convertidor Ethernet MeterBus (modelo: EMC-1). Permite la conectividad de red basada en IP y de Internet a cualquier producto de Morningstar que cuente con un puerto MeterBus existente (RJ-11) que lo incluyen los siguientes controladores:<\/p>\n<ul style='padding-left: 20px; font-size: 15px; color: inherit;'>\n<li style='margin-bottom: 5px;'>TriStar MPPT<\/li>\n<li style='margin-bottom: 5px;'>ProStar MPPT<\/li>\n<li style='margin-bottom: 5px;'>SunSaver MPPT<\/li>\n<li style='margin-bottom: 5px;'>TriStar PWM<\/li>\n<li style='margin-bottom: 5px;'>SunSaver Duo<\/li>\n<li style='margin-bottom: 5px;'>Inversor SureSine<\/li>\n<\/ul><\/div>\n<\/p><\/div>\n<div style='display: flex; flex-wrap: wrap; gap: 30px; margin-bottom: 30px;'>\n<div style='flex: 1 1 300px; min-width: 280px;'>\n<h3 style='font-size: 22px; border-bottom: 2px solid currentColor; padding-bottom: 5px; margin-top: 0; color: inherit; opacity: 0.8;'>Conectividad<\/h3>\n<p style='font-size: 15px; color: inherit;'>El EMC-1 se conecta al puerto MeterBus del producto de Morningstar o la entrada de CC para sistemas de 12&comma; 24 o 48V. La conexi\u00f3n de puerto MeterBus tambi\u00e9n permite la transmisi\u00f3n de datos en serie al EMC-1. El EMC-1 convierte esta conexi\u00f3n en un puerto Ethernet totalmente habilitado para permitir la transferencia de datos a Internet.<\/p>\n<\/p><\/div>\n<\/p><\/div>\n<div style='display: flex; flex-wrap: wrap; gap: 30px; margin-bottom: 30px;'>\n<div style='flex: 1 1 300px; min-width: 280px;'>\n<h3 style='font-size: 22px; border-bottom: 2px solid currentColor; padding-bottom: 5px; margin-top: 0; color: inherit; opacity: 0.8;'>Caracter\u00edsticas<\/h3>\n<ul style='padding-left: 20px; font-size: 15px; color: inherit;'>\n<li style='margin-bottom: 5px;'>Supervisi\u00f3n remota&comma; configuraci\u00f3n y control utilizando cualquier tipo de conexi\u00f3n de red basada en IP<\/li>\n<li style='margin-bottom: 5px;'>Conectividad MODBUS basada en IP para comunicaci\u00f3n y control remoto<\/li>\n<li style='margin-bottom: 5px;'>Monitoreo&comma; registro y programaci\u00f3n personalizada remota usando el software MSstar PC de Morningstar<\/li>\n<li style='margin-bottom: 5px;'>Live View de Morningstar muestra el estado del sistema y los datos de registro directamente desde el EMC-1 a una p\u00e1gina web<\/li>\n<li style='margin-bottom: 5px;'>Se planea lanzar un servicio de datos alojado en la nube en 2017<\/li>\n<\/ul><\/div>\n<\/p><\/div>\n<div style='display: flex; flex-wrap: wrap; gap: 30px; margin-bottom: 30px;'>\n<div style='flex: 1 1 300px; min-width: 280px;'>\n<h3 style='font-size: 22px; border-bottom: 2px solid currentColor; padding-bottom: 5px; margin-top: 0; color: inherit; opacity: 0.8;'>Video<\/h3>\n<div style='position: relative; padding-bottom: 56.25%; height: 0; overflow: hidden; margin-bottom: 30px;'>   <\/div>\n<\/p><\/div>\n<\/p><\/div>\n<\/p><\/div>\n","protected":false},"excerpt":{"rendered":"<p>MC1  (EMC1) CONVERTIDOR ETHERNET A METERBUS FUERA DE LA RED EL\u00c9CTRICA.<\/p>\n","protected":false},"featured_media":46833,"comment_status":"open","ping_status":"closed","template":"","meta":[],"product_brand":[],"product_cat":[1067],"product_tag":[1068,964,1119],"class_list":{"0":"post-46834","1":"product","2":"type-product","3":"status-publish","4":"has-post-thumbnail","6":"product_cat-accesorios-cables-jumpers","7":"product_tag-accesorios-cables-jumpers","8":"product_tag-energia-solar","9":"product_tag-morningstar","11":"first","12":"instock","13":"sale","14":"shipping-taxable","15":"purchasable","16":"product-type-simple"},"_links":{"self":[{"href":"https:\/\/soydeaqui.ddns.net\/pachuca\/index.php\/wp-json\/wp\/v2\/product\/46834","targetHints":{"allow":["GET"]}}],"collection":[{"href":"https:\/\/soydeaqui.ddns.net\/pachuca\/index.php\/wp-json\/wp\/v2\/product"}],"about":[{"href":"https:\/\/soydeaqui.ddns.net\/pachuca\/index.php\/wp-json\/wp\/v2\/types\/product"}],"replies":[{"embeddable":true,"href":"https:\/\/soydeaqui.ddns.net\/pachuca\/index.php\/wp-json\/wp\/v2\/comments?post=46834"}],"wp:featuredmedia":[{"embeddable":true,"href":"https:\/\/soydeaqui.ddns.net\/pachuca\/index.php\/wp-json\/wp\/v2\/media\/46833"}],"wp:attachment":[{"href":"https:\/\/soydeaqui.ddns.net\/pachuca\/index.php\/wp-json\/wp\/v2\/media?parent=46834"}],"wp:term":[{"taxonomy":"product_brand","embeddable":true,"href":"https:\/\/soydeaqui.ddns.net\/pachuca\/index.php\/wp-json\/wp\/v2\/product_brand?post=46834"},{"taxonomy":"product_cat","embeddable":true,"href":"https:\/\/soydeaqui.ddns.net\/pachuca\/index.php\/wp-json\/wp\/v2\/product_cat?post=46834"},{"taxonomy":"product_tag","embeddable":true,"href":"https:\/\/soydeaqui.ddns.net\/pachuca\/index.php\/wp-json\/wp\/v2\/product_tag?post=46834"}],"curies":[{"name":"wp","href":"https:\/\/api.w.org\/{rel}","templated":true}]}}