{"id":46827,"date":"2026-03-18T20:49:45","date_gmt":"2026-03-18T20:49:45","guid":{"rendered":"https:\/\/soydeaqui.ddns.net\/pachuca\/index.php\/producto\/ups-de-3000va-2700w-topologia-on-line-doble-conversion-con-baterias-internas-entrada-y-salida-de-120-vca-clavija-de-entrada-nema-l5-30p-pantalla-lcd-configurable-formato-rack-torre\/"},"modified":"2026-03-18T20:49:52","modified_gmt":"2026-03-18T20:49:52","slug":"ups-de-3000va-2700w-topologia-on-line-doble-conversion-con-baterias-internas-entrada-y-salida-de-120-vca-clavija-de-entrada-nema-l5-30p-pantalla-lcd-configurable-formato-rack-torre","status":"publish","type":"product","link":"https:\/\/soydeaqui.ddns.net\/pachuca\/index.php\/producto\/ups-de-3000va-2700w-topologia-on-line-doble-conversion-con-baterias-internas-entrada-y-salida-de-120-vca-clavija-de-entrada-nema-l5-30p-pantalla-lcd-configurable-formato-rack-torre\/","title":{"rendered":"UPS de 3000VA\/2700W \/ Topolog\u00eda On-Line Doble Conversi\u00f3n con Bater\u00edas Internas \/ Entrada y Salida de 120 Vca \/ Clavija de Entrada NEMA L5-30P \/ Pantalla LCD Configurable \/ Formato Rack\/Torre"},"content":{"rendered":"<div style='width: 100%; max-width: 1200px; margin: 0 auto; font-family: sans-serif; line-height: 1.6; color: inherit; background-color: transparent;'> <!-- Descripci\u00f3n principal --> <\/p>\n<div style='margin-bottom: 30px; font-size: 15px; color: inherit;'>\n<p style='margin: 0 0 15px;'>El UPS de topolog\u00eda On-Line (doble conversi\u00f3n) es la versi\u00f3n de alta densidad de epcom Power Line&comma; dise\u00f1ado para aplicaciones de voltajes de 100\/110\/115\/120\/127 VAC. Est\u00e1 equipado con correcci\u00f3n de factor de potencia (PFC) en la entrada&comma; factor de potencia de 0.9 en la salida&comma; ofreciendo altos niveles de confiabilidad y protecci\u00f3n para sistemas IT&comma; equipo de telecomunicaciones&comma; equipo m\u00e9dico y sistemas de misi\u00f3n cr\u00edtica&comma; es convertible a Rack\/Torre y solo toma 2U unidades de Rack.<\/p>\n<\/p><\/div>\n<p> <!-- Caracter\u00edsticas Generales --> <\/p>\n<div style='display: flex; flex-wrap: wrap; gap: 30px; margin-bottom: 30px;'>\n<div style='flex: 1 1 300px; min-width: 280px;'>\n<h3 style='font-size: 22px; border-bottom: 2px solid currentColor; padding-bottom: 5px; margin-top: 0; color: inherit; opacity: 0.8;'>Caracter\u00edsticas Generales<\/h3>\n<ul style='padding-left: 20px; font-size: 15px; color: inherit;'>\n<li style='margin-bottom: 5px;'><strong>Capacidad:<\/strong> 3000 VA \/ 2700 W<\/li>\n<li style='margin-bottom: 5px;'><strong>Topolog\u00eda:<\/strong> On-Line<\/li>\n<li style='margin-bottom: 5px;'><strong>Pantalla:<\/strong> LCD<\/li>\n<li style='margin-bottom: 5px;'><strong>Tipo de onda:<\/strong> Onda senoidal pura<\/li>\n<li style='margin-bottom: 5px;'><strong>Bater\u00eda:<\/strong> 6 x 12V9Ah (incluidas)<\/li>\n<li style='margin-bottom: 5px;'><strong>Dimensiones (mm):<\/strong> 88 x 440 x 720 (Alto x Ancho x Profundidad)<\/li>\n<li style='margin-bottom: 5px;'><strong>Factor de potencia de salida:<\/strong> 0.9<\/li>\n<li style='margin-bottom: 5px;'><strong>Regulador de Voltaje:<\/strong> 95 &#8211; 135 VAC<\/li>\n<li style='margin-bottom: 5px;'><strong>Salida de Voltaje:<\/strong> 100 V \/ 110 V \/ 115 V \/ 120 V \/ 127V AC (Configurable v\u00eda LCD)<\/li>\n<li style='margin-bottom: 5px;'><strong>Opci\u00f3n para banco de bater\u00eda:<\/strong> S\u00ed<\/li>\n<\/ul><\/div>\n<\/p><\/div>\n<p> <!-- Nota importante --> <\/p>\n<div style='margin-bottom: 30px; font-size: 15px; color: inherit;'>\n<p style='margin: 0;'><strong>NOTA:<\/strong> En los bornes de alimentaci\u00f3n INPUT corresponde a la entrada y OUTPUT a la salida.<\/p>\n<\/p><\/div>\n<p> <!-- Tabla de duraci\u00f3n de bater\u00eda - Configuraci\u00f3n base --> <\/p>\n<div style='display: flex; flex-wrap: wrap; gap: 20px; margin-bottom: 30px;'>\n<div style='flex: 1 1 250px; border: 1px solid rgba(150&comma; 150&comma; 150&comma; 0.4); border-radius: 8px; overflow: hidden; display: flex; flex-direction: column;'>\n<div style='padding: 15px; border-bottom: 1px solid rgba(150&comma; 150&comma; 150&comma; 0.2); font-weight: bold; font-size: 18px; color: inherit;'>EPU3000RTOL2U<\/div>\n<div style='padding: 15px; color: inherit;'>\n<ul style='padding-left: 20px; margin: 0; font-size: 14px; list-style-type: disc;'>\n<li style='margin-bottom: 5px;'><strong>Duraci\u00f3n a media carga:<\/strong> 9.0 min<\/li>\n<li style='margin-bottom: 5px;'><strong>Duraci\u00f3n a carga completa:<\/strong> 3.0 min<\/li>\n<li style='margin-bottom: 5px;'><strong>Duraci\u00f3n con 50W:<\/strong> 249.0 min<\/li>\n<li style='margin-bottom: 5px;'><strong>Duraci\u00f3n con 100W:<\/strong> 150.0 min<\/li>\n<li style='margin-bottom: 5px;'><strong>Duraci\u00f3n con 200W:<\/strong> 78.0 min<\/li>\n<li style='margin-bottom: 5px;'><strong>Duraci\u00f3n con 300W:<\/strong> 51.0 min<\/li>\n<li style='margin-bottom: 5px;'><strong>Duraci\u00f3n con 400W:<\/strong> 38.0 min<\/li>\n<li style='margin-bottom: 5px;'><strong>Duraci\u00f3n con 500W:<\/strong> 30.0 min<\/li>\n<li style='margin-bottom: 5px;'><strong>Duraci\u00f3n con 600W:<\/strong> 25.0 min<\/li>\n<li style='margin-bottom: 5px;'><strong>Duraci\u00f3n con 700W:<\/strong> 20.0 min<\/li>\n<li style='margin-bottom: 5px;'><strong>Duraci\u00f3n con 800W:<\/strong> 17.0 min<\/li>\n<li style='margin-bottom: 5px;'><strong>Duraci\u00f3n con 900W:<\/strong> 15.0 min<\/li>\n<li style='margin-bottom: 5px;'><strong>Duraci\u00f3n con 1000W:<\/strong> 13.0 min<\/li>\n<li style='margin-bottom: 5px;'><strong>Duraci\u00f3n con 1100W:<\/strong> 11.0 min<\/li>\n<li style='margin-bottom: 5px;'><strong>Duraci\u00f3n con 1200W:<\/strong> 9.9 min<\/li>\n<li style='margin-bottom: 5px;'><strong>Duraci\u00f3n con 1300W:<\/strong> 9.0 min<\/li>\n<li style='margin-bottom: 5px;'><strong>Duraci\u00f3n con 1400W:<\/strong> 8.0 min<\/li>\n<li style='margin-bottom: 5px;'><strong>Duraci\u00f3n con 1500W:<\/strong> 7.0 min<\/li>\n<li style='margin-bottom: 5px;'><strong>Duraci\u00f3n con 1600W:<\/strong> 6.5 min<\/li>\n<li style='margin-bottom: 5px;'><strong>Duraci\u00f3n con 1700W:<\/strong> 5.7 min<\/li>\n<li style='margin-bottom: 5px;'><strong>Duraci\u00f3n con 1800W:<\/strong> 4.9 min<\/li>\n<li style='margin-bottom: 5px;'><strong>Duraci\u00f3n con 1900W:<\/strong> 4.7 min<\/li>\n<li style='margin-bottom: 5px;'><strong>Duraci\u00f3n con 2000W:<\/strong> 4.5 min<\/li>\n<li style='margin-bottom: 5px;'><strong>Duraci\u00f3n con 2100W:<\/strong> 3.6 min<\/li>\n<li style='margin-bottom: 5px;'><strong>Duraci\u00f3n con 2200W:<\/strong> 3.0 min<\/li>\n<\/ul><\/div>\n<\/p><\/div>\n<p> <!-- Tabla de duraci\u00f3n con 1 extensi\u00f3n --> <\/p>\n<div style='flex: 1 1 250px; border: 1px solid rgba(150&comma; 150&comma; 150&comma; 0.4); border-radius: 8px; overflow: hidden; display: flex; flex-direction: column;'>\n<div style='padding: 15px; border-bottom: 1px solid rgba(150&comma; 150&comma; 150&comma; 0.2); font-weight: bold; font-size: 18px; color: inherit;'>EPU3000RTOL2U + 1 EPU6PACKRT2U<\/div>\n<div style='padding: 15px; color: inherit;'>\n<ul style='padding-left: 20px; margin: 0; font-size: 14px; list-style-type: disc;'>\n<li style='margin-bottom: 5px;'><strong>Duraci\u00f3n a media carga:<\/strong> 24.0 min<\/li>\n<li style='margin-bottom: 5px;'><strong>Duraci\u00f3n a carga completa:<\/strong> 8.0 min<\/li>\n<li style='margin-bottom: 5px;'><strong>Duraci\u00f3n con 50W:<\/strong> 489.0 min<\/li>\n<li style='margin-bottom: 5px;'><strong>Duraci\u00f3n con 100W:<\/strong> 378.0 min<\/li>\n<li style='margin-bottom: 5px;'><strong>Duraci\u00f3n con 200W:<\/strong> 187.0 min<\/li>\n<li style='margin-bottom: 5px;'><strong>Duraci\u00f3n con 300W:<\/strong> 122.0 min<\/li>\n<li style='margin-bottom: 5px;'><strong>Duraci\u00f3n con 400W:<\/strong> 92.0 min<\/li>\n<li style='margin-bottom: 5px;'><strong>Duraci\u00f3n con 500W:<\/strong> 78.0 min<\/li>\n<li style='margin-bottom: 5px;'><strong>Duraci\u00f3n con 600W:<\/strong> 61.0 min<\/li>\n<li style='margin-bottom: 5px;'><strong>Duraci\u00f3n con 700W:<\/strong> 51.0 min<\/li>\n<li style='margin-bottom: 5px;'><strong>Duraci\u00f3n con 800W:<\/strong> 43.0 min<\/li>\n<li style='margin-bottom: 5px;'><strong>Duraci\u00f3n con 900W:<\/strong> 38.0 min<\/li>\n<li style='margin-bottom: 5px;'><strong>Duraci\u00f3n con 1000W:<\/strong> 33.0 min<\/li>\n<li style='margin-bottom: 5px;'><strong>Duraci\u00f3n con 1100W:<\/strong> 29.0 min<\/li>\n<li style='margin-bottom: 5px;'><strong>Duraci\u00f3n con 1200W:<\/strong> 26.0 min<\/li>\n<li style='margin-bottom: 5px;'><strong>Duraci\u00f3n con 1300W:<\/strong> 24.0 min<\/li>\n<li style='margin-bottom: 5px;'><strong>Duraci\u00f3n con 1400W:<\/strong> 21.0 min<\/li>\n<li style='margin-bottom: 5px;'><strong>Duraci\u00f3n con 1500W:<\/strong> 19.0 min<\/li>\n<li style='margin-bottom: 5px;'><strong>Duraci\u00f3n con 1600W:<\/strong> 18.0 min<\/li>\n<li style='margin-bottom: 5px;'><strong>Duraci\u00f3n con 1700W:<\/strong> 16.7 min<\/li>\n<li style='margin-bottom: 5px;'><strong>Duraci\u00f3n con 1800W:<\/strong> 15.0 min<\/li>\n<li style='margin-bottom: 5px;'><strong>Duraci\u00f3n con 1900W:<\/strong> 14.0 min<\/li>\n<li style='margin-bottom: 5px;'><strong>Duraci\u00f3n con 2000W:<\/strong> 13.4 min<\/li>\n<li style='margin-bottom: 5px;'><strong>Duraci\u00f3n con 2100W:<\/strong> 9.0 min<\/li>\n<li style='margin-bottom: 5px;'><strong>Duraci\u00f3n con 2200W:<\/strong> 8.0 min<\/li>\n<\/ul><\/div>\n<\/p><\/div>\n<p> <!-- Tabla de duraci\u00f3n con 2 extensiones --> <\/p>\n<div style='flex: 1 1 250px; border: 1px solid rgba(150&comma; 150&comma; 150&comma; 0.4); border-radius: 8px; overflow: hidden; display: flex; flex-direction: column;'>\n<div style='padding: 15px; border-bottom: 1px solid rgba(150&comma; 150&comma; 150&comma; 0.2); font-weight: bold; font-size: 18px; color: inherit;'>EPU3000RTOL2U + 2 EPU6PACKRT2U<\/div>\n<div style='padding: 15px; color: inherit;'>\n<ul style='padding-left: 20px; margin: 0; font-size: 14px; list-style-type: disc;'>\n<li style='margin-bottom: 5px;'><strong>Duraci\u00f3n a media carga:<\/strong> 40.0 min<\/li>\n<li style='margin-bottom: 5px;'><strong>Duraci\u00f3n a carga completa:<\/strong> 14.3 min<\/li>\n<li style='margin-bottom: 5px;'><strong>Duraci\u00f3n con 50W:<\/strong> 600.0 min<\/li>\n<li style='margin-bottom: 5px;'><strong>Duraci\u00f3n con 100W:<\/strong> 450.0 min<\/li>\n<li style='margin-bottom: 5px;'><strong>Duraci\u00f3n con 200W:<\/strong> 304.0 min<\/li>\n<li style='margin-bottom: 5px;'><strong>Duraci\u00f3n con 300W:<\/strong> 210.0 min<\/li>\n<li style='margin-bottom: 5px;'><strong>Duraci\u00f3n con 400W:<\/strong> 162.0 min<\/li>\n<li style='margin-bottom: 5px;'><strong>Duraci\u00f3n con 500W:<\/strong> 128.0 min<\/li>\n<li style='margin-bottom: 5px;'><strong>Duraci\u00f3n con 600W:<\/strong> 105.0 min<\/li>\n<li style='margin-bottom: 5px;'><strong>Duraci\u00f3n con 700W:<\/strong> 87.0 min<\/li>\n<li style='margin-bottom: 5px;'><strong>Duraci\u00f3n con 800W:<\/strong> 76.0 min<\/li>\n<li style='margin-bottom: 5px;'><strong>Duraci\u00f3n con 900W:<\/strong> 64.0 min<\/li>\n<li style='margin-bottom: 5px;'><strong>Duraci\u00f3n con 1000W:<\/strong> 56.0 min<\/li>\n<li style='margin-bottom: 5px;'><strong>Duraci\u00f3n con 1100W:<\/strong> 49.0 min<\/li>\n<li style='margin-bottom: 5px;'><strong>Duraci\u00f3n con 1200W:<\/strong> 43.0 min<\/li>\n<li style='margin-bottom: 5px;'><strong>Duraci\u00f3n con 1300W:<\/strong> 40.0 min<\/li>\n<li style='margin-bottom: 5px;'><strong>Duraci\u00f3n con 1400W:<\/strong> 37.0 min<\/li>\n<li style='margin-bottom: 5px;'><strong>Duraci\u00f3n con 1500W:<\/strong> 33.0 min<\/li>\n<li style='margin-bottom: 5px;'><strong>Duraci\u00f3n con 1600W:<\/strong> 31.0 min<\/li>\n<li style='margin-bottom: 5px;'><strong>Duraci\u00f3n con 1700W:<\/strong> 28.0 min<\/li>\n<li style='margin-bottom: 5px;'><strong>Duraci\u00f3n con 1800W:<\/strong> 26.0 min<\/li>\n<li style='margin-bottom: 5px;'><strong>Duraci\u00f3n con 1900W:<\/strong> 24.0 min<\/li>\n<li style='margin-bottom: 5px;'><strong>Duraci\u00f3n con 2000W:<\/strong> 23.0 min<\/li>\n<li style='margin-bottom: 5px;'><strong>Duraci\u00f3n con 2100W:<\/strong> 16.0 min<\/li>\n<li style='margin-bottom: 5px;'><strong>Duraci\u00f3n con 2200W:<\/strong> 14.3 min<\/li>\n<\/ul><\/div>\n<\/p><\/div>\n<\/p><\/div>\n<p> <!-- Im\u00e1genes y recursos --> <\/p>\n<div style='display: flex; flex-wrap: wrap; gap: 30px; margin-bottom: 30px; justify-content: center;'> <img style='width: 100%; max-width: 200px; height: auto; border: 1px solid rgba(150&comma;150&comma;150&comma;0.3); border-radius: 8px;' src='http:\/\/ftp3.syscom.mx\/usuarios\/ftp\/single_page\/epcom_powerline\/ups_logotipo.png' alt='Logo Epcom Power Line'> <\/p>\n<div style='flex: 1 1 300px; min-width: 280px;'>\n<h3 style='font-size: 22px; border-bottom: 2px solid currentColor; padding-bottom: 5px; margin-top: 0; color: inherit; opacity: 0.8;'>Calculador de tiempo de respaldo<\/h3>\n<p style='font-size: 14px; margin-bottom: 15px;'>Descargue la herramienta para calcular el tiempo de respaldo seg\u00fan sus necesidades:<\/p>\n<p style='text-align: center; margin: 20px 0;'> <a style='display: inline-block; padding: 12px 25px; background-color: #e70000; color: white; text-decoration: none; border-radius: 5px; font-weight: bold;' href='https:\/\/ftp3.syscom.mx\/usuarios\/acordova\/epcom%20Power%20line\/BACK%20UP.xlsx' target='_blank' rel='noopener'>DESCARGAR CALCULADOR<\/a> <\/p>\n<\/p><\/div>\n<\/p><\/div>\n<p> <!-- Im\u00e1genes adicionales --> <\/p>\n<div style='display: flex; flex-wrap: wrap; gap: 30px; margin-bottom: 30px; justify-content: center;'> <img style='width: 100%; max-width: 600px; height: auto; border: 1px solid rgba(150&comma;150&comma;150&comma;0.3); border-radius: 8px;' src='http:\/\/ftp3.syscom.mx\/usuarios\/ftp\/single_page\/epcom_powerline\/ups_header.png' alt='Cabecera UPS'> <img style='width: 100%; max-width: 400px; height: auto; border: 1px solid rgba(150&comma;150&comma;150&comma;0.3); border-radius: 8px;' src='http:\/\/ftp3.syscom.mx\/usuarios\/ftp\/single_page\/epcom_powerline\/ups_img2.png' alt='UPS en funcionamiento'> <img style='width: 100%; max-width: 350px; height: auto; border: 1px solid rgba(150&comma;150&comma;150&comma;0.3); border-radius: 8px;' src='http:\/\/ftp3.syscom.mx\/usuarios\/ftp\/single_page\/epcom_powerline\/ups_3.png' alt='UPS L\u00ednea Interactiva'> <img style='width: 100%; max-width: 400px; height: auto; border: 1px solid rgba(150&comma;150&comma;150&comma;0.3); border-radius: 8px;' src='http:\/\/ftp3.syscom.mx\/usuarios\/ftp\/single_page\/epcom_powerline\/ups_img1.png' alt='UPS On-Line'> <img style='width: 100%; max-width: 300px; height: auto; border: 1px solid rgba(150&comma;150&comma;150&comma;0.3); border-radius: 8px;' src='http:\/\/ftp3.syscom.mx\/usuarios\/ftp\/single_page\/epcom_powerline\/ups_icono1.png' alt='Icono de energ\u00eda'> <img style='width: 100%; max-width: 400px; height: auto; border: 1px solid rgba(150&comma;150&comma;150&comma;0.3); border-radius: 8px;' src='http:\/\/ftp3.syscom.mx\/usuarios\/ftp\/single_page\/epcom_powerline\/ups_5.png' alt='UPS en Rack'> <\/div>\n<p> <!-- Secci\u00f3n destacados --> <\/p>\n<div style='margin-bottom: 30px;'>\n<h3 style='font-size: 22px; border-bottom: 2px solid currentColor; padding-bottom: 5px; margin-top: 0; color: inherit; opacity: 0.8;'>Highlights<\/h3>\n<ul style='padding-left: 20px; font-size: 15px; color: inherit;'>\n<li style='margin-bottom: 8px;'>Los UPS On-Line ofrecen tecnolog\u00eda de alta eficiencia de conversi\u00f3n en l\u00ednea doble<\/li>\n<li style='margin-bottom: 8px;'>Onda senoidal pura<\/li>\n<li style='margin-bottom: 8px;'>Funcionamiento en modo Eco para el ahorro energ\u00e9tico<\/li>\n<li style='margin-bottom: 8px;'>Rango din\u00e1mico de voltaje<\/li>\n<li style='margin-bottom: 8px;'>Voltaje configurable de salida v\u00eda LCD<\/li>\n<li style='margin-bottom: 8px;'>M\u00f3dulo de bater\u00edas para extender tiempo de respaldo<\/li>\n<li style='margin-bottom: 8px;'>Instalaci\u00f3n Rack\/Torre<\/li>\n<li style='margin-bottom: 8px;'>Los UPS de topolog\u00eda On-Line pueden ser configurados horizontal o verticalmente<\/li>\n<\/ul><\/div>\n<p> <!-- Secci\u00f3n de tecnolog\u00eda --> <\/p>\n<div style='display: flex; flex-wrap: wrap; gap: 30px; margin-bottom: 30px;'>\n<div style='flex: 1 1 300px; min-width: 280px;'>\n<h3 style='font-size: 22px; border-bottom: 2px solid currentColor; padding-bottom: 5px; margin-top: 0; color: inherit; opacity: 0.8;'>Rango din\u00e1mico de voltaje (AVR)<\/h3>\n<p style='font-size: 15px; color: inherit;'>El rango din\u00e1mico de voltaje (AVR) en los UPS de Epcom Power Line\u00ae ayuda a estabilizar la se\u00f1al entrante de CA&comma; se encarga de controlar los voltajes altos y bajos&comma; manteniendo la energ\u00eda de salida a un nivel nominal de 120V&comma; reduce fallas del sistema e incrementa significativamente la vida de la bater\u00eda.<\/p>\n<\/p><\/div>\n<div style='flex: 1 1 300px; min-width: 280px;'>\n<h3 style='font-size: 22px; border-bottom: 2px solid currentColor; padding-bottom: 5px; margin-top: 0; color: inherit; opacity: 0.8;'>Voltajes configurables de salida<\/h3>\n<p style='font-size: 15px; color: inherit;'>Algunos modelos de Epcom Power Line\u00ae pueden ser configurables con voltaje de salida seleccionable: 100 V \/ 110 V \/ 115 V \/ 120 V \/ 127 V AC.<\/p>\n<\/p><\/div>\n<\/p><\/div>\n<p> <!-- Imagen de fondo --> <\/p>\n<div style='margin-bottom: 30px;'> <img style='width: 100%; height: auto; border: 1px solid rgba(150&comma;150&comma;150&comma;0.3); border-radius: 8px;' src='http:\/\/ftp3.syscom.mx\/usuarios\/ftp\/single_page\/epcom_powerline\/ups_background_1.png' alt='Fondo UPS'> <\/div>\n<p> <!-- Separador final --> <\/p>\n<hr style='border: 0; border-top: 1px solid rgba(150&comma; 150&comma; 150&comma; 0.3); margin: 30px 0;'> <\/div>\n","protected":false},"excerpt":{"rendered":"<p>UPS de 3000VA\/2700W \/ Topolog\u00eda On-Line Doble Conversi\u00f3n con Bater\u00edas Internas \/ Entrada y Salida de 120 Vca \/ Clavija de Entrada NEMA L5-30P \/ Pantalla LCD Configurable \/ Formato Rack\/Torre<\/p>\n","protected":false},"featured_media":46826,"comment_status":"open","ping_status":"closed","template":"","meta":[],"product_brand":[],"product_cat":[1231],"product_tag":[142,454,1232],"class_list":{"0":"post-46827","1":"product","2":"type-product","3":"status-publish","4":"has-post-thumbnail","6":"product_cat-ups-no-break-energia-videovigilancia","7":"product_tag-energia","8":"product_tag-epcom-powerline","9":"product_tag-ups-no-break-2","11":"first","12":"outofstock","13":"sale","14":"shipping-taxable","15":"purchasable","16":"product-type-simple"},"_links":{"self":[{"href":"https:\/\/soydeaqui.ddns.net\/pachuca\/index.php\/wp-json\/wp\/v2\/product\/46827","targetHints":{"allow":["GET"]}}],"collection":[{"href":"https:\/\/soydeaqui.ddns.net\/pachuca\/index.php\/wp-json\/wp\/v2\/product"}],"about":[{"href":"https:\/\/soydeaqui.ddns.net\/pachuca\/index.php\/wp-json\/wp\/v2\/types\/product"}],"replies":[{"embeddable":true,"href":"https:\/\/soydeaqui.ddns.net\/pachuca\/index.php\/wp-json\/wp\/v2\/comments?post=46827"}],"wp:featuredmedia":[{"embeddable":true,"href":"https:\/\/soydeaqui.ddns.net\/pachuca\/index.php\/wp-json\/wp\/v2\/media\/46826"}],"wp:attachment":[{"href":"https:\/\/soydeaqui.ddns.net\/pachuca\/index.php\/wp-json\/wp\/v2\/media?parent=46827"}],"wp:term":[{"taxonomy":"product_brand","embeddable":true,"href":"https:\/\/soydeaqui.ddns.net\/pachuca\/index.php\/wp-json\/wp\/v2\/product_brand?post=46827"},{"taxonomy":"product_cat","embeddable":true,"href":"https:\/\/soydeaqui.ddns.net\/pachuca\/index.php\/wp-json\/wp\/v2\/product_cat?post=46827"},{"taxonomy":"product_tag","embeddable":true,"href":"https:\/\/soydeaqui.ddns.net\/pachuca\/index.php\/wp-json\/wp\/v2\/product_tag?post=46827"}],"curies":[{"name":"wp","href":"https:\/\/api.w.org\/{rel}","templated":true}]}}