{"id":46795,"date":"2026-03-18T20:48:47","date_gmt":"2026-03-18T20:48:47","guid":{"rendered":"https:\/\/soydeaqui.ddns.net\/pachuca\/index.php\/producto\/abrazadera-para-tierra-fisica-en-base-de-piso-falso-para-cables-de-6-a-1-0-awg-para-pedestales-cuadrados-de-7-8-y-circulares-de-1-a-1-1-8\/"},"modified":"2026-03-18T20:48:52","modified_gmt":"2026-03-18T20:48:52","slug":"abrazadera-para-tierra-fisica-en-base-de-piso-falso-para-cables-de-6-a-1-0-awg-para-pedestales-cuadrados-de-7-8-y-circulares-de-1-a-1-1-8","status":"publish","type":"product","link":"https:\/\/soydeaqui.ddns.net\/pachuca\/index.php\/producto\/abrazadera-para-tierra-fisica-en-base-de-piso-falso-para-cables-de-6-a-1-0-awg-para-pedestales-cuadrados-de-7-8-y-circulares-de-1-a-1-1-8\/","title":{"rendered":"Abrazadera para Tierra F\u00edsica en Base de Piso Falso, para Cables de 6 a 1\/0 AWG. Para Pedestales Cuadrados de 7\/8&#8243; y Circulares de 1&#8243; a 1 1\/8&#8243;"},"content":{"rendered":"<div style='width: 100%; max-width: 1200px; margin: 0 auto; font-family: sans-serif; line-height: 1.6; color: inherit; background-color: transparent;'>\n<div style='display: flex; flex-wrap: wrap; gap: 30px; margin-bottom: 30px;'>\n<div style='flex: 1 1 300px; min-width: 280px;'>\n<h3 style='font-size: 22px; border-bottom: 2px solid currentColor; padding-bottom: 5px; margin-top: 0; color: inherit; opacity: 0.8;'>Caracter\u00edsticas Principales<\/h3>\n<ul style='padding-left: 20px; font-size: 15px; color: inherit;'>\n<li style='margin-bottom: 5px;'>Adapta hasta dos conductores 16-50mm\u00b2 (6-1\/0 AWG)<\/li>\n<li style='margin-bottom: 5px;'>Compatible con pedestales cuadrados de 22mm (7\/8&#8242;)<\/li>\n<li style='margin-bottom: 5px;'>Compatible con pedestales redondos de 25-29mm (1&#8242; a 1 1\/8&#8242;)<\/li>\n<li style='margin-bottom: 5px;'>Cumple con normas TIA-607-A<\/li>\n<li style='margin-bottom: 5px;'>Construcci\u00f3n de bronce con dise\u00f1o U-Bolt<\/li>\n<li style='margin-bottom: 5px;'>Dise\u00f1ado para unir conductores MCBN (Mesh Common Bonding Network)<\/li>\n<\/ul><\/div>\n<div style='flex: 1 1 300px; min-width: 280px;'>\n<h3 style='font-size: 22px; border-bottom: 2px solid currentColor; padding-bottom: 5px; margin-top: 0; color: inherit; opacity: 0.8;'>Especificaciones T\u00e9cnicas<\/h3>\n<ul style='padding-left: 20px; font-size: 15px; color: inherit;'>\n<li style='margin-bottom: 5px;'><strong>Rango de conductores:<\/strong> 6-1\/0 AWG (16-50mm\u00b2)<\/li>\n<li style='margin-bottom: 5px;'><strong>Dimensiones:<\/strong> 106.4 x 85.9 x 81.0 mm<\/li>\n<li style='margin-bottom: 5px;'><strong>Tipo de pedestal:<\/strong> Cuadrado 7\/8&#8242; (22mm) y redondo 1&#8242; a 1 1\/8&#8242; (25-29mm)<\/li>\n<li style='margin-bottom: 5px;'><strong>Material:<\/strong> Bronce<\/li>\n<li style='margin-bottom: 5px;'><strong>Normas:<\/strong> TIA-607-A&comma; RoHS<\/li>\n<li style='margin-bottom: 5px;'><strong>Aplicaci\u00f3n:<\/strong> Instalaci\u00f3n bajo piso falso<\/li>\n<\/ul><\/div>\n<\/p><\/div>\n<div style='display: flex; flex-wrap: wrap; gap: 20px; margin-bottom: 30px;'>\n<div style='flex: 1 1 250px; border: 1px solid rgba(150&comma; 150&comma; 150&comma; 0.4); border-radius: 8px; overflow: hidden; display: flex; flex-direction: column;'>\n<div style='padding: 15px; border-bottom: 1px solid rgba(150&comma; 150&comma; 150&comma; 0.2); font-weight: bold; font-size: 18px; color: inherit;'>Dise\u00f1o<\/div>\n<div style='padding: 15px; color: inherit;'>\n<ul style='padding-left: 20px; margin: 0; font-size: 14px; list-style-type: disc;'>\n<li style='margin-bottom: 5px;'>Dise\u00f1o de 4 tornillos<\/li>\n<li style='margin-bottom: 5px;'>Permite instalaci\u00f3n en un tercio del tiempo<\/li>\n<li style='margin-bottom: 5px;'>Dise\u00f1o con tornillo U-bolt captivo<\/li>\n<li style='margin-bottom: 5px;'>Mantiene los conductores en su lugar durante la instalaci\u00f3n<\/li>\n<\/ul><\/div>\n<\/p><\/div>\n<div style='flex: 1 1 250px; border: 1px solid rgba(150&comma; 150&comma; 150&comma; 0.4); border-radius: 8px; overflow: hidden; display: flex; flex-direction: column;'>\n<div style='padding: 15px; border-bottom: 1px solid rgba(150&comma; 150&comma; 150&comma; 0.2); font-weight: bold; font-size: 18px; color: inherit;'>Aplicaciones<\/div>\n<div style='padding: 15px; color: inherit;'>\n<ul style='padding-left: 20px; margin: 0; font-size: 14px; list-style-type: disc;'>\n<li style='margin-bottom: 5px;'>Instalaci\u00f3n bajo piso falso<\/li>\n<li style='margin-bottom: 5px;'>Red de puesta a tierra en centros de datos<\/li>\n<li style='margin-bottom: 5px;'>Sistemas de puesta a tierra estructurado<\/li>\n<li style='margin-bottom: 5px;'>Interconexi\u00f3n de conductores MCBN<\/li>\n<\/ul><\/div>\n<\/p><\/div>\n<div style='flex: 1 1 250px; border: 1px solid rgba(150&comma; 150&comma; 150&comma; 0.4); border-radius: 8px; overflow: hidden; display: flex; flex-direction: column;'>\n<div style='padding: 15px; border-bottom: 1px solid rgba(150&comma; 150&comma; 150&comma; 0.2); font-weight: bold; font-size: 18px; color: inherit;'>Compatibilidad<\/div>\n<div style='padding: 15px; color: inherit;'>\n<ul style='padding-left: 20px; margin: 0; font-size: 14px; list-style-type: disc;'>\n<li style='margin-bottom: 5px;'>Conductores MCBN<\/li>\n<li style='margin-bottom: 5px;'>Pedestales cuadrados de 7\/8&#8242; (22mm)<\/li>\n<li style='margin-bottom: 5px;'>Pedestales redondos de 1&#8242; a 1 1\/8&#8242; (25-29mm)<\/li>\n<li style='margin-bottom: 5px;'>Sistema StructuredGround\u2122<\/li>\n<\/ul><\/div>\n<\/p><\/div>\n<\/p><\/div>\n<div style='display: flex; flex-wrap: wrap; gap: 30px; margin-bottom: 30px;'>\n<div style='flex: 1 1 300px; min-width: 280px;'>\n<h3 style='font-size: 22px; border-bottom: 2px solid currentColor; padding-bottom: 5px; margin-top: 0; color: inherit; opacity: 0.8;'>Beneficios del Dise\u00f1o<\/h3>\n<ul style='padding-left: 20px; font-size: 15px; color: inherit;'>\n<li style='margin-bottom: 5px;'>Dise\u00f1o de 4 tornillos que minimiza la resistencia del MCBN<\/li>\n<li style='margin-bottom: 5px;'>Acomoda conductores de #6 a 1\/0 AWG<\/li>\n<li style='margin-bottom: 5px;'>Dise\u00f1o de tornillo U-bolt que permite instalaci\u00f3n r\u00e1pida<\/li>\n<li style='margin-bottom: 5px;'>Mantiene los conductores en su lugar durante la instalaci\u00f3n<\/li>\n<li style='margin-bottom: 5px;'>Construcci\u00f3n de bronce para durabilidad<\/li>\n<\/ul><\/div>\n<div style='flex: 1 1 300px; min-width: 280px;'>\n<h3 style='font-size: 22px; border-bottom: 2px solid currentColor; padding-bottom: 5px; margin-top: 0; color: inherit; opacity: 0.8;'>Aplicaciones del Sistema<\/h3>\n<ul style='padding-left: 20px; font-size: 15px; color: inherit;'>\n<li style='margin-bottom: 5px;'>Protecci\u00f3n de equipos de red y personal<\/li>\n<li style='margin-bottom: 5px;'>Mantenimiento del desempe\u00f1o del sistema<\/li>\n<li style='margin-bottom: 5px;'>Maximiza el tiempo de actividad<\/li>\n<li style='margin-bottom: 5px;'>Conexi\u00f3n a tierra de alta calidad entre conductores MCBN y piso falso<\/li>\n<\/ul><\/div>\n<\/p><\/div>\n<div style='display: flex; flex-wrap: wrap; gap: 30px; margin-bottom: 30px;'>\n<div style='flex: 1 1 300px; min-width: 280px;'>\n<h3 style='font-size: 22px; border-bottom: 2px solid currentColor; padding-bottom: 5px; margin-top: 0; color: inherit; opacity: 0.8;'>Im\u00e1genes del Producto<\/h3>\n<div style='margin-top: 15px;'> <img style='width: 100%; height: auto; border: 1px solid rgba(150&comma;150&comma;150&comma;0.3); border-radius: 8px;' src='http:\/\/ftp3.syscom.mx\/usuarios\/fotos\/GPQC1010\/82554-screen_shot_2015-11-26_at_12.19.01.png' alt='Abrazadera para Tierra F\u00edsica GPQC1010'> <\/div>\n<\/p><\/div>\n<\/p><\/div>\n<hr style='border: 0; border-top: 1px solid rgba(150&comma; 150&comma; 150&comma; 0.3); margin: 30px 0;'>\n<div style='display: flex; flex-wrap: wrap; gap: 30px; margin-bottom: 30px;'>\n<div style='flex: 1 1 300px; min-width: 280px;'>\n<h3 style='font-size: 22px; border-bottom: 2px solid currentColor; padding-bottom: 5px; margin-top: 0; color: inherit; opacity: 0.8;'>Informaci\u00f3n Adicional<\/h3>\n<ul style='padding-left: 20px; font-size: 15px; color: inherit;'>\n<li style='margin-bottom: 5px;'><strong>Normas:<\/strong> TIA-607-B Compliant&comma; UL 467 Listed (Grounding)&comma; CSA Certified (Grounding)&comma; RoHS Compliant<\/li>\n<li style='margin-bottom: 5px;'><strong>Material:<\/strong> Bronce con dise\u00f1o U-Bolt<\/li>\n<li style='margin-bottom: 5px;'><strong>Red de puesta a tierra:<\/strong> MCBN (Mesh Common Bonding Network)<\/li>\n<li style='margin-bottom: 5px;'><strong>Aplicaci\u00f3n:<\/strong> Instalaci\u00f3n bajo piso falso para conexi\u00f3n a tierra de equipos<\/li>\n<\/ul><\/div>\n<div style='flex: 1 1 300px; min-width: 280px;'>\n<h3 style='font-size: 22px; border-bottom: 2px solid currentColor; padding-bottom: 5px; margin-top: 0; color: inherit; opacity: 0.8;'>Compatibilidad de Conductores<\/h3>\n<ul style='padding-left: 20px; font-size: 15px; color: inherit;'>\n<li style='margin-bottom: 5px;'>#6 AWG &#8211; #2 AWG<\/li>\n<li style='margin-bottom: 5px;'>#2 AWG &#8211; 250 kcmil<\/li>\n<li style='margin-bottom: 5px;'>#6 AWG &#8211; 1\/0 AWG (para este modelo)<\/li>\n<li style='margin-bottom: 5px;'>16-50mm\u00b2 (para este modelo)<\/li>\n<\/ul><\/div>\n<\/p><\/div>\n<\/p><\/div>\n","protected":false},"excerpt":{"rendered":"<p>Abrazadera para Tierra F\u00edsica en Base de Piso Falso, para Cables de 6 a 1\/0 AWG. Para Pedestales Cuadrados de 7\/8&#8243; y Circulares de 1&#8243; a 1 1\/8&#8243;<\/p>\n","protected":false},"featured_media":46794,"comment_status":"open","ping_status":"closed","template":"","meta":[],"product_brand":[],"product_cat":[1090],"product_tag":[1091,1088,445],"class_list":{"0":"post-46795","1":"product","2":"type-product","3":"status-publish","4":"has-post-thumbnail","6":"product_cat-accesorios-para-tierra-fisica","7":"product_tag-accesorios-para-tierra-fisica","8":"product_tag-calidad-de-la-energia","9":"product_tag-panduit","11":"first","12":"instock","13":"sale","14":"shipping-taxable","15":"purchasable","16":"product-type-simple"},"_links":{"self":[{"href":"https:\/\/soydeaqui.ddns.net\/pachuca\/index.php\/wp-json\/wp\/v2\/product\/46795","targetHints":{"allow":["GET"]}}],"collection":[{"href":"https:\/\/soydeaqui.ddns.net\/pachuca\/index.php\/wp-json\/wp\/v2\/product"}],"about":[{"href":"https:\/\/soydeaqui.ddns.net\/pachuca\/index.php\/wp-json\/wp\/v2\/types\/product"}],"replies":[{"embeddable":true,"href":"https:\/\/soydeaqui.ddns.net\/pachuca\/index.php\/wp-json\/wp\/v2\/comments?post=46795"}],"wp:featuredmedia":[{"embeddable":true,"href":"https:\/\/soydeaqui.ddns.net\/pachuca\/index.php\/wp-json\/wp\/v2\/media\/46794"}],"wp:attachment":[{"href":"https:\/\/soydeaqui.ddns.net\/pachuca\/index.php\/wp-json\/wp\/v2\/media?parent=46795"}],"wp:term":[{"taxonomy":"product_brand","embeddable":true,"href":"https:\/\/soydeaqui.ddns.net\/pachuca\/index.php\/wp-json\/wp\/v2\/product_brand?post=46795"},{"taxonomy":"product_cat","embeddable":true,"href":"https:\/\/soydeaqui.ddns.net\/pachuca\/index.php\/wp-json\/wp\/v2\/product_cat?post=46795"},{"taxonomy":"product_tag","embeddable":true,"href":"https:\/\/soydeaqui.ddns.net\/pachuca\/index.php\/wp-json\/wp\/v2\/product_tag?post=46795"}],"curies":[{"name":"wp","href":"https:\/\/api.w.org\/{rel}","templated":true}]}}