{"id":46791,"date":"2026-03-18T20:48:39","date_gmt":"2026-03-18T20:48:39","guid":{"rendered":"https:\/\/soydeaqui.ddns.net\/pachuca\/index.php\/producto\/multicontacto-con-supresor-de-picos-voltaje-de-entrada-125-vca-nema-5-15p-con-7-salidas-nema-5-15r-2250-joules-proteccion-rj11\/"},"modified":"2026-03-18T20:48:43","modified_gmt":"2026-03-18T20:48:43","slug":"multicontacto-con-supresor-de-picos-voltaje-de-entrada-125-vca-nema-5-15p-con-7-salidas-nema-5-15r-2250-joules-proteccion-rj11","status":"publish","type":"product","link":"https:\/\/soydeaqui.ddns.net\/pachuca\/index.php\/producto\/multicontacto-con-supresor-de-picos-voltaje-de-entrada-125-vca-nema-5-15p-con-7-salidas-nema-5-15r-2250-joules-proteccion-rj11\/","title":{"rendered":"Multicontacto Con Supresor de Picos, Voltaje de Entrada 125 Vca NEMA 5-15P, Con 7 Salidas NEMA 5-15R, 2250 Joules, Protecci\u00f3n RJ11"},"content":{"rendered":"<div style='width: 100%; max-width: 1200px; margin: 0 auto; font-family: sans-serif; line-height: 1.6; color: inherit; background-color: transparent;'>\n<div style='display: flex; flex-wrap: wrap; gap: 30px; margin-bottom: 30px;'>\n<div style='flex: 1 1 300px; min-width: 280px;'> <img style='width: 100%; height: auto; border: 1px solid rgba(150&comma;150&comma;150&comma;0.3); border-radius: 8px;' src='https:\/\/ftp3.syscom.mx\/usuarios\/fotos\/logotipos\/cyberpower.png' alt=''> <\/div>\n<div style='flex: 1 1 300px; min-width: 280px;'>\n<p style='font-size: 15px; color: inherit; margin-top: 0;'>CyberPower CSP706TG es ideal para proteger costosos sistemas de cine en casa y dispositivos de audio \/ video. Las salidas con tecnolog\u00eda MOV protegen el supresor de sobretensiones y los dispositivos electr\u00f3nicos conectados&comma; mientras que los puertos RJ11 de una entrada \/ dos salidas y RJ11 de entrada y salida son protegidos tel\u00e9fonos&comma; redes y equipos de comunicaci\u00f3n contra sobretensiones \/ picos y otras irregularidades de potencia. El filtro de ruido EMI \/ RFI reduce la interferencia de frecuencia.<\/p>\n<\/p><\/div>\n<\/p><\/div>\n<div style='display: flex; flex-wrap: wrap; gap: 20px; margin-bottom: 30px;'>\n<div style='flex: 1 1 250px; border: 1px solid rgba(150&comma; 150&comma; 150&comma; 0.4); border-radius: 8px; overflow: hidden; display: flex; flex-direction: column;'>\n<div style='padding: 15px; border-bottom: 1px solid rgba(150&comma; 150&comma; 150&comma; 0.2); font-weight: bold; font-size: 18px; color: inherit;'>Especificaciones T\u00e9cnicas<\/div>\n<div style='padding: 15px; color: inherit;'>\n<ul style='padding-left: 20px; margin: 0; font-size: 14px; list-style-type: disc;'>\n<li style='margin-bottom: 5px;'><strong>Voltaje de Entrada:<\/strong> 125 Vca<\/li>\n<li style='margin-bottom: 5px;'><strong>Tipo de Entrada:<\/strong> NEMA 5-15P<img style='width: 40px; height: 40px; border: none; vertical-align: middle;' src='https:\/\/www.cyberpower.com\/mx\/es\/File\/GetImageByDocId\/GeneralAttribute-235' alt=''><\/li>\n<li style='margin-bottom: 5px;'><strong>Longitud del cable:<\/strong> 1.8 metros<\/li>\n<li style='margin-bottom: 5px;'><strong>Voltaje de Salida:<\/strong> 125 Vca<\/li>\n<li style='margin-bottom: 5px;'><strong>Tipos de Salidas:<\/strong> (7) NEMA 5-15R<img style='width: 40px; height: 40px; border: none; vertical-align: middle;' src='https:\/\/www.cyberpower.com\/mx\/es\/File\/GetImageByDocId\/GeneralAttribute-238' alt=''><\/li>\n<li style='margin-bottom: 5px;'><strong>Salidas protegidas:<\/strong> 7<\/li>\n<li style='margin-bottom: 5px;'><strong>Supresi\u00f3n de sobretensiones (Joules):<\/strong> 2250<\/li>\n<li style='margin-bottom: 5px;'><strong>Protecci\u00f3n contra sobretensiones (Amp):<\/strong> 15<\/li>\n<li style='margin-bottom: 5px;'><strong>Tensi\u00f3n de sobretensi\u00f3n m\u00e1xima (Vca):<\/strong> 6000<\/li>\n<li style='margin-bottom: 5px;'><strong>Filtraci\u00f3n EMI y RFI:<\/strong> 150KHz ~ 100MHz<\/li>\n<li style='margin-bottom: 5px;'><strong>Tiempo de respuesta (ns):<\/strong> < 1<\/li>\n<li style='margin-bottom: 5px;'><strong>Atenuaci\u00f3n (dB):<\/strong> Arriba de 43 dB<\/li>\n<li style='margin-bottom: 5px;'><strong>Protecci\u00f3n tel\u00e9fonico RJ11:<\/strong> 1 entrada&comma; 2 salidas<\/li>\n<\/ul><\/div>\n<\/p><\/div>\n<\/p><\/div>\n<\/p><\/div>\n","protected":false},"excerpt":{"rendered":"<p>Multicontacto Con Supresor de Picos, Voltaje de Entrada 125 Vca NEMA 5-15P, Con 7 Salidas NEMA 5-15R, 2250 Joules, Protecci\u00f3n RJ11<\/p>\n","protected":false},"featured_media":46790,"comment_status":"open","ping_status":"closed","template":"","meta":[],"product_brand":[],"product_cat":[532],"product_tag":[677,533,62],"class_list":{"0":"post-46791","1":"product","2":"type-product","3":"status-publish","4":"has-post-thumbnail","6":"product_cat-todos-proteccion-contra-sobretensiones","7":"product_tag-cyberpower","8":"product_tag-proteccion-contra-sobretensiones","9":"product_tag-todos","11":"first","12":"outofstock","13":"sale","14":"shipping-taxable","15":"purchasable","16":"product-type-simple"},"_links":{"self":[{"href":"https:\/\/soydeaqui.ddns.net\/pachuca\/index.php\/wp-json\/wp\/v2\/product\/46791","targetHints":{"allow":["GET"]}}],"collection":[{"href":"https:\/\/soydeaqui.ddns.net\/pachuca\/index.php\/wp-json\/wp\/v2\/product"}],"about":[{"href":"https:\/\/soydeaqui.ddns.net\/pachuca\/index.php\/wp-json\/wp\/v2\/types\/product"}],"replies":[{"embeddable":true,"href":"https:\/\/soydeaqui.ddns.net\/pachuca\/index.php\/wp-json\/wp\/v2\/comments?post=46791"}],"wp:featuredmedia":[{"embeddable":true,"href":"https:\/\/soydeaqui.ddns.net\/pachuca\/index.php\/wp-json\/wp\/v2\/media\/46790"}],"wp:attachment":[{"href":"https:\/\/soydeaqui.ddns.net\/pachuca\/index.php\/wp-json\/wp\/v2\/media?parent=46791"}],"wp:term":[{"taxonomy":"product_brand","embeddable":true,"href":"https:\/\/soydeaqui.ddns.net\/pachuca\/index.php\/wp-json\/wp\/v2\/product_brand?post=46791"},{"taxonomy":"product_cat","embeddable":true,"href":"https:\/\/soydeaqui.ddns.net\/pachuca\/index.php\/wp-json\/wp\/v2\/product_cat?post=46791"},{"taxonomy":"product_tag","embeddable":true,"href":"https:\/\/soydeaqui.ddns.net\/pachuca\/index.php\/wp-json\/wp\/v2\/product_tag?post=46791"}],"curies":[{"name":"wp","href":"https:\/\/api.w.org\/{rel}","templated":true}]}}