{"id":46781,"date":"2026-03-18T20:48:23","date_gmt":"2026-03-18T20:48:23","guid":{"rendered":"https:\/\/soydeaqui.ddns.net\/pachuca\/index.php\/producto\/gabinete-plastico-para-exterior-ip65-de-180-x-125-x-57-mm-cierre-por-tornillos\/"},"modified":"2026-03-18T20:48:37","modified_gmt":"2026-03-18T20:48:37","slug":"gabinete-plastico-para-exterior-ip65-de-180-x-125-x-57-mm-cierre-por-tornillos","status":"publish","type":"product","link":"https:\/\/soydeaqui.ddns.net\/pachuca\/index.php\/producto\/gabinete-plastico-para-exterior-ip65-de-180-x-125-x-57-mm-cierre-por-tornillos\/","title":{"rendered":"Gabinete Pl\u00e1stico para Exterior (IP65) de 180 x 125 x 57 mm Cierre por Tornillos."},"content":{"rendered":"<div style='width: 100%; max-width: 1200px; margin: 0 auto; font-family: sans-serif; line-height: 1.6; color: inherit; background-color: transparent;'>\n<div style='display: flex; justify-content: center; margin-bottom: 30px;'> <img style='width: auto; max-width: 200px; height: auto; border: 1px solid rgba(150&comma;150&comma;150&comma;0.3); border-radius: 8px;' src='http:\/\/ftp3.syscom.mx\/usuarios\/ftp\/web\/imagenes\/txpro_logo.jpg' alt='Logo TXPRO'> <\/div>\n<div style='display: flex; flex-wrap: wrap; gap: 30px; margin-bottom: 30px;'>\n<div style='flex: 1 1 300px; min-width: 280px;'>\n<h3 style='font-size: 22px; border-bottom: 2px solid currentColor; padding-bottom: 5px; margin-top: 0; color: inherit; opacity: 0.8;'>Caracter\u00edsticas<\/h3>\n<ul style='padding-left: 20px; font-size: 15px; color: inherit;'>\n<li style='margin-bottom: 5px;'><strong>Dimensiones:<\/strong> 180 x 125 x 57 mm (Ancho x Largo x Profundidad)<\/li>\n<li style='margin-bottom: 5px;'><strong>Nivel de protecci\u00f3n:<\/strong> IP-65<\/li>\n<li style='margin-bottom: 5px;'><strong>Fabricaci\u00f3n:<\/strong> Pl\u00e1stico ABS<\/li>\n<li style='margin-bottom: 5px;'><strong>Temperatura de operaci\u00f3n:<\/strong> -20 a 60\u00b0 C<\/li>\n<\/ul><\/div>\n<div style='flex: 1 1 300px; min-width: 280px;'>\n<h3 style='font-size: 22px; border-bottom: 2px solid currentColor; padding-bottom: 5px; margin-top: 0; color: inherit; opacity: 0.8;'>Instalaci\u00f3n<\/h3>\n<ul style='padding-left: 20px; font-size: 15px; color: inherit;'>\n<li style='margin-bottom: 5px;'>Perforaciones traseras para montaje a pared<\/li>\n<li style='margin-bottom: 5px;'>Preparaci\u00f3n en su interior para instalaci\u00f3n de PCB o DIN rail<\/li>\n<li style='margin-bottom: 5px;'>Cuenta con sello de silic\u00f3n<\/li>\n<li style='margin-bottom: 5px;'>Ideal para instalaci\u00f3n de equipo en exterior<\/li>\n<li style='margin-bottom: 5px;'>Se recomienda el uso de membranas para salida de cableado<\/li>\n<\/ul><\/div>\n<\/p><\/div>\n<div style='display: flex; flex-wrap: wrap; gap: 20px; margin-bottom: 30px;'>\n<div style='flex: 1 1 250px; border: 1px solid rgba(150&comma; 150&comma; 150&comma; 0.4); border-radius: 8px; overflow: hidden; display: flex; flex-direction: column;'>\n<div style='padding: 15px; border-bottom: 1px solid rgba(150&comma; 150&comma; 150&comma; 0.2); font-weight: bold; font-size: 18px; color: inherit;'>Conectores Recomendados<\/div>\n<div style='padding: 15px; color: inherit;'>\n<ul style='padding-left: 20px; margin: 0; font-size: 14px; list-style-type: disc;'>\n<li style='margin-bottom: 5px;'><a style='color: inherit; text-decoration: underline;' href='https:\/\/www.syscom.mx\/principal\/searchcont?route=TXG-PG-16-TXPRO-81030&#038;autodetect=TXGPG16'>TXG-PG-16<\/a><\/li>\n<li style='margin-bottom: 5px;'><a style='color: inherit; text-decoration: underline;' href='https:\/\/www.syscom.mx\/principal\/searchcont?route=TXG-PG-11-TXPRO-164883&#038;autodetect=TXGPG11'>TXG-PG-11<\/a><\/li>\n<\/ul><\/div>\n<\/p><\/div>\n<div style='flex: 1 1 250px; border: 1px solid rgba(150&comma; 150&comma; 150&comma; 0.4); border-radius: 8px; overflow: hidden; display: flex; flex-direction: column;'>\n<div style='padding: 15px; border-bottom: 1px solid rgba(150&comma; 150&comma; 150&comma; 0.2); font-weight: bold; font-size: 18px; color: inherit;'>Entradas para Tuber\u00eda<\/div>\n<div style='padding: 15px; color: inherit;'>\n<ul style='padding-left: 20px; margin: 0; font-size: 14px; list-style-type: disc;'>\n<li style='margin-bottom: 5px;'>10 entradas totales en laterales para tuber\u00eda de m\u00e1ximo 18 mm de di\u00e1metro externo (<a style='color: inherit; text-decoration: underline;' href='https:\/\/www.syscom.mx\/principal\/searchcont?route=JU-PD-12-TUB-JUPITER-192636&#038;autodetect=JUPD12TUB' target='_blank' rel='nofollow noopener noreferrer'>JU-PD-12-TUB<\/a>)<\/li>\n<li style='margin-bottom: 5px;'>6 entradas totales en parte superior para tuber\u00eda de 23 mm de di\u00e1metro externo (<a style='color: inherit; text-decoration: underline;' href='https:\/\/www.syscom.mx\/principal\/searchcont?route=JU-PD-34-TUB-JUPITER-192639&#038;autodetect=JUPD34TUB' target='_blank' rel='nofollow noopener noreferrer'>JU-PD-34-TUB<\/a>)<\/li>\n<\/ul><\/div>\n<\/p><\/div>\n<div style='flex: 1 1 250px; border: 1px solid rgba(150&comma; 150&comma; 150&comma; 0.4); border-radius: 8px; overflow: hidden; display: flex; flex-direction: column;'>\n<div style='padding: 15px; border-bottom: 1px solid rgba(150&comma; 150&comma; 150&comma; 0.2); font-weight: bold; font-size: 18px; color: inherit;'>Observaci\u00f3n<\/div>\n<div style='padding: 15px; color: inherit;'>\n<p style='margin: 0; font-size: 14px;'>La caja TXG0111 fue dise\u00f1ada para trabajar con conectores tipo gl\u00e1ndula&comma; por lo que al usarse con tuber\u00eda conduit podr\u00eda entrar un poco forzada por las tolerancias que maneja.<\/p>\n<\/p><\/div>\n<\/p><\/div>\n<\/p><\/div>\n<div style='display: flex; flex-wrap: wrap; gap: 20px; margin-bottom: 30px;'>\n<div style='flex: 1 1 300px; min-width: 280px;'>\n<h3 style='font-size: 22px; border-bottom: 2px solid currentColor; padding-bottom: 5px; margin-top: 0; color: inherit; opacity: 0.8;'>Aplicaciones<\/h3>\n<ul style='padding-left: 20px; font-size: 15px; color: inherit;'>\n<li style='margin-bottom: 5px;'>Instalaci\u00f3n de POE&#8217;s en torre&comma; poste o pared<\/li>\n<li style='margin-bottom: 5px;'>Ideal para interconexiones externas<\/li>\n<li style='margin-bottom: 5px;'>Almacenamiento de protectores de picos<\/li>\n<li style='margin-bottom: 5px;'>Resguardo de tablillas o equipo el\u00e9ctrico<\/li>\n<li style='margin-bottom: 5px;'>Armado de soluciones con energ\u00eda solar<\/li>\n<\/ul><\/div>\n<\/p><\/div>\n<div style='display: flex; flex-wrap: wrap; gap: 20px; margin-bottom: 30px; justify-content: center;'> <img style='width: 100%; max-width: 300px; height: auto; border: 1px solid rgba(150&comma;150&comma;150&comma;0.3); border-radius: 8px;' src='http:\/\/ftp3.syscom.mx\/usuarios\/fotos\/TXG0111\/TXG0111_1.png' alt=''> <img style='width: 100%; max-width: 300px; height: auto; border: 1px solid rgba(150&comma;150&comma;150&comma;0.3); border-radius: 8px;' src='http:\/\/ftp3.syscom.mx\/usuarios\/fotos\/TXG0111\/TXG0111_2.png' alt=''> <img style='width: 100%; max-width: 300px; height: auto; border: 1px solid rgba(150&comma;150&comma;150&comma;0.3); border-radius: 8px;' src='http:\/\/ftp3.syscom.mx\/usuarios\/fotos\/TXG0111\/TXG0111_3.png' alt=''> <\/div>\n<\/p><\/div>\n","protected":false},"excerpt":{"rendered":"<p>Gabinete Pl\u00e1stico para Exterior (IP65) de 180 x 125 x 57 mm Cierre por Tornillos.<\/p>\n","protected":false},"featured_media":46780,"comment_status":"open","ping_status":"closed","template":"","meta":[],"product_brand":[],"product_cat":[637],"product_tag":[638,605,560],"class_list":{"0":"post-46781","1":"product","2":"type-product","3":"status-publish","4":"has-post-thumbnail","6":"product_cat-gabinetes-para-intemperie","7":"product_tag-gabinetes-para-intemperie","8":"product_tag-racks-y-gabinetes","9":"product_tag-txpro","11":"first","12":"instock","13":"sale","14":"shipping-taxable","15":"purchasable","16":"product-type-simple"},"_links":{"self":[{"href":"https:\/\/soydeaqui.ddns.net\/pachuca\/index.php\/wp-json\/wp\/v2\/product\/46781","targetHints":{"allow":["GET"]}}],"collection":[{"href":"https:\/\/soydeaqui.ddns.net\/pachuca\/index.php\/wp-json\/wp\/v2\/product"}],"about":[{"href":"https:\/\/soydeaqui.ddns.net\/pachuca\/index.php\/wp-json\/wp\/v2\/types\/product"}],"replies":[{"embeddable":true,"href":"https:\/\/soydeaqui.ddns.net\/pachuca\/index.php\/wp-json\/wp\/v2\/comments?post=46781"}],"wp:featuredmedia":[{"embeddable":true,"href":"https:\/\/soydeaqui.ddns.net\/pachuca\/index.php\/wp-json\/wp\/v2\/media\/46780"}],"wp:attachment":[{"href":"https:\/\/soydeaqui.ddns.net\/pachuca\/index.php\/wp-json\/wp\/v2\/media?parent=46781"}],"wp:term":[{"taxonomy":"product_brand","embeddable":true,"href":"https:\/\/soydeaqui.ddns.net\/pachuca\/index.php\/wp-json\/wp\/v2\/product_brand?post=46781"},{"taxonomy":"product_cat","embeddable":true,"href":"https:\/\/soydeaqui.ddns.net\/pachuca\/index.php\/wp-json\/wp\/v2\/product_cat?post=46781"},{"taxonomy":"product_tag","embeddable":true,"href":"https:\/\/soydeaqui.ddns.net\/pachuca\/index.php\/wp-json\/wp\/v2\/product_tag?post=46781"}],"curies":[{"name":"wp","href":"https:\/\/api.w.org\/{rel}","templated":true}]}}