{"id":46760,"date":"2026-03-18T20:47:40","date_gmt":"2026-03-18T20:47:40","guid":{"rendered":"https:\/\/soydeaqui.ddns.net\/pachuca\/index.php\/producto\/medidor-remoto-p-controlador-solar-epever-con-puerto-rs-485-2\/"},"modified":"2026-03-18T20:47:45","modified_gmt":"2026-03-18T20:47:45","slug":"medidor-remoto-p-controlador-solar-epever-con-puerto-rs-485-2","status":"publish","type":"product","link":"https:\/\/soydeaqui.ddns.net\/pachuca\/index.php\/producto\/medidor-remoto-p-controlador-solar-epever-con-puerto-rs-485-2\/","title":{"rendered":"Medidor Remoto P\/Controlador Solar EPEVER con  puerto RS-485"},"content":{"rendered":"<div style='width: 100%; max-width: 1200px; margin: 0 auto; font-family: sans-serif; line-height: 1.6; color: inherit; background-color: transparent;'> <!-- Secci\u00f3n de caracter\u00edsticas principales --> <\/p>\n<div style='display: flex; flex-wrap: wrap; gap: 30px; margin-bottom: 30px;'>\n<div style='flex: 1 1 300px; min-width: 280px;'>\n<h3 style='font-size: 22px; border-bottom: 2px solid currentColor; padding-bottom: 5px; margin-top: 0; color: inherit; opacity: 0.8;'>Caracter\u00edsticas Principales<\/h3>\n<ul style='padding-left: 20px; font-size: 15px; color: inherit; list-style-type: disc;'>\n<li style='margin-bottom: 5px;'>Instalaci\u00f3n sencilla con un solo cable<\/li>\n<li style='margin-bottom: 5px;'>Medidor remoto modelo MT-50 para Epever RS-485<\/li>\n<li style='margin-bottom: 5px;'>Monitoreo y control en tiempo real<\/li>\n<li style='margin-bottom: 5px;'>Control remoto ON\/OFF de carga<\/li>\n<li style='margin-bottom: 5px;'>Dimensiones compactas de 114&#215;114 mm<\/li>\n<\/ul><\/div>\n<\/p><\/div>\n<p> <!-- Secci\u00f3n de caracter\u00edsticas t\u00e9cnicas --> <\/p>\n<div style='display: flex; flex-wrap: wrap; gap: 20px; margin-bottom: 30px;'>\n<div style='flex: 1 1 250px; border: 1px solid rgba(150&comma; 150&comma; 150&comma; 0.4); border-radius: 8px; overflow: hidden; display: flex; flex-direction: column;'>\n<div style='padding: 15px; border-bottom: 1px solid rgba(150&comma; 150&comma; 150&comma; 0.2); font-weight: bold; font-size: 18px; color: inherit;'>Caracter\u00edsticas El\u00e9ctricas<\/div>\n<div style='padding: 15px; color: inherit;'>\n<ul style='padding-left: 20px; margin: 0; font-size: 14px; list-style-type: disc;'>\n<li style='margin-bottom: 5px;'><strong>Consumo con retroiluminaci\u00f3n y alarma activa:<\/strong> < 65mA<\/li>\n<li style='margin-bottom: 5px;'><strong>Consumo con retroiluminaci\u00f3n activa:<\/strong> < 23mA<\/li>\n<li style='margin-bottom: 5px;'><strong>Consumo con retroiluminaci\u00f3n desactiva:<\/strong> < 15mA<\/li>\n<\/ul><\/div>\n<\/p><\/div>\n<div style='flex: 1 1 250px; border: 1px solid rgba(150&comma; 150&comma; 150&comma; 0.4); border-radius: 8px; overflow: hidden; display: flex; flex-direction: column;'>\n<div style='padding: 15px; border-bottom: 1px solid rgba(150&comma; 150&comma; 150&comma; 0.2); font-weight: bold; font-size: 18px; color: inherit;'>Caracter\u00edsticas Mec\u00e1nicas<\/div>\n<div style='padding: 15px; color: inherit;'>\n<ul style='padding-left: 20px; margin: 0; font-size: 14px; list-style-type: disc;'>\n<li style='margin-bottom: 5px;'><strong>Dimensiones de la cara frontal:<\/strong> 98\u00d798 mm<\/li>\n<li style='margin-bottom: 5px;'><strong>Dimensiones del marco:<\/strong> 114\u00d7114 mm<\/li>\n<li style='margin-bottom: 5px;'><strong>Tipo de conector:<\/strong> RJ45<\/li>\n<li style='margin-bottom: 5px;'><strong>Cable del medidor:<\/strong> 2m est\u00e1ndar&comma; m\u00e1ximo 50m<\/li>\n<li style='margin-bottom: 5px;'><strong>Peso:<\/strong> 0.23 Kg (paquete simple)&comma; 0.32 Kg (paquete est\u00e1ndar)<\/li>\n<\/ul><\/div>\n<\/p><\/div>\n<div style='flex: 1 1 250px; border: 1px solid rgba(150&comma; 150&comma; 150&comma; 0.4); border-radius: 8px; overflow: hidden; display: flex; flex-direction: column;'>\n<div style='padding: 15px; border-bottom: 1px solid rgba(150&comma; 150&comma; 150&comma; 0.2); font-weight: bold; font-size: 18px; color: inherit;'>Caracter\u00edsticas Ambientales<\/div>\n<div style='padding: 15px; color: inherit;'>\n<ul style='padding-left: 20px; margin: 0; font-size: 14px; list-style-type: disc;'>\n<li style='margin-bottom: 5px;'><strong>Temperatura de operaci\u00f3n:<\/strong> -20\u2103\uff5e+70\u2103<\/li>\n<\/ul><\/div>\n<\/p><\/div>\n<\/p><\/div>\n<p> <!-- Secci\u00f3n de compatibilidad --> <\/p>\n<div style='display: flex; flex-wrap: wrap; gap: 30px; margin-bottom: 30px;'>\n<div style='flex: 1 1 300px; min-width: 280px;'>\n<h3 style='font-size: 22px; border-bottom: 2px solid currentColor; padding-bottom: 5px; margin-top: 0; color: inherit; opacity: 0.8;'>Compatibilidad<\/h3>\n<ul style='padding-left: 20px; font-size: 15px; color: inherit; list-style-type: disc;'>\n<li style='margin-bottom: 5px;'>EPEVER LS-XXXX-B<\/li>\n<li style='margin-bottom: 5px;'>EPEVER VS-XXXX-BN<\/li>\n<li style='margin-bottom: 5px;'>EPEVER TRACER-XXXX-BN<\/li>\n<li style='margin-bottom: 5px;'>EPEVER TRACER-XXXX-AN<\/li>\n<li style='margin-bottom: 5px;'>EPEVER XTRA-XXXX-N<\/li>\n<\/ul><\/div>\n<\/p><\/div>\n<p> <!-- Secci\u00f3n de caracter\u00edsticas avanzadas --> <\/p>\n<div style='display: flex; flex-wrap: wrap; gap: 30px; margin-bottom: 30px;'>\n<div style='flex: 1 1 300px; min-width: 280px;'>\n<h3 style='font-size: 22px; border-bottom: 2px solid currentColor; padding-bottom: 5px; margin-top: 0; color: inherit; opacity: 0.8;'>Caracter\u00edsticas Avanzadas<\/h3>\n<ul style='padding-left: 20px; font-size: 15px; color: inherit; list-style-type: disc;'>\n<li style='margin-bottom: 5px;'>Identificaci\u00f3n autom\u00e1tica del tipo y modelo del controlador<\/li>\n<li style='margin-bottom: 5px;'>Visualizaci\u00f3n en tiempo real de datos operativos y estado del sistema<\/li>\n<li style='margin-bottom: 5px;'>Operaci\u00f3n intuitiva mediante 6 teclas de navegaci\u00f3n<\/li>\n<li style='margin-bottom: 5px;'>Alimentaci\u00f3n y datos sobre el mismo cable&comma; sin necesidad de fuente externa<\/li>\n<li style='margin-bottom: 5px;'>Monitoreo en tiempo real y conmutaci\u00f3n remota de carga<\/li>\n<li style='margin-bottom: 5px;'>Visualizaci\u00f3n y modificaci\u00f3n de par\u00e1metros del dispositivo<\/li>\n<li style='margin-bottom: 5px;'>Visualizaci\u00f3n con alarma ac\u00fastica de fallos<\/li>\n<li style='margin-bottom: 5px;'>Comunicaci\u00f3n RS485 con mayor distancia de transmisi\u00f3n<\/li>\n<\/ul><\/div>\n<\/p><\/div>\n<p> <!-- Separador --> <\/p>\n<hr style='border: 0; border-top: 1px solid rgba(150&comma; 150&comma; 150&comma; 0.3); margin: 30px 0;'> <\/div>\n","protected":false},"excerpt":{"rendered":"<p>Medidor Remoto P\/Controlador Solar EPEVER con  puerto RS-485<\/p>\n","protected":false},"featured_media":46759,"comment_status":"open","ping_status":"closed","template":"","meta":[],"product_brand":[],"product_cat":[1067],"product_tag":[1068,964,1182],"class_list":{"0":"post-46760","1":"product","2":"type-product","3":"status-publish","4":"has-post-thumbnail","6":"product_cat-accesorios-cables-jumpers","7":"product_tag-accesorios-cables-jumpers","8":"product_tag-energia-solar","9":"product_tag-epever","11":"first","12":"outofstock","13":"sale","14":"shipping-taxable","15":"purchasable","16":"product-type-simple"},"_links":{"self":[{"href":"https:\/\/soydeaqui.ddns.net\/pachuca\/index.php\/wp-json\/wp\/v2\/product\/46760","targetHints":{"allow":["GET"]}}],"collection":[{"href":"https:\/\/soydeaqui.ddns.net\/pachuca\/index.php\/wp-json\/wp\/v2\/product"}],"about":[{"href":"https:\/\/soydeaqui.ddns.net\/pachuca\/index.php\/wp-json\/wp\/v2\/types\/product"}],"replies":[{"embeddable":true,"href":"https:\/\/soydeaqui.ddns.net\/pachuca\/index.php\/wp-json\/wp\/v2\/comments?post=46760"}],"wp:featuredmedia":[{"embeddable":true,"href":"https:\/\/soydeaqui.ddns.net\/pachuca\/index.php\/wp-json\/wp\/v2\/media\/46759"}],"wp:attachment":[{"href":"https:\/\/soydeaqui.ddns.net\/pachuca\/index.php\/wp-json\/wp\/v2\/media?parent=46760"}],"wp:term":[{"taxonomy":"product_brand","embeddable":true,"href":"https:\/\/soydeaqui.ddns.net\/pachuca\/index.php\/wp-json\/wp\/v2\/product_brand?post=46760"},{"taxonomy":"product_cat","embeddable":true,"href":"https:\/\/soydeaqui.ddns.net\/pachuca\/index.php\/wp-json\/wp\/v2\/product_cat?post=46760"},{"taxonomy":"product_tag","embeddable":true,"href":"https:\/\/soydeaqui.ddns.net\/pachuca\/index.php\/wp-json\/wp\/v2\/product_tag?post=46760"}],"curies":[{"name":"wp","href":"https:\/\/api.w.org\/{rel}","templated":true}]}}