{"id":46728,"date":"2026-03-18T20:46:43","date_gmt":"2026-03-18T20:46:43","guid":{"rendered":"https:\/\/soydeaqui.ddns.net\/pachuca\/index.php\/producto\/linterna-de-mano-maglite-led-ultrabrillante-192-lm-con-cabeza-giratoria-on-off-y-modos-bajo-alto-y-vela-resistente-a-la-corrosion\/"},"modified":"2026-03-18T20:46:45","modified_gmt":"2026-03-18T20:46:45","slug":"linterna-de-mano-maglite-led-ultrabrillante-192-lm-con-cabeza-giratoria-on-off-y-modos-bajo-alto-y-vela-resistente-a-la-corrosion","status":"publish","type":"product","link":"https:\/\/soydeaqui.ddns.net\/pachuca\/index.php\/producto\/linterna-de-mano-maglite-led-ultrabrillante-192-lm-con-cabeza-giratoria-on-off-y-modos-bajo-alto-y-vela-resistente-a-la-corrosion\/","title":{"rendered":"Linterna de Mano Maglite LED Ultrabrillante 192 lm. con Cabeza Giratoria On \/ Off y Modos bajo\/alto y Vela. Resistente a la Corrosi\u00f3n."},"content":{"rendered":"<div style='width: 100%; max-width: 1200px; margin: 0 auto; font-family: sans-serif; line-height: 1.6; color: inherit; background-color: transparent;'> <!-- Imagen principal --> <\/p>\n<div style='margin: 0 auto; text-align: center; max-width: 100%;'> <img style='width: 100%; height: auto; border: 1px solid rgba(150&comma;150&comma;150&comma;0.3); border-radius: 8px;' src='https:\/\/ftp3.syscom.mx\/usuarios\/fotos\/ML25LT\/91796-mglite.jpg' alt=''> <\/div>\n<p> <!-- T\u00edtulo --> <\/p>\n<div style='text-align: center; margin: 20px 0;'>\n<h2 style='font-size: 20px; color: inherit; margin: 0; padding: 0; font-weight: bold;'> L\u00e1mpara de Mano con Luz Ultrabrillante en un Dise\u00f1o de Calidad&comma; Compacto y Elegante. <\/h2>\n<\/p><\/div>\n<p> <!-- Descripci\u00f3n --> <\/p>\n<div style='margin: 20px 0;'>\n<ul style='padding-left: 20px; margin: 0; font-size: 15px; color: inherit;'>\n<li style='margin-bottom: 5px;'>Cabeza de giro simple (ON \/ OFF \u2013 Enfoque)<\/li>\n<li style='margin-bottom: 5px;'>Haz de enfoque: gire la cabeza a\u00fan m\u00e1s para ajustar el haz de iluminaci\u00f3n.<\/li>\n<li style='margin-bottom: 5px;'>Robusta construcci\u00f3n de aluminio<\/li>\n<li style='margin-bottom: 5px;'>Modo vela<\/li>\n<\/ul><\/div>\n<p> <!-- Especificaciones --> <\/p>\n<div style='display: flex; flex-wrap: wrap; gap: 20px; margin: 30px 0;'>\n<div style='flex: 1 1 250px; border: 1px solid rgba(150&comma; 150&comma; 150&comma; 0.4); border-radius: 8px; overflow: hidden; display: flex; flex-direction: column;'>\n<div style='padding: 15px; border-bottom: 1px solid rgba(150&comma; 150&comma; 150&comma; 0.2); font-weight: bold; font-size: 18px; color: inherit; background-color: #000000; color: white;'> CARACTER\u00cdSTICAS <\/div>\n<div style='padding: 15px; color: inherit;'>\n<ul style='padding-left: 20px; margin: 0; font-size: 14px; list-style-type: disc;'>\n<li style='margin-bottom: 5px;'>Cabeza giratoria para encendido y apagado<\/li>\n<li style='margin-bottom: 5px;'>Ajuste de enfoque<\/li>\n<li style='margin-bottom: 5px;'>Cuerpo de aluminio&comma; totalmente anodizada&comma; grip de diamante<\/li>\n<li style='margin-bottom: 5px;'>Funci\u00f3n vela<\/li>\n<li style='margin-bottom: 5px;'>Longitud: 16.84 cm<\/li>\n<li style='margin-bottom: 5px;'>Di\u00e1metro de cabeza: 4.31 cm<\/li>\n<li style='margin-bottom: 5px;'>Di\u00e1metro de barril: 3.04 cm<\/li>\n<li style='margin-bottom: 5px;'>Peso con bater\u00edas: 317.51 g<\/li>\n<li style='margin-bottom: 5px;'>Bater\u00edas requeridas: 2 C<\/li>\n<\/ul><\/div>\n<\/p><\/div>\n<\/p><\/div>\n<p> <!-- Imagen secundaria --> <\/p>\n<div style='margin: 0 auto; text-align: center; max-width: 100%;'> <img style='width: 100%; height: auto; border: 1px solid rgba(150&comma;150&comma;150&comma;0.3); border-radius: 8px;' src='https:\/\/ftp3.syscom.mx\/usuarios\/fotos\/ML25LT\/91796-mag_ml25lt.png' alt=''> <\/div>\n<\/p><\/div>\n","protected":false},"excerpt":{"rendered":"<p>Linterna de Mano Maglite LED Ultrabrillante 192 lm. con Cabeza Giratoria On \/ Off y Modos bajo\/alto y Vela. Resistente a la Corrosi\u00f3n.<\/p>\n","protected":false},"featured_media":46727,"comment_status":"open","ping_status":"closed","template":"","meta":[],"product_brand":[],"product_cat":[1198],"product_tag":[1167,1199,1135],"class_list":{"0":"post-46728","1":"product","2":"type-product","3":"status-publish","4":"has-post-thumbnail","6":"product_cat-uso-exterior","7":"product_tag-iluminacion","8":"product_tag-uso-exterior","9":"product_tag-victorinox","11":"first","12":"instock","13":"sale","14":"shipping-taxable","15":"purchasable","16":"product-type-simple"},"_links":{"self":[{"href":"https:\/\/soydeaqui.ddns.net\/pachuca\/index.php\/wp-json\/wp\/v2\/product\/46728","targetHints":{"allow":["GET"]}}],"collection":[{"href":"https:\/\/soydeaqui.ddns.net\/pachuca\/index.php\/wp-json\/wp\/v2\/product"}],"about":[{"href":"https:\/\/soydeaqui.ddns.net\/pachuca\/index.php\/wp-json\/wp\/v2\/types\/product"}],"replies":[{"embeddable":true,"href":"https:\/\/soydeaqui.ddns.net\/pachuca\/index.php\/wp-json\/wp\/v2\/comments?post=46728"}],"wp:featuredmedia":[{"embeddable":true,"href":"https:\/\/soydeaqui.ddns.net\/pachuca\/index.php\/wp-json\/wp\/v2\/media\/46727"}],"wp:attachment":[{"href":"https:\/\/soydeaqui.ddns.net\/pachuca\/index.php\/wp-json\/wp\/v2\/media?parent=46728"}],"wp:term":[{"taxonomy":"product_brand","embeddable":true,"href":"https:\/\/soydeaqui.ddns.net\/pachuca\/index.php\/wp-json\/wp\/v2\/product_brand?post=46728"},{"taxonomy":"product_cat","embeddable":true,"href":"https:\/\/soydeaqui.ddns.net\/pachuca\/index.php\/wp-json\/wp\/v2\/product_cat?post=46728"},{"taxonomy":"product_tag","embeddable":true,"href":"https:\/\/soydeaqui.ddns.net\/pachuca\/index.php\/wp-json\/wp\/v2\/product_tag?post=46728"}],"curies":[{"name":"wp","href":"https:\/\/api.w.org\/{rel}","templated":true}]}}