{"id":46726,"date":"2026-03-18T20:46:40","date_gmt":"2026-03-18T20:46:40","guid":{"rendered":"https:\/\/soydeaqui.ddns.net\/pachuca\/index.php\/producto\/taladro-liviano-de-120-vca-portabrocas-de-3-8-3000-rpm-potencia-350-w\/"},"modified":"2026-03-18T20:46:41","modified_gmt":"2026-03-18T20:46:41","slug":"taladro-liviano-de-120-vca-portabrocas-de-3-8-3000-rpm-potencia-350-w","status":"publish","type":"product","link":"https:\/\/soydeaqui.ddns.net\/pachuca\/index.php\/producto\/taladro-liviano-de-120-vca-portabrocas-de-3-8-3000-rpm-potencia-350-w\/","title":{"rendered":"Taladro Liviano de 120 Vca, Portabrocas de 3\/8&#8243;, 3000 RPM, Potencia 350 W."},"content":{"rendered":"<div style='width: 100%; max-width: 1200px; margin: 0 auto; font-family: sans-serif; line-height: 1.6; color: inherit; background-color: transparent;'> <!-- Imagen del producto --> <\/p>\n<div style='width: 100%; text-align: center; margin-bottom: 30px;'> <img style='width: 100%; max-width: 223px; height: auto; border: 1px solid rgba(150&comma;150&comma;150&comma;0.3); border-radius: 8px;' src='https:\/\/ftp3.syscom.mx\/usuarios\/nortega\/makita\/imagenes\/makita.png' alt=''> <\/div>\n<p> <!-- Secci\u00f3n de descripci\u00f3n --> <\/p>\n<div style='margin-bottom: 30px;'>\n<h3 style='font-size: 22px; border-bottom: 2px solid currentColor; padding-bottom: 5px; margin-top: 0; color: inherit; opacity: 0.8;'>Acerca del Modelo<\/h3>\n<p style='font-size: 15px; color: inherit; margin-bottom: 15px;'>El taladro de 3\/8&#8242; Makita G0600G cuenta con un dise\u00f1o compacto y ligero especialmente dise\u00f1ado para reducir la fatiga del operador pero tambi\u00e9n cuenta con una gran potencia de 350 W para realizar cualquier tipo de trabajo.<\/p>\n<p style='font-size: 15px; color: inherit; margin-bottom: 15px;'>Cuenta con Gatillo con velocidad Variable y palanca de giro reversible. Permite al operador ajustar la velocidad sobre la base de materiales o seg\u00fan la aplicaci\u00f3n.<\/p>\n<\/p><\/div>\n<p> <!-- Secci\u00f3n de caracter\u00edsticas --> <\/p>\n<div style='display: flex; flex-wrap: wrap; gap: 30px; margin-bottom: 30px;'>\n<div style='flex: 1 1 300px; min-width: 280px;'>\n<h3 style='font-size: 22px; border-bottom: 2px solid currentColor; padding-bottom: 5px; margin-top: 0; color: inherit; opacity: 0.8;'>Caracter\u00edsticas<\/h3>\n<ul style='padding-left: 20px; font-size: 15px; color: inherit; list-style-type: disc;'>\n<li style='margin-bottom: 5px;'>Velocidad variable (0 \u2013 3&comma;000 RPM) ideal para realizar perforaciones en distintos materiales.<\/li>\n<li style='margin-bottom: 5px;'>Palanca de giro reversible.<\/li>\n<li style='margin-bottom: 5px;'>Dise\u00f1o bien balanceado de s\u00f3lo 1.2 Kg (2.6 lbs.) para reducir la fatiga del operador.<\/li>\n<li style='margin-bottom: 5px;'>Empu\u00f1adura ergon\u00f3mica para mejor agarre.<\/li>\n<li style='margin-bottom: 5px;'>Bot\u00f3n de traba para trabajos continuos.<\/li>\n<li style='margin-bottom: 5px;'>Construcci\u00f3n a base de baleros para mayor durabilidad.<\/li>\n<li style='margin-bottom: 5px;'>Doble aislante.<\/li>\n<\/ul><\/div>\n<\/p><\/div>\n<p> <!-- Secci\u00f3n de incluye --> <\/p>\n<div style='display: flex; flex-wrap: wrap; gap: 30px; margin-bottom: 30px;'>\n<div style='flex: 1 1 300px; min-width: 280px;'>\n<h3 style='font-size: 22px; border-bottom: 2px solid currentColor; padding-bottom: 5px; margin-top: 0; color: inherit; opacity: 0.8;'>Incluye<\/h3>\n<ul style='padding-left: 20px; font-size: 15px; color: inherit; list-style-type: disc;'>\n<li style='margin-bottom: 5px;'>1- Llave de mandril.<\/li>\n<\/ul><\/div>\n<\/p><\/div>\n<p> <!-- Secci\u00f3n de especificaciones --> <\/p>\n<div style='display: flex; flex-wrap: wrap; gap: 30px; margin-bottom: 30px;'>\n<div style='flex: 1 1 300px; min-width: 280px;'>\n<h3 style='font-size: 22px; border-bottom: 2px solid currentColor; padding-bottom: 5px; margin-top: 0; color: inherit; opacity: 0.8;'>Especificaciones<\/h3>\n<ul style='padding-left: 20px; font-size: 15px; color: inherit; list-style-type: disc;'>\n<li style='margin-bottom: 5px;'><strong>Capacidad (acero):<\/strong> 3\/8&#8242; (10 mm)<\/li>\n<li style='margin-bottom: 5px;'><strong>Capacidad (madera):<\/strong> 1&#8242; (25 mm)<\/li>\n<li style='margin-bottom: 5px;'><strong>Velocidad Sin Carga (velocidad variable):<\/strong> 0 &#8211; 3000 RPM<\/li>\n<li style='margin-bottom: 5px;'><strong>Peso Neto:<\/strong> 1.2 Kg (2.6 lb)<\/li>\n<li style='margin-bottom: 5px;'><strong>Agarradera:<\/strong> ergon\u00f3mica a una mano.<\/li>\n<li style='margin-bottom: 5px;'><strong>Tipo de Conexi\u00f3n:<\/strong> Cable 2m<\/li>\n<li style='margin-bottom: 5px;'><strong>Potencia de entrada:<\/strong> 350 W<\/li>\n<li style='margin-bottom: 5px;'><strong>Dimensiones (L x A x A):<\/strong> 230x66x176mm (9\u201dx2-5\/8\u201dx6-15\/16\u201d)<\/li>\n<li style='margin-bottom: 5px;'><strong>Voltaje de entrada:<\/strong> 110-120 Vca 50\/60 Hz<\/li>\n<\/ul><\/div>\n<\/p><\/div>\n<p> <!-- Separador --> <\/p>\n<hr style='border: 0; border-top: 1px solid rgba(150&comma; 150&comma; 150&comma; 0.3); margin: 30px 0;'> <\/div>\n","protected":false},"excerpt":{"rendered":"<p>Taladro Liviano de 120 Vca, Portabrocas de 3\/8&#8243;, 3000 RPM, Potencia 350 W.<\/p>\n","protected":false},"featured_media":46725,"comment_status":"open","ping_status":"closed","template":"","meta":[],"product_brand":[],"product_cat":[130],"product_tag":[25,131,252],"class_list":{"0":"post-46726","1":"product","2":"type-product","3":"status-publish","4":"has-post-thumbnail","6":"product_cat-herramientas-electricas","7":"product_tag-herramientas","8":"product_tag-herramientas-electricas","9":"product_tag-makita","11":"first","12":"outofstock","13":"sale","14":"shipping-taxable","15":"purchasable","16":"product-type-simple"},"_links":{"self":[{"href":"https:\/\/soydeaqui.ddns.net\/pachuca\/index.php\/wp-json\/wp\/v2\/product\/46726","targetHints":{"allow":["GET"]}}],"collection":[{"href":"https:\/\/soydeaqui.ddns.net\/pachuca\/index.php\/wp-json\/wp\/v2\/product"}],"about":[{"href":"https:\/\/soydeaqui.ddns.net\/pachuca\/index.php\/wp-json\/wp\/v2\/types\/product"}],"replies":[{"embeddable":true,"href":"https:\/\/soydeaqui.ddns.net\/pachuca\/index.php\/wp-json\/wp\/v2\/comments?post=46726"}],"wp:featuredmedia":[{"embeddable":true,"href":"https:\/\/soydeaqui.ddns.net\/pachuca\/index.php\/wp-json\/wp\/v2\/media\/46725"}],"wp:attachment":[{"href":"https:\/\/soydeaqui.ddns.net\/pachuca\/index.php\/wp-json\/wp\/v2\/media?parent=46726"}],"wp:term":[{"taxonomy":"product_brand","embeddable":true,"href":"https:\/\/soydeaqui.ddns.net\/pachuca\/index.php\/wp-json\/wp\/v2\/product_brand?post=46726"},{"taxonomy":"product_cat","embeddable":true,"href":"https:\/\/soydeaqui.ddns.net\/pachuca\/index.php\/wp-json\/wp\/v2\/product_cat?post=46726"},{"taxonomy":"product_tag","embeddable":true,"href":"https:\/\/soydeaqui.ddns.net\/pachuca\/index.php\/wp-json\/wp\/v2\/product_tag?post=46726"}],"curies":[{"name":"wp","href":"https:\/\/api.w.org\/{rel}","templated":true}]}}