{"id":46687,"date":"2026-03-18T20:45:30","date_gmt":"2026-03-18T20:45:30","guid":{"rendered":"https:\/\/soydeaqui.ddns.net\/pachuca\/index.php\/producto\/barra-de-puesta-a-tierra-para-telecomunicaciones-tgb-de-1-4-in-x-2-in-x-12-in\/"},"modified":"2026-03-18T20:45:37","modified_gmt":"2026-03-18T20:45:37","slug":"barra-de-puesta-a-tierra-para-telecomunicaciones-tgb-de-1-4-in-x-2-in-x-12-in","status":"publish","type":"product","link":"https:\/\/soydeaqui.ddns.net\/pachuca\/index.php\/producto\/barra-de-puesta-a-tierra-para-telecomunicaciones-tgb-de-1-4-in-x-2-in-x-12-in\/","title":{"rendered":"Barra de Puesta a Tierra para Telecomunicaciones (TGB), de 1\/4 in x 2 in x 12 in"},"content":{"rendered":"<div style='width: 100%; max-width: 1200px; margin: 0 auto; font-family: sans-serif; line-height: 1.6; color: inherit; background-color: transparent;'>\n<div style='margin-bottom: 30px;'>\n<div style='font-size: 15px; color: inherit;'>La barra colectora de conexi\u00f3n a tierra GB2B0306TPI-1 cumple con los requisitos BICSI y ANSI\/TIA-607-D para aplicaciones de conexi\u00f3n a tierra de sistemas de red. Hecho de cobre de alta conductividad y esta\u00f1ado para inhibir la corrosi\u00f3n&comma; viene preensamblado con soportes y aisladores para una instalaci\u00f3n r\u00e1pida. Los aisladores proporcionan 600 V de aislamiento y utilizan etiquetas de inyecci\u00f3n de tinta\/l\u00e1ser autolaminadas de Panduit para identificaci\u00f3n.<\/div>\n<\/p><\/div>\n<div style='margin-bottom: 30px;'>\n<h3 style='font-size: 22px; border-bottom: 2px solid currentColor; padding-bottom: 5px; margin-top: 0; color: inherit; opacity: 0.8;'>Especificaciones T\u00e9cnicas<\/h3>\n<div style='display: flex; flex-wrap: wrap; gap: 20px;'>\n<div style='flex: 1 1 250px; border: 1px solid rgba(150&comma; 150&comma; 150&comma; 0.4); border-radius: 8px; overflow: hidden; display: flex; flex-direction: column;'>\n<div style='padding: 15px; border-bottom: 1px solid rgba(150&comma; 150&comma; 150&comma; 0.2); font-weight: bold; font-size: 18px; color: inherit;'>Caracter\u00edsticas Principales<\/div>\n<div style='padding: 15px; color: inherit;'>\n<ul style='padding-left: 20px; margin: 0; font-size: 14px; list-style-type: disc;'>\n<li style='margin-bottom: 5px;'><strong>Material:<\/strong> Cobre<\/li>\n<li style='margin-bottom: 5px;'><strong>Acabado\/Recubrimiento:<\/strong> Esta\u00f1ado<\/li>\n<li style='margin-bottom: 5px;'><strong>Normas cumplidas:<\/strong> BICSI\/TIA-607-D&comma; cULus Listed<\/li>\n<li style='margin-bottom: 5px;'><strong>Aplicaci\u00f3n:<\/strong> Telecomunicaciones\/Centro de datos<\/li>\n<\/ul><\/div>\n<\/p><\/div>\n<div style='flex: 1 1 250px; border: 1px solid rgba(150&comma; 150&comma; 150&comma; 0.4); border-radius: 8px; overflow: hidden; display: flex; flex-direction: column;'>\n<div style='padding: 15px; border-bottom: 1px solid rgba(150&comma; 150&comma; 150&comma; 0.2); font-weight: bold; font-size: 18px; color: inherit;'>Dimensiones<\/div>\n<div style='padding: 15px; color: inherit;'>\n<ul style='padding-left: 20px; margin: 0; font-size: 14px; list-style-type: disc;'>\n<li style='margin-bottom: 5px;'><strong>Largo total (pulg.):<\/strong> 12<\/li>\n<li style='margin-bottom: 5px;'><strong>Largo total (mm):<\/strong> 304.8<\/li>\n<li style='margin-bottom: 5px;'><strong>Ancho total (pulg.):<\/strong> 2<\/li>\n<li style='margin-bottom: 5px;'><strong>Ancho total (mm):<\/strong> 50.8<\/li>\n<li style='margin-bottom: 5px;'><strong>Altura total (pulg.):<\/strong> 2&comma;75<\/li>\n<li style='margin-bottom: 5px;'><strong>Altura total (mm):<\/strong> 69&comma;9<\/li>\n<li style='margin-bottom: 5px;'><strong>Grosor total (pulg.):<\/strong> 0.25<\/li>\n<li style='margin-bottom: 5px;'><strong>Grosor total (mm):<\/strong> 6.4<\/li>\n<li style='margin-bottom: 5px;'><strong>Tama\u00f1o del orificio del esp\u00e1rrago (pulg.):<\/strong> 0.44<\/li>\n<li style='margin-bottom: 5px;'><strong>Tama\u00f1o del orificio del esp\u00e1rrago (mm):<\/strong> 11.17<\/li>\n<\/ul><\/div>\n<\/p><\/div>\n<\/p><\/div>\n<\/p><\/div>\n<\/p><\/div>\n<hr style='border: 0; border-top: 1px solid rgba(150&comma; 150&comma; 150&comma; 0.3); margin: 30px 0;'> <\/div>\n","protected":false},"excerpt":{"rendered":"<p>Barra de Puesta a Tierra para Telecomunicaciones (TGB), de 1\/4 in x 2 in x 12 in<\/p>\n","protected":false},"featured_media":46686,"comment_status":"open","ping_status":"closed","template":"","meta":[],"product_brand":[],"product_cat":[604],"product_tag":[606,445,605],"class_list":{"0":"post-46687","1":"product","2":"type-product","3":"status-publish","4":"has-post-thumbnail","6":"product_cat-accesorios-para-racks-y-gabinetes","7":"product_tag-accesorios-para-racks-y-gabinetes","8":"product_tag-panduit","9":"product_tag-racks-y-gabinetes","11":"first","12":"outofstock","13":"sale","14":"shipping-taxable","15":"purchasable","16":"product-type-simple"},"_links":{"self":[{"href":"https:\/\/soydeaqui.ddns.net\/pachuca\/index.php\/wp-json\/wp\/v2\/product\/46687","targetHints":{"allow":["GET"]}}],"collection":[{"href":"https:\/\/soydeaqui.ddns.net\/pachuca\/index.php\/wp-json\/wp\/v2\/product"}],"about":[{"href":"https:\/\/soydeaqui.ddns.net\/pachuca\/index.php\/wp-json\/wp\/v2\/types\/product"}],"replies":[{"embeddable":true,"href":"https:\/\/soydeaqui.ddns.net\/pachuca\/index.php\/wp-json\/wp\/v2\/comments?post=46687"}],"wp:featuredmedia":[{"embeddable":true,"href":"https:\/\/soydeaqui.ddns.net\/pachuca\/index.php\/wp-json\/wp\/v2\/media\/46686"}],"wp:attachment":[{"href":"https:\/\/soydeaqui.ddns.net\/pachuca\/index.php\/wp-json\/wp\/v2\/media?parent=46687"}],"wp:term":[{"taxonomy":"product_brand","embeddable":true,"href":"https:\/\/soydeaqui.ddns.net\/pachuca\/index.php\/wp-json\/wp\/v2\/product_brand?post=46687"},{"taxonomy":"product_cat","embeddable":true,"href":"https:\/\/soydeaqui.ddns.net\/pachuca\/index.php\/wp-json\/wp\/v2\/product_cat?post=46687"},{"taxonomy":"product_tag","embeddable":true,"href":"https:\/\/soydeaqui.ddns.net\/pachuca\/index.php\/wp-json\/wp\/v2\/product_tag?post=46687"}],"curies":[{"name":"wp","href":"https:\/\/api.w.org\/{rel}","templated":true}]}}