{"id":4667,"date":"2026-03-18T06:21:45","date_gmt":"2026-03-18T06:21:45","guid":{"rendered":"https:\/\/soydeaqui.ddns.net\/pachuca\/index.php\/producto\/sensor-de-movimiento-de-microondas-para-puertas-automaticas-uso-como-boton-de-salida-o-deteccion-de-movimiento-ip52-rango-de-deteccion-de-4-mts\/"},"modified":"2026-03-18T06:21:50","modified_gmt":"2026-03-18T06:21:50","slug":"sensor-de-movimiento-de-microondas-para-puertas-automaticas-uso-como-boton-de-salida-o-deteccion-de-movimiento-ip52-rango-de-deteccion-de-4-mts","status":"publish","type":"product","link":"https:\/\/soydeaqui.ddns.net\/pachuca\/index.php\/producto\/sensor-de-movimiento-de-microondas-para-puertas-automaticas-uso-como-boton-de-salida-o-deteccion-de-movimiento-ip52-rango-de-deteccion-de-4-mts\/","title":{"rendered":"Sensor de Movimiento de Microondas Para Puertas Autom\u00e1ticas \/ Uso Como Bot\u00f3n de Salida o Detecci\u00f3n de Movimiento \/ IP52 \/ Rango de detecci\u00f3n de 4 mts."},"content":{"rendered":"<div style='width: 100%; max-width: 1200px; margin: 0 auto; font-family: sans-serif; line-height: 1.6; color: inherit; background-color: transparent;'> <!-- Secci\u00f3n de caracter\u00edsticas en tres columnas --> <\/p>\n<div style='display: flex; flex-wrap: wrap; gap: 30px; margin-bottom: 30px;'>\n<div style='flex: 1 1 300px; min-width: 280px;'>\n<div style='border-left: 5px solid #0091ff; border-radius: 5px; padding: 15px; box-shadow: 2px 2px 10px rgba(216&comma;216&comma;216&comma;0.5);'> <strong style='font-size: 18px; display: block; margin-bottom: 10px; color: inherit;'>Caracter\u00edsticas principales:<\/strong> <\/p>\n<ul style='padding-left: 20px; font-size: 15px; color: inherit; margin: 0;'>\n<li style='margin-bottom: 5px;'>Tecnolog\u00eda a base de microondas<\/li>\n<li style='margin-bottom: 5px;'>Hasta 4 metros de detecci\u00f3n<\/li>\n<li style='margin-bottom: 5px;'>Frecuencia de 24.125 GHZ<\/li>\n<\/ul><\/div>\n<\/p><\/div>\n<div style='flex: 1 1 300px; min-width: 280px;'>\n<div style='border-left: 5px solid #0091ff; border-radius: 5px; padding: 15px; box-shadow: 2px 2px 10px rgba(216&comma;216&comma;216&comma;0.5);'> <strong style='font-size: 18px; display: block; margin-bottom: 10px; color: inherit;'>Caracter\u00edsticas F\u00edsicas y El\u00e9ctricas:<\/strong> <\/p>\n<ul style='padding-left: 20px; font-size: 15px; color: inherit; margin: 0;'>\n<li style='margin-bottom: 5px;'>Alimentaci\u00f3n de 12a 24 Vac \/ Vdc<\/li>\n<li style='margin-bottom: 5px;'>Consumo m\u00e1ximo 2W<\/li>\n<li style='margin-bottom: 5px;'>Temperatura de operaci\u00f3n -20 a 55 \u00b0C<\/li>\n<\/ul><\/div>\n<\/p><\/div>\n<div style='flex: 1 1 300px; min-width: 280px;'>\n<div style='border-left: 5px solid #0091ff; border-radius: 5px; padding: 15px; box-shadow: 2px 2px 10px rgba(216&comma;216&comma;216&comma;0.5);'> <strong style='font-size: 18px; display: block; margin-bottom: 10px; color: inherit;'>Caracter\u00edsticas Destacadas:<\/strong> <\/p>\n<ul style='padding-left: 20px; font-size: 15px; color: inherit; margin: 0;'>\n<li style='margin-bottom: 5px;'>Cubierta en pl\u00e1stico ABS<\/li>\n<li style='margin-bottom: 5px;'>Altura m\u00e1xima recomendada 3 mts<\/li>\n<li style='margin-bottom: 5px;'>Color negro<\/li>\n<\/ul><\/div>\n<\/p><\/div>\n<\/p><\/div>\n<p> <!-- Separador --> <\/p>\n<hr style='border: 0; border-top: 1px solid rgba(150&comma; 150&comma; 150&comma; 0.3); margin: 30px 0;'> <!-- Secci\u00f3n de detalles y imagen --> <\/p>\n<div style='display: flex; flex-wrap: wrap; gap: 30px; margin-bottom: 30px;'>\n<div style='flex: 1 1 400px; min-width: 280px;'>\n<h3 style='font-size: 20px; border-bottom: 2px solid currentColor; padding-bottom: 5px; margin-top: 0; color: inherit; opacity: 0.8;'>Sensor de movimiento de microondas para puertas autom\u00e1ticas<\/h3>\n<h3 style='font-size: 20px; border-bottom: 2px solid currentColor; padding-bottom: 5px; margin-top: 0; color: inherit; opacity: 0.8;'>Caracter\u00edsticas<\/h3>\n<ul style='padding-left: 20px; font-size: 15px; color: inherit;'>\n<li style='margin-bottom: 5px;'><strong>Salidas de relevador NO<\/strong><\/li>\n<li style='margin-bottom: 5px;'><strong>Campo de detecci\u00f3n:<\/strong> Hasta 4 metros de ancho por 2 metros de profundidad<\/li>\n<li style='margin-bottom: 5px;'><strong>Altura de instalaci\u00f3n:<\/strong> M\u00e1xima recomendada de 3 metros<\/li>\n<li style='margin-bottom: 5px;'><strong>Sensibilidad de detecci\u00f3n:<\/strong> Programable<\/li>\n<li style='margin-bottom: 5px;'><strong>Frecuencia de trabajo:<\/strong> 24.125 GHZ<\/li>\n<li style='margin-bottom: 5px;'><strong>Cubierta:<\/strong> Material pl\u00e1stico ABS<\/li>\n<li style='margin-bottom: 5px;'><strong>Peso:<\/strong> 100 grs<\/li>\n<\/ul><\/div>\n<div style='flex: 1 1 400px; min-width: 280px;'> <img style='width: 100%; height: auto; border: 1px solid rgba(150&comma;150&comma;150&comma;0.3); border-radius: 8px;' src='https:\/\/ftp3.syscom.mx\/usuarios\/fotos\/XBS104\/190590-xbs104.jpg' alt='Sensor de Movimiento de Microondas XBS104'> <\/div>\n<\/p><\/div>\n<p> <!-- Separador final --> <\/p>\n<hr style='border: 0; border-top: 1px solid rgba(150&comma; 150&comma; 150&comma; 0.3); margin: 30px 0;'> <\/div>\n","protected":false},"excerpt":{"rendered":"<p>Sensor de Movimiento de Microondas Para Puertas Autom\u00e1ticas \/ Uso Como Bot\u00f3n de Salida o Detecci\u00f3n de Movimiento \/ IP52 \/ Rango de detecci\u00f3n de 4 mts.<\/p>\n","protected":false},"featured_media":4666,"comment_status":"open","ping_status":"closed","template":"","meta":[],"product_brand":[],"product_cat":[18],"product_tag":[234,19,20],"class_list":{"0":"post-4667","1":"product","2":"type-product","3":"status-publish","4":"has-post-thumbnail","6":"product_cat-movimiento-para-interior","7":"product_tag-accesspro","8":"product_tag-detectores-sensores","9":"product_tag-movimiento-para-interior","11":"first","12":"instock","13":"sale","14":"shipping-taxable","15":"purchasable","16":"product-type-simple"},"_links":{"self":[{"href":"https:\/\/soydeaqui.ddns.net\/pachuca\/index.php\/wp-json\/wp\/v2\/product\/4667","targetHints":{"allow":["GET"]}}],"collection":[{"href":"https:\/\/soydeaqui.ddns.net\/pachuca\/index.php\/wp-json\/wp\/v2\/product"}],"about":[{"href":"https:\/\/soydeaqui.ddns.net\/pachuca\/index.php\/wp-json\/wp\/v2\/types\/product"}],"replies":[{"embeddable":true,"href":"https:\/\/soydeaqui.ddns.net\/pachuca\/index.php\/wp-json\/wp\/v2\/comments?post=4667"}],"wp:featuredmedia":[{"embeddable":true,"href":"https:\/\/soydeaqui.ddns.net\/pachuca\/index.php\/wp-json\/wp\/v2\/media\/4666"}],"wp:attachment":[{"href":"https:\/\/soydeaqui.ddns.net\/pachuca\/index.php\/wp-json\/wp\/v2\/media?parent=4667"}],"wp:term":[{"taxonomy":"product_brand","embeddable":true,"href":"https:\/\/soydeaqui.ddns.net\/pachuca\/index.php\/wp-json\/wp\/v2\/product_brand?post=4667"},{"taxonomy":"product_cat","embeddable":true,"href":"https:\/\/soydeaqui.ddns.net\/pachuca\/index.php\/wp-json\/wp\/v2\/product_cat?post=4667"},{"taxonomy":"product_tag","embeddable":true,"href":"https:\/\/soydeaqui.ddns.net\/pachuca\/index.php\/wp-json\/wp\/v2\/product_tag?post=4667"}],"curies":[{"name":"wp","href":"https:\/\/api.w.org\/{rel}","templated":true}]}}