{"id":46656,"date":"2026-03-18T20:44:38","date_gmt":"2026-03-18T20:44:38","guid":{"rendered":"https:\/\/soydeaqui.ddns.net\/pachuca\/index.php\/producto\/caja-cuadrada-de-3-4-19-05-mm-a-prueba-de-intemperie-cuenta-con-4-bocas\/"},"modified":"2026-03-18T20:44:39","modified_gmt":"2026-03-18T20:44:39","slug":"caja-cuadrada-de-3-4-19-05-mm-a-prueba-de-intemperie-cuenta-con-4-bocas","status":"publish","type":"product","link":"https:\/\/soydeaqui.ddns.net\/pachuca\/index.php\/producto\/caja-cuadrada-de-3-4-19-05-mm-a-prueba-de-intemperie-cuenta-con-4-bocas\/","title":{"rendered":"Caja Cuadrada de 3\/4&#8243; (19.05 mm) a Prueba de Intemperie\/ Cuenta con 4 bocas."},"content":{"rendered":"<div style='width: 100%; max-width: 1200px; margin: 0 auto; font-family: sans-serif; line-height: 1.6; color: inherit; background-color: transparent;'>\n<div style='display: flex; flex-wrap: wrap; gap: 30px; margin-bottom: 30px;'>\n<div style='flex: 1 1 300px; min-width: 280px;'>\n<h3 style='font-size: 22px; border-bottom: 2px solid currentColor; padding-bottom: 5px; margin-top: 0; color: inherit; opacity: 0.8;'>Caracter\u00edsticas principales<\/h3>\n<ul style='padding-left: 20px; font-size: 15px; color: inherit;'>\n<li style='margin-bottom: 5px;'><strong>Material:<\/strong> Aluminio inyectado a presi\u00f3n (dietcast)<\/li>\n<li style='margin-bottom: 5px;'><strong>Acabado:<\/strong> Pintura electrost\u00e1tica ep\u00f3xica\/poli\u00e9ster polimerizada espesor m\u00ednimo de 2 mils<\/li>\n<li style='margin-bottom: 5px;'><strong>Medida nominal:<\/strong> 3\/4&#8242; (19 mm)<\/li>\n<li style='margin-bottom: 5px;'><strong>Volumen:<\/strong> 492 cm\u00b3<\/li>\n<li style='margin-bottom: 5px;'><strong>Peso:<\/strong> 0.39 kg<\/li>\n<li style='margin-bottom: 5px;'><strong>Profundidad:<\/strong> 2&#8242; (50.8 mm)<\/li>\n<li style='margin-bottom: 5px;'><strong>Cantidad de bocas:<\/strong> 4 (1 Arriba&comma; 1 Abajo&comma; 1 Izquierda&comma; 1 Derecha)<\/li>\n<li style='margin-bottom: 5px;'><strong>Tornillos de tierra:<\/strong> 2 incluidos (pasivados)<\/li>\n<li style='margin-bottom: 5px;'><strong>Resistencia a intemperie:<\/strong> Cuando se usa con tapa con empaque (no incluido)<\/li>\n<li style='margin-bottom: 5px;'><strong>Rosca:<\/strong> NPT para tubo conduit R\u00edgido e IMC<\/li>\n<li style='margin-bottom: 5px;'><strong>Profundidad de rosca:<\/strong> 67 mm en caja de rosca de 25.4 mm (1&#8242;) y 50.8 mm (2&#8242;) en cajas de rosca de 1\/2&#8242; y 3\/4&#8242;<\/li>\n<li style='margin-bottom: 5px;'><strong>Pruebas:<\/strong> C\u00e1mara salina seg\u00fan ASTM B117<\/li>\n<li style='margin-bottom: 5px;'><strong>Resistencia a impactos:<\/strong> IK09&comma; dise\u00f1o sin elementos fr\u00e1giles<\/li>\n<\/ul><\/div>\n<\/p><\/div>\n<div style='display: flex; flex-wrap: wrap; gap: 30px; margin-bottom: 30px;'>\n<div style='flex: 1 1 300px; min-width: 280px;'>\n<h3 style='font-size: 22px; border-bottom: 2px solid currentColor; padding-bottom: 5px; margin-top: 0; color: inherit; opacity: 0.8;'>Aplicaciones<\/h3>\n<ul style='padding-left: 20px; font-size: 15px; color: inherit;'>\n<li style='margin-bottom: 5px;'>Para accesorios: interruptores&comma; contactos&comma; estaciones de botones&comma; luces piloto<\/li>\n<li style='margin-bottom: 5px;'>Para empalmes y conexiones en cableado&comma; con acceso f\u00e1cil para mantenimiento<\/li>\n<li style='margin-bottom: 5px;'>Fabricaci\u00f3n seg\u00fan normas: UL 514A&comma; UL 514B&comma; CAN\/CSA-C22.2 NO.18-92<\/li>\n<\/ul><\/div>\n<\/p><\/div>\n<div style='display: flex; flex-wrap: wrap; gap: 30px; margin-bottom: 30px;'>\n<div style='flex: 1 1 300px; min-width: 280px;'>\n<h3 style='font-size: 22px; border-bottom: 2px solid currentColor; padding-bottom: 5px; margin-top: 0; color: inherit; opacity: 0.8;'>Uso y Certificaciones<\/h3>\n<p style='font-size: 15px; color: inherit; margin-top: 0;'>Las cajas de registro rectangulares&comma; cuadradas y tapas RAWELT est\u00e1n dise\u00f1adas y fabricadas bajo estrictos controles de calidad&comma; certificadas por UL y CSA seg\u00fan normas internacionales&comma; siendo utilizadas en industria pesada y ligera&comma; as\u00ed como en aplicaciones comerciales y residenciales.<\/p>\n<\/p><\/div>\n<\/p><\/div>\n<hr style='border: 0; border-top: 1px solid rgba(150&comma; 150&comma; 150&comma; 0.3); margin: 30px 0;'> <\/div>\n","protected":false},"excerpt":{"rendered":"<p>Caja Cuadrada de 3\/4&#8243; (19.05 mm) a Prueba de Intemperie\/ Cuenta con 4 bocas.<\/p>\n","protected":false},"featured_media":46655,"comment_status":"open","ping_status":"closed","template":"","meta":[],"product_brand":[],"product_cat":[655],"product_tag":[572,661,656],"class_list":{"0":"post-46656","1":"product","2":"type-product","3":"status-publish","4":"has-post-thumbnail","6":"product_cat-tuberia-metalica-conduit-accesorios","7":"product_tag-canalizacion","8":"product_tag-rawelt","9":"product_tag-tuberia-metalica-conduit-accesorios","11":"first","12":"instock","13":"sale","14":"shipping-taxable","15":"purchasable","16":"product-type-simple"},"_links":{"self":[{"href":"https:\/\/soydeaqui.ddns.net\/pachuca\/index.php\/wp-json\/wp\/v2\/product\/46656","targetHints":{"allow":["GET"]}}],"collection":[{"href":"https:\/\/soydeaqui.ddns.net\/pachuca\/index.php\/wp-json\/wp\/v2\/product"}],"about":[{"href":"https:\/\/soydeaqui.ddns.net\/pachuca\/index.php\/wp-json\/wp\/v2\/types\/product"}],"replies":[{"embeddable":true,"href":"https:\/\/soydeaqui.ddns.net\/pachuca\/index.php\/wp-json\/wp\/v2\/comments?post=46656"}],"wp:featuredmedia":[{"embeddable":true,"href":"https:\/\/soydeaqui.ddns.net\/pachuca\/index.php\/wp-json\/wp\/v2\/media\/46655"}],"wp:attachment":[{"href":"https:\/\/soydeaqui.ddns.net\/pachuca\/index.php\/wp-json\/wp\/v2\/media?parent=46656"}],"wp:term":[{"taxonomy":"product_brand","embeddable":true,"href":"https:\/\/soydeaqui.ddns.net\/pachuca\/index.php\/wp-json\/wp\/v2\/product_brand?post=46656"},{"taxonomy":"product_cat","embeddable":true,"href":"https:\/\/soydeaqui.ddns.net\/pachuca\/index.php\/wp-json\/wp\/v2\/product_cat?post=46656"},{"taxonomy":"product_tag","embeddable":true,"href":"https:\/\/soydeaqui.ddns.net\/pachuca\/index.php\/wp-json\/wp\/v2\/product_tag?post=46656"}],"curies":[{"name":"wp","href":"https:\/\/api.w.org\/{rel}","templated":true}]}}