{"id":46652,"date":"2026-03-18T20:44:32","date_gmt":"2026-03-18T20:44:32","guid":{"rendered":"https:\/\/soydeaqui.ddns.net\/pachuca\/index.php\/producto\/zapata-de-compresion-lca8-14-l-para-cal-8-awg-barreno-para-tornillo-prisionero-de-1-4-1-pz\/"},"modified":"2026-03-18T20:44:36","modified_gmt":"2026-03-18T20:44:36","slug":"zapata-de-compresion-lca8-14-l-para-cal-8-awg-barreno-para-tornillo-prisionero-de-1-4-1-pz","status":"publish","type":"product","link":"https:\/\/soydeaqui.ddns.net\/pachuca\/index.php\/producto\/zapata-de-compresion-lca8-14-l-para-cal-8-awg-barreno-para-tornillo-prisionero-de-1-4-1-pz\/","title":{"rendered":"Zapata de compresi\u00f3n LCA8-14-L, para cal. 8 Awg, Barreno para tornillo prisionero de 1\/4, 1 Pz"},"content":{"rendered":"<div style='width: 100%; max-width: 1200px; margin: 0 auto; font-family: sans-serif; line-height: 1.6; color: inherit; background-color: transparent;'>\n<div style='display: flex; flex-direction: column; align-items: center; margin-bottom: 30px;'> <img style='width: 100%; max-width: 300px; height: auto; border: 1px solid rgba(150&comma;150&comma;150&comma;0.3); border-radius: 8px;' src='https:\/\/ftp3.syscom.mx\/usuarios\/fotos\/SCL2\/0X\/214870-217843-panduit-logo-tm-negro-fondo_trans30-01_(002)_(1).png' alt=''> <\/div>\n<div style='margin-bottom: 30px;'>\n<h1 style='font-size: 30px; margin: 0 0 13px; color: rgba(48&comma; 48&comma; 48&comma; 0.8); font-weight: 500; line-height: 1.1;'> Conector de Compresi\u00f3n para Cable 8 AWG de un Orificio de 1\/4&#8242;. <\/h1>\n<\/p><\/div>\n<div style='margin-bottom: 30px;'>\n<h3 style='font-size: 21px; margin: 0 0 15px; color: rgba(48&comma; 48&comma; 48&comma; 0.8); font-weight: 500; line-height: 1.1;'> LCA8-14-L <\/h3>\n<p style='margin: 0; color: inherit; font-size: 16px;'> Tal\u00f3n de compresi\u00f3n de cobre esta\u00f1ado LCA8-14-L&comma; un orificio&comma; tambor est\u00e1ndar&comma; tambores codificados por color marcados con n\u00fameros de \u00edndice de dado de Panduit y de un competidor especificado para la adecuada selecci\u00f3n de dados. Una mirilla de inspecci\u00f3n ayuda a comprobar visualmente la inserci\u00f3n total del conductor&comma; y el material esta\u00f1ado previene la corrosi\u00f3n. Est\u00e1 incluido en el Listado UL y certificado por CSA para 35 KV y con calificaci\u00f3n de temperatura hasta 90\u00b0C. <\/p>\n<\/p><\/div>\n<div style='display: flex; flex-direction: column; align-items: center; margin-bottom: 30px;'> <img style='width: 100%; max-width: 700px; height: auto; border: 1px solid rgba(150&comma;150&comma;150&comma;0.3); border-radius: 8px;' src='https:\/\/ftp3.syscom.mx\/usuarios\/fotos\/LCA814L\/199604-captura_de_pantalla_2023-06-01_a_la(s)_17.48.29.png' alt=''> <\/div>\n<\/p><\/div>\n","protected":false},"excerpt":{"rendered":"<p>Zapata de compresi\u00f3n LCA8-14-L, para cal. 8 Awg, Barreno para tornillo prisionero de 1\/4, 1 Pz<\/p>\n","protected":false},"featured_media":46651,"comment_status":"open","ping_status":"closed","template":"","meta":[],"product_brand":[],"product_cat":[1095],"product_tag":[1058,445,1096],"class_list":{"0":"post-46652","1":"product","2":"type-product","3":"status-publish","4":"has-post-thumbnail","6":"product_cat-terminales-y-conectores-electricos","7":"product_tag-ferreteria","8":"product_tag-panduit","9":"product_tag-terminales-y-conectores-electricos","11":"first","12":"instock","13":"sale","14":"shipping-taxable","15":"purchasable","16":"product-type-simple"},"_links":{"self":[{"href":"https:\/\/soydeaqui.ddns.net\/pachuca\/index.php\/wp-json\/wp\/v2\/product\/46652","targetHints":{"allow":["GET"]}}],"collection":[{"href":"https:\/\/soydeaqui.ddns.net\/pachuca\/index.php\/wp-json\/wp\/v2\/product"}],"about":[{"href":"https:\/\/soydeaqui.ddns.net\/pachuca\/index.php\/wp-json\/wp\/v2\/types\/product"}],"replies":[{"embeddable":true,"href":"https:\/\/soydeaqui.ddns.net\/pachuca\/index.php\/wp-json\/wp\/v2\/comments?post=46652"}],"wp:featuredmedia":[{"embeddable":true,"href":"https:\/\/soydeaqui.ddns.net\/pachuca\/index.php\/wp-json\/wp\/v2\/media\/46651"}],"wp:attachment":[{"href":"https:\/\/soydeaqui.ddns.net\/pachuca\/index.php\/wp-json\/wp\/v2\/media?parent=46652"}],"wp:term":[{"taxonomy":"product_brand","embeddable":true,"href":"https:\/\/soydeaqui.ddns.net\/pachuca\/index.php\/wp-json\/wp\/v2\/product_brand?post=46652"},{"taxonomy":"product_cat","embeddable":true,"href":"https:\/\/soydeaqui.ddns.net\/pachuca\/index.php\/wp-json\/wp\/v2\/product_cat?post=46652"},{"taxonomy":"product_tag","embeddable":true,"href":"https:\/\/soydeaqui.ddns.net\/pachuca\/index.php\/wp-json\/wp\/v2\/product_tag?post=46652"}],"curies":[{"name":"wp","href":"https:\/\/api.w.org\/{rel}","templated":true}]}}