{"id":46646,"date":"2026-03-18T20:44:19","date_gmt":"2026-03-18T20:44:19","guid":{"rendered":"https:\/\/soydeaqui.ddns.net\/pachuca\/index.php\/producto\/zapata-de-compresion-lcd6-14a-l-para-cal-6-awg-doble-barreno-para-tornillo-prisionero-de-1-4-espaciado-de-orificio-16mm-1-pz\/"},"modified":"2026-03-18T20:44:24","modified_gmt":"2026-03-18T20:44:24","slug":"zapata-de-compresion-lcd6-14a-l-para-cal-6-awg-doble-barreno-para-tornillo-prisionero-de-1-4-espaciado-de-orificio-16mm-1-pz","status":"publish","type":"product","link":"https:\/\/soydeaqui.ddns.net\/pachuca\/index.php\/producto\/zapata-de-compresion-lcd6-14a-l-para-cal-6-awg-doble-barreno-para-tornillo-prisionero-de-1-4-espaciado-de-orificio-16mm-1-pz\/","title":{"rendered":"Zapata de compresi\u00f3n LCD6-14A-L para cal. 6 Awg, Doble barreno para tornillo prisionero de 1\/4, Espaciado de orificio 16mm, 1 Pz"},"content":{"rendered":"<div style='width: 100%; max-width: 1200px; margin: 0 auto; font-family: sans-serif; line-height: 1.6; color: inherit; background-color: transparent;'>\n<div style='display: flex; flex-direction: column; align-items: center; margin-bottom: 30px;'> <img style='width: 100%; max-width: 300px; height: auto; border: 1px solid rgba(150&comma;150&comma;150&comma;0.3); border-radius: 8px;' src='https:\/\/ftp3.syscom.mx\/usuarios\/fotos\/SCL2\/0X\/214870-217843-panduit-logo-tm-negro-fondo_trans30-01_(002)_(1).png' alt=''> <\/p>\n<h1 style='font-size: 26px; margin: 20px 0 10px; color: inherit; text-align: center; font-weight: 500; line-height: 1.2; opacity: 0.9;'>Terminal doble Ojillo de 1\/4&#8242; para cable 6 AWG&comma; \u00e1ngulo Recto&comma; Espacio entre Orificios 16mm.<\/h1>\n<\/p><\/div>\n<div style='display: flex; flex-direction: column; gap: 25px;'>\n<div style='flex: 1 1 auto;'>\n<h3 style='font-size: 22px; border-bottom: 2px solid currentColor; padding-bottom: 5px; margin-top: 0; color: inherit; opacity: 0.8;'>LCD6-14A-L<\/h3>\n<p style='font-size: 15px; color: inherit; line-height: 1.6;'>Tal\u00f3n del conector de compresi\u00f3n de cobre esta\u00f1ado LCD6-14A-L&comma; dos orificios&comma; tambor est\u00e1ndar&comma; tambores codificados por colores marcados con n\u00fameros de \u00edndice de matriz de Panduit y de un competidor especificado para la adecuada selecci\u00f3n de matriz de prensado. Una mirilla de inspecci\u00f3n ayuda a comprobar visualmente la inserci\u00f3n total del conductor&comma; y el material esta\u00f1ado previene la corrosi\u00f3n. Est\u00e1 incluido en el Listado UL y certificado por CSA.<\/p>\n<\/p><\/div>\n<div style='flex: 1 1 auto; display: flex; justify-content: center;'> <img style='width: 100%; max-width: 600px; height: auto; border: 1px solid rgba(150&comma;150&comma;150&comma;0.3); border-radius: 8px;' src='https:\/\/ftp3.syscom.mx\/usuarios\/fotos\/LCD614AL\/200211-captura_de_pantalla_2023-06-02_a_la(s)_14.16.28.png' alt=''> <\/div>\n<\/p><\/div>\n<hr style='border: 0; border-top: 1px solid rgba(150&comma; 150&comma; 150&comma; 0.3); margin: 30px 0;'> <\/div>\n","protected":false},"excerpt":{"rendered":"<p>Zapata de compresi\u00f3n LCD6-14A-L para cal. 6 Awg, Doble barreno para tornillo prisionero de 1\/4, Espaciado de orificio 16mm, 1 Pz<\/p>\n","protected":false},"featured_media":46645,"comment_status":"open","ping_status":"closed","template":"","meta":[],"product_brand":[],"product_cat":[633],"product_tag":[634,445,605],"class_list":{"0":"post-46646","1":"product","2":"type-product","3":"status-publish","4":"has-post-thumbnail","6":"product_cat-accesorios-para-rack-gabinetes","7":"product_tag-accesorios-para-rack-gabinetes","8":"product_tag-panduit","9":"product_tag-racks-y-gabinetes","11":"first","12":"instock","13":"sale","14":"shipping-taxable","15":"purchasable","16":"product-type-simple"},"_links":{"self":[{"href":"https:\/\/soydeaqui.ddns.net\/pachuca\/index.php\/wp-json\/wp\/v2\/product\/46646","targetHints":{"allow":["GET"]}}],"collection":[{"href":"https:\/\/soydeaqui.ddns.net\/pachuca\/index.php\/wp-json\/wp\/v2\/product"}],"about":[{"href":"https:\/\/soydeaqui.ddns.net\/pachuca\/index.php\/wp-json\/wp\/v2\/types\/product"}],"replies":[{"embeddable":true,"href":"https:\/\/soydeaqui.ddns.net\/pachuca\/index.php\/wp-json\/wp\/v2\/comments?post=46646"}],"wp:featuredmedia":[{"embeddable":true,"href":"https:\/\/soydeaqui.ddns.net\/pachuca\/index.php\/wp-json\/wp\/v2\/media\/46645"}],"wp:attachment":[{"href":"https:\/\/soydeaqui.ddns.net\/pachuca\/index.php\/wp-json\/wp\/v2\/media?parent=46646"}],"wp:term":[{"taxonomy":"product_brand","embeddable":true,"href":"https:\/\/soydeaqui.ddns.net\/pachuca\/index.php\/wp-json\/wp\/v2\/product_brand?post=46646"},{"taxonomy":"product_cat","embeddable":true,"href":"https:\/\/soydeaqui.ddns.net\/pachuca\/index.php\/wp-json\/wp\/v2\/product_cat?post=46646"},{"taxonomy":"product_tag","embeddable":true,"href":"https:\/\/soydeaqui.ddns.net\/pachuca\/index.php\/wp-json\/wp\/v2\/product_tag?post=46646"}],"curies":[{"name":"wp","href":"https:\/\/api.w.org\/{rel}","templated":true}]}}