{"id":46641,"date":"2026-03-18T20:44:12","date_gmt":"2026-03-18T20:44:12","guid":{"rendered":"https:\/\/soydeaqui.ddns.net\/pachuca\/index.php\/producto\/sello-de-1-2-13-mm-de-al-libre-de-cu-con-recubrimiento-de-pvc-para-areas-peligrosas\/"},"modified":"2026-03-18T20:44:13","modified_gmt":"2026-03-18T20:44:13","slug":"sello-de-1-2-13-mm-de-al-libre-de-cu-con-recubrimiento-de-pvc-para-areas-peligrosas","status":"publish","type":"product","link":"https:\/\/soydeaqui.ddns.net\/pachuca\/index.php\/producto\/sello-de-1-2-13-mm-de-al-libre-de-cu-con-recubrimiento-de-pvc-para-areas-peligrosas\/","title":{"rendered":"Sello de 1\/2&#8243; (13 mm) de Al libre de Cu con recubrimiento de PVC \/ Para \u00c1reas Peligrosas."},"content":{"rendered":"<div style='width: 100%; max-width: 1200px; margin: 0 auto; font-family: sans-serif; line-height: 1.6; color: inherit; background-color: transparent;'>\n<div style='display: flex; flex-wrap: wrap; gap: 30px; margin-bottom: 30px;'>\n<div style='flex: 1 1 300px; min-width: 280px;'>\n<h3 style='font-size: 22px; border-bottom: 2px solid currentColor; padding-bottom: 5px; margin-top: 0; color: inherit; opacity: 0.8;'>Caracter\u00edsticas<\/h3>\n<ul style='padding-left: 20px; font-size: 15px; color: inherit;'>\n<li style='margin-bottom: 5px;'><span style='color: inherit;'>A prueba de \u00e1reas corrosivas.<\/span><\/li>\n<li style='margin-bottom: 5px;'><span style='color: inherit;'>Recubrimiento PVC: 40 mil. m\u00ednimo.<\/span><\/li>\n<li style='margin-bottom: 5px;'><span style='color: inherit;'>Uretano PURPURA: 2 mil. m\u00ednimo.<\/span><\/li>\n<li style='margin-bottom: 5px;'><span style='color: inherit;'>Pruebas de c\u00e1mara salina de acuerdo a ASTM B117<\/span><\/li>\n<li style='margin-bottom: 5px;'><span style='color: inherit;'>Pruebas de adherencia de acuerdo a ASTM 3359<\/span><\/li>\n<li style='margin-bottom: 5px;'><span style='color: inherit;'>Resistencia a impactos mec\u00e1nicos en cuerpo de acuerdo a IK09&comma; gracias a su dise\u00f1o que no cuenta con elementos susceptibles a rompimiento.<\/span><\/li>\n<li style='margin-bottom: 5px;'><span style='color: inherit;'>Mangas en las entradas para un sellado herm\u00e9tico.<\/span><\/li>\n<li style='margin-bottom: 5px;'><span style='color: inherit;'>Impiden el paso de gases&comma; vapores y flamas de una parte de la instalaci\u00f3n el\u00e9ctrica a otra de presi\u00f3n atmosf\u00e9rica y temperatura ambiente normales.<\/span><\/li>\n<li style='margin-bottom: 5px;'><span style='color: inherit;'>Rosca NPT para usarse con tubo conduit RIGIDO.<\/span><\/li>\n<li style='margin-bottom: 5px;'><span style='color: inherit;'>Posiciones: vertical u horizontal.<\/span><\/li>\n<li style='margin-bottom: 5px;'><span style='color: inherit;'>Material: Aluminio libre de cobre inyectado a presi\u00f3n (Diecast).<\/span><\/li>\n<\/ul><\/div>\n<div style='flex: 1 1 300px; min-width: 280px;'>\n<h3 style='font-size: 22px; border-bottom: 2px solid currentColor; padding-bottom: 5px; margin-top: 0; color: inherit; opacity: 0.8;'>\u00c1reas Clasificadas<\/h3>\n<ul style='padding-left: 20px; font-size: 15px; color: inherit;'>\n<li style='margin-bottom: 5px;'><span style='color: inherit;'>Clase I&comma; Div. 1 y 2&comma; grupos A&comma; B&comma; C&comma; D.<\/span><\/li>\n<li style='margin-bottom: 5px;'><span style='color: inherit;'>Clase II&comma; Div. 1 y 2&comma; grupos E&comma; F&comma; G.<\/span><\/li>\n<li style='margin-bottom: 5px;'><span style='color: inherit;'>Clase III&comma; Div. 1 y 2.<\/span><\/li>\n<\/ul><\/div>\n<\/p><\/div>\n<div style='display: flex; flex-wrap: wrap; gap: 30px; margin-bottom: 30px;'>\n<div style='flex: 1 1 300px; min-width: 280px;'>\n<h3 style='font-size: 22px; border-bottom: 2px solid currentColor; padding-bottom: 5px; margin-top: 0; color: inherit; opacity: 0.8;'>Opcional<\/h3>\n<p style='margin: 15px 0; color: inherit;'>Niple removible de acero galvanizado y recubierto de Uretano.<\/p>\n<\/p><\/div>\n<div style='flex: 1 1 300px; min-width: 280px;'>\n<h3 style='font-size: 22px; border-bottom: 2px solid currentColor; padding-bottom: 5px; margin-top: 0; color: inherit; opacity: 0.8;'>Instrucciones<\/h3>\n<ul style='padding-left: 20px; font-size: 15px; color: inherit;'>\n<li style='margin-bottom: 5px;'><span style='color: inherit;'>Deber\u00e1n colocarse a una distancia no mayor de 457 mm (18&#8242;) de cualquier aparato que provoque chispas&comma; arcos \u00f3 altas temperaturas.<\/span><\/li>\n<li style='margin-bottom: 5px;'><span style='color: inherit;'>El espesor del cemento sellador no deber\u00e1 de ser menor del di\u00e1metro de la tuber\u00eda y en ning\u00fan caso menor a 16 mm (5\/8&#8242;).<\/span><\/li>\n<li style='margin-bottom: 5px;'><span style='color: inherit;'>Fabricaci\u00f3n en base a: UL 886&comma; UL 1203 CAN\/CSA-C22.2 No. 30 NEMA RN-1.<\/span><\/li>\n<\/ul><\/div>\n<\/p><\/div>\n<hr style='border: 0; border-top: 1px solid rgba(150&comma; 150&comma; 150&comma; 0.3); margin: 30px 0;'> <\/div>\n","protected":false},"excerpt":{"rendered":"<p>Sello de 1\/2&#8243; (13 mm) de Al libre de Cu con recubrimiento de PVC \/ Para \u00c1reas Peligrosas.<\/p>\n","protected":false},"featured_media":46640,"comment_status":"open","ping_status":"closed","template":"","meta":[],"product_brand":[],"product_cat":[655],"product_tag":[572,661,656],"class_list":{"0":"post-46641","1":"product","2":"type-product","3":"status-publish","4":"has-post-thumbnail","6":"product_cat-tuberia-metalica-conduit-accesorios","7":"product_tag-canalizacion","8":"product_tag-rawelt","9":"product_tag-tuberia-metalica-conduit-accesorios","11":"first","12":"outofstock","13":"sale","14":"shipping-taxable","15":"purchasable","16":"product-type-simple"},"_links":{"self":[{"href":"https:\/\/soydeaqui.ddns.net\/pachuca\/index.php\/wp-json\/wp\/v2\/product\/46641","targetHints":{"allow":["GET"]}}],"collection":[{"href":"https:\/\/soydeaqui.ddns.net\/pachuca\/index.php\/wp-json\/wp\/v2\/product"}],"about":[{"href":"https:\/\/soydeaqui.ddns.net\/pachuca\/index.php\/wp-json\/wp\/v2\/types\/product"}],"replies":[{"embeddable":true,"href":"https:\/\/soydeaqui.ddns.net\/pachuca\/index.php\/wp-json\/wp\/v2\/comments?post=46641"}],"wp:featuredmedia":[{"embeddable":true,"href":"https:\/\/soydeaqui.ddns.net\/pachuca\/index.php\/wp-json\/wp\/v2\/media\/46640"}],"wp:attachment":[{"href":"https:\/\/soydeaqui.ddns.net\/pachuca\/index.php\/wp-json\/wp\/v2\/media?parent=46641"}],"wp:term":[{"taxonomy":"product_brand","embeddable":true,"href":"https:\/\/soydeaqui.ddns.net\/pachuca\/index.php\/wp-json\/wp\/v2\/product_brand?post=46641"},{"taxonomy":"product_cat","embeddable":true,"href":"https:\/\/soydeaqui.ddns.net\/pachuca\/index.php\/wp-json\/wp\/v2\/product_cat?post=46641"},{"taxonomy":"product_tag","embeddable":true,"href":"https:\/\/soydeaqui.ddns.net\/pachuca\/index.php\/wp-json\/wp\/v2\/product_tag?post=46641"}],"curies":[{"name":"wp","href":"https:\/\/api.w.org\/{rel}","templated":true}]}}