{"id":46616,"date":"2026-03-18T20:43:27","date_gmt":"2026-03-18T20:43:27","guid":{"rendered":"https:\/\/soydeaqui.ddns.net\/pachuca\/index.php\/producto\/mochila-para-herramientas-y-computadora-portatil-tradesman-pro-en-poliester-negro-con-25-bolsillos-no-incluye-herramientas\/"},"modified":"2026-03-18T20:43:36","modified_gmt":"2026-03-18T20:43:36","slug":"mochila-para-herramientas-y-computadora-portatil-tradesman-pro-en-poliester-negro-con-25-bolsillos-no-incluye-herramientas","status":"publish","type":"product","link":"https:\/\/soydeaqui.ddns.net\/pachuca\/index.php\/producto\/mochila-para-herramientas-y-computadora-portatil-tradesman-pro-en-poliester-negro-con-25-bolsillos-no-incluye-herramientas\/","title":{"rendered":"Mochila para herramientas y computadora port\u00e1til Tradesman Pro\u2122 en poli\u00e9ster negro con 25 bolsillos (No incluye herramientas)."},"content":{"rendered":"<div style='width: 100%; max-width: 1200px; margin: 0 auto; font-family: sans-serif; line-height: 1.6; color: inherit; background-color: transparent;'>\n<div style='display: flex; flex-wrap: wrap; gap: 30px; margin-bottom: 30px;'>\n<div style='flex: 1 1 300px; min-width: 280px;'>\n<h3 style='font-size: 22px; border-bottom: 2px solid currentColor; padding-bottom: 5px; margin-top: 0; color: inherit; opacity: 0.8;'>Caracter\u00edsticas<\/h3>\n<ul style='padding-left: 20px; font-size: 15px; color: inherit;'>\n<li style='margin-bottom: 5px;'>Mochila ideal para computadoras port\u00e1tiles de hasta 3&#8221; de grosor.<\/li>\n<li style='margin-bottom: 5px;'>Tiene compartimentos separados para proteger la computadora de otras herramientas.<\/li>\n<li style='margin-bottom: 5px;'>El bolsillo frontal r\u00edgido moldeado protege las gafas de seguridad.<\/li>\n<li style='margin-bottom: 5px;'>El fondo moldeado&comma; resistente y duradero proporciona protecci\u00f3n frente a la intemperie.<\/li>\n<li style='margin-bottom: 5px;'>Interior anaranjado que permite ver las herramientas f\u00e1cilmente.<\/li>\n<li style='margin-bottom: 5px;'>Bolsillo organizador para bol\u00edgrafos&comma; tel\u00e9fonos&comma; cables y otros art\u00edculos.<\/li>\n<li style='margin-bottom: 5px;'>Tela bal\u00edstica de 1680 d duradera y resistente al agua.<\/li>\n<\/ul><\/div>\n<\/p><\/div>\n<hr style='border: 0; border-top: 1px solid rgba(150&comma; 150&comma; 150&comma; 0.3); margin: 30px 0;'>\n<div style='display: flex; flex-wrap: wrap; gap: 20px; margin-bottom: 30px;'>\n<div style='flex: 1 1 250px; border: 1px solid rgba(150&comma; 150&comma; 150&comma; 0.4); border-radius: 8px; overflow: hidden; display: flex; flex-direction: column;'>\n<div style='padding: 15px; border-bottom: 1px solid rgba(150&comma; 150&comma; 150&comma; 0.2); font-weight: bold; font-size: 18px; color: inherit;'>Especificaciones<\/div>\n<div style='padding: 15px; color: inherit;'>\n<ul style='padding-left: 20px; margin: 0; font-size: 14px; list-style-type: disc;'>\n<li style='margin-bottom: 5px;'><strong>Caracter\u00edsticas especiales:<\/strong> Resistente al agua<\/li>\n<li style='margin-bottom: 5px;'><strong>Cantidad de bolsillos:<\/strong> 25<\/li>\n<li style='margin-bottom: 5px;'><strong>Bolsillos interiores:<\/strong> 20<\/li>\n<li style='margin-bottom: 5px;'><strong>Bolsillos exteriores:<\/strong> 5<\/li>\n<li style='margin-bottom: 5px;'><strong>Longitud total:<\/strong> 14&#8242; (35.6 cm)<\/li>\n<li style='margin-bottom: 5px;'><strong>Altura total:<\/strong> 18.5&#8242; (47 cm)<\/li>\n<li style='margin-bottom: 5px;'><strong>Ancho total:<\/strong> 7&#8242; (17.8 cm)<\/li>\n<li style='margin-bottom: 5px;'><strong>Material:<\/strong> Poli\u00e9ster<\/li>\n<li style='margin-bottom: 5px;'><strong>Color:<\/strong> Negro<\/li>\n<li style='margin-bottom: 5px;'><strong>Peso:<\/strong> 2.5 kg (5.4 lb)<\/li>\n<\/ul><\/div>\n<\/p><\/div>\n<\/p><\/div>\n<hr style='border: 0; border-top: 1px solid rgba(150&comma; 150&comma; 150&comma; 0.3); margin: 30px 0;'>\n<div style='position: relative; padding-bottom: 56.25%; height: 0; overflow: hidden; margin-bottom: 30px;'>   <\/div>\n<\/p><\/div>\n","protected":false},"excerpt":{"rendered":"<p>Mochila para herramientas y computadora port\u00e1til Tradesman Pro\u2122 en poli\u00e9ster negro con 25 bolsillos (No incluye herramientas).<\/p>\n","protected":false},"featured_media":46615,"comment_status":"open","ping_status":"closed","template":"","meta":[],"product_brand":[],"product_cat":[434],"product_tag":[26,25,432],"class_list":{"0":"post-46616","1":"product","2":"type-product","3":"status-publish","4":"has-post-thumbnail","6":"product_cat-accesorios-de-instalacion-herramientas-automatizacion-e-intrusion","7":"product_tag-accesorios-de-instalacion","8":"product_tag-herramientas","9":"product_tag-klein-tools","11":"first","12":"outofstock","13":"sale","14":"shipping-taxable","15":"purchasable","16":"product-type-simple"},"_links":{"self":[{"href":"https:\/\/soydeaqui.ddns.net\/pachuca\/index.php\/wp-json\/wp\/v2\/product\/46616","targetHints":{"allow":["GET"]}}],"collection":[{"href":"https:\/\/soydeaqui.ddns.net\/pachuca\/index.php\/wp-json\/wp\/v2\/product"}],"about":[{"href":"https:\/\/soydeaqui.ddns.net\/pachuca\/index.php\/wp-json\/wp\/v2\/types\/product"}],"replies":[{"embeddable":true,"href":"https:\/\/soydeaqui.ddns.net\/pachuca\/index.php\/wp-json\/wp\/v2\/comments?post=46616"}],"wp:featuredmedia":[{"embeddable":true,"href":"https:\/\/soydeaqui.ddns.net\/pachuca\/index.php\/wp-json\/wp\/v2\/media\/46615"}],"wp:attachment":[{"href":"https:\/\/soydeaqui.ddns.net\/pachuca\/index.php\/wp-json\/wp\/v2\/media?parent=46616"}],"wp:term":[{"taxonomy":"product_brand","embeddable":true,"href":"https:\/\/soydeaqui.ddns.net\/pachuca\/index.php\/wp-json\/wp\/v2\/product_brand?post=46616"},{"taxonomy":"product_cat","embeddable":true,"href":"https:\/\/soydeaqui.ddns.net\/pachuca\/index.php\/wp-json\/wp\/v2\/product_cat?post=46616"},{"taxonomy":"product_tag","embeddable":true,"href":"https:\/\/soydeaqui.ddns.net\/pachuca\/index.php\/wp-json\/wp\/v2\/product_tag?post=46616"}],"curies":[{"name":"wp","href":"https:\/\/api.w.org\/{rel}","templated":true}]}}