{"id":46604,"date":"2026-03-18T20:43:08","date_gmt":"2026-03-18T20:43:08","guid":{"rendered":"https:\/\/soydeaqui.ddns.net\/pachuca\/index.php\/producto\/linterna-de-mano-maglite-led-recargable-extra-ultrabrillante-1082-lm-con-quick-clic-para-varios-modos-programables-resistente-a-la-corrosion\/"},"modified":"2026-03-18T20:43:08","modified_gmt":"2026-03-18T20:43:08","slug":"linterna-de-mano-maglite-led-recargable-extra-ultrabrillante-1082-lm-con-quick-clic-para-varios-modos-programables-resistente-a-la-corrosion","status":"publish","type":"product","link":"https:\/\/soydeaqui.ddns.net\/pachuca\/index.php\/producto\/linterna-de-mano-maglite-led-recargable-extra-ultrabrillante-1082-lm-con-quick-clic-para-varios-modos-programables-resistente-a-la-corrosion\/","title":{"rendered":"Linterna de Mano Maglite LED Recargable Extra-ultrabrillante 1082 Lm., con Quick Clic para Varios Modos Programables. Resistente a la Corrosi\u00f3n."},"content":{"rendered":"<div style='width: 100%; max-width: 1200px; margin: 0 auto; font-family: sans-serif; line-height: 1.6; color: inherit; background-color: transparent;'> <!-- Imagen principal --> <\/p>\n<div style='width: 100%; margin-bottom: 30px;'> <img style='width: 100%; height: auto; border: 1px solid rgba(150&comma;150&comma;150&comma;0.3); border-radius: 8px;' src='https:\/\/ftp3.syscom.mx\/usuarios\/fotos\/ML25LT\/91796-mglite.jpg' alt=''> <\/div>\n<p> <!-- Descripci\u00f3n principal --> <\/p>\n<div style='margin-bottom: 30px;'>\n<p style='text-align: center; font-size: 20px; font-weight: bold; color: inherit; margin-bottom: 20px;'>L\u00e1mpara de Mano con Luz Extra-ultrabrillante en un Dise\u00f1o de Calidad&comma; Compacto y Elegante.<\/p>\n<p style='font-size: 15px; color: inherit; margin-bottom: 15px;'>La l\u00e1mpara de mano ML150LR es la primera linterna de MagLite que proporciona m\u00e1s de 1000 l\u00famenes&comma; lo que aunado a sus componentes de \u00faltima generaci\u00f3n y dise\u00f1o innovador proporcionan un rendimiento inigualable.<\/p>\n<p style='font-size: 15px; color: inherit; margin-bottom: 15px;'>Con los LED de \u00faltima generaci\u00f3n&comma; es posible producir m\u00e1s luz con un consumo de energ\u00eda menor de lo que podr\u00eda haberse imaginado hace poco tiempo.<\/p>\n<p style='font-size: 15px; color: inherit; margin-bottom: 15px;'>La ML150LR \u2122 es la primera linterna mediana de MagLite que utiliza una bater\u00eda recargable de litio fosfato de hierro (LiFePO4)&comma; que ofrece mayor seguridad que otras bater\u00edas recargables y permite una recarga m\u00e1s r\u00e1pida (alrededor de 2&comma;5 horas de &#8216;muerto&#8217; a &#8216;lleno&#8217;).<\/p>\n<\/p><\/div>\n<p> <!-- Secci\u00f3n de caracter\u00edsticas --> <\/p>\n<div style='display: flex; flex-wrap: wrap; gap: 30px; margin-bottom: 30px;'>\n<div style='flex: 1 1 300px; min-width: 280px;'>\n<h3 style='font-size: 22px; border-bottom: 2px solid currentColor; padding-bottom: 5px; margin-top: 0; color: inherit; opacity: 0.8;'>Caracter\u00edsticas<\/h3>\n<ul style='padding-left: 20px; font-size: 15px; color: inherit;'>\n<li style='margin-bottom: 5px;'>Carcasa de aluminio anodizado Lifetime Tough\u00ae<\/li>\n<li style='margin-bottom: 5px;'>QuickFocus\u2122: haz de luz de alta intensidad&comma; que se ajusta con solo un cuarto de vuelta de cabezal<\/li>\n<li style='margin-bottom: 5px;'>Interruptor electr\u00f3nico QuickClik\u00ae para seleccionar entre 5 modos de funcionamiento<\/li>\n<li style='margin-bottom: 5px;'>Personalizable para acceder m\u00e1s r\u00e1pido a los modos preferidos de cada usuario<\/li>\n<li style='margin-bottom: 5px;'>Disipador de calor avanzado que mejora el brillo y la administraci\u00f3n de energ\u00eda<\/li>\n<li style='margin-bottom: 5px;'>Interfaz QuickClik\u00ae f\u00e1cil de usar<\/li>\n<li style='margin-bottom: 5px;'>Personalizable para acceder r\u00e1pidamente a las funciones preferidas de cada usuario: Alta potencia&comma; Baja potencia&comma; Eco&comma; Estrobosc\u00f3pico de 12 Hz&comma; Encendido\/Apagado moment\u00e1neo<\/li>\n<\/ul><\/div>\n<p> <!-- Especificaciones de bater\u00eda --> <\/p>\n<div style='flex: 1 1 300px; min-width: 280px;'>\n<h3 style='font-size: 22px; border-bottom: 2px solid currentColor; padding-bottom: 5px; margin-top: 0; color: inherit; opacity: 0.8;'>Caracter\u00edsticas de la bater\u00eda recargable<\/h3>\n<ul style='padding-left: 20px; font-size: 15px; color: inherit;'>\n<li style='margin-bottom: 5px;'>Soluci\u00f3n de litio con fosfato de hierro (LiFePO4) para una seguridad y un rendimiento mejorados<\/li>\n<li style='margin-bottom: 5px;'>Larga vida \u00fatil: hasta 2000 ciclos de carga\/descarga<\/li>\n<\/ul>\n<h3 style='font-size: 22px; border-bottom: 2px solid currentColor; padding-bottom: 5px; margin-top: 25px; margin-bottom: 15px; color: inherit; opacity: 0.8;'>Caracter\u00edsticas de la unidad de carga<\/h3>\n<ul style='padding-left: 20px; font-size: 15px; color: inherit;'>\n<li style='margin-bottom: 5px;'>Carga del todo una bater\u00eda completamente descargada en dos horas y media<\/li>\n<li style='margin-bottom: 5px;'>Sujeta firmemente la linterna&comma; incluso en condiciones adversas<\/li>\n<li style='margin-bottom: 5px;'>No sobrecarga la bater\u00eda<\/li>\n<li style='margin-bottom: 5px;'>Se facilitan adaptadores de CA y CC<\/li>\n<\/ul><\/div>\n<\/p><\/div>\n<p> <!-- Galer\u00eda de im\u00e1genes --> <\/p>\n<div style='display: flex; flex-wrap: wrap; gap: 20px; margin-bottom: 30px;'>\n<div style='flex: 1 1 300px; min-width: 280px;'> <img style='width: 100%; height: auto; border: 1px solid rgba(150&comma;150&comma;150&comma;0.3); border-radius: 8px;' src='https:\/\/ftp3.syscom.mx\/usuarios\/fotos\/ML150LR\/200531-captura_de_pantalla_2024-10-25_a_la(s)_4.42.22 p.m..png' alt=''> <\/div>\n<div style='flex: 1 1 300px; min-width: 280px;'> <img style='width: 100%; height: auto; border: 1px solid rgba(150&comma;150&comma;150&comma;0.3); border-radius: 8px;' src='https:\/\/ftp3.syscom.mx\/usuarios\/fotos\/ML150LR\/200531-captura_de_pantalla_2024-10-25_a_la(s)_4.39.57 p.m..png' alt=''> <\/div>\n<div style='flex: 1 1 300px; min-width: 280px;'> <img style='width: 100%; height: auto; border: 1px solid rgba(150&comma;150&comma;150&comma;0.3); border-radius: 8px;' src='https:\/\/ftp3.syscom.mx\/usuarios\/fotos\/ML150LR\/200531-captura_de_pantalla_2024-10-25_a_la(s)_4.39.33 p.m..png' alt=''> <\/div>\n<\/p><\/div>\n<p> <!-- Secci\u00f3n de garant\u00eda --> <\/p>\n<div style='margin-bottom: 30px;'>\n<h3 style='font-size: 22px; border-bottom: 2px solid currentColor; padding-bottom: 5px; margin-top: 0; color: inherit; opacity: 0.8;'>Pol\u00edtica de Garant\u00eda<\/h3>\n<p style='font-size: 15px; color: inherit; margin-bottom: 15px;'>SYSCOM se apega a las pol\u00edticas de garant\u00eda de cada proveedor de la marca y\/o f\u00e1brica.<\/p>\n<p style='font-size: 15px; color: inherit; margin-bottom: 0;'>La cobertura de garant\u00eda por defecto de f\u00e1brica y\/o mal funcionamiento es de 90 d\u00edas con Syscom. Posterior a este periodo&comma; la garant\u00eda es directa con el fabricante. En quebraduras&comma; da\u00f1os f\u00edsicos de equipo y\/o empaque da\u00f1ado&comma; reportarlo dentro de las 24 horas posteriores a la fecha de recepci\u00f3n para el reclamo a paqueter\u00eda.<\/p>\n<\/p><\/div>\n<p> <!-- Separador final --> <\/p>\n<hr style='border: 0; border-top: 1px solid rgba(150&comma; 150&comma; 150&comma; 0.3); margin: 30px 0;'> <\/div>\n","protected":false},"excerpt":{"rendered":"<p>Linterna de Mano Maglite LED Recargable Extra-ultrabrillante 1082 Lm., con Quick Clic para Varios Modos Programables. Resistente a la Corrosi\u00f3n.<\/p>\n","protected":false},"featured_media":46603,"comment_status":"open","ping_status":"closed","template":"","meta":[],"product_brand":[],"product_cat":[1138],"product_tag":[1058,1139,1135],"class_list":{"0":"post-46604","1":"product","2":"type-product","3":"status-publish","4":"has-post-thumbnail","6":"product_cat-herramientas-mecanicas","7":"product_tag-ferreteria","8":"product_tag-herramientas-mecanicas","9":"product_tag-victorinox","11":"first","12":"instock","13":"sale","14":"shipping-taxable","15":"purchasable","16":"product-type-simple"},"_links":{"self":[{"href":"https:\/\/soydeaqui.ddns.net\/pachuca\/index.php\/wp-json\/wp\/v2\/product\/46604","targetHints":{"allow":["GET"]}}],"collection":[{"href":"https:\/\/soydeaqui.ddns.net\/pachuca\/index.php\/wp-json\/wp\/v2\/product"}],"about":[{"href":"https:\/\/soydeaqui.ddns.net\/pachuca\/index.php\/wp-json\/wp\/v2\/types\/product"}],"replies":[{"embeddable":true,"href":"https:\/\/soydeaqui.ddns.net\/pachuca\/index.php\/wp-json\/wp\/v2\/comments?post=46604"}],"wp:featuredmedia":[{"embeddable":true,"href":"https:\/\/soydeaqui.ddns.net\/pachuca\/index.php\/wp-json\/wp\/v2\/media\/46603"}],"wp:attachment":[{"href":"https:\/\/soydeaqui.ddns.net\/pachuca\/index.php\/wp-json\/wp\/v2\/media?parent=46604"}],"wp:term":[{"taxonomy":"product_brand","embeddable":true,"href":"https:\/\/soydeaqui.ddns.net\/pachuca\/index.php\/wp-json\/wp\/v2\/product_brand?post=46604"},{"taxonomy":"product_cat","embeddable":true,"href":"https:\/\/soydeaqui.ddns.net\/pachuca\/index.php\/wp-json\/wp\/v2\/product_cat?post=46604"},{"taxonomy":"product_tag","embeddable":true,"href":"https:\/\/soydeaqui.ddns.net\/pachuca\/index.php\/wp-json\/wp\/v2\/product_tag?post=46604"}],"curies":[{"name":"wp","href":"https:\/\/api.w.org\/{rel}","templated":true}]}}